{"id":2251,"date":"2024-05-16T06:11:44","date_gmt":"2024-05-16T06:11:44","guid":{"rendered":"https:\/\/smf-inc.com\/que-tecnicas-se-utilizan-para-la-fabricacion-de-metales\/"},"modified":"2024-05-16T06:11:44","modified_gmt":"2024-05-16T06:11:44","slug":"que-tecnicas-se-utilizan-para-la-fabricacion-de-metales","status":"publish","type":"page","link":"https:\/\/smf-inc.com\/es\/que-tecnicas-se-utilizan-para-la-fabricacion-de-metales\/","title":{"rendered":"\u00bfQu\u00e9 t\u00e9cnicas se utilizan para la fabricaci\u00f3n de metales?"},"content":{"rendered":"<h3>Elegir las t\u00e9cnicas de fabricaci\u00f3n de metales adecuadas para tu producto<\/h3>\n<p>\u00bfQu\u00e9 t\u00e9cnicas se utilizan para la fabricaci\u00f3n de metales? El hecho es que existen muchas t\u00e9cnicas, pero no todas las opciones son adecuadas para todos los productos. En SMF, hemos invertido en equipos y mano de obra para poder satisfacer todas las necesidades de fabricaci\u00f3n de metal de nuestros clientes, y podemos hacerlo todo bajo un mismo techo desde cualquiera de nuestras sedes. Para localizarnos en Illinois, llama al <a href=\"tel:3094322586\">309-432-2586<\/a>. Para localizarnos en Carolina del Sur, llama <a href=\"tel:8642260470\">al 864-226-0470<\/a>.<\/p>\n<div class=\"right-img\"><img loading=\"lazy\" decoding=\"async\" class=\"alignnone\" src=\"https:\/\/smf-inc.com\/wp-content\/uploads\/2024\/04\/operation-of-press-brake-hydraulic-bending-machine-with-forming-die-by-skill-operator.webp\" alt=\"\u00bfQu\u00e9 t\u00e9cnicas se utilizan para la fabricaci\u00f3n de metales?\" width=\"500\" height=\"350\" title=\"\"><\/div>\n<h3>La fabricaci\u00f3n de metales sirve a muchas industrias<\/h3>\n<p>Las t\u00e9cnicas de fabricaci\u00f3n de metales hacen posibles muchos de los productos que utilizas a diario. Las industrias manufacturera, electr\u00f3nica, de la construcci\u00f3n, automovil\u00edstica y aeroespacial dependen de la fabricaci\u00f3n de metales. Trabajamos duro para convertirnos en l\u00edderes al servicio de esas <a href=\"https:\/\/smf-inc.com\/industries\/\">industrias<\/a>.<\/p>\n<h3>SMF Ofrece Una Variedad De Procesos De Fabricaci\u00f3n De Metales<\/h3>\n<p>Hemos invertido en <a href=\"https:\/\/smf-inc.com\/our-capabilities\/\">equipos de fabricaci\u00f3n de alta calidad<\/a> para poder servir a los fabricantes que convierten las materias primas met\u00e1licas en productos. SMF puede satisfacer tus necesidades de eficacia, coste, calidad y entrega a tiempo. Algunos de los servicios que ofrecemos son<\/p>\n<ul class=\"overflow\">\n<li><strong>Corte<\/strong> &#8211; SMF corta metales utilizando <a href=\"https:\/\/smf-inc.com\/laser-cutting-greenville-sc\/\">cortadoras l\u00e1ser<\/a>, <a href=\"https:\/\/smf-inc.com\/capabilities\/saw-cutting\/\">sierras<\/a> y <a href=\"https:\/\/smf-inc.com\/plasma-cutting-peoria-il\/\">cortadoras de plasma<\/a>. Cada tipo de tecnolog\u00eda de corte tiene sus pros y sus contras. Podemos asesorarte de forma personalizada sobre qu\u00e9 tipo de corte funcionar\u00e1 mejor en tu situaci\u00f3n.<\/li>\n<li><strong>Moldeado y conformado<\/strong> &#8211; Nuestra amplia gama de m\u00e1quinas plegadoras puede manejar cualquier dureza, grosor o huella. Podemos doblar componentes que midan 28\u2032 y requieran 880 toneladas de fuerza. Esto nos permite satisfacer tus necesidades de curvas grandes o complejas y hacerlo con extrema precisi\u00f3n. Adem\u00e1s, nuestro equipo de perfilado nos permite trabajar con grandes piezas de metal, sobre todo con formas complejas.<\/li>\n<li><strong>Soldadura<\/strong> &#8211; Un experimentado equipo de soldadores expertos en casi todas las formas de soldadura se complementa con una l\u00ednea completa de soldadores robotizados para los trabajos m\u00e1s rutinarios. Como resultado, podemos manejar cualquier proyecto de cualquier tama\u00f1o o complejidad.<\/li>\n<li><strong>Mecanizado<\/strong> &#8211; Aqu\u00ed hay muchas opciones disponibles: ofrecemos fresado, torneado, taladrado y mandrinado de casi cualquier metal e incluso de otros materiales, incluidos algunos pl\u00e1sticos. Disponemos de equipos que nos permiten fresar piezas de m\u00e1s de 30&#8242; de largo y 9&#8242; de ancho.<\/li>\n<li><strong>Montaje<\/strong> &#8211; Disponemos de todo lo necesario para el montaje in situ y la producci\u00f3n en serie. Estamos bien equipados para procesos como la fijaci\u00f3n, el remachado, el atornillado, la soldadura o el soldeo.<\/li>\n<li><strong>Acabado<\/strong> &#8211; Por \u00faltimo, ofrecemos recubrimiento en polvo para mejorar el aspecto y la durabilidad y reducir el riesgo de \u00f3xido y corrosi\u00f3n. Nuestra l\u00ednea de recubrimiento en polvo puede gestionar grandes proyectos. Nuestra cabina de pintura m\u00e1s grande mide 30&#8242; de largo, 12&#8242; de ancho y 10&#8242; de alto. Podemos acomodarnos pr\u00e1cticamente a cualquier proyecto.<\/li>\n<\/ul>\n<h3>Nuestros servicios de personalizaci\u00f3n te dan ventaja<\/h3>\n<p>\u00bfEst\u00e1s desarrollando un prototipo para un nuevo producto? \u00bfTu nuevo componente o producto requiere un trabajo \u00fanico y personalizado? Nuestros procesos de fabricaci\u00f3n de metal nos permiten cumplir tus especificaciones exactas.<\/p>\n<h3>Las tolerancias ajustadas y las especificaciones exactas son un hecho<\/h3>\n<p>Cumplir tolerancias estrictas y especificaciones exactas deber\u00eda ser una pol\u00edtica asumida, pero sabemos que no siempre es as\u00ed. Sin embargo, en SMF, nuestra mano de obra altamente cualificada y profesional, nuestra l\u00ednea de equipos especializados y nuestra filosof\u00eda operativa garantizan nuestra capacidad para satisfacer sistem\u00e1ticamente las altas expectativas de nuestros clientes en cuanto a fabricaci\u00f3n de metales de calidad.<\/p>\n<h3>\u00a1Las probabilidades de que hayamos trabajado antes con tu sector son excelentes!<\/h3>\n<p>Hemos trabajado con suficientes sectores distintos como para tener el tipo de experiencia que nos ayuda a comprender exactamente lo que necesitan nuestros clientes. Algunas de las industrias con las que trabajamos habitualmente son:<\/p>\n<div class=\"left-img\"><img loading=\"lazy\" decoding=\"async\" class=\"alignnone\" src=\"https:\/\/smf-inc.com\/wp-content\/uploads\/2024\/04\/skilled-worker-in-protective-mask-welds-metal-part-at-plant.webp\" alt=\"\u00bfQu\u00e9 t\u00e9cnicas se utilizan para la fabricaci\u00f3n de metales?\" width=\"500\" height=\"350\" title=\"\"><\/div>\n<ul class=\"col-2\">\n<li>Petr\u00f3leo y gas<\/li>\n<li>Agricultura<\/li>\n<li>Aeroespacial<\/li>\n<li>M\u00e9dico<\/li>\n<li>Industrial<\/li>\n<li>Generaci\u00f3n de energ\u00eda<\/li>\n<li>Energ\u00edas renovables<\/li>\n<li>Construcci\u00f3n<\/li>\n<li>Carril<\/li>\n<li>Miner\u00eda<\/li>\n<li>Bomba y compresor<\/li>\n<li>Automatizaci\u00f3n y rob\u00f3tica<\/li>\n<\/ul>\n<h3 class=\"clr\">\u00bfNo es hora de trabajar con los mejores en fabricaci\u00f3n de metales?<\/h3>\n<p>\u00bfQu\u00e9 t\u00e9cnicas se utilizan para la fabricaci\u00f3n de metales? En SMF, \u00a1tenemos experiencia en proporcionarlos todos! Ponte en contacto con nosotros hoy mismo para hablar de c\u00f3mo podemos satisfacer tus necesidades con nuestra l\u00ednea completa de <a href=\"https:\/\/smf-inc.com\/what-are-the-basics-of-metal-fabrication\/\">t\u00e9cnicas de fabricaci\u00f3n de metal<\/a>. No importa en qu\u00e9 parte de EE.UU. continental te encuentres, estamos aqu\u00ed para atender todas tus necesidades de fabricaci\u00f3n de metal, y ning\u00fan trabajo es demasiado grande ni demasiado peque\u00f1o. Para localizarnos en Illinois, llama al <a href=\"tel:3094322586\">309-432-2586<\/a>. Para localizarnos en Carolina del Sur, llama al<br \/>\n<a href=\"tel:8642260470\">864-226-0470<\/a>.<\/p>\n","protected":false},"excerpt":{"rendered":"<p>Elegir las t\u00e9cnicas de fabricaci\u00f3n de metales adecuadas para tu producto \u00bfQu\u00e9 t\u00e9cnicas se utilizan para la fabricaci\u00f3n de metales? El hecho es que existen muchas t\u00e9cnicas, pero no todas las opciones son adecuadas para todos los productos. En SMF, hemos invertido en equipos y mano de obra para poder satisfacer todas las necesidades de &hellip; <a href=\"https:\/\/smf-inc.com\/es\/que-tecnicas-se-utilizan-para-la-fabricacion-de-metales\/\" class=\"more-link\">Continue reading <span class=\"screen-reader-text\">\u00bfQu\u00e9 t\u00e9cnicas se utilizan para la fabricaci\u00f3n de metales?<\/span><\/a><\/p>\n","protected":false},"author":2,"featured_media":0,"parent":0,"menu_order":0,"comment_status":"closed","ping_status":"closed","template":"","meta":{"_acf_changed":false,"inline_featured_image":false,"footnotes":""},"class_list":["post-2251","page","type-page","status-publish","hentry"],"acf":[],"_links":{"self":[{"href":"https:\/\/smf-inc.com\/es\/wp-json\/wp\/v2\/pages\/2251","targetHints":{"allow":["GET"]}}],"collection":[{"href":"https:\/\/smf-inc.com\/es\/wp-json\/wp\/v2\/pages"}],"about":[{"href":"https:\/\/smf-inc.com\/es\/wp-json\/wp\/v2\/types\/page"}],"author":[{"embeddable":true,"href":"https:\/\/smf-inc.com\/es\/wp-json\/wp\/v2\/users\/2"}],"replies":[{"embeddable":true,"href":"https:\/\/smf-inc.com\/es\/wp-json\/wp\/v2\/comments?post=2251"}],"version-history":[{"count":0,"href":"https:\/\/smf-inc.com\/es\/wp-json\/wp\/v2\/pages\/2251\/revisions"}],"wp:attachment":[{"href":"https:\/\/smf-inc.com\/es\/wp-json\/wp\/v2\/media?parent=2251"}],"curies":[{"name":"wp","href":"https:\/\/api.w.org\/{rel}","templated":true}]}}