{"id":2250,"date":"2024-05-16T06:11:43","date_gmt":"2024-05-16T06:11:43","guid":{"rendered":"https:\/\/smf-inc.com\/cuales-son-los-fundamentos-de-la-fabricacion-de-metales\/"},"modified":"2025-07-16T12:46:51","modified_gmt":"2025-07-16T12:46:51","slug":"cuales-son-los-fundamentos-de-la-fabricacion-de-metales","status":"publish","type":"page","link":"https:\/\/smf-inc.com\/es\/cuales-son-los-fundamentos-de-la-fabricacion-de-metales\/","title":{"rendered":"\u00bfCu\u00e1les son los fundamentos de la fabricaci\u00f3n de metales?"},"content":{"rendered":"<h3>Elige s\u00f3lo lo mejor para tus necesidades de fabricaci\u00f3n de metal<\/h3>\n<p>\u00bfCu\u00e1les son los fundamentos de la fabricaci\u00f3n de metales? El SMF es ideal para responder a esa pregunta. Si quieres trabajar con un l\u00edder en servicios de fabricaci\u00f3n de metal, llama a SMF. Tenemos dos sedes para atenderte. Para localizarnos en Illinois, llama al <a href=\"tel:3094322586\">309-432-2586<\/a>. Para localizarnos en Carolina del Sur, llama <a href=\"tel:8642260470\">al 864-226-0470<\/a>.<\/p>\n<p>La fabricaci\u00f3n de metales es una parte importante de muchas industrias diferentes y nos ayuda a obtener muchos de los productos que todos utilizamos a diario. Incluso nuestras casas se construyen con productos fabricados con metales. Las industrias manufacturera, electr\u00f3nica, de la construcci\u00f3n, automovil\u00edstica y aeroespacial dependen de la fabricaci\u00f3n de metales. SMF se enorgullece de ser l\u00edder en la prestaci\u00f3n a estas industrias de los servicios de fabricaci\u00f3n met\u00e1lica que necesitan para crear piezas y productos acabados.<\/p>\n<div class=\"right-img\"><img loading=\"lazy\" decoding=\"async\" class=\"alignnone\" src=\"https:\/\/smf-inc.com\/wp-content\/uploads\/2024\/04\/a-heavy-industry-worker-using-grinder-at-workshop.webp\" alt=\"Se ve a un trabajador en un taller metal\u00fargico. \u00bfCu\u00e1les son los fundamentos de la fabricaci\u00f3n de metal? SMF realiza fabricaci\u00f3n de metales.\" width=\"500\" height=\"350\" title=\"\"><\/div>\n<h3>\u00bfOfrece SMF una l\u00ednea completa de procesos de fabricaci\u00f3n de metales?<\/h3>\n<p>Los procesos de fabricaci\u00f3n que convierten las materias primas met\u00e1licas en productos o componentes requieren una serie de servicios de fabricaci\u00f3n, y nosotros podemos realizar el trabajo bajo un mismo techo, gracias a <a href=\"https:\/\/smf-inc.com\/our-capabilities\/\">nuestras inversiones en equipos de fabricaci\u00f3n de alta calidad<\/a>. Algunos de los servicios que ofrecemos son<\/p>\n<ul class=\"overflow\">\n<li><strong>Corte<\/strong> &#8211; SMF corta materiales utilizando <a href=\"https:\/\/smf-inc.com\/laser-cutting-south-carolina\/\">cortadoras l\u00e1ser<\/a>, sierras y <a href=\"https:\/\/smf-inc.com\/plasma-cutting-chicago-il\/\">cortadoras de plasma<\/a>.<\/li>\n<li><strong>Conformado y moldeado<\/strong> &#8211; SMF puede manejar cualquier dureza, grosor o huella con nuestra amplia gama de m\u00e1quinas plegadoras. Podemos doblar componentes que midan 28\u2032 y requieran 880 toneladas de fuerza, por lo que podemos satisfacer todos tus requisitos incluso para dobleces grandes o complejos, con una precisi\u00f3n extrema. Nuestro perfilado nos permite trabajar con grandes piezas de metal, sobre todo con formas complejas.<\/li>\n<li><strong>Soldadura<\/strong> &#8211; Contamos con un experimentado equipo de soldadores y una l\u00ednea de soldadores robotizados, por lo que <a href=\"https:\/\/smf-inc.com\/welding-service-illinois\/\">podemos encargarnos de cualquier proyecto de soldadura de cualquier tama\u00f1o<\/a>. Ofrecemos eficacia, coste, calidad y entrega puntual.<\/li>\n<li><strong>Mecanizado<\/strong> &#8211; Ofrecemos fresado, torneado, taladrado y mandrinado de casi cualquier metal e incluso de otros materiales, como ciertos pl\u00e1sticos. Podemos fresar piezas de m\u00e1s de 30&#8242; de largo y 9&#8242; de ancho.<\/li>\n<li><strong>Montaje<\/strong> &#8211; Este proceso puede incluir la fijaci\u00f3n, el remachado, el atornillado, la soldadura o el soldeo. H\u00e1blanos de nuestras completas capacidades de montaje in situ, incluida la producci\u00f3n en serie de conjuntos met\u00e1licos \u00fanicos.<\/li>\n<li><strong>Acabado<\/strong> &#8211; Como paso final, ofrecemos acabados especiales para mejorar el aspecto o la durabilidad. Nuestra l\u00ednea de recubrimiento en polvo puede gestionar grandes proyectos. Nuestra cabina de pintura m\u00e1s grande mide 30&#8242; de largo, 12&#8242; de ancho y 10&#8242; de alto, por lo que podemos acomodar pr\u00e1cticamente cualquier proyecto.<\/li>\n<\/ul>\n<h3>\u00bfC\u00f3mo hace posible el SMF la personalizaci\u00f3n?<\/h3>\n<p>Nuestros valores y liderazgo, junto con nuestra inversi\u00f3n en equipos de calidad y una plantilla profesional, nos permiten personalizar los productos para satisfacer tus necesidades espec\u00edficas. \u00bfEst\u00e1s trabajando en el prototipo de un nuevo producto? \u00bfNecesitas un componente personalizado? Nuestros procesos de fabricaci\u00f3n de metal nos permiten cumplir tus especificaciones exactas.<\/p>\n<h3>Las tolerancias estrechas no son un problema<\/h3>\n<p>De hecho, cumplir tolerancias estrictas y especificaciones exactas deber\u00eda ser un hecho, pero sabemos que no siempre es as\u00ed en todas las empresas. Pero en SMF, nuestro equipo profesional, nuestro equipo especializado y nuestra filosof\u00eda operativa nos permiten satisfacer sistem\u00e1ticamente incluso las m\u00e1s altas expectativas de calidad y atenci\u00f3n al detalle en la fabricaci\u00f3n de metal a medida.<\/p>\n<div class=\"left-img\"><img loading=\"lazy\" decoding=\"async\" class=\"alignnone\" src=\"https:\/\/smf-inc.com\/wp-content\/uploads\/2024\/04\/metal-drill-press-close-up-with-metal-pieces-and-lubricant-with-protective-gloves.webp\" alt=\"Se ve un taladro en un taller de metalurgia. \u00bfCu\u00e1les son los fundamentos de la fabricaci\u00f3n de metal? SMF es un taller de metalister\u00eda integral.\" width=\"500\" height=\"350\" title=\"\"><\/div>\n<h3>Casi podemos garantizar que hemos trabajado antes con tu sector<\/h3>\n<p>Si te preguntas si conocemos tu sector, la respuesta es casi seguro que s\u00ed. Algunas de las industrias en las que SMF tiene amplia experiencia son:<\/p>\n<ul class=\"col-3\">\n<li>Petr\u00f3leo y gas<\/li>\n<li>Agricultura<\/li>\n<li>Aeroespacial<\/li>\n<li>M\u00e9dico<\/li>\n<li>Industrial<\/li>\n<li>Generaci\u00f3n de energ\u00eda<\/li>\n<li>Energ\u00edas renovables<\/li>\n<li>Construcci\u00f3n<\/li>\n<li>Carril<\/li>\n<li>Miner\u00eda<\/li>\n<li>Bomba y compresor<\/li>\n<li>Automatizaci\u00f3n y rob\u00f3tica<\/li>\n<\/ul>\n<h3>\u00bfEst\u00e1s Preparado Para Lo Mejor En Fabricaci\u00f3n De Metal?<\/h3>\n<p>\u00bfCu\u00e1les son los fundamentos de la fabricaci\u00f3n de metales? Ll\u00e1manos y hablemos de c\u00f3mo podemos satisfacer tus necesidades con nuestra amplia oferta de t\u00e9cnicas de fabricaci\u00f3n met\u00e1lica. No importa lo grande o peque\u00f1o que sea tu trabajo, ni en qu\u00e9 parte del territorio continental de EE.UU. te encuentres, estamos aqu\u00ed para atender todas tus necesidades de fabricaci\u00f3n met\u00e1lica. Para localizarnos en Illinois, llama al <a href=\"tel:3094322586\">309-432-2586<\/a>. Para localizarnos en Carolina del Sur, llama <a href=\"tel:8642260470\">al 864-226-0470<\/a>.<\/p>\n","protected":false},"excerpt":{"rendered":"<p>Elige s\u00f3lo lo mejor para tus necesidades de fabricaci\u00f3n de metal \u00bfCu\u00e1les son los fundamentos de la fabricaci\u00f3n de metales? El SMF es ideal para responder a esa pregunta. Si quieres trabajar con un l\u00edder en servicios de fabricaci\u00f3n de metal, llama a SMF. Tenemos dos sedes para atenderte. Para localizarnos en Illinois, llama al &hellip; <a href=\"https:\/\/smf-inc.com\/es\/cuales-son-los-fundamentos-de-la-fabricacion-de-metales\/\" class=\"more-link\">Continue reading <span class=\"screen-reader-text\">\u00bfCu\u00e1les son los fundamentos de la fabricaci\u00f3n de metales?<\/span><\/a><\/p>\n","protected":false},"author":2,"featured_media":0,"parent":0,"menu_order":0,"comment_status":"closed","ping_status":"closed","template":"","meta":{"_acf_changed":false,"inline_featured_image":false,"footnotes":""},"class_list":["post-2250","page","type-page","status-publish","hentry"],"acf":[],"_links":{"self":[{"href":"https:\/\/smf-inc.com\/es\/wp-json\/wp\/v2\/pages\/2250","targetHints":{"allow":["GET"]}}],"collection":[{"href":"https:\/\/smf-inc.com\/es\/wp-json\/wp\/v2\/pages"}],"about":[{"href":"https:\/\/smf-inc.com\/es\/wp-json\/wp\/v2\/types\/page"}],"author":[{"embeddable":true,"href":"https:\/\/smf-inc.com\/es\/wp-json\/wp\/v2\/users\/2"}],"replies":[{"embeddable":true,"href":"https:\/\/smf-inc.com\/es\/wp-json\/wp\/v2\/comments?post=2250"}],"version-history":[{"count":1,"href":"https:\/\/smf-inc.com\/es\/wp-json\/wp\/v2\/pages\/2250\/revisions"}],"predecessor-version":[{"id":2940,"href":"https:\/\/smf-inc.com\/es\/wp-json\/wp\/v2\/pages\/2250\/revisions\/2940"}],"wp:attachment":[{"href":"https:\/\/smf-inc.com\/es\/wp-json\/wp\/v2\/media?parent=2250"}],"curies":[{"name":"wp","href":"https:\/\/api.w.org\/{rel}","templated":true}]}}