{"id":2248,"date":"2024-05-16T06:11:41","date_gmt":"2024-05-16T06:11:41","guid":{"rendered":"https:\/\/smf-inc.com\/que-es-la-soldadura-laser\/"},"modified":"2024-05-16T06:11:41","modified_gmt":"2024-05-16T06:11:41","slug":"que-es-la-soldadura-laser","status":"publish","type":"page","link":"https:\/\/smf-inc.com\/es\/que-es-la-soldadura-laser\/","title":{"rendered":"\u00bfQu\u00e9 es la soldadura l\u00e1ser?"},"content":{"rendered":"<h3>\u00bfEs la soldadura l\u00e1ser adecuada para tu proyecto?<\/h3>\n<p>Probablemente hayas o\u00eddo hablar de la <a href=\"https:\/\/smf-inc.com\/welding-service-illinois\/\">soldadura TIG, MIG y por arco<\/a>, pero quiz\u00e1 no est\u00e9s tan familiarizado con la soldadura por l\u00e1ser. \u00bfQu\u00e9 es este tipo de soldadura? Utiliza un haz de luz para unir materiales, lo que permite un proceso m\u00e1s preciso, r\u00e1pido, f\u00e1cil y eficaz. Si este nuevo tipo de soldadura puede ser el proceso adecuado para tu producto, llama a SMF.<\/p>\n<h3>\u00bfCu\u00e1les son las ventajas de este tipo de soldadura?<\/h3>\n<p>Tiene claras ventajas sobre los procesos de soldadura m\u00e1s comunes. Es r\u00e1pido, muy exacto y preciso. Dos piezas peque\u00f1as o delicadas pueden soldarse sin da\u00f1arse. Adem\u00e1s, la curva de aprendizaje de este tipo de soldadura es mucho m\u00e1s corta que la de muchos otros tipos de soldadura, que requieren tiempo y pr\u00e1ctica para dominarse.<\/p>\n<h3>\u00bfQu\u00e9 materiales se pueden soldar con l\u00e1ser?<\/h3>\n<p>La soldadura por l\u00e1ser permite una variedad inusual de materiales, sobre todo metales, pero en algunos casos no metales:<\/p>\n<ul class=\"col-3\">\n<li>Aluminio<\/li>\n<li>Lat\u00f3n<\/li>\n<li>Cobre<\/li>\n<li>Titanio<\/li>\n<li>Acero<\/li>\n<li>N\u00edquel<\/li>\n<li>Policarbonato<\/li>\n<li>Nylon<\/li>\n<li>ABS<\/li>\n<li>Cer\u00e1mica espec\u00edfica<\/li>\n<li>Algunos compuestos<\/li>\n<\/ul>\n<h3>\u00bfCu\u00e1les son los tipos m\u00e1s comunes de soldadura por l\u00e1ser?<\/h3>\n<p>Hay muchos tipos de soldadura por l\u00e1ser. La soldadura aut\u00f3gena por l\u00e1ser no utiliza material de relleno: los propios materiales se funden entre s\u00ed. La soldadura no aut\u00f3gena incluye un material de aportaci\u00f3n.<\/p>\n<ul>\n<li>Soldadura por conducci\u00f3n de calor: El rayo l\u00e1ser funde las dos piezas, formando una uni\u00f3n s\u00f3lida cuando se endurecen. Es ideal para piezas finas. Esta t\u00e9cnica produce una costura limpia, lisa y redondeada. No ser\u00e1 necesario realizar ning\u00fan acabado o amolado para limpiar la soldadura.<\/li>\n<li>Soldadura de ojo de cerradura: Con esta t\u00e9cnica, un rayo l\u00e1ser muy intenso crea un vapor met\u00e1lico adem\u00e1s de fundir el metal. Es un proceso de alta velocidad que se centra en una zona peque\u00f1a, por lo que causa muy poca distorsi\u00f3n del material.<\/li>\n<\/ul>\n<h3>\u00bfCu\u00e1les son las desventajas de este tipo de soldadura?<\/h3>\n<p>El equipo necesario para la soldadura l\u00e1ser requiere una gran inversi\u00f3n y mayores costes de mantenimiento. Tambi\u00e9n requiere unos requisitos de seguridad a\u00fan m\u00e1s exigentes que otros procesos de soldadura.<\/p>\n<h3>\u00bfQu\u00e9 industrias dependen de la soldadura l\u00e1ser?<\/h3>\n<p>Varias industrias han aprendido que la soldadura l\u00e1ser es ideal para sus necesidades. Algunas de las industrias que m\u00e1s lo utilizan son:<\/p>\n<ul class=\"col-3\">\n<li>Autom\u00f3vil<\/li>\n<li>M\u00e9dico<\/li>\n<li>Electr\u00f3nica<\/li>\n<li>Aeroespacial<\/li>\n<li>Joyer\u00eda<\/li>\n<\/ul>\n<h3>\u00bfQu\u00e9 otros procesos de soldadura realiza SMF?<\/h3>\n<p>Ning\u00fan tipo de soldadura es ideal para todos los proyectos, por lo que SMF ofrece distintas opciones de soldadura, como MIG, TIG y soldadura por puntos. Contamos con una plantilla de soldadores experimentados y altamente cualificados, y tambi\u00e9n disponemos de una l\u00ednea de soldadores robotizados para las necesidades rutinarias de soldadura.<\/p>\n<h3>\u00bfQu\u00e9 servicios relacionados con el metal ofrece SMF?<\/h3>\n<p>Nuestra completa gama de <a href=\"https:\/\/smf-inc.com\/precision-machining-illinois\/\">capacidades de<\/a> <a href=\"https:\/\/smf-inc.com\/custom-metal-fabrication-illinois\/\">fabricaci\u00f3n<\/a> y <a href=\"https:\/\/smf-inc.com\/precision-machining-illinois\/\">mecanizado<\/a> nos convierte en un taller de metal de ventanilla \u00fanica. Algunos de nuestros otros tipos de <a href=\"https:\/\/smf-inc.com\/custom-metal-fabrication-illinois\/\">servicios de carpinter\u00eda met\u00e1lica<\/a> que prestan nuestros experimentados profesionales incluyen:<\/p>\n<ul class=\"col-3\">\n<li>Formando<\/li>\n<li>Recubrimiento en polvo<\/li>\n<li>Montaje<\/li>\n<li>Corte con sierra<\/li>\n<li>Voladura<\/li>\n<li>Mecanizado<\/li>\n<li><a href=\"https:\/\/smf-inc.com\/laser-cutting-illinois\/\">Corte por l\u00e1ser<\/a><\/li>\n<\/ul>\n<div class=\"left-img\"><img loading=\"lazy\" decoding=\"async\" class=\"alignnone\" src=\"https:\/\/smf-inc.com\/wp-content\/uploads\/2024\/04\/welder-hands-using-handheld-laser-welding-machine-close-up.webp\" alt=\"Se ve un primer plano de la soldadura por l\u00e1ser. \u00bfQu\u00e9 es la soldadura l\u00e1ser? Es una t\u00e9cnica m\u00e1s reciente que ofrece SMF.\" width=\"500\" height=\"350\" title=\"\"><\/div>\n<h3>Para una soldadura de calidad, \u00a1llama hoy mismo a SMF!<\/h3>\n<p>\u00bfQu\u00e9 es la soldadura l\u00e1ser? Es un <a href=\"https:\/\/smf-inc.com\/welding-service-south-carolina\/\">servicio de soldadura de calidad<\/a> m\u00e1s que nos complace ofrecer como opci\u00f3n a nuestros clientes. Tenemos capacidad para atender a clientes de todo Estados Unidos, y ning\u00fan trabajo es demasiado grande o demasiado peque\u00f1o para nosotros. Somos tu <a href=\"https:\/\/smf-inc.com\/about-us\/\">taller integral de fabricaci\u00f3n met\u00e1lica<\/a>. As\u00ed que para cualquier tipo de soldadura a medida, incluida la de by, o cualquier otra necesidad de fabricaci\u00f3n de metal, ll\u00e1manos al <a href=\"tel:3094322586\">309-432-2586<\/a> (Illinois) o al <a href=\"tel:8642260470\">864-226-0470<\/a> (Carolina del Sur).<\/p>\n","protected":false},"excerpt":{"rendered":"<p>\u00bfEs la soldadura l\u00e1ser adecuada para tu proyecto? Probablemente hayas o\u00eddo hablar de la soldadura TIG, MIG y por arco, pero quiz\u00e1 no est\u00e9s tan familiarizado con la soldadura por l\u00e1ser. \u00bfQu\u00e9 es este tipo de soldadura? Utiliza un haz de luz para unir materiales, lo que permite un proceso m\u00e1s preciso, r\u00e1pido, f\u00e1cil y &hellip; <a href=\"https:\/\/smf-inc.com\/es\/que-es-la-soldadura-laser\/\" class=\"more-link\">Continue reading <span class=\"screen-reader-text\">\u00bfQu\u00e9 es la soldadura l\u00e1ser?<\/span><\/a><\/p>\n","protected":false},"author":2,"featured_media":2148,"parent":0,"menu_order":0,"comment_status":"closed","ping_status":"closed","template":"","meta":{"_acf_changed":false,"inline_featured_image":false,"footnotes":""},"class_list":["post-2248","page","type-page","status-publish","has-post-thumbnail","hentry"],"acf":[],"_links":{"self":[{"href":"https:\/\/smf-inc.com\/es\/wp-json\/wp\/v2\/pages\/2248","targetHints":{"allow":["GET"]}}],"collection":[{"href":"https:\/\/smf-inc.com\/es\/wp-json\/wp\/v2\/pages"}],"about":[{"href":"https:\/\/smf-inc.com\/es\/wp-json\/wp\/v2\/types\/page"}],"author":[{"embeddable":true,"href":"https:\/\/smf-inc.com\/es\/wp-json\/wp\/v2\/users\/2"}],"replies":[{"embeddable":true,"href":"https:\/\/smf-inc.com\/es\/wp-json\/wp\/v2\/comments?post=2248"}],"version-history":[{"count":0,"href":"https:\/\/smf-inc.com\/es\/wp-json\/wp\/v2\/pages\/2248\/revisions"}],"wp:featuredmedia":[{"embeddable":true,"href":"https:\/\/smf-inc.com\/es\/wp-json\/wp\/v2\/media\/2148"}],"wp:attachment":[{"href":"https:\/\/smf-inc.com\/es\/wp-json\/wp\/v2\/media?parent=2248"}],"curies":[{"name":"wp","href":"https:\/\/api.w.org\/{rel}","templated":true}]}}