{"id":2247,"date":"2025-11-04T04:58:10","date_gmt":"2025-11-04T04:58:10","guid":{"rendered":"https:\/\/smf-inc.com\/fabricacion-de-metal-a-medida-rock-hill-sc\/"},"modified":"2025-11-04T04:58:10","modified_gmt":"2025-11-04T04:58:10","slug":"fabricacion-de-metal-a-medida-rock-hill-sc","status":"publish","type":"page","link":"https:\/\/smf-inc.com\/es\/fabricacion-de-metal-a-medida-rock-hill-sc\/","title":{"rendered":"Fabricaci\u00f3n de metal a medida Rock Hill SC"},"content":{"rendered":"<div class=\"right-img\"><img loading=\"lazy\" decoding=\"async\" class=\"alignnone\" src=\"https:\/\/smf-inc.com\/wp-content\/uploads\/2024\/01\/arc-welder-with-welding-sparks.webp\" alt=\"Un profesional de la metalurgia se ve en el trabajo. SMF ofrece fabricaci\u00f3n met\u00e1lica a medida.\" width=\"500\" height=\"350\" title=\"\"><\/div>\n<h3>Conf\u00eda en SMF para la fabricaci\u00f3n de metal a medida en Rock Hill SC<\/h3>\n<p>Si buscas una empresa que realice fabricaci\u00f3n met\u00e1lica a medida en Rock Hill SC, cuenta con SMF. Podemos encargarnos de todos tus trabajos de corte, plegado, conformado, soldadura y fabricaci\u00f3n met\u00e1lica a medida.<\/p>\n<h3>\u00bfPor qu\u00e9 elegir SMF para la fabricaci\u00f3n de metal a medida?<\/h3>\n<p>Somos expertos en la fabricaci\u00f3n de acero inoxidable, acero al carbono, aluminio y otros metales. Sean cuales sean los metales, opciones y procesos que requiera tu proyecto, tenemos la experiencia, el personal y el equipo necesarios para que tu proyecto se desarrolle sin problemas y cumpla todas tus expectativas.<\/p>\n<h3>\u00bfQu\u00e9 tipos de equipos de corte de metal tiene disponibles SMF?<\/h3>\n<p>Ning\u00fan tipo de corte de metal es adecuado para todos los trabajos, por lo que hemos invertido en una serie de tecnolog\u00edas al servicio de nuestros clientes. Nuestro l\u00e1ser m\u00e1s grande tiene una capacidad de corte de 54&#8242; de largo y 12&#8242; de pie. La ventaja de este l\u00e1ser es su capacidad para cortar piezas m\u00e1s grandes y cantidades mayores con menos configuraciones, lo que conlleva una eficacia mucho mayor. Nuestra mayor cortadora de plasma tiene una mesa de 13&#8242; por 23&#8242;. Nuestras sierras tienen hasta 20&#8243; de di\u00e1metro.<\/p>\n<h3>\u00bfTiene el SMF la capacidad de cumplir tolerancias estrictas?<\/h3>\n<p>Nuestra capacidad para cumplir par\u00e1metros de alta calidad, incluidas tolerancias estrictas, es un testimonio de nuestra cualificada tripulaci\u00f3n y equipos de calidad. Puedes confiar en nosotros para plegar, soldar, conformar y ensamblar componentes y productos met\u00e1licos seg\u00fan tus especificaciones exactas. Nos tomamos muy en serio nuestra reputaci\u00f3n de excelencia en la fabricaci\u00f3n de metal a medida.<\/p>\n<h3>\u00bfExisten todos los tipos de soldadura?<\/h3>\n<p>SMF puede <a href=\"https:\/\/smf-inc.com\/welding-service-south-carolina\/\">prestarte cualquier servicio de soldadura que necesites<\/a>. Tanto si buscas soldadores robotizados rentables como soldadores expertos realizados por soldadores profesionales, podemos proporcion\u00e1rtelo. Si necesitas soldadura MIG o TIG, soldadura fuerte o soldadura blanda, estamos aqu\u00ed para proporcion\u00e1rtela.<\/p>\n<h3>\u00bfQu\u00e9 experiencia tiene SMF en mi sector?<\/h3>\n<p>Trabajamos habitualmente con <a href=\"https:\/\/smf-inc.com\/industries\/\">muchos sectores distintos<\/a>. Es muy probable que conozcamos la tuya. Algunos ejemplos de sectores con los que trabajamos son:<\/p>\n<ul class=\"col-3\">\n<li>Carril<\/li>\n<li>Miner\u00eda<\/li>\n<li>Bomba y compresor<\/li>\n<li>Automatizaci\u00f3n y rob\u00f3tica<\/li>\n<li>Industrial<\/li>\n<li>Generaci\u00f3n de energ\u00eda<\/li>\n<li>M\u00e9dico<\/li>\n<li>Petr\u00f3leo y gas<\/li>\n<li>Agricultura<\/li>\n<li>Aeroespacial<\/li>\n<li>Energ\u00edas renovables<\/li>\n<li>Construcci\u00f3n<\/li>\n<\/ul>\n<h3>\u00bfQu\u00e9 servicios de fabricaci\u00f3n de metales ofrece SMF?<\/h3>\n<p>Estamos orgullosos de poder incluir casi cualquier tipo de fabricaci\u00f3n met\u00e1lica y servicio relacionado que exista. Algunos ejemplos son:<\/p>\n<ul class=\"col-3\">\n<li>Doblar<\/li>\n<li><a href=\"https:\/\/smf-inc.com\/laser-cutting-rock-hill-sc\/\">Corte por l\u00e1ser<\/a><\/li>\n<li>Formando<\/li>\n<li>Recubrimiento en polvo<\/li>\n<li>Montaje<\/li>\n<li>Corte con sierra<\/li>\n<li>Voladura<\/li>\n<li>Soldadura<\/li>\n<li><a href=\"https:\/\/smf-inc.com\/plasma-cutting-rock-hill-sc\/\">Corte por plasma<\/a><\/li>\n<li>Mecanizado<\/li>\n<\/ul>\n<h3>\u00bfDesde cu\u00e1ndo existe el SMF?<\/h3>\n<p>Nuestras ra\u00edces se remontan a 1972. Hemos crecido mucho desde entonces. Hoy en d\u00eda, somos un taller integral de metal y estamos orgullosos de ofrecer un servicio completo de fabricaci\u00f3n y mecanizado. SMF puede satisfacer todas tus necesidades gracias a nuestros 240.000 pies cuadrados de espacio de instalaciones combinadas.<\/p>\n<h3>\u00bfQu\u00e9 experiencia tiene SMF en el servicio a grandes clientes?<\/h3>\n<p>Nos enorgullece que nuestros clientes de Fortune 500 conf\u00eden en nosotros. Adem\u00e1s, somos un proveedor de primer nivel para los fabricantes de equipos originales. Cumplimos las mismas m\u00e9tricas para cada cliente y cada trabajo, independientemente de su tama\u00f1o.<\/p>\n<div class=\"left-img\"><img loading=\"lazy\" decoding=\"async\" class=\"alignnone\" src=\"https:\/\/smf-inc.com\/wp-content\/uploads\/2024\/01\/metal-worker.webp\" alt=\"Un profesional de la metalurgia se ve en el trabajo. SMF ofrece Fabricaci\u00f3n de Metal a Medida en Rock Hill SC.\" width=\"500\" height=\"350\" title=\"\"><\/div>\n<p>&nbsp;<\/p>\n<h3>Empecemos<\/h3>\n<p>\u00bfEst\u00e1s listo para la fabricaci\u00f3n de metal a medida de alta calidad en Rock Hill SC?. Ll\u00e1manos hoy mismo al <a href=\"tel:8642260470\">864-226-0470<\/a>.<\/p>\n","protected":false},"excerpt":{"rendered":"<p>Conf\u00eda en SMF para la fabricaci\u00f3n de metal a medida en Rock Hill SC Si buscas una empresa que realice fabricaci\u00f3n met\u00e1lica a medida en Rock Hill SC, cuenta con SMF. Podemos encargarnos de todos tus trabajos de corte, plegado, conformado, soldadura y fabricaci\u00f3n met\u00e1lica a medida. \u00bfPor qu\u00e9 elegir SMF para la fabricaci\u00f3n de &hellip; <a href=\"https:\/\/smf-inc.com\/es\/fabricacion-de-metal-a-medida-rock-hill-sc\/\" class=\"more-link\">Continue reading <span class=\"screen-reader-text\">Fabricaci\u00f3n de metal a medida Rock Hill SC<\/span><\/a><\/p>\n","protected":false},"author":2,"featured_media":0,"parent":0,"menu_order":0,"comment_status":"closed","ping_status":"closed","template":"","meta":{"_acf_changed":false,"inline_featured_image":false,"footnotes":""},"class_list":["post-2247","page","type-page","status-publish","hentry"],"acf":[],"_links":{"self":[{"href":"https:\/\/smf-inc.com\/es\/wp-json\/wp\/v2\/pages\/2247","targetHints":{"allow":["GET"]}}],"collection":[{"href":"https:\/\/smf-inc.com\/es\/wp-json\/wp\/v2\/pages"}],"about":[{"href":"https:\/\/smf-inc.com\/es\/wp-json\/wp\/v2\/types\/page"}],"author":[{"embeddable":true,"href":"https:\/\/smf-inc.com\/es\/wp-json\/wp\/v2\/users\/2"}],"replies":[{"embeddable":true,"href":"https:\/\/smf-inc.com\/es\/wp-json\/wp\/v2\/comments?post=2247"}],"version-history":[{"count":2,"href":"https:\/\/smf-inc.com\/es\/wp-json\/wp\/v2\/pages\/2247\/revisions"}],"predecessor-version":[{"id":2985,"href":"https:\/\/smf-inc.com\/es\/wp-json\/wp\/v2\/pages\/2247\/revisions\/2985"}],"wp:attachment":[{"href":"https:\/\/smf-inc.com\/es\/wp-json\/wp\/v2\/media?parent=2247"}],"curies":[{"name":"wp","href":"https:\/\/api.w.org\/{rel}","templated":true}]}}