{"id":2246,"date":"2024-05-16T06:11:41","date_gmt":"2024-05-16T06:11:41","guid":{"rendered":"https:\/\/smf-inc.com\/por-que-es-importante-la-fabricacion-de-metales\/"},"modified":"2024-05-16T06:11:41","modified_gmt":"2024-05-16T06:11:41","slug":"por-que-es-importante-la-fabricacion-de-metales","status":"publish","type":"page","link":"https:\/\/smf-inc.com\/es\/por-que-es-importante-la-fabricacion-de-metales\/","title":{"rendered":"\u00bfPor qu\u00e9 es importante la fabricaci\u00f3n de metales?"},"content":{"rendered":"<h3>Somos l\u00edderes en fabricaci\u00f3n de metales<\/h3>\n<p>\u00bfPor qu\u00e9 es tan importante la <a href=\"https:\/\/smf-inc.com\/what-techniques-are-used-for-metal-fabrication\/\">fabricaci\u00f3n de metales<\/a>? Es responsable de la producci\u00f3n de muchos de los productos de los que dependemos a diario, incluso, muchas veces, de los lugares donde vivimos. Las industrias de la construcci\u00f3n, automovil\u00edstica, aeroespacial, manufacturera y electr\u00f3nica dependen de la fabricaci\u00f3n de metales. SMF se enorgullece de ser l\u00edder en la prestaci\u00f3n a estas industrias de los servicios metal\u00fargicos que necesitan.<\/p>\n<div class=\"right-img\"><img loading=\"lazy\" decoding=\"async\" class=\"alignnone\" src=\"https:\/\/smf-inc.com\/wp-content\/uploads\/2024\/04\/welder-education-training.webp\" alt=\"Se ve a dos soldadores trabajando juntos. \u00bfPor qu\u00e9 es importante la fabricaci\u00f3n de metal? Llama a SMF.\" width=\"500\" height=\"350\" title=\"\"><\/div>\n<h3>\u00bfQu\u00e9 procesos de fabricaci\u00f3n de metales ofrece SMF?<\/h3>\n<p>Algunos de los principales procesos de fabricaci\u00f3n que convierten las materias primas met\u00e1licas en productos o componentes son:<\/p>\n<ul class=\"overflow\">\n<li><strong>Corte<\/strong> &#8211; SMF corta materiales utilizando <a href=\"https:\/\/smf-inc.com\/laser-cutting-columbia-sc\/\">cortadoras l\u00e1ser<\/a>, <a href=\"https:\/\/smf-inc.com\/capabilities\/saw-cutting\/\">sierras<\/a> y <a href=\"https:\/\/smf-inc.com\/plasma-cutting-peoria-il\/\">cortadoras de plasma<\/a>.<\/li>\n<li><strong>Conformado y moldeado<\/strong> &#8211; SMF puede manejar cualquier dureza, grosor o huella con nuestra amplia gama de m\u00e1quinas plegadoras. Podemos doblar componentes que midan 28\u2032 y requieran 880 toneladas de fuerza, por lo que podemos satisfacer todos tus requisitos incluso para dobleces grandes o complejos, con una precisi\u00f3n extrema. Nuestro perfilado nos permite trabajar con grandes piezas de metal, sobre todo con formas complejas.<\/li>\n<li><strong>Soldadura<\/strong> &#8211; Contamos con un experimentado equipo de soldadores y una l\u00ednea de soldadores robotizados, por lo que podemos encargarnos de <a href=\"https:\/\/smf-inc.com\/welding-service-peoria-il\/\">cualquier proyecto de soldadura<\/a> de cualquier tama\u00f1o. Ofrecemos eficacia, coste, calidad y entrega puntual.<\/li>\n<li><strong>Mecanizado<\/strong> &#8211; Ofrecemos fresado, torneado, taladrado y mandrinado de casi cualquier metal e incluso de otros materiales, como ciertos pl\u00e1sticos. Podemos fresar piezas de m\u00e1s de 30&#8242; de largo y 9&#8242; de ancho.<\/li>\n<li><strong>Montaje<\/strong> &#8211; Este proceso puede incluir la fijaci\u00f3n, el remachado, el atornillado, la soldadura o el soldeo. H\u00e1blanos de nuestras completas capacidades de montaje in situ, incluida la producci\u00f3n en serie de conjuntos met\u00e1licos \u00fanicos.<\/li>\n<li><strong>Acabado<\/strong> &#8211; Como paso final, ofrecemos acabados especiales para mejorar el aspecto o la durabilidad. Nuestra <a href=\"https:\/\/smf-inc.com\/capabilities\/powder-coating\/\">l\u00ednea de recubrimiento en<\/a> polvo puede gestionar grandes proyectos. Nuestra cabina de pintura m\u00e1s grande mide 30&#8242; de largo, 12&#8242; de ancho y 10&#8242; de alto, por lo que podemos acomodar pr\u00e1cticamente cualquier proyecto.<\/li>\n<\/ul>\n<h3>\u00bfQu\u00e9 tipos de personalizaci\u00f3n permite la fabricaci\u00f3n de metales?<\/h3>\n<p>Dado que el proceso permite crear una amplia gama de productos y componentes, la fabricaci\u00f3n de metal nos permite personalizar los productos para satisfacer tus requisitos espec\u00edficos. Si est\u00e1s trabajando en un prototipo para un nuevo producto o necesitas un componente especial, la fabricaci\u00f3n de metal nos permite adaptar el trabajo a tus necesidades.<\/p>\n<h3>Nuestra calidad implica cumplir tolerancias estrictas<\/h3>\n<p>Garantizamos que todos los elementos met\u00e1licos que fabricamos cumplen la tolerancia exigida. Nuestra tripulaci\u00f3n profesional, nuestro equipo de \u00faltima generaci\u00f3n y nuestra filosof\u00eda operativa nos permiten ofrecer siempre una alta calidad y atenci\u00f3n al detalle. Todo ello contribuye a la excelencia en la fabricaci\u00f3n de metal a medida.<\/p>\n<div class=\"left-img\"><img loading=\"lazy\" decoding=\"async\" class=\"alignnone\" src=\"https:\/\/smf-inc.com\/wp-content\/uploads\/2024\/04\/lathe-worker-man-working-with-milling-machine-in-factory.webp\" alt=\"Se ve a un trabajador del metal en el trabajo. \u00bfPor qu\u00e9 es importante la fabricaci\u00f3n de metal? Llama a SMF.\" width=\"500\" height=\"350\" title=\"\"><\/div>\n<h3>\u00bfTe preguntas si SMF tiene experiencia en tu sector?<\/h3>\n<p>Como l\u00edder en trabajos met\u00e1licos, SMF tiene una <a href=\"https:\/\/smf-inc.com\/industries\/\">amplia experiencia en muchos sectores diferentes<\/a>. Algunas de ellas son:<\/p>\n<ul class=\"col-3\">\n<li>Petr\u00f3leo y gas<\/li>\n<li>Agricultura<\/li>\n<li>Aeroespacial<\/li>\n<li>M\u00e9dico<\/li>\n<li>Industrial<\/li>\n<li>Generaci\u00f3n de energ\u00eda<\/li>\n<li>Energ\u00edas renovables<\/li>\n<li>Construcci\u00f3n<\/li>\n<li>Carril<\/li>\n<li>Miner\u00eda<\/li>\n<li>Bomba y compresor<\/li>\n<li>Automatizaci\u00f3n y rob\u00f3tica<\/li>\n<\/ul>\n<h3>\u00bfEst\u00e1 preparado para trabajar con nosotros?<\/h3>\n<p>\u00bfPor qu\u00e9 es importante para SMF la fabricaci\u00f3n de metales? \u00a1Estamos muy orgullosos del trabajo que hacemos! Sea cual sea el tama\u00f1o de tu trabajo, y no importa en qu\u00e9 parte del territorio continental de EE.UU. te encuentres, estamos aqu\u00ed para servirte. Cuando necesites <a href=\"https:\/\/smf-inc.com\/custom-metal-fabrication-illinois\/\">fabricaci\u00f3n met\u00e1lica a medida<\/a>, llama a SMF. Para localizarnos en Illinois, llama al <a href=\"tel:3094322586\">309-432-2586<\/a>. Para localizarnos en Carolina del Sur, llama <a href=\"tel:8642260470\">al 864-226-0470<\/a>.<\/p>\n","protected":false},"excerpt":{"rendered":"<p>Somos l\u00edderes en fabricaci\u00f3n de metales \u00bfPor qu\u00e9 es tan importante la fabricaci\u00f3n de metales? Es responsable de la producci\u00f3n de muchos de los productos de los que dependemos a diario, incluso, muchas veces, de los lugares donde vivimos. Las industrias de la construcci\u00f3n, automovil\u00edstica, aeroespacial, manufacturera y electr\u00f3nica dependen de la fabricaci\u00f3n de metales. &hellip; <a href=\"https:\/\/smf-inc.com\/es\/por-que-es-importante-la-fabricacion-de-metales\/\" class=\"more-link\">Continue reading <span class=\"screen-reader-text\">\u00bfPor qu\u00e9 es importante la fabricaci\u00f3n de metales?<\/span><\/a><\/p>\n","protected":false},"author":2,"featured_media":0,"parent":0,"menu_order":0,"comment_status":"closed","ping_status":"closed","template":"","meta":{"_acf_changed":false,"inline_featured_image":false,"footnotes":""},"class_list":["post-2246","page","type-page","status-publish","hentry"],"acf":[],"_links":{"self":[{"href":"https:\/\/smf-inc.com\/es\/wp-json\/wp\/v2\/pages\/2246","targetHints":{"allow":["GET"]}}],"collection":[{"href":"https:\/\/smf-inc.com\/es\/wp-json\/wp\/v2\/pages"}],"about":[{"href":"https:\/\/smf-inc.com\/es\/wp-json\/wp\/v2\/types\/page"}],"author":[{"embeddable":true,"href":"https:\/\/smf-inc.com\/es\/wp-json\/wp\/v2\/users\/2"}],"replies":[{"embeddable":true,"href":"https:\/\/smf-inc.com\/es\/wp-json\/wp\/v2\/comments?post=2246"}],"version-history":[{"count":0,"href":"https:\/\/smf-inc.com\/es\/wp-json\/wp\/v2\/pages\/2246\/revisions"}],"wp:attachment":[{"href":"https:\/\/smf-inc.com\/es\/wp-json\/wp\/v2\/media?parent=2246"}],"curies":[{"name":"wp","href":"https:\/\/api.w.org\/{rel}","templated":true}]}}