{"id":2245,"date":"2024-05-16T06:11:41","date_gmt":"2024-05-16T06:11:41","guid":{"rendered":"https:\/\/smf-inc.com\/fabricacion-de-metal-a-medida-carolina-del-sur\/"},"modified":"2024-05-16T06:11:41","modified_gmt":"2024-05-16T06:11:41","slug":"fabricacion-de-metal-a-medida-carolina-del-sur","status":"publish","type":"page","link":"https:\/\/smf-inc.com\/es\/fabricacion-de-metal-a-medida-carolina-del-sur\/","title":{"rendered":"Fabricaci\u00f3n de metal a medida Carolina del Sur"},"content":{"rendered":"<div class=\"right-img\"><img loading=\"lazy\" decoding=\"async\" class=\"alignnone\" src=\"https:\/\/smf-inc.com\/wp-content\/uploads\/2024\/01\/industrious-worker-stands-with-unwavering-focus-wielding-an-electric-grinding-tool.webp\" alt=\"Se ve a un profesional del metal trabajando. SMF ofrece fabricaci\u00f3n de metal a medida.\" width=\"500\" height=\"350\" title=\"\"><\/div>\n<h3>SMF: Tu fuente de fabricaci\u00f3n de metal a medida en Carolina del Sur<\/h3>\n<p>SMF es el experto en fabricaci\u00f3n met\u00e1lica a medida en Carolina del Sur. Si necesitas cortar, doblar, conformar, soldar o cualquier otro tipo de fabricaci\u00f3n met\u00e1lica especializada a medida, ll\u00e1manos para pedir un presupuesto.<\/p>\n<h3>\u00bfQu\u00e9 formas de fabricaci\u00f3n met\u00e1lica puede realizar SMF?<\/h3>\n<p>Nos especializamos en la fabricaci\u00f3n de metales y estaremos encantados de hablar contigo sobre c\u00f3mo podemos servirte. Ofrecemos experiencia en acero al carbono, acero inoxidable, aluminio y otros metales. Hablemos del tipo de metal y los procesos que necesitas y nos ocuparemos de ello por ti.<\/p>\n<h3>\u00bfQu\u00e9 servicios de corte de metales hay disponibles?<\/h3>\n<p>En SMF, podemos ofrecerte varios tipos de corte de precisi\u00f3n de metales, como el corte por plasma, el corte por l\u00e1ser y el corte por sierra. Hemos invertido en equipos de corte especializados para ofrecerte los resultados que necesitas. Nuestro l\u00e1ser grande tiene una capacidad de corte de 54&#8242; de largo y 12&#8242; de pie. Este tama\u00f1o nos permite cortar piezas m\u00e1s grandes y cantidades mayores con menos preparaciones. Nuestros otros equipos de corte ofrecen una comodidad y calidad similares. Nuestra cortadora de plasma, por ejemplo, tiene una mesa de 13&#8242; por 23&#8242;. Por \u00faltimo, nuestras sierras alcanzan hasta 20&#8243; de di\u00e1metro.<\/p>\n<h3>\u00a1Podemos cumplir tolerancias estrictas!<\/h3>\n<p>Con nuestro personal profesional y equipos de primera l\u00ednea, podemos cumplir las tolerancias m\u00e1s estrictas al doblar, soldar, conformar y ensamblar componentes y productos met\u00e1licos. Todo ello contribuye a la excelencia en la fabricaci\u00f3n de metal a medida.<\/p>\n<h3>\u00bfQu\u00e9 tipos de servicios de soldadura hay disponibles?<\/h3>\n<p>Sea cual sea el tipo de <a href=\"https:\/\/smf-inc.com\/welding-service-charleston-sc\/\">servicio de<\/a> soldadura que necesites, podemos proporcion\u00e1rtelo. Para los trabajos de soldadura rutinarios, disponemos de soldadoras robotizadas que pueden encargarse de la soldadura rutinaria de forma eficaz y rentable. Cuando s\u00f3lo basta el toque humano, contamos con un equipo de profesionales de la soldadura altamente cualificados. Pueden realizar las soldaduras m\u00e1s exigentes, incluidas las MIG y TIG. \u00bfNecesitas soldadura fuerte o blanda? Tambi\u00e9n podemos prestar esos servicios.<\/p>\n<h3>\u00bfCon qu\u00e9 sectores trabaja SMF?<\/h3>\n<p>Tenemos <a href=\"https:\/\/smf-inc.com\/industries\/\">amplia experiencia en muchos sectores<\/a> distintos. Algunas de ellas son:<\/p>\n<ul class=\"col-3\">\n<li>Petr\u00f3leo y gas<\/li>\n<li>Agricultura<\/li>\n<li>Aeroespacial<\/li>\n<li>M\u00e9dico<\/li>\n<li>Industrial<\/li>\n<li>Generaci\u00f3n de energ\u00eda<\/li>\n<li>Energ\u00edas renovables<\/li>\n<li>Construcci\u00f3n<\/li>\n<li>Carril<\/li>\n<li>Miner\u00eda<\/li>\n<li>Bomba y compresor<\/li>\n<li>Automatizaci\u00f3n y rob\u00f3tica<\/li>\n<\/ul>\n<h3>\u00bfQu\u00e9 servicios del metal presta SMF?<\/h3>\n<p>Algunos de los servicios de carpinter\u00eda met\u00e1lica que realizamos con m\u00e1s frecuencia son:<\/p>\n<ul class=\"col-3\">\n<li><a href=\"https:\/\/smf-inc.com\/precision-machining-charleston-sc\/\">Mecanizado<\/a><\/li>\n<li>Doblar<\/li>\n<li>Corte por l\u00e1ser<\/li>\n<li>Formando<\/li>\n<li>Recubrimiento en polvo<\/li>\n<li>Montaje<\/li>\n<li>Corte con sierra<\/li>\n<li>Voladura<\/li>\n<li><a href=\"https:\/\/smf-inc.com\/plasma-cutting-charleston-sc\/\">Corte por plasma<\/a><\/li>\n<\/ul>\n<h3>\u00bfC\u00f3mo desarroll\u00f3 SMF su ventaja de calidad?<\/h3>\n<p>Nuestra historia se remonta a 1972. En un principio abrimos como f\u00e1brica de metal. Desde entonces, nuestro \u00e9xito ha crecido y nos hemos expandido espectacularmente. Hoy ofrecemos un servicio completo de fabricaci\u00f3n y mecanizado. Tenemos un total combinado de 240.000 pies cuadrados de instalaciones. Con esta capacidad, podemos atender todas tus necesidades de fabricaci\u00f3n met\u00e1lica a medida.<\/p>\n<h3>\u00bfTrabaja SMF con clientes de Fortune 500?<\/h3>\n<p>SMF es un proveedor de primer nivel para fabricantes de equipos originales y cumple sistem\u00e1ticamente las normas de calidad exigidas por nuestros clientes de la lista Fortune 500. Proporcionamos este nivel de calidad a todos nuestros clientes<\/p>\n<div class=\"left-img\"><img loading=\"lazy\" decoding=\"async\" class=\"alignnone\" src=\"https:\/\/smf-inc.com\/wp-content\/uploads\/2024\/01\/cutting-steel.webp\" alt=\"Se ve a un profesional del metal trabajando. SMF ofrece fabricaci\u00f3n de metal a medida en Carolina del Sur.\" width=\"500\" height=\"350\" title=\"\"><\/div>\n<h3>\u00bfVende acero SMF?<\/h3>\n<p>S\u00ed, vendemos productos de acero de calidad al por menor. Hablemos de c\u00f3mo podemos atender tus necesidades de acero.<\/p>\n<h3>Para la mejor calidad en fabricaci\u00f3n de metal, \u00a1ll\u00e1manos hoy!<\/h3>\n<p>Sea cual sea el tama\u00f1o de tu trabajo, y est\u00e9s donde est\u00e9s en EE.UU., estamos aqu\u00ed para servirte. Cuando necesites fabricaci\u00f3n de metal a medida en Carolina del Sur, llama a SMF al<br \/>\n<a href=\"tel:8642260470\">864-226-0470<\/a>.<\/p>\n","protected":false},"excerpt":{"rendered":"<p>SMF: Tu fuente de fabricaci\u00f3n de metal a medida en Carolina del Sur SMF es el experto en fabricaci\u00f3n met\u00e1lica a medida en Carolina del Sur. Si necesitas cortar, doblar, conformar, soldar o cualquier otro tipo de fabricaci\u00f3n met\u00e1lica especializada a medida, ll\u00e1manos para pedir un presupuesto. \u00bfQu\u00e9 formas de fabricaci\u00f3n met\u00e1lica puede realizar SMF? &hellip; <a href=\"https:\/\/smf-inc.com\/es\/fabricacion-de-metal-a-medida-carolina-del-sur\/\" class=\"more-link\">Continue reading <span class=\"screen-reader-text\">Fabricaci\u00f3n de metal a medida Carolina del Sur<\/span><\/a><\/p>\n","protected":false},"author":2,"featured_media":0,"parent":0,"menu_order":0,"comment_status":"closed","ping_status":"closed","template":"","meta":{"_acf_changed":false,"inline_featured_image":false,"footnotes":""},"class_list":["post-2245","page","type-page","status-publish","hentry"],"acf":[],"_links":{"self":[{"href":"https:\/\/smf-inc.com\/es\/wp-json\/wp\/v2\/pages\/2245","targetHints":{"allow":["GET"]}}],"collection":[{"href":"https:\/\/smf-inc.com\/es\/wp-json\/wp\/v2\/pages"}],"about":[{"href":"https:\/\/smf-inc.com\/es\/wp-json\/wp\/v2\/types\/page"}],"author":[{"embeddable":true,"href":"https:\/\/smf-inc.com\/es\/wp-json\/wp\/v2\/users\/2"}],"replies":[{"embeddable":true,"href":"https:\/\/smf-inc.com\/es\/wp-json\/wp\/v2\/comments?post=2245"}],"version-history":[{"count":0,"href":"https:\/\/smf-inc.com\/es\/wp-json\/wp\/v2\/pages\/2245\/revisions"}],"wp:attachment":[{"href":"https:\/\/smf-inc.com\/es\/wp-json\/wp\/v2\/media?parent=2245"}],"curies":[{"name":"wp","href":"https:\/\/api.w.org\/{rel}","templated":true}]}}