{"id":2244,"date":"2024-05-16T06:04:52","date_gmt":"2024-05-16T06:04:52","guid":{"rendered":"https:\/\/smf-inc.com\/fabricacion-de-metal-a-medida-charleston-sc\/"},"modified":"2024-05-16T06:04:52","modified_gmt":"2024-05-16T06:04:52","slug":"fabricacion-de-metal-a-medida-charleston-sc","status":"publish","type":"page","link":"https:\/\/smf-inc.com\/es\/fabricacion-de-metal-a-medida-charleston-sc\/","title":{"rendered":"Fabricaci\u00f3n de metal a medida Charleston SC"},"content":{"rendered":"<div class=\"right-img\"><img loading=\"lazy\" decoding=\"async\" class=\"alignnone\" src=\"https:\/\/smf-inc.com\/wp-content\/uploads\/2024\/01\/plasma-or-laser-cutting-metalworking-with-sparks.webp\" alt=\"Se ve una cortadora l\u00e1ser en funcionamiento. SMF ofrece fabricaci\u00f3n de metal a medida.  \" width=\"500\" height=\"350\" title=\"\"><\/div>\n<h3>SMF: Tu fuente de fabricaci\u00f3n de metal a medida en Charleston SC<\/h3>\n<p>Cuando necesites fabricaci\u00f3n met\u00e1lica a medida en Charleston SC, llama a SMF. Si necesitas cortar, doblar, conformar, soldar o cualquier otro tipo de fabricaci\u00f3n met\u00e1lica especializada a medida, SMF es la empresa a la que debes llamar.<\/p>\n<h3>\u00bfQu\u00e9 formas de fabricaci\u00f3n de metal puede manejar SMF?<\/h3>\n<p>Como especialistas en fabricaci\u00f3n met\u00e1lica a medida, ofrecemos experiencia en acero al carbono, acero inoxidable, aluminio y otros metales. Estamos dispuestos a hablar contigo sobre qu\u00e9 tipo de metal y qu\u00e9 procesos requiere tu proyecto.<\/p>\n<h3>\u00bfQu\u00e9 tipo de servicios de corte de metales realiza SMF?<\/h3>\n<p>No todos los trabajos requieren el mismo tipo de equipo de corte de metal, por eso ofrecemos opciones. Podemos realizar distintos tipos de corte de precisi\u00f3n de metales, como corte con sierra, corte por plasma y corte por l\u00e1ser. Gracias a unas importantes inversiones en equipos de corte especializados, podemos ofrecerte unos resultados excelentes. Nuestro l\u00e1ser m\u00e1s grande tiene una capacidad de corte de 54&#8242; de largo y 12&#8242; de pie. Este tama\u00f1o nos permite cortar piezas m\u00e1s grandes y cantidades mayores con menos preparaciones. Nuestra cortadora de plasma tiene una mesa de 13&#8242; por 23&#8242;. Nuestras sierras tienen hasta 20&#8243; de di\u00e1metro.<\/p>\n<h3>\u00bfC\u00f3mo de estrictas son las tolerancias en SMF?<\/h3>\n<p>Nos enorgullece poder cumplir tolerancias estrictas y otros par\u00e1metros de calidad. Con nuestro equipo profesional y bien formado y nuestro equipo de calidad, podemos doblar, soldar, conformar y ensamblar componentes y productos met\u00e1licos de una forma que fomenta nuestra reputaci\u00f3n de excelencia en la fabricaci\u00f3n met\u00e1lica a medida.<\/p>\n<h3>\u00bfQu\u00e9 formas de soldadura ofrece SMF?<\/h3>\n<p>Podemos prestarte los servicios de soldadura que necesites. Para trabajos de soldadura sencillos y rutinarios, nuestras <a href=\"https:\/\/smf-inc.com\/capabilities\/welding\/\">soldadoras robotizadas pueden hacer el trabajo de forma rentable y eficaz<\/a>. Para necesidades de soldadura m\u00e1s complejas, nuestro equipo de profesionales de la soldadura altamente cualificados puede realizar soldaduras MIG, TIG y de otros tipos. Si necesitas soldadura fuerte o blanda, tambi\u00e9n est\u00e1n disponibles.<\/p>\n<h3>\u00bfHa trabajado SMF con mi industria?<\/h3>\n<p>Es muy probable que hayamos realizado trabajos similares a tu proyecto. Algunas de las <a href=\"https:\/\/smf-inc.com\/industries\/\">industrias con las que hemos<\/a> trabajado son:<\/p>\n<ul class=\"col-3\">\n<li>M\u00e9dico<\/li>\n<li>Industrial<\/li>\n<li>Generaci\u00f3n de energ\u00eda<\/li>\n<li>Petr\u00f3leo y gas<\/li>\n<li>Agricultura<\/li>\n<li>Aeroespacial<\/li>\n<li>Energ\u00edas renovables<\/li>\n<li>Construcci\u00f3n<\/li>\n<li>Carril<\/li>\n<li>Miner\u00eda<\/li>\n<li>Bomba y compresor<\/li>\n<li>Automatizaci\u00f3n y rob\u00f3tica<\/li>\n<\/ul>\n<h3>\u00bfQu\u00e9 servicios de fabricaci\u00f3n de metal ofrece SMF?<\/h3>\n<p>Somos una tienda integral de metal. Nuestros servicios incluyen:<\/p>\n<ul class=\"col-3\">\n<li><a href=\"https:\/\/smf-inc.com\/laser-cutting-charleston-sc\/\">Corte por l\u00e1ser<\/a><\/li>\n<li>Formando<\/li>\n<li>Recubrimiento en polvo<\/li>\n<li>Montaje<\/li>\n<li>Corte con sierra<\/li>\n<li>Voladura<\/li>\n<li><a href=\"https:\/\/smf-inc.com\/plasma-cutting-charleston-sc\/\">Corte por plasma<\/a><\/li>\n<li>Mecanizado<\/li>\n<li>Doblar<\/li>\n<\/ul>\n<h3>\u00bfCu\u00e1nto tiempo lleva funcionando el SMF?<\/h3>\n<p>La historia de SMF se remonta a 1972, cuando empezamos como f\u00e1brica de metal. Nos hemos expandido espectacularmente desde entonces, y ahora somos un taller integral de metal que ofrece servicios completos de fabricaci\u00f3n y mecanizado. Con nuestras instalaciones de 240.000 pies cuadrados, podemos atender todas tus necesidades de fabricaci\u00f3n met\u00e1lica a medida.<\/p>\n<h3>\u00bfConf\u00edan los clientes de Fortune 500 en SMF?<\/h3>\n<p>Como proveedor de primer nivel para fabricantes de equipos originales, SMF cumple sistem\u00e1ticamente las normas de calidad exigidas por nuestros clientes de Fortune 500, y estamos orgullosos de ofrecer este nivel ejemplar de calidad a todos los clientes a los que servimos.<\/p>\n<div class=\"left-img\"><img loading=\"lazy\" decoding=\"async\" class=\"alignnone\" src=\"https:\/\/smf-inc.com\/wp-content\/uploads\/2024\/01\/close-up-photo-of-welding-welder-works-torch-laborer.webp\" alt=\"Se ve a un trabajador del metal en una f\u00e1brica. SMF ofrece fabricaci\u00f3n de metal a medida en Charleston SC,\" width=\"500\" height=\"350\" title=\"\"><\/div>\n<h3>\u00bfPueden los clientes comprar acero a SMF?<\/h3>\n<p>Otro de nuestros servicios es la venta de acero, que vendemos al por menor. Ll\u00e1manos y hablemos de c\u00f3mo podemos satisfacer tu pedido de acero.<\/p>\n<h3>Si est\u00e1s preparado para lo mejor en fabricaci\u00f3n de metal a medida, \u00a1ll\u00e1manos hoy mismo!<\/h3>\n<p>\u00a1Estamos aqu\u00ed para servirte! Cuando necesites fabricaci\u00f3n met\u00e1lica a medida en Charleston SC, llama a SMF al <a href=\"tel:8642260470\">864-226-0470<\/a>.<\/p>\n","protected":false},"excerpt":{"rendered":"<p>SMF: Tu fuente de fabricaci\u00f3n de metal a medida en Charleston SC Cuando necesites fabricaci\u00f3n met\u00e1lica a medida en Charleston SC, llama a SMF. Si necesitas cortar, doblar, conformar, soldar o cualquier otro tipo de fabricaci\u00f3n met\u00e1lica especializada a medida, SMF es la empresa a la que debes llamar. \u00bfQu\u00e9 formas de fabricaci\u00f3n de metal &hellip; <a href=\"https:\/\/smf-inc.com\/es\/fabricacion-de-metal-a-medida-charleston-sc\/\" class=\"more-link\">Continue reading <span class=\"screen-reader-text\">Fabricaci\u00f3n de metal a medida Charleston SC<\/span><\/a><\/p>\n","protected":false},"author":2,"featured_media":0,"parent":0,"menu_order":0,"comment_status":"closed","ping_status":"closed","template":"","meta":{"_acf_changed":false,"inline_featured_image":false,"footnotes":""},"class_list":["post-2244","page","type-page","status-publish","hentry"],"acf":[],"_links":{"self":[{"href":"https:\/\/smf-inc.com\/es\/wp-json\/wp\/v2\/pages\/2244","targetHints":{"allow":["GET"]}}],"collection":[{"href":"https:\/\/smf-inc.com\/es\/wp-json\/wp\/v2\/pages"}],"about":[{"href":"https:\/\/smf-inc.com\/es\/wp-json\/wp\/v2\/types\/page"}],"author":[{"embeddable":true,"href":"https:\/\/smf-inc.com\/es\/wp-json\/wp\/v2\/users\/2"}],"replies":[{"embeddable":true,"href":"https:\/\/smf-inc.com\/es\/wp-json\/wp\/v2\/comments?post=2244"}],"version-history":[{"count":0,"href":"https:\/\/smf-inc.com\/es\/wp-json\/wp\/v2\/pages\/2244\/revisions"}],"wp:attachment":[{"href":"https:\/\/smf-inc.com\/es\/wp-json\/wp\/v2\/media?parent=2244"}],"curies":[{"name":"wp","href":"https:\/\/api.w.org\/{rel}","templated":true}]}}