{"id":2028,"date":"2024-01-03T06:15:22","date_gmt":"2024-01-03T06:15:22","guid":{"rendered":"https:\/\/smf-inc.com\/fabricacion-de-metal-a-medida-springfield-il\/"},"modified":"2024-01-03T18:11:53","modified_gmt":"2024-01-03T18:11:53","slug":"fabricacion-de-metal-a-medida-springfield-il","status":"publish","type":"page","link":"https:\/\/smf-inc.com\/es\/fabricacion-de-metal-a-medida-springfield-il\/","title":{"rendered":"Fabricaci\u00f3n de metal a medida Springfield IL"},"content":{"rendered":"<h3>SMF ofrece fabricaci\u00f3n de metal personalizado en Springfield IL<\/h3>\n<p>\u00bfEst\u00e1 buscando una empresa con experiencia y profesional para realizar la <a href=\"https:\/\/smf-inc.com\/custom-metal-fabrication-illinois\/\">fabricaci\u00f3n de metal personalizado<\/a> en Springfield IL? Hable con los fabricantes de metal de SMF para todos los servicios de corte, plegado, conformado, soldadura y cualquier otro servicio relacionado con el metal que pueda necesitar.<\/p>\n<h3>\u00bfPor qu\u00e9 SMF es la mejor opci\u00f3n en fabricaci\u00f3n de metales?<\/h3>\n<p>SMF ofrece una amplia variedad de servicios de fabricaci\u00f3n de metales. Si necesita experiencia en acero al carbono, acero inoxidable, aluminio u otros metales, s\u00f3lo tiene que decirnos qu\u00e9 aleaci\u00f3n y qu\u00e9 procesos necesita y completaremos su pedido seg\u00fan sus especificaciones exactas.<\/p>\n<h3>\u00bfQu\u00e9 servicios de corte de metales puede ofrecer SMF?<\/h3>\n<p>El corte de precisi\u00f3n de metales, incluido el<a href=\"https:\/\/smf-inc.com\/laser-cutting-springfield-il\/\"> corte por l\u00e1ser<\/a>, el corte por plasma y el corte por sierra, es una parte integral de nuestro negocio. Por ello, hemos invertido en l\u00e1seres, cortadoras de plasma y sierras de primera categor\u00eda, capaces de proporcionar los cortes de calidad que requieren nuestros clientes:<\/p>\n<ul>\n<li>Nuestro l\u00e1ser grande tiene una capacidad de corte de 54&#8242; de largo y 12&#8242; de ancho. Este mayor tama\u00f1o nos permite cortar piezas m\u00e1s grandes y cantidades m\u00e1s elevadas con menos preparaciones, lo que aumenta la eficacia.<\/li>\n<li>Nuestra cortadora de plasma tiene una mesa de 13&#8242; por 23&#8242;.<\/li>\n<li>Nuestras sierras tienen hasta 20&#8243; de di\u00e1metro.<\/li>\n<\/ul>\n<h3>\u00bfPuede el SMF cumplir tolerancias precisas?<\/h3>\n<p>Con nuestros equipos de primera l\u00ednea y nuestro personal bien formado, podemos cumplir las tolerancias m\u00e1s estrictas. Tanto si se trata de doblar, soldar, conformar o ensamblar, siempre completamos el trabajo seg\u00fan sus especificaciones exactas.<\/p>\n<h3>\u00bfOfrece SMF una gama completa de opciones de soldadura?<\/h3>\n<p>Podemos encargarnos de cualquier servicio de soldadura que necesite. Nuestra <a href=\"https:\/\/smf-inc.com\/capabilities\/welding\/\">l\u00ednea de soldadoras robotizadas<\/a> puede realizar muchos trabajos de soldadura rutinarios de forma eficaz y rentable. Nuestro equipo profesional de soldadura ofrece soldadura MIG y TIG. Tambi\u00e9n podemos realizar trabajos de soldadura fuerte y blanda.<\/p>\n<h3>\u00bfTiene SMF experiencia en mi sector?<\/h3>\n<p>SMF lleva muchos a\u00f1os trabajando con una gran variedad de industrias. Algunos ejemplos de las industrias con las que trabajamos habitualmente son:<\/p>\n<ul class=\"col-3\">\n<li>Industrial<\/li>\n<li>Generaci\u00f3n de energ\u00eda<\/li>\n<li>Energ\u00edas renovables<\/li>\n<li>Construcci\u00f3n<\/li>\n<li>Carril<\/li>\n<li>Miner\u00eda<\/li>\n<li>Bomba y compresor<\/li>\n<li>Automatizaci\u00f3n y rob\u00f3tica<\/li>\n<li>Petr\u00f3leo y gas<\/li>\n<li>Agricultura<\/li>\n<li>Aeroespacial<\/li>\n<li>M\u00e9dico<\/li>\n<\/ul>\n<h3>\u00bfOfrece SMF el servicio del metal que necesito?<\/h3>\n<p>Ofrecemos una variedad de servicios de fabricaci\u00f3n de metal, incluyendo:<\/p>\n<ul class=\"col-3\">\n<li>Corte con sierra<\/li>\n<li>Voladura<\/li>\n<li>Corte por l\u00e1ser<\/li>\n<li>Formando<\/li>\n<li>Recubrimiento en polvo<\/li>\n<li>Montaje<\/li>\n<li><a href=\"https:\/\/smf-inc.com\/precision-machining-springfield-il\/\">Mecanizado<\/a><\/li>\n<\/ul>\n<h3>\u00bfTiene SMF experiencia en trabajar con empresas de la lista Fortune 500?<\/h3>\n<p>SMF cumple sistem\u00e1ticamente las normas de calidad exigidas por nuestros clientes de Fortune 500. Gracias a ello, podemos ofrecer el mismo nivel de calidad a todos nuestros clientes, grandes y peque\u00f1os. Nos remontamos a 1972, cuando empezamos como f\u00e1brica de metal. Ahora ofrecemos un servicio completo de fabricaci\u00f3n y mecanizado. Nuestras instalaciones suman un total de 240.000 pies cuadrados, lo que significa que tenemos la capacidad necesaria para prestarle un buen servicio.<\/p>\n<div class=\"left-img\"><img loading=\"lazy\" decoding=\"async\" class=\"alignnone\" src=\"https:\/\/smf-inc.com\/wp-content\/uploads\/2024\/01\/factory-worker-programming-a-cnc-machine.jpg\" alt=\"Un hombre programa la computadora para manejar la fabricaci\u00f3n de metal. SMF ofrece fabricaci\u00f3n de metal personalizado en Springfield IL.\" width=\"500\" height=\"350\" title=\"\"><\/div>\n<h3>\u00bfEst\u00e1n preparados para trabajar juntos?<\/h3>\n<p>Le esperan servicios de fabricaci\u00f3n de metal de la m\u00e1xima calidad. Para la fabricaci\u00f3n de metal personalizado en Springfield IL, llame SMF en <a href=\"tel:3094322586\">309-432-2586<\/a>.<\/p>\n","protected":false},"excerpt":{"rendered":"<p>SMF ofrece fabricaci\u00f3n de metal personalizado en Springfield IL \u00bfEst\u00e1 buscando una empresa con experiencia y profesional para realizar la fabricaci\u00f3n de metal personalizado en Springfield IL? Hable con los fabricantes de metal de SMF para todos los servicios de corte, plegado, conformado, soldadura y cualquier otro servicio relacionado con el metal que pueda necesitar. &hellip; <a href=\"https:\/\/smf-inc.com\/es\/fabricacion-de-metal-a-medida-springfield-il\/\" class=\"more-link\">Continue reading <span class=\"screen-reader-text\">Fabricaci\u00f3n de metal a medida Springfield IL<\/span><\/a><\/p>\n","protected":false},"author":2,"featured_media":2026,"parent":0,"menu_order":0,"comment_status":"closed","ping_status":"closed","template":"","meta":{"_acf_changed":false,"inline_featured_image":false,"footnotes":""},"class_list":["post-2028","page","type-page","status-publish","has-post-thumbnail","hentry"],"acf":[],"_links":{"self":[{"href":"https:\/\/smf-inc.com\/es\/wp-json\/wp\/v2\/pages\/2028","targetHints":{"allow":["GET"]}}],"collection":[{"href":"https:\/\/smf-inc.com\/es\/wp-json\/wp\/v2\/pages"}],"about":[{"href":"https:\/\/smf-inc.com\/es\/wp-json\/wp\/v2\/types\/page"}],"author":[{"embeddable":true,"href":"https:\/\/smf-inc.com\/es\/wp-json\/wp\/v2\/users\/2"}],"replies":[{"embeddable":true,"href":"https:\/\/smf-inc.com\/es\/wp-json\/wp\/v2\/comments?post=2028"}],"version-history":[{"count":6,"href":"https:\/\/smf-inc.com\/es\/wp-json\/wp\/v2\/pages\/2028\/revisions"}],"predecessor-version":[{"id":2068,"href":"https:\/\/smf-inc.com\/es\/wp-json\/wp\/v2\/pages\/2028\/revisions\/2068"}],"wp:featuredmedia":[{"embeddable":true,"href":"https:\/\/smf-inc.com\/es\/wp-json\/wp\/v2\/media\/2026"}],"wp:attachment":[{"href":"https:\/\/smf-inc.com\/es\/wp-json\/wp\/v2\/media?parent=2028"}],"curies":[{"name":"wp","href":"https:\/\/api.w.org\/{rel}","templated":true}]}}