{"id":2021,"date":"2024-01-03T06:12:13","date_gmt":"2024-01-03T06:12:13","guid":{"rendered":"https:\/\/smf-inc.com\/fabricacion-de-metal-a-medida-rockford-il\/"},"modified":"2024-01-03T18:03:32","modified_gmt":"2024-01-03T18:03:32","slug":"fabricacion-de-metal-a-medida-rockford-il","status":"publish","type":"page","link":"https:\/\/smf-inc.com\/es\/fabricacion-de-metal-a-medida-rockford-il\/","title":{"rendered":"Fabricaci\u00f3n de metal a medida Rockford IL"},"content":{"rendered":"<h3>Recurra a SMF para la fabricaci\u00f3n de metal a medida en Rockford IL<\/h3>\n<p>Si usted est\u00e1 buscando una empresa altamente profesional para llevar a cabo la fabricaci\u00f3n de metal personalizado en Rockford IL, echa un vistazo a SMF para todo el corte, plegado, conformado, soldadura y cualquier otro tipo de fabricaci\u00f3n de metal personalizado que pueda necesitar.<\/p>\n<h3>\u00bfQu\u00e9 formas de fabricaci\u00f3n de metal ofrece SMF?<\/h3>\n<p>SMF es l\u00edder en fabricaci\u00f3n de metales. Ofrecemos una gran variedad de servicios de fabricaci\u00f3n de metales, como soldadura, conformado, corte y mucho m\u00e1s. \u00bfNecesita conocimientos especializados en acero al carbono, acero inoxidable, aluminio u otros metales? D\u00edganos qu\u00e9 aleaci\u00f3n y qu\u00e9 procesos necesita y nosotros nos ocuparemos de todo.<\/p>\n<h3>\u00bfOfrece SMF servicios completos de corte de metales?<\/h3>\n<p>El corte de precisi\u00f3n de metales, incluido el <a href=\"https:\/\/smf-inc.com\/our-capabilities\/\">corte por plasma, el corte por l\u00e1ser y el corte por sierra<\/a>, es una parte fundamental de nuestro negocio, por lo que hemos invertido en equipos de primera categor\u00eda capaces de proporcionar los resultados de calidad que nuestros clientes requieren. SMF ofrece los servicios de un gran l\u00e1ser con una capacidad de corte de 54&#8242; de largo y 12&#8242; de ancho. Este mayor tama\u00f1o nos permite cortar piezas m\u00e1s grandes y cantidades m\u00e1s elevadas con menos preparaciones, lo que aumenta la eficacia. Adem\u00e1s, nuestra cortadora de plasma tiene una mesa de 13&#8242; por 23&#8242;, mientras que nuestras sierras alcanzan hasta 20&#8243; de di\u00e1metro.<\/p>\n<h3>\u00bfQu\u00e9 tipo de tolerancias puede cumplir el SMF?<\/h3>\n<p>Nuestros equipos de alta gama y nuestro personal profesional pueden cumplir las tolerancias m\u00e1s estrictas. Tanto si se trata de soldar, doblar, conformar o ensamblar, todo lo que hacemos se realiza seg\u00fan sus especificaciones exactas.<\/p>\n<h3>\u00bfQu\u00e9 servicios de soldadura ofrece SMF?<\/h3>\n<p>Podemos ofrecerle cualquier servicio de soldadura que necesite. En primer lugar, disponemos de una l\u00ednea completa de soldadoras robotizadas que pueden realizar muchos trabajos de <a href=\"https:\/\/smf-inc.com\/capabilities\/welding\/\">soldadura rutinarios<\/a> de forma muy eficaz y rentable. Para trabajos de soldadura m\u00e1s exigentes, ponemos a su disposici\u00f3n nuestro equipo de soldadores profesionales. Pueden realizar las soldaduras m\u00e1s exigentes, incluidas las MIG y TIG. Tambi\u00e9n disponemos de soldadura fuerte y blanda.<\/p>\n<h3>\u00bfCu\u00e1nta experiencia tiene SMF en mi sector?<\/h3>\n<p>SMF cuenta con una impresionante experiencia. Algunas de las industrias con las que trabajamos habitualmente son:<\/p>\n<ul class=\"col-3\">\n<li>Miner\u00eda<\/li>\n<li>Bomba y compresor<\/li>\n<li>Automatizaci\u00f3n y rob\u00f3tica<\/li>\n<li>Petr\u00f3leo y gas<\/li>\n<li>Agricultura<\/li>\n<li>Aeroespacial<\/li>\n<li>M\u00e9dico<\/li>\n<li>Industrial<\/li>\n<li>Generaci\u00f3n de energ\u00eda<\/li>\n<li>Energ\u00edas renovables<\/li>\n<li>Construcci\u00f3n<\/li>\n<li>Carril<\/li>\n<\/ul>\n<h3>\u00bfQu\u00e9 servicios del metal ofrece SMF?<\/h3>\n<p>Ofrecemos una gran variedad de servicios de fabricaci\u00f3n de metal. Algunas de ellas son las siguientes:<\/p>\n<ul class=\"col-3\">\n<li>Corte con sierra<\/li>\n<li>Voladura<\/li>\n<li>Corte por l\u00e1ser<\/li>\n<li>Formando<\/li>\n<li>Recubrimiento en polvo<\/li>\n<li><a href=\"https:\/\/smf-inc.com\/mechanical-assembly-rockford-il\/\">Montaje<\/a><\/li>\n<li>Mecanizado<\/li>\n<\/ul>\n<h3>\u00bfCu\u00e1ndo se fund\u00f3 la SMF?<\/h3>\n<p>La historia de SMF se remonta a 1972. Inicialmente, \u00e9ramos una planta de fabricaci\u00f3n de metal, pero ahora ofrecemos un servicio completo de fabricaci\u00f3n y mecanizado. Con un total combinado de 240.000 pies cuadrados de espacio en nuestras instalaciones, tenemos la capacidad necesaria para satisfacer todas sus necesidades de fabricaci\u00f3n de metal a medida.<\/p>\n<div class=\"left-img\"><img decoding=\"async\" src=\"https:\/\/smf-inc.com\/wp-content\/uploads\/2024\/01\/female-steel-factory-worker-at-work.jpg\" alt=\"Fabricaci\u00f3n de metal a medida Rockford IL\" title=\"\"><\/div>\n<h3>\u00bfTiene SMF experiencia en trabajar con empresas de la lista Fortune 500?<\/h3>\n<p>SMF cumple sistem\u00e1ticamente las normas de calidad exigidas por nuestros clientes de Fortune 500. Gracias a ello, podemos ofrecer el mismo nivel de calidad a todos nuestros clientes, grandes y peque\u00f1os.<\/p>\n<h3>\u00bfEst\u00e1 preparado para recibir productos y servicios de calidad?<\/h3>\n<p>\u00bfEst\u00e1 preparado para recibir servicios de fabricaci\u00f3n de metal de la m\u00e1xima calidad? Para la fabricaci\u00f3n de metal personalizado en Rockford IL, llame SMF en <a href=\"tel:3094322586\">309-432-2586<\/a>.<\/p>\n","protected":false},"excerpt":{"rendered":"<p>Recurra a SMF para la fabricaci\u00f3n de metal a medida en Rockford IL Si usted est\u00e1 buscando una empresa altamente profesional para llevar a cabo la fabricaci\u00f3n de metal personalizado en Rockford IL, echa un vistazo a SMF para todo el corte, plegado, conformado, soldadura y cualquier otro tipo de fabricaci\u00f3n de metal personalizado que &hellip; <a href=\"https:\/\/smf-inc.com\/es\/fabricacion-de-metal-a-medida-rockford-il\/\" class=\"more-link\">Continue reading <span class=\"screen-reader-text\">Fabricaci\u00f3n de metal a medida Rockford IL<\/span><\/a><\/p>\n","protected":false},"author":2,"featured_media":2019,"parent":0,"menu_order":0,"comment_status":"closed","ping_status":"closed","template":"","meta":{"_acf_changed":false,"inline_featured_image":false,"footnotes":""},"class_list":["post-2021","page","type-page","status-publish","has-post-thumbnail","hentry"],"acf":[],"_links":{"self":[{"href":"https:\/\/smf-inc.com\/es\/wp-json\/wp\/v2\/pages\/2021","targetHints":{"allow":["GET"]}}],"collection":[{"href":"https:\/\/smf-inc.com\/es\/wp-json\/wp\/v2\/pages"}],"about":[{"href":"https:\/\/smf-inc.com\/es\/wp-json\/wp\/v2\/types\/page"}],"author":[{"embeddable":true,"href":"https:\/\/smf-inc.com\/es\/wp-json\/wp\/v2\/users\/2"}],"replies":[{"embeddable":true,"href":"https:\/\/smf-inc.com\/es\/wp-json\/wp\/v2\/comments?post=2021"}],"version-history":[{"count":2,"href":"https:\/\/smf-inc.com\/es\/wp-json\/wp\/v2\/pages\/2021\/revisions"}],"predecessor-version":[{"id":2058,"href":"https:\/\/smf-inc.com\/es\/wp-json\/wp\/v2\/pages\/2021\/revisions\/2058"}],"wp:featuredmedia":[{"embeddable":true,"href":"https:\/\/smf-inc.com\/es\/wp-json\/wp\/v2\/media\/2019"}],"wp:attachment":[{"href":"https:\/\/smf-inc.com\/es\/wp-json\/wp\/v2\/media?parent=2021"}],"curies":[{"name":"wp","href":"https:\/\/api.w.org\/{rel}","templated":true}]}}