{"id":2013,"date":"2025-11-04T04:58:06","date_gmt":"2025-11-04T04:58:06","guid":{"rendered":"https:\/\/smf-inc.com\/fabricacion-de-metal-a-medida-peoria-il\/"},"modified":"2025-11-04T04:58:06","modified_gmt":"2025-11-04T04:58:06","slug":"fabricacion-de-metal-a-medida-peoria-il","status":"publish","type":"page","link":"https:\/\/smf-inc.com\/es\/fabricacion-de-metal-a-medida-peoria-il\/","title":{"rendered":"Fabricaci\u00f3n de metal a medida Peoria IL"},"content":{"rendered":"<h3>SMF: La Fabricaci\u00f3n de Metal a Medida en la que Conf\u00edan las Empresas de Peoria IL<\/h3>\n<p>SMF ofrece la fabricaci\u00f3n de metal personalizado Peoria IL empresas han aprendido a confiar. Si necesita cortar, doblar, conformar, soldar y otros tipos de <a href=\"https:\/\/smf-inc.com\/steel-fabrication-peoria-il\/\">fabricaci\u00f3n met\u00e1lica a medida<\/a>, estaremos encantados de atenderle.<\/p>\n<h3>\u00bfOfrece SMF fabricaci\u00f3n de metal personalizado en Peoria IL?<\/h3>\n<p>Estamos orgullosos de nuestros servicios de fabricaci\u00f3n de metales, con los que ayudamos a crear productos utilizando procesos secundarios de fabricaci\u00f3n de metales, como soldadura, conformado, corte, etc. Fabricaremos sus piezas met\u00e1licas con la aleaci\u00f3n que necesite.<\/p>\n<h3>\u00bfQu\u00e9 m\u00e9todos de corte de metales existen?<\/h3>\n<p>Podemos satisfacer las necesidades de <a href=\"https:\/\/smf-inc.com\/laser-cutting-peoria-il\/\">corte de precisi\u00f3n de metales<\/a> de nuestros clientes mediante diversos procesos, como el corte por plasma, el corte por l\u00e1ser y el corte con sierra. Nuestros equipos de primera categor\u00eda proporcionan resultados de alta calidad:<\/p>\n<ul>\n<li>Nuestro l\u00e1ser grande tiene una capacidad de corte de 54 pulgadas de largo y 12 pies de ancho. Nos permite cortar piezas m\u00e1s grandes y mayores cantidades con menos configuraciones.<\/li>\n<li>Nuestra cortadora de plasma tiene una mesa de 13 por 23 pulgadas.<\/li>\n<li>Nuestras sierras alcanzan hasta 20 pulgadas de di\u00e1metro.<\/li>\n<\/ul>\n<h3>\u00bfOfrece SMF conformado de metales?<\/h3>\n<p>SMF ofrece una variedad de equipos de alta calidad que nos permiten cumplir incluso las tolerancias m\u00e1s estrictas al soldar, doblar, conformar y ensamblar componentes met\u00e1licos.<\/p>\n<h3>\u00bfOfrece SMF servicios de soldadura?<\/h3>\n<p>Podemos proporcionarle cualquier <a href=\"https:\/\/smf-inc.com\/welding-service-peoria-il\/\">servicio de soldadura y afines<\/a> que necesite. Nuestros soldadores robotizados se encargan de los trabajos rob\u00f3ticos rutinarios. Nuestro equipo de soldadores experimentados domina diversos tipos de soldadura, como MIG y TIG. Tambi\u00e9n disponemos de soldadura fuerte y blanda.<\/p>\n<h3>\u00bfTrabaja el SMF con todas las industrias?<\/h3>\n<p>Tenemos una gran experiencia en muchos sectores diferentes, entre ellos:<\/p>\n<ul class=\"col-3\">\n<li>Aeroespacial<\/li>\n<li>M\u00e9dico<\/li>\n<li>Industrial<\/li>\n<li>Generaci\u00f3n de energ\u00eda<\/li>\n<li>Energ\u00edas renovables<\/li>\n<li>Construcci\u00f3n<\/li>\n<li>Carril<\/li>\n<li>Miner\u00eda<\/li>\n<li>Bomba y compresor<\/li>\n<li>Automatizaci\u00f3n y rob\u00f3tica<\/li>\n<li>Petr\u00f3leo y gas<\/li>\n<li>Agricultura<\/li>\n<\/ul>\n<h3>\u00bfOfrece SMF servicios relacionados con el metal?<\/h3>\n<p>Nuestros experimentados profesionales realizan una gran variedad de servicios relacionados con el metal, entre los que se incluyen:<\/p>\n<ul class=\"col-3\">\n<li>Formando<\/li>\n<li>Recubrimiento en polvo<\/li>\n<li><a href=\"https:\/\/smf-inc.com\/mechanical-assembly-peoria-il\/\">Montaje<\/a><\/li>\n<li>Corte con sierra<\/li>\n<li>Voladura<\/li>\n<li>Mecanizado<\/li>\n<li>Corte por l\u00e1ser<\/li>\n<\/ul>\n<h3>\u00bfPor qu\u00e9 elegir SMF?<\/h3>\n<p>En 1972, no \u00e9ramos m\u00e1s que una peque\u00f1a f\u00e1brica de metal. Desde entonces, hemos crecido de forma espectacular. En la actualidad, ofrecemos servicios completos de fabricaci\u00f3n y mecanizado en unas instalaciones de 240.000 pies cuadrados. Esto nos permite atender todas sus necesidades de metal. Y nuestra condici\u00f3n de proveedor de primer nivel para fabricantes de equipos originales demuestra nuestra capacidad para cumplir las normas de calidad exigidas por nuestros numerosos clientes de Fortune 500. Es un nivel de calidad que prometemos a todos nuestros clientes.<\/p>\n<div class=\"left-img\"><img loading=\"lazy\" decoding=\"async\" class=\"alignnone\" src=\"https:\/\/smf-inc.com\/wp-content\/uploads\/2024\/01\/welder-erecting-technical-steel.jpg\" alt=\"Se ve a un trabajador soldando en f\u00e1brica. SMF ofrece fabricaci\u00f3n de metal personalizado en Peoria IL.\" width=\"500\" height=\"350\" title=\"\"><\/div>\n<h3>Llame a SMF para obtener la mejor fabricaci\u00f3n de metal.<\/h3>\n<p>Para la fabricaci\u00f3n de metal personalizado en Peoria IL, llame SMF en <a href=\"tel:3094322586\">309-432-2586<\/a>. Tenemos capacidad para atender a clientes de todo Estados Unidos, y ning\u00fan trabajo es demasiado grande o demasiado peque\u00f1o para nosotros.<\/p>\n","protected":false},"excerpt":{"rendered":"<p>SMF: La Fabricaci\u00f3n de Metal a Medida en la que Conf\u00edan las Empresas de Peoria IL SMF ofrece la fabricaci\u00f3n de metal personalizado Peoria IL empresas han aprendido a confiar. Si necesita cortar, doblar, conformar, soldar y otros tipos de fabricaci\u00f3n met\u00e1lica a medida, estaremos encantados de atenderle. \u00bfOfrece SMF fabricaci\u00f3n de metal personalizado en &hellip; <a href=\"https:\/\/smf-inc.com\/es\/fabricacion-de-metal-a-medida-peoria-il\/\" class=\"more-link\">Continue reading <span class=\"screen-reader-text\">Fabricaci\u00f3n de metal a medida Peoria IL<\/span><\/a><\/p>\n","protected":false},"author":2,"featured_media":2011,"parent":0,"menu_order":0,"comment_status":"closed","ping_status":"closed","template":"","meta":{"_acf_changed":false,"inline_featured_image":false,"footnotes":""},"class_list":["post-2013","page","type-page","status-publish","has-post-thumbnail","hentry"],"acf":[],"_links":{"self":[{"href":"https:\/\/smf-inc.com\/es\/wp-json\/wp\/v2\/pages\/2013","targetHints":{"allow":["GET"]}}],"collection":[{"href":"https:\/\/smf-inc.com\/es\/wp-json\/wp\/v2\/pages"}],"about":[{"href":"https:\/\/smf-inc.com\/es\/wp-json\/wp\/v2\/types\/page"}],"author":[{"embeddable":true,"href":"https:\/\/smf-inc.com\/es\/wp-json\/wp\/v2\/users\/2"}],"replies":[{"embeddable":true,"href":"https:\/\/smf-inc.com\/es\/wp-json\/wp\/v2\/comments?post=2013"}],"version-history":[{"count":8,"href":"https:\/\/smf-inc.com\/es\/wp-json\/wp\/v2\/pages\/2013\/revisions"}],"predecessor-version":[{"id":2991,"href":"https:\/\/smf-inc.com\/es\/wp-json\/wp\/v2\/pages\/2013\/revisions\/2991"}],"wp:featuredmedia":[{"embeddable":true,"href":"https:\/\/smf-inc.com\/es\/wp-json\/wp\/v2\/media\/2011"}],"wp:attachment":[{"href":"https:\/\/smf-inc.com\/es\/wp-json\/wp\/v2\/media?parent=2013"}],"curies":[{"name":"wp","href":"https:\/\/api.w.org\/{rel}","templated":true}]}}