{"id":2006,"date":"2025-11-04T04:58:06","date_gmt":"2025-11-04T04:58:06","guid":{"rendered":"https:\/\/smf-inc.com\/fabricacion-de-metales-chicago-il-2\/"},"modified":"2025-11-04T04:58:06","modified_gmt":"2025-11-04T04:58:06","slug":"fabricacion-de-metales-chicago-il-2","status":"publish","type":"page","link":"https:\/\/smf-inc.com\/es\/fabricacion-de-metales-chicago-il-2\/","title":{"rendered":"Fabricaci\u00f3n de metales Chicago IL"},"content":{"rendered":"<h3>SMF: El lugar para la fabricaci\u00f3n de metal a medida en Chicago IL<\/h3>\n<p>Si usted necesita una empresa <a href=\"https:\/\/smf-inc.com\/steel-fabrication-chicago-il\/\">con experiencia en la fabricaci\u00f3n de metal personalizado<\/a> en Chicago IL, echa un vistazo a SMF para todo el corte, plegado, conformado, <a href=\"https:\/\/smf-inc.com\/welding-service-chicago-il\/\">soldadura<\/a> y cualquier otro tipo de fabricaci\u00f3n de metal personalizado que pueda necesitar.<\/p>\n<h3>\u00bfExisten todas las formas de fabricaci\u00f3n de metales?<\/h3>\n<p>SMF se dedica a la fabricaci\u00f3n de metales. Nos encargamos de la fabricaci\u00f3n de metales, incluyendo soldadura, conformado, corte y mucho m\u00e1s. Cons\u00faltenos si necesita conocimientos especializados en acero al carbono, acero inoxidable, aluminio u otros metales. D\u00edganos qu\u00e9 aleaci\u00f3n y qu\u00e9 procesos necesita y nosotros haremos el resto.<\/p>\n<h3>\u00bfQu\u00e9 servicios de corte de metales ofrece SMS?<\/h3>\n<p>Ofrecemos muchas formas de corte de precisi\u00f3n de metales, incluido el <a href=\"https:\/\/smf-inc.com\/plasma-cutting-chicago-il\/\">corte por plasma<\/a>, el corte por l\u00e1ser y el corte por sierra. Para poder ofrecer un trabajo de la mejor calidad, hemos invertido en equipos de primera que proporcionan los resultados que busca. Ofrecemos los servicios de nuestro gran l\u00e1ser con una capacidad de corte de 54&#8242; de largo y 12&#8242; de pie. Un l\u00e1ser de este tama\u00f1o nos permite cortar piezas m\u00e1s grandes y mayores cantidades con menos configuraciones. Nuestros otros m\u00e9todos de corte ofrecen una comodidad y calidad similares. Por ejemplo, nuestra cortadora de plasma tiene una mesa de 13&#8242; por 23&#8242;. Nuestras sierras tienen hasta 20&#8243; de di\u00e1metro.<\/p>\n<h3>\u00bfPuede el SMF cumplir tolerancias estrictas?<\/h3>\n<p>Gracias a que contamos con una gran variedad de equipos de alta gama y un personal bien formado, podemos cumplir las tolerancias m\u00e1s estrictas al soldar, doblar, conformar y <a href=\"https:\/\/smf-inc.com\/mechanical-assembly-chicago-il\/\">ensamblar componentes y productos met\u00e1licos<\/a>.<\/p>\n<h3>\u00bfOfrece SMF servicios completos de soldadura?<\/h3>\n<p>Podemos encargarnos de cualquier servicio de soldadura que necesite. Nuestra l\u00ednea de soldadores robotizados realiza soldaduras rutinarias de forma eficaz y rentable. Nuestro equipo de soldadores profesionales bien formados puede realizar las soldaduras m\u00e1s exigentes, ya sean MIG, TIG o de cualquier otro tipo. Si necesita soldadura fuerte o blanda, tambi\u00e9n se las ofrecemos.<\/p>\n<h3>\u00bfTiene SMF experiencia en mi sector?<\/h3>\n<p>SMF tiene una amplia experiencia en una gran variedad de industrias, entre las que se incluyen:<\/p>\n<ul class=\"col-3\">\n<li>M\u00e9dico<\/li>\n<li>Industrial<\/li>\n<li>Generaci\u00f3n de energ\u00eda<\/li>\n<li>Energ\u00edas renovables<\/li>\n<li>Construcci\u00f3n<\/li>\n<li>Carril<\/li>\n<li>Miner\u00eda<\/li>\n<li>Bomba y compresor<\/li>\n<li>Automatizaci\u00f3n y rob\u00f3tica<\/li>\n<li>Petr\u00f3leo y gas<\/li>\n<li>Agricultura<\/li>\n<li>Aeroespacial<\/li>\n<\/ul>\n<h3>\u00bfCu\u00e1les son algunos de los servicios del metal que ofrece SMF?<\/h3>\n<p>SMF ofrece numerosos servicios de metalister\u00eda, entre los que se incluyen los siguientes:<\/p>\n<ul class=\"col-3\">\n<li>Mecanizado<\/li>\n<li>Corte por l\u00e1ser<\/li>\n<li>Formando<\/li>\n<li>Recubrimiento en polvo<\/li>\n<li>Montaje<\/li>\n<li>Corte con sierra<\/li>\n<li>Voladura<\/li>\n<\/ul>\n<h3>\u00bfQu\u00e9 aporta SMF a su calidad?<\/h3>\n<p>La historia del SMF se remonta a 1972. Por aquel entonces, \u00e9ramos una f\u00e1brica de metal, pero hemos crecido y nos hemos expandido espectacularmente. Ahora, ofrecemos <a href=\"https:\/\/smf-inc.com\/custom-metal-fabrication\/\">un servicio completo de fabricaci\u00f3n y mecanizado<\/a>. Nuestro total combinado de 240.000 pies cuadrados de espacio en las instalaciones nos da la capacidad que necesitamos para atender todas sus necesidades de fabricaci\u00f3n de metal a medida.<\/p>\n<h3>\u00bfEs SMF un proveedor de primer nivel para los fabricantes de equipos originales?<\/h3>\n<p>SMF tiene este honor gracias al cumplimiento constante de las normas de calidad exigidas por nuestros numerosos clientes de Fortune 500. Es un nivel de calidad que creemos que tambi\u00e9n merecen todos nuestros clientes, grandes y peque\u00f1os.<\/p>\n<div class=\"left-img\"><img loading=\"lazy\" decoding=\"async\" class=\"alignnone\" src=\"https:\/\/smf-inc.com\/wp-content\/uploads\/2024\/01\/worker-cutting-steel-rectangular-pipe-in-construction-site.jpg\" alt=\"Un trabajador corta metal en una f\u00e1brica. SMF ofrece fabricaci\u00f3n de metal a medida en Chicago IL.\" width=\"500\" height=\"350\" title=\"\"><\/div>\n<h3>Para la fabricaci\u00f3n de metal de primera calidad, llame a SMF hoy mismo.<\/h3>\n<p>Tenemos capacidad para atender a clientes de todo Estados Unidos, y ning\u00fan trabajo es demasiado grande o demasiado peque\u00f1o para nosotros. As\u00ed que para la fabricaci\u00f3n de metal personalizado en Chicago IL, llame SMF en <a href=\"tel:3094322586\">309-432-2586<\/a>.<\/p>\n","protected":false},"excerpt":{"rendered":"<p>SMF: El lugar para la fabricaci\u00f3n de metal a medida en Chicago IL Si usted necesita una empresa con experiencia en la fabricaci\u00f3n de metal personalizado en Chicago IL, echa un vistazo a SMF para todo el corte, plegado, conformado, soldadura y cualquier otro tipo de fabricaci\u00f3n de metal personalizado que pueda necesitar. \u00bfExisten todas &hellip; <a href=\"https:\/\/smf-inc.com\/es\/fabricacion-de-metales-chicago-il-2\/\" class=\"more-link\">Continue reading <span class=\"screen-reader-text\">Fabricaci\u00f3n de metales Chicago IL<\/span><\/a><\/p>\n","protected":false},"author":2,"featured_media":2004,"parent":0,"menu_order":0,"comment_status":"closed","ping_status":"closed","template":"","meta":{"_acf_changed":false,"inline_featured_image":false,"footnotes":""},"class_list":["post-2006","page","type-page","status-publish","has-post-thumbnail","hentry"],"acf":[],"_links":{"self":[{"href":"https:\/\/smf-inc.com\/es\/wp-json\/wp\/v2\/pages\/2006","targetHints":{"allow":["GET"]}}],"collection":[{"href":"https:\/\/smf-inc.com\/es\/wp-json\/wp\/v2\/pages"}],"about":[{"href":"https:\/\/smf-inc.com\/es\/wp-json\/wp\/v2\/types\/page"}],"author":[{"embeddable":true,"href":"https:\/\/smf-inc.com\/es\/wp-json\/wp\/v2\/users\/2"}],"replies":[{"embeddable":true,"href":"https:\/\/smf-inc.com\/es\/wp-json\/wp\/v2\/comments?post=2006"}],"version-history":[{"count":3,"href":"https:\/\/smf-inc.com\/es\/wp-json\/wp\/v2\/pages\/2006\/revisions"}],"predecessor-version":[{"id":2993,"href":"https:\/\/smf-inc.com\/es\/wp-json\/wp\/v2\/pages\/2006\/revisions\/2993"}],"wp:featuredmedia":[{"embeddable":true,"href":"https:\/\/smf-inc.com\/es\/wp-json\/wp\/v2\/media\/2004"}],"wp:attachment":[{"href":"https:\/\/smf-inc.com\/es\/wp-json\/wp\/v2\/media?parent=2006"}],"curies":[{"name":"wp","href":"https:\/\/api.w.org\/{rel}","templated":true}]}}