{"id":1996,"date":"2025-11-04T04:58:05","date_gmt":"2025-11-04T04:58:05","guid":{"rendered":"https:\/\/smf-inc.com\/fabricacion-de-metal-a-medida-illinois\/"},"modified":"2025-11-04T04:58:05","modified_gmt":"2025-11-04T04:58:05","slug":"fabricacion-de-metal-a-medida-illinois","status":"publish","type":"page","link":"https:\/\/smf-inc.com\/es\/fabricacion-de-metal-a-medida-illinois\/","title":{"rendered":"Fabricaci\u00f3n de metal a medida Illinois"},"content":{"rendered":"<h3>SMF: La fabricaci\u00f3n de metal a medida en la que conf\u00edan las empresas de Illinois<\/h3>\n<p>Si busca la fabricaci\u00f3n de metal a medida en la que conf\u00edan las empresas de Illinois, recurra a SMF. Podemos encargarnos del corte, plegado, conformado, soldadura y otros tipos de fabricaci\u00f3n met\u00e1lica a medida.<\/p>\n<h3>\u00bfQu\u00e9 tipo de fabricaci\u00f3n met\u00e1lica realiza SMF?<\/h3>\n<p>En SMF, estamos orgullosos de nuestros respetados servicios de fabricaci\u00f3n de metal. Creamos productos de acero y aluminio mediante <a href=\"https:\/\/smf-inc.com\/metal-fabrication\/\">procesos secundarios de fabricaci\u00f3n de<\/a> metales, como soldadura, conformado, corte y otros tipos de fabricaci\u00f3n met\u00e1lica. Si busca conocimientos especializados en acero al carbono, acero inoxidable, aluminio u otros metales, hable con nosotros. Podemos suministrarle piezas met\u00e1licas fabricadas con cualquier aleaci\u00f3n que necesite.<\/p>\n<h3>\u00bfC\u00f3mo corta SMS el metal?<\/h3>\n<p>SMS puede satisfacer sus necesidades de corte de precisi\u00f3n de metales mediante m\u00e9todos que incluyen el corte por plasma, el corte por l\u00e1ser y el corte por sierra, utilizando nuestros equipos de primera categor\u00eda elegidos para proporcionar resultados de alta calidad. Preg\u00fantenos por nuestro l\u00e1ser de gran tama\u00f1o con una capacidad de corte de 54&#8242; de largo y 12&#8242; de pie. El gran tama\u00f1o de este l\u00e1ser nos permite cortar piezas m\u00e1s grandes y mayores cantidades con menos configuraciones. Tambi\u00e9n ofrecemos una comodidad y calidad similares en otros m\u00e9todos de corte. Nuestra cortadora de plasma tiene una mesa de 13&#8242; por 23&#8242;. Adem\u00e1s, nuestras sierras alcanzan hasta 20&#8243; de di\u00e1metro.<\/p>\n<h3>\u00bfQu\u00e9 tipos de conformado de metales puede realizar SMF?<\/h3>\n<p>Disponemos de una variedad de equipos de alta gama que nos permiten cumplir tolerancias estrictas al soldar, doblar, conformar y ensamblar metal.<\/p>\n<h3>\u00bfQu\u00e9 m\u00e9todos de uni\u00f3n de metales existen?<\/h3>\n<p>SMF puede proporcionarle los servicios de soldadura que necesite, desde trabajos rutinarios robotizados hasta las soldaduras m\u00e1s exigentes realizadas por profesionales. Contamos con un equipo de soldadores experimentados que dominan diversos tipos de soldadura, como MIG y TIG. Tambi\u00e9n ofrecemos soldadura fuerte.<\/p>\n<h3>\u00bfCon qu\u00e9 sectores trabaja SMF?<\/h3>\n<p>Como taller metal\u00fargico integral desde hace mucho tiempo, tenemos experiencia en muchos sectores diferentes, entre los que se incluyen:<\/p>\n<ul class=\"col-3\">\n<li>Construcci\u00f3n<\/li>\n<li>Carril<\/li>\n<li>Miner\u00eda<\/li>\n<li>Bomba y compresor<\/li>\n<li>Automatizaci\u00f3n y rob\u00f3tica<\/li>\n<li>Petr\u00f3leo y gas<\/li>\n<li>Agricultura<\/li>\n<li>Aeroespacial<\/li>\n<li>M\u00e9dico<\/li>\n<li>Industrial<\/li>\n<li>Generaci\u00f3n de energ\u00eda<\/li>\n<li>Energ\u00edas renovables<\/li>\n<\/ul>\n<h3>\u00bfQu\u00e9 servicios relacionados con el metal se ofrecen?<\/h3>\n<p>Entre los servicios de carpinter\u00eda met\u00e1lica que prestan nuestros experimentados profesionales se incluyen los siguientes:<\/p>\n<ul class=\"col-3\">\n<li>Mecanizado<\/li>\n<li><a href=\"https:\/\/smf-inc.com\/welding-service-illinois\/\">Soldadura<\/a><\/li>\n<li>Corte por l\u00e1ser<\/li>\n<li>Formando<\/li>\n<li>Recubrimiento en polvo<\/li>\n<li>Montaje<\/li>\n<li>Corte con sierra<\/li>\n<li>Voladura<\/li>\n<\/ul>\n<h3>\u00bfPor qu\u00e9 elegir SMF en lugar de otros talleres metal\u00fargicos?<\/h3>\n<p>Nuestra historia se remonta a 1972, cuando \u00e9ramos una f\u00e1brica de metal. Hemos crecido y nos hemos expandido, y ahora ofrecemos<a href=\"https:\/\/smf-inc.com\/steel-fabrication-illinois\/\"> servicios completos de fabricaci\u00f3n y mecanizado<\/a>. Nuestras instalaciones suman un total de 240.000 pies cuadrados, lo que significa que tenemos capacidad para atender todas sus necesidades de metal. Y nuestra condici\u00f3n de proveedor de primer nivel para fabricantes de equipos originales demuestra nuestra capacidad para cumplir las normas de calidad exigidas por nuestros numerosos clientes de Fortune 500. Es un nivel de calidad que prometemos a todos nuestros clientes.<\/p>\n<div class=\"left-img\"><img loading=\"lazy\" decoding=\"async\" class=\"alignnone\" src=\"https:\/\/smf-inc.com\/wp-content\/uploads\/2024\/01\/metal-worker-with-cutting-torch-in-monument-valley-utah.jpg\" alt=\"Un trabajador del metal en una f\u00e1brica. SMF fabrica metal a medida en Illinois.\" width=\"500\" height=\"350\" title=\"\"><\/div>\n<h3>Llame a SMF para obtener la mejor fabricaci\u00f3n de metal.<\/h3>\n<p>Para fabricaci\u00f3n de metal a medida en Illinois, llame a SMF al <a href=\"tel:3094322586\">309-432-2586<\/a>. Tenemos capacidad para atender a clientes de todo Estados Unidos, y ning\u00fan trabajo es demasiado grande o demasiado peque\u00f1o para nosotros.<\/p>\n","protected":false},"excerpt":{"rendered":"<p>SMF: La fabricaci\u00f3n de metal a medida en la que conf\u00edan las empresas de Illinois Si busca la fabricaci\u00f3n de metal a medida en la que conf\u00edan las empresas de Illinois, recurra a SMF. Podemos encargarnos del corte, plegado, conformado, soldadura y otros tipos de fabricaci\u00f3n met\u00e1lica a medida. \u00bfQu\u00e9 tipo de fabricaci\u00f3n met\u00e1lica realiza &hellip; <a href=\"https:\/\/smf-inc.com\/es\/fabricacion-de-metal-a-medida-illinois\/\" class=\"more-link\">Continue reading <span class=\"screen-reader-text\">Fabricaci\u00f3n de metal a medida Illinois<\/span><\/a><\/p>\n","protected":false},"author":2,"featured_media":1994,"parent":0,"menu_order":0,"comment_status":"closed","ping_status":"closed","template":"","meta":{"_acf_changed":false,"inline_featured_image":false,"footnotes":""},"class_list":["post-1996","page","type-page","status-publish","has-post-thumbnail","hentry"],"acf":[],"_links":{"self":[{"href":"https:\/\/smf-inc.com\/es\/wp-json\/wp\/v2\/pages\/1996","targetHints":{"allow":["GET"]}}],"collection":[{"href":"https:\/\/smf-inc.com\/es\/wp-json\/wp\/v2\/pages"}],"about":[{"href":"https:\/\/smf-inc.com\/es\/wp-json\/wp\/v2\/types\/page"}],"author":[{"embeddable":true,"href":"https:\/\/smf-inc.com\/es\/wp-json\/wp\/v2\/users\/2"}],"replies":[{"embeddable":true,"href":"https:\/\/smf-inc.com\/es\/wp-json\/wp\/v2\/comments?post=1996"}],"version-history":[{"count":4,"href":"https:\/\/smf-inc.com\/es\/wp-json\/wp\/v2\/pages\/1996\/revisions"}],"predecessor-version":[{"id":2995,"href":"https:\/\/smf-inc.com\/es\/wp-json\/wp\/v2\/pages\/1996\/revisions\/2995"}],"wp:featuredmedia":[{"embeddable":true,"href":"https:\/\/smf-inc.com\/es\/wp-json\/wp\/v2\/media\/1994"}],"wp:attachment":[{"href":"https:\/\/smf-inc.com\/es\/wp-json\/wp\/v2\/media?parent=1996"}],"curies":[{"name":"wp","href":"https:\/\/api.w.org\/{rel}","templated":true}]}}