{"id":1950,"date":"2025-11-04T04:58:13","date_gmt":"2025-11-04T04:58:13","guid":{"rendered":"https:\/\/smf-inc.com\/fabricacion-de-acero-illinois\/"},"modified":"2025-11-04T04:58:13","modified_gmt":"2025-11-04T04:58:13","slug":"fabricacion-de-acero-illinois","status":"publish","type":"page","link":"https:\/\/smf-inc.com\/es\/fabricacion-de-acero-illinois\/","title":{"rendered":"Fabricaci\u00f3n de acero Illinois"},"content":{"rendered":"<h3>SMF: Fideicomiso de empresas de fabricaci\u00f3n de acero de Illinois<\/h3>\n<p>Cuando las empresas necesitan cosas como corte, plegado, conformado, soldadura y otros tipos de fabricaci\u00f3n de acero en Illinois, recurren a los experimentados fabricantes de acero de SMF.<\/p>\n<h3>\u00bfQu\u00e9 tipo de fabricaci\u00f3n de acero realiza SMF?<\/h3>\n<p>En SMF, estamos orgullosos de nuestra fabricaci\u00f3n de acero de alta calidad. Creamos productos de acero mediante procesos secundarios de fabricaci\u00f3n de metales, como <a href=\"https:\/\/smf-inc.com\/welding-service-illinois\/\">soldadura<\/a>, conformado, corte y otros tipos de fabricaci\u00f3n de acero.<\/p>\n<h3>\u00bfOfrece SMS m\u00faltiples m\u00e9todos de corte de metales?<\/h3>\n<p>Ofrecemos corte de metal de precisi\u00f3n utilizando m\u00e9todos que incluyen <a href=\"https:\/\/smf-inc.com\/plasma-cutting-illinois\/\">corte por plasma<\/a>, corte por l\u00e1ser y corte por sierra. Hemos invertido en equipos de primera para mejorar el procesamiento. Disponemos de un l\u00e1ser con una capacidad de corte de 54&#8242; de largo y 12&#8242; de pie, lo que nos permite cortar piezas m\u00e1s grandes y mayores cantidades con menos configuraciones. Tambi\u00e9n ofrecemos comodidad en otros m\u00e9todos de corte. Nuestras capacidades de corte por plasma son de hasta 13&#8242; por 23&#8242; y nuestras sierras llegan hasta 20&#8243; de di\u00e1metro.<\/p>\n<h3>\u00bfQu\u00e9 m\u00e9todos de conformado de metales ofrece SMF?<\/h3>\n<p>Podemos soldar, doblar, conformar y ensamblar componentes de acero seg\u00fan sus especificaciones exactas.<\/p>\n<h3>\u00bfQu\u00e9 m\u00e9todos de uni\u00f3n de metales utiliza SMF?<\/h3>\n<p>Nuestro equipo de soldadores expertos domina las t\u00e9cnicas MIG, TIG y otros tipos de soldadura, adem\u00e1s de la soldadura fuerte. Tambi\u00e9n disponemos de una l\u00ednea completa de soldadoras robotizadas. Podemos encargarnos de cualquier servicio de soldadura que necesite.<\/p>\n<h3>\u00bfTiene SMF experiencia en mi sector?<\/h3>\n<p>Somos un experimentado proveedor integral de metal que trabaja habitualmente con diversos sectores. Entre ellos se encuentran:<\/p>\n<ul class=\"col-3\">\n<li>Petr\u00f3leo y gas<\/li>\n<li>Agricultura<\/li>\n<li>Aeroespacial<\/li>\n<li>M\u00e9dico<\/li>\n<li>Industrial<\/li>\n<li>Generaci\u00f3n de energ\u00eda<\/li>\n<li>Energ\u00edas renovables<\/li>\n<li>Construcci\u00f3n<\/li>\n<li>Carril<\/li>\n<li>Miner\u00eda<\/li>\n<li>Bomba y compresor<\/li>\n<li>Automatizaci\u00f3n y rob\u00f3tica<\/li>\n<\/ul>\n<h3>\u00bfOfrece SMF servicios relacionados con el metal?<\/h3>\n<p>Con nuestra completa gama de capacidades de fabricaci\u00f3n y mecanizado, somos realmente un taller de metal de ventanilla \u00fanica. Algunos de nuestros otros tipos de servicios de carpinter\u00eda met\u00e1lica que ofrecen nuestros experimentados profesionales incluyen:<\/p>\n<ul class=\"col-3\">\n<li>Formando<\/li>\n<li>Recubrimiento en polvo<\/li>\n<li>Montaje<\/li>\n<li>Corte con sierra<\/li>\n<li>Voladura<\/li>\n<li>Mecanizado<\/li>\n<li>Corte por l\u00e1ser<\/li>\n<\/ul>\n<h3>\u00bfQu\u00e9 hace especial al SMF?<\/h3>\n<p>Empezamos en 1972 como f\u00e1brica de metal. Con los a\u00f1os, crecimos y ahora somos una empresa de fabricaci\u00f3n y mecanizado de servicio completo con un total combinado de 240.000 pies cuadrados de espacio en las instalaciones. Como proveedor de primer nivel de fabricantes de equipos originales, cumplimos sistem\u00e1ticamente las normas de calidad exigidas por nuestros numerosos clientes de la lista Fortune 500, un nivel de calidad que ofrecemos a todos nuestros clientes.<\/p>\n<div class=\"left-img\"><img decoding=\"async\" src=\"https:\/\/smf-inc.com\/wp-content\/uploads\/2023\/11\/metal-welding-specialist-engineering-welder-working-in-metal.jpg\" alt=\"Fabricaci\u00f3n de acero Illinois\" title=\"\"><\/div>\n<h3>\u00bfEst\u00e1 preparado para una fabricaci\u00f3n de acero de primera clase?<\/h3>\n<p>Si busca un socio que pueda proporcionarle <a href=\"https:\/\/smf-inc.com\/metal-fabricators-illinois\/\">fabricaci\u00f3n de acero de alta calidad en Illinois<\/a>, as\u00ed como nuestros otros servicios de fabricaci\u00f3n y mecanizado, ll\u00e1menos al <a href=\"tel:3094322586\">309-432-2586<\/a>. Tenemos capacidad para atender a clientes de todo Estados Unidos, y ning\u00fan trabajo es demasiado grande o demasiado peque\u00f1o para nosotros.<\/p>\n","protected":false},"excerpt":{"rendered":"<p>SMF: Fideicomiso de empresas de fabricaci\u00f3n de acero de Illinois Cuando las empresas necesitan cosas como corte, plegado, conformado, soldadura y otros tipos de fabricaci\u00f3n de acero en Illinois, recurren a los experimentados fabricantes de acero de SMF. \u00bfQu\u00e9 tipo de fabricaci\u00f3n de acero realiza SMF? En SMF, estamos orgullosos de nuestra fabricaci\u00f3n de acero &hellip; <a href=\"https:\/\/smf-inc.com\/es\/fabricacion-de-acero-illinois\/\" class=\"more-link\">Continue reading <span class=\"screen-reader-text\">Fabricaci\u00f3n de acero Illinois<\/span><\/a><\/p>\n","protected":false},"author":2,"featured_media":1863,"parent":0,"menu_order":0,"comment_status":"closed","ping_status":"closed","template":"","meta":{"_acf_changed":false,"inline_featured_image":false,"footnotes":""},"class_list":["post-1950","page","type-page","status-publish","has-post-thumbnail","hentry"],"acf":[],"_links":{"self":[{"href":"https:\/\/smf-inc.com\/es\/wp-json\/wp\/v2\/pages\/1950","targetHints":{"allow":["GET"]}}],"collection":[{"href":"https:\/\/smf-inc.com\/es\/wp-json\/wp\/v2\/pages"}],"about":[{"href":"https:\/\/smf-inc.com\/es\/wp-json\/wp\/v2\/types\/page"}],"author":[{"embeddable":true,"href":"https:\/\/smf-inc.com\/es\/wp-json\/wp\/v2\/users\/2"}],"replies":[{"embeddable":true,"href":"https:\/\/smf-inc.com\/es\/wp-json\/wp\/v2\/comments?post=1950"}],"version-history":[{"count":2,"href":"https:\/\/smf-inc.com\/es\/wp-json\/wp\/v2\/pages\/1950\/revisions"}],"predecessor-version":[{"id":2975,"href":"https:\/\/smf-inc.com\/es\/wp-json\/wp\/v2\/pages\/1950\/revisions\/2975"}],"wp:featuredmedia":[{"embeddable":true,"href":"https:\/\/smf-inc.com\/es\/wp-json\/wp\/v2\/media\/1863"}],"wp:attachment":[{"href":"https:\/\/smf-inc.com\/es\/wp-json\/wp\/v2\/media?parent=1950"}],"curies":[{"name":"wp","href":"https:\/\/api.w.org\/{rel}","templated":true}]}}