{"id":1949,"date":"2025-11-04T04:58:16","date_gmt":"2025-11-04T04:58:16","guid":{"rendered":"https:\/\/smf-inc.com\/fabricacion-de-acero-peoria-il\/"},"modified":"2025-11-04T04:58:16","modified_gmt":"2025-11-04T04:58:16","slug":"fabricacion-de-acero-peoria-il","status":"publish","type":"page","link":"https:\/\/smf-inc.com\/es\/fabricacion-de-acero-peoria-il\/","title":{"rendered":"Fabricaci\u00f3n de acero Peoria IL"},"content":{"rendered":"<h3>SMF es la fabricaci\u00f3n de acero Peoria IL prefiere<\/h3>\n<p>Si se trata de cortar, doblar, formar, soldar o cualquier otro tipo de fabricaci\u00f3n de acero en Peoria IL que necesita, la elecci\u00f3n es simple: A su vez a los fabricantes de acero con experiencia en SMF.<\/p>\n<h3>\u00bfTiene SMF experiencia en la fabricaci\u00f3n de acero?<\/h3>\n<p>La fabricaci\u00f3n de acero es el coraz\u00f3n de SMF, y estamos muy orgullosos de la calidad de nuestro trabajo. SMF crea productos de acero mediante diversos procesos de fabricaci\u00f3n de metales secundarios. Por ejemplo, soldadura, conformado y corte. Estaremos encantados de hablar con usted sobre sus necesidades concretas y lo que podemos ofrecerle. Ll\u00e1menos al 309-432-2586.<\/p>\n<h3>\u00bfCu\u00e1ntas opciones de corte de metal se ofrecen?<\/h3>\n<p>SMS cuenta con el personal, el equipo y la experiencia necesarios para ofrecer un corte de precisi\u00f3n de metales mediante m\u00e9todos que incluyen el corte por plasma, el corte por l\u00e1ser y el corte por sierra. Nuestros equipos de primera categor\u00eda nos permiten ofrecer un servicio mejor y m\u00e1s r\u00e1pido. Nuestro l\u00e1ser tiene una capacidad de corte de 54&#8242; de largo y 12&#8242; de pie, lo que nos permite cortar piezas m\u00e1s grandes y cantidades m\u00e1s elevadas con menos configuraciones, lo que proporciona la m\u00e1xima eficiencia. Otros m\u00e9todos de corte incluyen el corte por plasma, para el que nuestras capacidades alcanzan hasta 13&#8242; por 23&#8242;, y el corte por sierra, para el que nuestras capacidades alcanzan hasta 20&#8243; de di\u00e1metro.<\/p>\n<h3>\u00bfQu\u00e9 tipos de conformado de metales existen?<\/h3>\n<p>Podemos proporcionarle casi cualquier tipo de conformado met\u00e1lico que pueda imaginar. Soldamos, curvamos, conformamos y ensamblamos componentes de acero seg\u00fan sus especificaciones exactas. H\u00e1blenos de los procesos que necesita.<\/p>\n<h3>\u00bfPuede SMF proporcionar una variedad de t\u00e9cnicas de uni\u00f3n de metales?<\/h3>\n<p>SMF cuenta con un <a href=\"https:\/\/smf-inc.com\/welding-service-peoria-il\/\">equipo de soldadores<\/a> expertos en MIG, TIG y otros tipos de soldadura. Adem\u00e1s, ofrecemos soldadura fuerte. Si la soldadura robotizada es lo que mejor se adapta a sus necesidades, tambi\u00e9n disponemos del equipo necesario. De hecho, SMF puede proporcionarle casi cualquier servicio de soldadura que pueda imaginar.<\/p>\n<h3>\u00bfQu\u00e9 experiencia tiene SMF en mi sector?<\/h3>\n<p>Trabajamos habitualmente con distintos sectores. Algunas de ellas son:<\/p>\n<ul class=\"col-3\">\n<li>Construcci\u00f3n<\/li>\n<li>Carril<\/li>\n<li>Miner\u00eda<\/li>\n<li>Bomba y compresor<\/li>\n<li>Automatizaci\u00f3n y rob\u00f3tica<\/li>\n<li>Petr\u00f3leo y gas<\/li>\n<li>Agricultura<\/li>\n<li>Aeroespacial<\/li>\n<li>M\u00e9dico<\/li>\n<li>Industrial<\/li>\n<li>Generaci\u00f3n de energ\u00eda<\/li>\n<li>Energ\u00edas renovables<\/li>\n<\/ul>\n<h3>\u00bfQu\u00e9 servicios relacionados con el metal ofrece SMF?<\/h3>\n<p>Gracias a nuestro equipo experimentado y profesional y a nuestro equipamiento de primera categor\u00eda, somos un taller de metalister\u00eda integral que puede ofrecer multitud de servicios de fabricaci\u00f3n y mecanizado. Algunos de los servicios de metalister\u00eda que ofrecemos son:<\/p>\n<ul class=\"col-3\">\n<li>Corte con sierra<\/li>\n<li>Voladura<\/li>\n<li><a href=\"https:\/\/smf-inc.com\/precision-machining-peoria-il\/\">Mecanizado<\/a><\/li>\n<li>Corte por l\u00e1ser<\/li>\n<li>Formando<\/li>\n<li>Recubrimiento en polvo<\/li>\n<li>Montaje<\/li>\n<\/ul>\n<h3>\u00bfPor qu\u00e9 SMF es la mejor opci\u00f3n?<\/h3>\n<p>Nuestra experiencia y nuestros conocimientos nos distinguen. SMF comenz\u00f3 su andadura en 1972 como planta de fabricaci\u00f3n de metales. Desde entonces, hemos crecido y ahora somos una empresa de servicios completos de fabricaci\u00f3n y mecanizado con un total combinado de 240.000 pies cuadrados de instalaciones. Somos proveedores de primer nivel de fabricantes de equipos originales, lo que significa que cumplimos sistem\u00e1ticamente las normas de calidad exigidas por nuestros numerosos clientes de la lista Fortune 500. Pero tanto si acude a nosotros con un trabajo grande como peque\u00f1o, puede esperar el mismo nivel de calidad que ofrecemos a nuestros clientes m\u00e1s exigentes.<\/p>\n<div class=\"left-img\"><img loading=\"lazy\" decoding=\"async\" class=\"alignnone\" src=\"https:\/\/smf-inc.com\/wp-content\/uploads\/2023\/11\/closeup-of-a-lot-of-steel-pipes.jpg\" alt=\"Tuber\u00eda de acero se ve. SMF ofrece fabricaci\u00f3n de acero en Peoria IL\" width=\"500\" height=\"350\" title=\"\"><\/div>\n<h3>Es hora de llamarnos para obtener la mejor fabricaci\u00f3n de acero.<\/h3>\n<p>Si necesita un socio para llevar a cabo la fabricaci\u00f3n de acero de alta calidad en Peoria IL, as\u00ed como nuestros otros servicios de fabricaci\u00f3n y mecanizado, ll\u00e1menos al <a href=\"tel:3094322586\">309-432-2586<\/a>. Prestamos servicios a clientes de todo Estados Unidos.<\/p>\n","protected":false},"excerpt":{"rendered":"<p>SMF es la fabricaci\u00f3n de acero Peoria IL prefiere Si se trata de cortar, doblar, formar, soldar o cualquier otro tipo de fabricaci\u00f3n de acero en Peoria IL que necesita, la elecci\u00f3n es simple: A su vez a los fabricantes de acero con experiencia en SMF. \u00bfTiene SMF experiencia en la fabricaci\u00f3n de acero? La &hellip; <a href=\"https:\/\/smf-inc.com\/es\/fabricacion-de-acero-peoria-il\/\" class=\"more-link\">Continue reading <span class=\"screen-reader-text\">Fabricaci\u00f3n de acero Peoria IL<\/span><\/a><\/p>\n","protected":false},"author":2,"featured_media":1877,"parent":0,"menu_order":0,"comment_status":"closed","ping_status":"closed","template":"","meta":{"_acf_changed":false,"inline_featured_image":false,"footnotes":""},"class_list":["post-1949","page","type-page","status-publish","has-post-thumbnail","hentry"],"acf":[],"_links":{"self":[{"href":"https:\/\/smf-inc.com\/es\/wp-json\/wp\/v2\/pages\/1949","targetHints":{"allow":["GET"]}}],"collection":[{"href":"https:\/\/smf-inc.com\/es\/wp-json\/wp\/v2\/pages"}],"about":[{"href":"https:\/\/smf-inc.com\/es\/wp-json\/wp\/v2\/types\/page"}],"author":[{"embeddable":true,"href":"https:\/\/smf-inc.com\/es\/wp-json\/wp\/v2\/users\/2"}],"replies":[{"embeddable":true,"href":"https:\/\/smf-inc.com\/es\/wp-json\/wp\/v2\/comments?post=1949"}],"version-history":[{"count":2,"href":"https:\/\/smf-inc.com\/es\/wp-json\/wp\/v2\/pages\/1949\/revisions"}],"predecessor-version":[{"id":2969,"href":"https:\/\/smf-inc.com\/es\/wp-json\/wp\/v2\/pages\/1949\/revisions\/2969"}],"wp:featuredmedia":[{"embeddable":true,"href":"https:\/\/smf-inc.com\/es\/wp-json\/wp\/v2\/media\/1877"}],"wp:attachment":[{"href":"https:\/\/smf-inc.com\/es\/wp-json\/wp\/v2\/media?parent=1949"}],"curies":[{"name":"wp","href":"https:\/\/api.w.org\/{rel}","templated":true}]}}