{"id":1941,"date":"2025-11-04T04:58:14","date_gmt":"2025-11-04T04:58:14","guid":{"rendered":"https:\/\/smf-inc.com\/fabricacion-de-acero-springfield-il\/"},"modified":"2025-11-04T04:58:14","modified_gmt":"2025-11-04T04:58:14","slug":"fabricacion-de-acero-springfield-il","status":"publish","type":"page","link":"https:\/\/smf-inc.com\/es\/fabricacion-de-acero-springfield-il\/","title":{"rendered":"Fabricaci\u00f3n de acero Springfield IL"},"content":{"rendered":"<h3>Llame a SMF, la fabricaci\u00f3n de acero que prefieren las empresas de Springfield IL<\/h3>\n<p>Cuando usted necesita una empresa de alta calidad y confiable para manejar su corte, plegado, conformado, soldadura y otros tipos de fabricaci\u00f3n de acero en Springfield IL, SMF es la empresa a llamar.<\/p>\n<h3>\u00bfOfrece SMF servicios de fabricaci\u00f3n de acero de alta calidad?<\/h3>\n<p>En SMF, estamos muy orgullosos de nuestra fabricaci\u00f3n de acero de alta calidad. Creamos productos de acero mediante m\u00faltiples procesos secundarios de fabricaci\u00f3n de metales, como <a href=\"https:\/\/smf-inc.com\/welding-service-illinois\/\">soldadura<\/a>, conformado, corte y otros tipos de fabricaci\u00f3n de acero.<\/p>\n<h3>\u00bfQu\u00e9 m\u00e9todos de corte de metales existen?<\/h3>\n<p>Ofrecemos varios m\u00e9todos para cortar metal: corte por plasma, corte por l\u00e1ser y corte por sierra. Para ofrecer cortes mejores y m\u00e1s eficaces, hemos invertido en equipos de primera categor\u00eda. Nuestro <a href=\"https:\/\/smf-inc.com\/laser-cutting-springfield-il\/\">l\u00e1ser m\u00e1s grande ofrece una capacidad de corte<\/a> de 54&#8242; de largo y 12&#8242; de pie, lo que nos permite cortar piezas m\u00e1s grandes y cantidades m\u00e1s elevadas con menos configuraciones, aumentando la eficiencia.Nuestras capacidades de corte por plasma son de hasta 13&#8242; por 23&#8242; y nuestras sierras llegan a 20&#8243; de di\u00e1metro.<\/p>\n<h3>\u00bfOfrece SMF una variedad de servicios de conformado de metales?<\/h3>\n<p>Estamos muy orgullosos de nuestra capacidad para realizar cualquier tipo de trabajo en metal que cualquier cliente pueda imaginar. Soldamos, curvamos,<a href=\"https:\/\/smf-inc.com\/custom-metal-fabrication\/\">conformamos y ensamblamos componentes de acero seg\u00fan sus especificaciones exactas<\/a>.<\/p>\n<h3>\u00bfQu\u00e9 tipos de soldadura ofrece SMF?<\/h3>\n<p>Contamos con un equipo de soldadores certificados y con talento, expertos en MIG, TIG y otros tipos de soldadura. Adem\u00e1s, ofrecemos soldadura fuerte. Si la soldadura robotizada es la mejor opci\u00f3n para su trabajo, tambi\u00e9n se la ofrecemos, con una l\u00ednea completa de soldadores robotizados. Cons\u00faltenos qu\u00e9 servicios de soldadura necesita.<\/p>\n<h3>\u00bfQu\u00e9 experiencia tiene SMF en mi sector?<\/h3>\n<p>Trabajamos habitualmente con una gran variedad de industrias. Una selecci\u00f3n de ellos incluye:<\/p>\n<ul>\n<li>Miner\u00eda<\/li>\n<li>Bomba y compresor<\/li>\n<li>Automatizaci\u00f3n y rob\u00f3tica<\/li>\n<li>Petr\u00f3leo y gas<\/li>\n<li>Agricultura<\/li>\n<li>Aeroespacial<\/li>\n<li>M\u00e9dico<\/li>\n<li>Industrial<\/li>\n<li>Generaci\u00f3n de energ\u00eda<\/li>\n<li>Energ\u00edas renovables<\/li>\n<li>Construcci\u00f3n<\/li>\n<li>Carril<\/li>\n<\/ul>\n<h3>\u00bfQu\u00e9 servicios relacionados con el metal presta SMF?<\/h3>\n<p>Somos una aut\u00e9ntica tienda integral del metal. Con nuestra completa gama de capacidades de fabricaci\u00f3n y mecanizado, podemos trabajar con usted en cualquier proyecto. Algunos de los otros tipos de servicios de metalister\u00eda que ofrecemos incluyen:<\/p>\n<ul>\n<li>Mecanizado<\/li>\n<li>Corte por l\u00e1ser<\/li>\n<li>Formando<\/li>\n<li>Recubrimiento en polvo<\/li>\n<li>Montaje<\/li>\n<li>Corte con sierra<\/li>\n<li>Voladura<\/li>\n<\/ul>\n<h3>\u00bfPor qu\u00e9 elegir SMF?<\/h3>\n<p>Comenzamos en 1972 como una planta de fabricaci\u00f3n de metal en Minonk, IL. Con los a\u00f1os, nos fuimos expandiendo. Ahora somos una empresa de servicios completos de fabricaci\u00f3n y mecanizado con un total de 240.000 pies cuadrados de instalaciones. Tambi\u00e9n somos proveedores de primer nivel de fabricantes de equipos originales, lo que significa que podemos cumplir las normas de calidad exigidas por nuestros numerosos clientes de la lista Fortune 500. Independientemente del tama\u00f1o de su empresa o del tipo de trabajo que necesite realizar, puede esperar el mismo nivel de servicio y calidad.<\/p>\n<div class=\"left-img\"><img loading=\"lazy\" decoding=\"async\" class=\"alignnone\" src=\"https:\/\/smf-inc.com\/wp-content\/uploads\/2023\/11\/a-male-worker-is-controlling-a-welding-robot-by-using-forcing-welding-with-a-control-screen.jpg\" alt=\"Una f\u00e1brica se ve en el trabajo. SMF ofrece fabricaci\u00f3n de acero en Springfield IL.\" width=\"500\" height=\"350\" title=\"\"><\/div>\n<h3>\u00bfEst\u00e1 preparado para trabajar con una empresa de fabricaci\u00f3n de acero de primera categor\u00eda?<\/h3>\n<p>Si usted est\u00e1 buscando una empresa que le puede proporcionar la fabricaci\u00f3n de acero de alta calidad en Springfield IL, o cualquiera de nuestros otros servicios de fabricaci\u00f3n y mecanizado, ll\u00e1menos al <a href=\"tel:3094322586\">309-432-2586<\/a>. Prestamos servicios a clientes de todo Estados Unidos. Ning\u00fan trabajo es demasiado grande o demasiado peque\u00f1o para nosotros.<\/p>\n","protected":false},"excerpt":{"rendered":"<p>Llame a SMF, la fabricaci\u00f3n de acero que prefieren las empresas de Springfield IL Cuando usted necesita una empresa de alta calidad y confiable para manejar su corte, plegado, conformado, soldadura y otros tipos de fabricaci\u00f3n de acero en Springfield IL, SMF es la empresa a llamar. \u00bfOfrece SMF servicios de fabricaci\u00f3n de acero de &hellip; <a href=\"https:\/\/smf-inc.com\/es\/fabricacion-de-acero-springfield-il\/\" class=\"more-link\">Continue reading <span class=\"screen-reader-text\">Fabricaci\u00f3n de acero Springfield IL<\/span><\/a><\/p>\n","protected":false},"author":2,"featured_media":1884,"parent":0,"menu_order":0,"comment_status":"closed","ping_status":"closed","template":"","meta":{"_acf_changed":false,"inline_featured_image":false,"footnotes":""},"class_list":["post-1941","page","type-page","status-publish","has-post-thumbnail","hentry"],"acf":[],"_links":{"self":[{"href":"https:\/\/smf-inc.com\/es\/wp-json\/wp\/v2\/pages\/1941","targetHints":{"allow":["GET"]}}],"collection":[{"href":"https:\/\/smf-inc.com\/es\/wp-json\/wp\/v2\/pages"}],"about":[{"href":"https:\/\/smf-inc.com\/es\/wp-json\/wp\/v2\/types\/page"}],"author":[{"embeddable":true,"href":"https:\/\/smf-inc.com\/es\/wp-json\/wp\/v2\/users\/2"}],"replies":[{"embeddable":true,"href":"https:\/\/smf-inc.com\/es\/wp-json\/wp\/v2\/comments?post=1941"}],"version-history":[{"count":2,"href":"https:\/\/smf-inc.com\/es\/wp-json\/wp\/v2\/pages\/1941\/revisions"}],"predecessor-version":[{"id":2970,"href":"https:\/\/smf-inc.com\/es\/wp-json\/wp\/v2\/pages\/1941\/revisions\/2970"}],"wp:featuredmedia":[{"embeddable":true,"href":"https:\/\/smf-inc.com\/es\/wp-json\/wp\/v2\/media\/1884"}],"wp:attachment":[{"href":"https:\/\/smf-inc.com\/es\/wp-json\/wp\/v2\/media?parent=1941"}],"curies":[{"name":"wp","href":"https:\/\/api.w.org\/{rel}","templated":true}]}}