{"id":1938,"date":"2025-11-04T04:58:14","date_gmt":"2025-11-04T04:58:14","guid":{"rendered":"https:\/\/smf-inc.com\/fabricacion-de-acero-chicago-il\/"},"modified":"2025-11-04T04:58:14","modified_gmt":"2025-11-04T04:58:14","slug":"fabricacion-de-acero-chicago-il","status":"publish","type":"page","link":"https:\/\/smf-inc.com\/es\/fabricacion-de-acero-chicago-il\/","title":{"rendered":"Fabricaci\u00f3n de acero Chicago IL"},"content":{"rendered":"<h3>SMF es la empresa de fabricaci\u00f3n de acero a la que recurren las empresas de Chicago IL<\/h3>\n<p>Cuando se trata de la fabricaci\u00f3n de acero en Chicago IL, las empresas que necesitan cosas como la soldadura, corte, plegado, conformado y otros tipos de fabricaci\u00f3n de acero a su vez a los <a href=\"https:\/\/smf-inc.com\/metal-fabrication-illinois\/\">fabricantes de acero con experiencia<\/a> en SMF.<\/p>\n<h3>\u00bfManeja SMF todo tipo de fabricaci\u00f3n de acero?<\/h3>\n<p>Estamos orgullosos de ofrecer muchos tipos diferentes de fabricaci\u00f3n de acero de alta calidad. Creamos productos de acero mediante procesos secundarios de fabricaci\u00f3n de metales, como soldadura, conformado, corte y otros tipos de fabricaci\u00f3n de acero.<\/p>\n<h3>\u00bfQu\u00e9 tipo de equipos de corte de metal utiliza SMF?<\/h3>\n<p>En SMF, ofrecemos varios tipos de corte de precisi\u00f3n de metales, incluido <a href=\"https:\/\/smf-inc.com\/capabilities\/saw-cutting\/\">el corte por sierra<\/a>, el <a href=\"https:\/\/smf-inc.com\/plasma-cutting-chicago-il\/\">corte por plasma<\/a> y el corte por l\u00e1ser. Nuestros equipos de alta gama nos permiten ofrecer los mejores resultados posibles. Nuestro l\u00e1ser tiene una capacidad de corte de 54&#8242; de largo y 12&#8242; de pie, lo que nos permite cortar piezas m\u00e1s grandes y mayores cantidades con menos configuraciones. Adem\u00e1s, nuestras capacidades de corte por plasma llegan hasta 13&#8242; por 23&#8242; y nuestras sierras tienen un di\u00e1metro de hasta 20&#8243;.<\/p>\n<h3>\u00bfOfrece SMF tipos est\u00e1ndar de conformado de metales?<\/h3>\n<p>Podemos realizar casi cualquier tipo de fabricaci\u00f3n de acero que pueda imaginar. Doblamos, conformamos y ensamblamos componentes de acero seg\u00fan sus especificaciones exactas. Cons\u00faltenos sus necesidades de fabricaci\u00f3n.<\/p>\n<h3>\u00bfOfrece SMF soldadura y otros m\u00e9todos de uni\u00f3n de metales?<\/h3>\n<p>Contamos con un equipo de soldadores certificados expertos en MIG, TIG y otros tipos de soldadura, adem\u00e1s de soldadura fuerte. Adem\u00e1s, nuestra completa l\u00ednea de soldadores robotizados nos permite realizar cualquier servicio de soldadura que necesite.<\/p>\n<h3>\u00bfEn qu\u00e9 sectores tiene experiencia SMF?<\/h3>\n<p>Trabajamos habitualmente con una amplia variedad de industrias de todo el pa\u00eds. Algunos de los sectores con los que trabajamos habitualmente son:<\/p>\n<ul class=\"col-3\">\n<li>Energ\u00edas renovables<\/li>\n<li>Construcci\u00f3n<\/li>\n<li>Carril<\/li>\n<li>Miner\u00eda<\/li>\n<li>Bomba y compresor<\/li>\n<li>Automatizaci\u00f3n y rob\u00f3tica<\/li>\n<li>Petr\u00f3leo y gas<\/li>\n<li>Agricultura<\/li>\n<li>Aeroespacial<\/li>\n<li>M\u00e9dico<\/li>\n<li>Industrial<\/li>\n<li>Generaci\u00f3n de energ\u00eda<\/li>\n<\/ul>\n<h3>\u00bfQu\u00e9 servicios relacionados con el metal se ofrecen?<\/h3>\n<p>Estamos orgullosos de ser un proveedor integral de metal que ofrece una gama completa de servicios. Podemos suministrar casi cualquier tipo de fabricaci\u00f3n de acero. P\u00f3ngase en contacto con nosotros si necesita m\u00e1s informaci\u00f3n sobre nuestra experiencia y nuestros equipos:<\/p>\n<ul class=\"col-3\">\n<li>Corte con sierra<\/li>\n<li>Voladura<\/li>\n<li>Mecanizado<\/li>\n<li>Corte por l\u00e1ser<\/li>\n<li>Formando<\/li>\n<li>Recubrimiento en polvo<\/li>\n<li><a href=\"https:\/\/smf-inc.com\/mechanical-assembly-chicago-il\/\">Montaje<\/a><\/li>\n<\/ul>\n<h3>\u00bfQu\u00e9 diferencia a SMF de sus competidores?<\/h3>\n<p>En 1972, empezamos nuestra andadura como f\u00e1brica de metal. A lo largo de los a\u00f1os, hemos ampliado nuestro tama\u00f1o y nuestra experiencia, y ahora somos una empresa de servicios completos de fabricaci\u00f3n y mecanizado con un total combinado de 240.000 pies cuadrados de espacio en nuestras instalaciones. Adem\u00e1s, como proveedor de primer nivel de fabricantes de equipos originales, cumplimos sistem\u00e1ticamente las normas de calidad exigidas por nuestros numerosos clientes de la lista Fortune 500. Tambi\u00e9n ofrecemos este alto nivel de calidad a todos nuestros clientes.<\/p>\n<div class=\"left-img\"><img loading=\"lazy\" decoding=\"async\" class=\"alignnone\" src=\"https:\/\/smf-inc.com\/wp-content\/uploads\/2023\/11\/stock-of-raw-metal-materials-in-a-facatory-hall.jpg\" alt=\"Los materiales met\u00e1licos se ven en una f\u00e1brica. SMF ofrece fabricaci\u00f3n de acero en Chicago IL.\" width=\"500\" height=\"350\" title=\"\"><\/div>\n<h3>\u00bfEst\u00e1 listo para quedar impresionado por nuestra fabricaci\u00f3n de acero de alta calidad?<\/h3>\n<p>\u00bfPor qu\u00e9 esperar? Si est\u00e1 buscando un fabricante que pueda proporcionarle <a href=\"https:\/\/smf-inc.com\/metal-fabrication-chicago-il\/\">fabricaci\u00f3n de acero de alta calidad<\/a> en Chicago IL, junto con nuestros otros servicios de fabricaci\u00f3n y mecanizado, ll\u00e1menos hoy mismo al <a href=\"tel:3094322586\">309-432-2586<\/a>. Contamos con la experiencia, el personal profesional, los equipos y la capacidad para atender a clientes de todo Estados Unidos. Ning\u00fan trabajo es demasiado grande o demasiado peque\u00f1o para nosotros.<\/p>\n","protected":false},"excerpt":{"rendered":"<p>SMF es la empresa de fabricaci\u00f3n de acero a la que recurren las empresas de Chicago IL Cuando se trata de la fabricaci\u00f3n de acero en Chicago IL, las empresas que necesitan cosas como la soldadura, corte, plegado, conformado y otros tipos de fabricaci\u00f3n de acero a su vez a los fabricantes de acero con &hellip; <a href=\"https:\/\/smf-inc.com\/es\/fabricacion-de-acero-chicago-il\/\" class=\"more-link\">Continue reading <span class=\"screen-reader-text\">Fabricaci\u00f3n de acero Chicago IL<\/span><\/a><\/p>\n","protected":false},"author":2,"featured_media":1869,"parent":0,"menu_order":0,"comment_status":"closed","ping_status":"closed","template":"","meta":{"_acf_changed":false,"inline_featured_image":false,"footnotes":""},"class_list":["post-1938","page","type-page","status-publish","has-post-thumbnail","hentry"],"acf":[],"_links":{"self":[{"href":"https:\/\/smf-inc.com\/es\/wp-json\/wp\/v2\/pages\/1938","targetHints":{"allow":["GET"]}}],"collection":[{"href":"https:\/\/smf-inc.com\/es\/wp-json\/wp\/v2\/pages"}],"about":[{"href":"https:\/\/smf-inc.com\/es\/wp-json\/wp\/v2\/types\/page"}],"author":[{"embeddable":true,"href":"https:\/\/smf-inc.com\/es\/wp-json\/wp\/v2\/users\/2"}],"replies":[{"embeddable":true,"href":"https:\/\/smf-inc.com\/es\/wp-json\/wp\/v2\/comments?post=1938"}],"version-history":[{"count":2,"href":"https:\/\/smf-inc.com\/es\/wp-json\/wp\/v2\/pages\/1938\/revisions"}],"predecessor-version":[{"id":2973,"href":"https:\/\/smf-inc.com\/es\/wp-json\/wp\/v2\/pages\/1938\/revisions\/2973"}],"wp:featuredmedia":[{"embeddable":true,"href":"https:\/\/smf-inc.com\/es\/wp-json\/wp\/v2\/media\/1869"}],"wp:attachment":[{"href":"https:\/\/smf-inc.com\/es\/wp-json\/wp\/v2\/media?parent=1938"}],"curies":[{"name":"wp","href":"https:\/\/api.w.org\/{rel}","templated":true}]}}