{"id":1936,"date":"2025-11-04T04:58:11","date_gmt":"2025-11-04T04:58:11","guid":{"rendered":"https:\/\/smf-inc.com\/fabricacion-de-acero-charleston-sc\/"},"modified":"2025-11-04T04:58:11","modified_gmt":"2025-11-04T04:58:11","slug":"fabricacion-de-acero-charleston-sc","status":"publish","type":"page","link":"https:\/\/smf-inc.com\/es\/fabricacion-de-acero-charleston-sc\/","title":{"rendered":"Fabricaci\u00f3n de acero Charleston SC"},"content":{"rendered":"<h3>La fabricaci\u00f3n de acero Charleston SC Conf\u00eda<\/h3>\n<p>\u00bfNecesita cortar, doblar, conformar, soldar u otros tipos de fabricaci\u00f3n de acero en Charleston SC? Conf\u00ede en los <a href=\"https:\/\/smf-inc.com\/metal-fabrication\/\">experimentados fabricantes de acero<\/a> de SMF.<\/p>\n<h3>\u00bfQu\u00e9 tipos de fabricaci\u00f3n de acero existen?<\/h3>\n<p>SMF <a href=\"https:\/\/smf-inc.com\/about-us\/\">atiende a una gran variedad de clientes que crean productos de acero<\/a> mediante procesos secundarios de fabricaci\u00f3n de metales, como soldadura, conformado, corte y muchos otros tipos de fabricaci\u00f3n de acero.<\/p>\n<h3>\u00bfOfrece SMS corte de acero?<\/h3>\n<p>Los tipos de corte de metal que realizamos incluyen <a href=\"https:\/\/smf-inc.com\/laser-cutting-charleston-sc\/\">corte por l\u00e1ser<\/a>, <a href=\"https:\/\/smf-inc.com\/plasma-cutting-charleston-sc\/\">corte por plasma<\/a> y corte por sierra. Nuestra capacidad l\u00e1ser est\u00e1 entre las mejores del pa\u00eds, con una capacidad de corte de 54&#8242; de largo y 12&#8242; de pie. Esto nos permite cortar piezas m\u00e1s grandes y mayores cantidades con menos configuraciones, ahorr\u00e1ndole dinero. Nuestra capacidad de corte por plasma es de 13&#8242; por 23&#8242;, mientras que nuestras sierras tienen un di\u00e1metro de hasta 20&#8243;.<\/p>\n<h3>\u00bfQu\u00e9 m\u00e9todos de conformado de metales ofrece SMF?<\/h3>\n<p>Contamos con equipos experimentados y cualificados para doblar, conformar y ensamblar componentes de acero seg\u00fan sus especificaciones exactas.<\/p>\n<h3>\u00bfQu\u00e9 tipos de uni\u00f3n met\u00e1lica se ofrecen?<\/h3>\n<p>Nuestro equipo de soldadores certificados es experto en MIG, TIG y otros tipos de soldadura, adem\u00e1s de soldadura fuerte. Tambi\u00e9n disponemos de capacidades completas de soldadura robotizada.<\/p>\n<h3>\u00bfTiene SMF experiencia en mi sector?<\/h3>\n<p>Estamos acostumbrados a trabajar con una amplia variedad de industrias diferentes, incluyendo:<\/p>\n<ul class=\"col-3\">\n<li>Automatizaci\u00f3n y rob\u00f3tica<\/li>\n<li>Petr\u00f3leo y gas<\/li>\n<li>Agricultura<\/li>\n<li>Aeroespacial<\/li>\n<li>M\u00e9dico<\/li>\n<li>Industrial<\/li>\n<li>Generaci\u00f3n de energ\u00eda<\/li>\n<li>Energ\u00edas renovables<\/li>\n<li>Construcci\u00f3n<\/li>\n<li>Carril<\/li>\n<li>Miner\u00eda<\/li>\n<li>Bomba y compresor<\/li>\n<\/ul>\n<h3>\u00bfEs SMF un proveedor integral de metal?<\/h3>\n<p>La fabricaci\u00f3n y el mecanizado de metales forman parte de nuestros puntos fuertes. Nuestros otros servicios de metalister\u00eda incluyen:<\/p>\n<ul class=\"col-3\">\n<li>Corte por l\u00e1ser<\/li>\n<li>Formando<\/li>\n<li>Recubrimiento en polvo<\/li>\n<li>Montaje<\/li>\n<li>Corte con sierra<\/li>\n<li>Voladura<\/li>\n<li>Mecanizado<\/li>\n<\/ul>\n<h3>\u00bfPor qu\u00e9 trabajar con SMF?<\/h3>\n<p>Nuestras ra\u00edces se remontan a 1972, cuando empezamos como f\u00e1brica de metal. Ahora somos una empresa de servicios completos de fabricaci\u00f3n y mecanizado con un total combinado de 240.000 pies cuadrados de instalaciones. Como proveedor de primer nivel de fabricantes de equipos originales, cumplimos sistem\u00e1ticamente las normas de calidad exigidas por nuestros numerosos clientes de Fortune 500, y le ofrecemos el mismo nivel de calidad a usted.<\/p>\n<div class=\"left-img\"><img loading=\"lazy\" decoding=\"async\" class=\"alignnone\" src=\"https:\/\/smf-inc.com\/wp-content\/uploads\/2023\/10\/welding-argon.jpg\" alt=\"Un soldador se ve en el trabajo. SMF ofrece fabricaci\u00f3n de acero en Charleston SC.\" width=\"500\" height=\"350\" title=\"\"><\/div>\n<h3>\u00bfEst\u00e1 preparado para una excelente fabricaci\u00f3n de acero?<\/h3>\n<p>Si usted est\u00e1 interesado en nuestra fabricaci\u00f3n de acero en Charleston SC, as\u00ed como nuestros otros servicios de fabricaci\u00f3n y mecanizado, llame SMF en <a href=\"tel:8642260470\">864-226-0470<\/a>. Tenemos capacidad para atender a clientes de todo Estados Unidos.<\/p>\n","protected":false},"excerpt":{"rendered":"<p>La fabricaci\u00f3n de acero Charleston SC Conf\u00eda \u00bfNecesita cortar, doblar, conformar, soldar u otros tipos de fabricaci\u00f3n de acero en Charleston SC? Conf\u00ede en los experimentados fabricantes de acero de SMF. \u00bfQu\u00e9 tipos de fabricaci\u00f3n de acero existen? SMF atiende a una gran variedad de clientes que crean productos de acero mediante procesos secundarios de &hellip; <a href=\"https:\/\/smf-inc.com\/es\/fabricacion-de-acero-charleston-sc\/\" class=\"more-link\">Continue reading <span class=\"screen-reader-text\">Fabricaci\u00f3n de acero Charleston SC<\/span><\/a><\/p>\n","protected":false},"author":2,"featured_media":1808,"parent":0,"menu_order":0,"comment_status":"closed","ping_status":"closed","template":"","meta":{"_acf_changed":false,"inline_featured_image":false,"footnotes":""},"class_list":["post-1936","page","type-page","status-publish","has-post-thumbnail","hentry"],"acf":[],"_links":{"self":[{"href":"https:\/\/smf-inc.com\/es\/wp-json\/wp\/v2\/pages\/1936","targetHints":{"allow":["GET"]}}],"collection":[{"href":"https:\/\/smf-inc.com\/es\/wp-json\/wp\/v2\/pages"}],"about":[{"href":"https:\/\/smf-inc.com\/es\/wp-json\/wp\/v2\/types\/page"}],"author":[{"embeddable":true,"href":"https:\/\/smf-inc.com\/es\/wp-json\/wp\/v2\/users\/2"}],"replies":[{"embeddable":true,"href":"https:\/\/smf-inc.com\/es\/wp-json\/wp\/v2\/comments?post=1936"}],"version-history":[{"count":2,"href":"https:\/\/smf-inc.com\/es\/wp-json\/wp\/v2\/pages\/1936\/revisions"}],"predecessor-version":[{"id":2980,"href":"https:\/\/smf-inc.com\/es\/wp-json\/wp\/v2\/pages\/1936\/revisions\/2980"}],"wp:featuredmedia":[{"embeddable":true,"href":"https:\/\/smf-inc.com\/es\/wp-json\/wp\/v2\/media\/1808"}],"wp:attachment":[{"href":"https:\/\/smf-inc.com\/es\/wp-json\/wp\/v2\/media?parent=1936"}],"curies":[{"name":"wp","href":"https:\/\/api.w.org\/{rel}","templated":true}]}}