{"id":1934,"date":"2023-11-29T12:15:29","date_gmt":"2023-11-29T12:15:29","guid":{"rendered":"https:\/\/smf-inc.com\/montaje-mecanico-columbia-sc\/"},"modified":"2023-11-29T12:15:29","modified_gmt":"2023-11-29T12:15:29","slug":"montaje-mecanico-columbia-sc","status":"publish","type":"page","link":"https:\/\/smf-inc.com\/es\/montaje-mecanico-columbia-sc\/","title":{"rendered":"Montaje mec\u00e1nico Columbia SC"},"content":{"rendered":"<h3>\u00bfBusca Montaje Mec\u00e1nico en Columbia SC?<\/h3>\n<p>Si su empresa est\u00e1 buscando una empresa con la que pueda contar para proporcionar un montaje mec\u00e1nico de calidad en Columbia SC, \u00a1la ha encontrado! En SMF, podemos cortarlo, darle forma, soldarlo, revestirlo con pintura en polvo y ensamblarlo: somos su <a href=\"https:\/\/smf-inc.com\/home_slider\/your-one-stop-shop\/\">taller integral de fabricaci\u00f3n y mecanizado de metales.<\/a><\/p>\n<h3>\u00bfTiene SMF experiencia en montaje mec\u00e1nico?<\/h3>\n<p>SMF dispone del espacio, el equipamiento y la experiencia que necesita. Disponemos de personal de l\u00ednea de montaje listo para ensamblar los componentes que acabamos de fabricar para usted. Si tiene herrajes, juntas y componentes similares que necesita que a\u00f1adamos, no hay problema. Tenemos experiencia en estos servicios de montaje mec\u00e1nico:<\/p>\n<ul>\n<li><strong>Soldadura<\/strong>: <a href=\"https:\/\/smf-inc.com\/welding-service-south-carolina\/\">Tanto<\/a> si necesita soldadura por parte de nuestros <a href=\"https:\/\/smf-inc.com\/welding-service-south-carolina\/\">soldadores profesionales como un servicio de soldadura robotizada<\/a>, podemos satisfacer sus necesidades de soldadura de alta calidad.<\/li>\n<li><strong>Soldadura<\/strong>: Cons\u00faltenos sobre nuestros servicios de soldadura si su producto incluye componentes delicados o metales m\u00e1s blandos.<\/li>\n<li><strong>Soldadura fuerte<\/strong>: La soldadura fuerte es otra opci\u00f3n para unir dos piezas de metal. Es algo parecido a la soldadura, pero no implica la fusi\u00f3n de las dos piezas.<\/li>\n<li><strong>Montaje mec\u00e1nico<\/strong>: Podemos fabricar componentes para usted y luego a\u00f1adir elementos de fijaci\u00f3n comunes como pernos, tornillos, tuercas, bisagras, etc. para cumplir sus especificaciones exactas.<\/li>\n<\/ul>\n<h3>\u00bfQu\u00e9 hace diferente a SMF?<\/h3>\n<p>Cuando trabaja con SMF, obtiene un <a href=\"https:\/\/smf-inc.com\/about-us\/\">proveedor de primer nivel para fabricantes de equipos originales<\/a> que cumple las normas de alta calidad de nuestros numerosos clientes de la lista Fortune 500. Tanto si es una peque\u00f1a empresa como una multinacional, le ofrecemos los mismos est\u00e1ndares de calidad. Consideramos que la relaci\u00f3n con nuestros clientes es uno de nuestros activos m\u00e1s valiosos y eso se nota en todo lo que hacemos. Contamos con el equipo y la experiencia necesarios para llevar a cabo sus proyectos con arreglo a sus especificaciones exactas, a tiempo y sin salirnos del presupuesto. Independientemente de si su proyecto es peque\u00f1o o grande, su satisfacci\u00f3n es lo m\u00e1s importante para nosotros. Queremos ser la empresa a la que siempre recurra para la fabricaci\u00f3n de metal de alta calidad y la fabricaci\u00f3n relacionada.<\/p>\n<h3>\u00bfQu\u00e9 hace que SMF sea un proveedor integral de metal?<\/h3>\n<p>Estamos orgullosos de poder satisfacer pr\u00e1cticamente cualquier necesidad que puedan tener nuestros clientes. Eso incluye el dise\u00f1o, la producci\u00f3n y el montaje de sus productos. Nos esforzamos por colaborar con usted en la elaboraci\u00f3n de productos de alta calidad de una forma c\u00f3moda, sin estr\u00e9s y rentable. Nuestra gama de servicios complementarios y relacionados con la fabricaci\u00f3n de metales y la metalister\u00eda incluye:<\/p>\n<ul class=\"col-2\">\n<li>Mecanizado<\/li>\n<li>Corte por l\u00e1ser<\/li>\n<li>Formando<\/li>\n<li><a href=\"https:\/\/smf-inc.com\/plasma-cutting-south-carolina\/\">Corte por plasma<\/a><\/li>\n<li>Corte con sierra<\/li>\n<li>Voladura<\/li>\n<li>Soldadura<\/li>\n<li>Recubrimiento en polvo<\/li>\n<li>Montaje<\/li>\n<li>Soldadura<\/li>\n<\/ul>\n<div class=\"left-img\"><img loading=\"lazy\" decoding=\"async\" class=\"alignnone\" src=\"https:\/\/smf-inc.com\/wp-content\/uploads\/2023\/10\/expert-engineeer-examines.jpg\" alt=\"Se ve a un trabajador en una l\u00ednea de montaje. SMF ofrece montaje mec\u00e1nico en Columbia SC.\" width=\"500\" height=\"350\" title=\"\"><\/div>\n<h3>El montaje mec\u00e1nico de alta calidad est\u00e1 a s\u00f3lo una llamada de distancia.<\/h3>\n<p>SMF est\u00e1 preparada para superar sus expectativas de ensamblaje mec\u00e1nico en Columbia SC, as\u00ed como cualquier fabricaci\u00f3n y mecanizado de metales que pueda necesitar. Ll\u00e1menos al 864-226-0470. Ning\u00fan trabajo es demasiado grande o demasiado peque\u00f1o para nosotros. Nuestra sede central est\u00e1 en Illinois, pero contamos con un campus adicional en Anderson (Carolina del Sur). Prestamos servicios a clientes de todo Estados Unidos.<\/p>\n","protected":false},"excerpt":{"rendered":"<p>\u00bfBusca Montaje Mec\u00e1nico en Columbia SC? Si su empresa est\u00e1 buscando una empresa con la que pueda contar para proporcionar un montaje mec\u00e1nico de calidad en Columbia SC, \u00a1la ha encontrado! En SMF, podemos cortarlo, darle forma, soldarlo, revestirlo con pintura en polvo y ensamblarlo: somos su taller integral de fabricaci\u00f3n y mecanizado de metales. &hellip; <a href=\"https:\/\/smf-inc.com\/es\/montaje-mecanico-columbia-sc\/\" class=\"more-link\">Continue reading <span class=\"screen-reader-text\">Montaje mec\u00e1nico Columbia SC<\/span><\/a><\/p>\n","protected":false},"author":2,"featured_media":1761,"parent":0,"menu_order":0,"comment_status":"closed","ping_status":"closed","template":"","meta":{"_acf_changed":false,"inline_featured_image":false,"footnotes":""},"class_list":["post-1934","page","type-page","status-publish","has-post-thumbnail","hentry"],"acf":[],"_links":{"self":[{"href":"https:\/\/smf-inc.com\/es\/wp-json\/wp\/v2\/pages\/1934","targetHints":{"allow":["GET"]}}],"collection":[{"href":"https:\/\/smf-inc.com\/es\/wp-json\/wp\/v2\/pages"}],"about":[{"href":"https:\/\/smf-inc.com\/es\/wp-json\/wp\/v2\/types\/page"}],"author":[{"embeddable":true,"href":"https:\/\/smf-inc.com\/es\/wp-json\/wp\/v2\/users\/2"}],"replies":[{"embeddable":true,"href":"https:\/\/smf-inc.com\/es\/wp-json\/wp\/v2\/comments?post=1934"}],"version-history":[{"count":0,"href":"https:\/\/smf-inc.com\/es\/wp-json\/wp\/v2\/pages\/1934\/revisions"}],"wp:featuredmedia":[{"embeddable":true,"href":"https:\/\/smf-inc.com\/es\/wp-json\/wp\/v2\/media\/1761"}],"wp:attachment":[{"href":"https:\/\/smf-inc.com\/es\/wp-json\/wp\/v2\/media?parent=1934"}],"curies":[{"name":"wp","href":"https:\/\/api.w.org\/{rel}","templated":true}]}}