{"id":1932,"date":"2025-11-04T04:58:12","date_gmt":"2025-11-04T04:58:12","guid":{"rendered":"https:\/\/smf-inc.com\/fabricacion-de-acero-rock-hill-sc\/"},"modified":"2025-11-04T04:58:12","modified_gmt":"2025-11-04T04:58:12","slug":"fabricacion-de-acero-rock-hill-sc","status":"publish","type":"page","link":"https:\/\/smf-inc.com\/es\/fabricacion-de-acero-rock-hill-sc\/","title":{"rendered":"Fabricaci\u00f3n de acero Rock Hill SC"},"content":{"rendered":"<h3>La fabricaci\u00f3n de acero Rock Hill SC recurre a<\/h3>\n<p>\u00bfNecesita cortar, doblar, conformar, soldar u otro tipo de fabricaci\u00f3n de acero en Rock Hill SC? Recurra a los experimentados fabricantes de acero de SMF.<\/p>\n<h3>\u00bfOfrece SMF servicios completos de fabricaci\u00f3n de acero?<\/h3>\n<p>Atendemos a una gran variedad de clientes que requieren soldadura, conformado, corte y muchos otros tipos de fabricaci\u00f3n de acero. Adem\u00e1s, ofrecemos <a href=\"https:\/\/smf-inc.com\/home_slider\/your-one-stop-shop\/\">toda una gama de servicios complementarios<\/a>.<\/p>\n<h3>\u00bfQu\u00e9 capacidad de corte de acero tiene SMS?<\/h3>\n<p>Ofrecemos diversos tipos de corte de metal, como corte por l\u00e1ser, corte por plasma y corte por sierra. Hemos realizado importantes inversiones en equipos de primera categor\u00eda que nos permiten ofrecer la m\u00e1xima calidad y eficiencia. La capacidad de nuestro l\u00e1ser es una de las mayores del pa\u00eds: Ofrece una capacidad de corte de 54&#8242; de largo y 12&#8242; de pie. Este l\u00e1ser de gran tama\u00f1o nos permite cortar piezas m\u00e1s grandes y mayores cantidades con menos configuraciones. Adem\u00e1s, nuestra capacidad de corte por plasma es de 13&#8242; por 23&#8242;, y nuestras sierras tienen un di\u00e1metro de hasta 20&#8243;. La calidad de nuestros equipos es insuperable.<\/p>\n<h3>\u00bfQu\u00e9 tipo de conformado de metales ofrece SMF?<\/h3>\n<p>Nuestros experimentados equipos se encargan de doblar, conformar y ensamblar componentes de acero. Podemos cumplir sus especificaciones exactas.<\/p>\n<h3>\u00bfOfrece SMF otros tipos de uni\u00f3n de metales?<\/h3>\n<p>Con un equipo de <a href=\"https:\/\/smf-inc.com\/welding-service-south-carolina\/\">soldadores profesionales y altamente cualificados<\/a>, podemos realizar cualquier trabajo que necesite. Nuestros soldadores certificados son expertos en MIG, TIG, soldadura por puntos y soldadura fuerte. Si la soldadura robotizada es adecuada para su trabajo, tambi\u00e9n disponemos de ella.<\/p>\n<h3>\u00bfCon qu\u00e9 sectores ha trabajado SMF?<\/h3>\n<p>Tenemos experiencia trabajando con una amplia variedad de industrias:<\/p>\n<ul class=\"col-3\">\n<li>Petr\u00f3leo y gas<\/li>\n<li>Agricultura<\/li>\n<li>Aeroespacial<\/li>\n<li>M\u00e9dico<\/li>\n<li>Industrial<\/li>\n<li>Generaci\u00f3n de energ\u00eda<\/li>\n<li>Energ\u00edas renovables<\/li>\n<li>Construcci\u00f3n<\/li>\n<li>Carril<\/li>\n<li>Miner\u00eda<\/li>\n<li>Bomba y compresor<\/li>\n<li>Automatizaci\u00f3n y rob\u00f3tica<\/li>\n<\/ul>\n<h3>\u00bfQu\u00e9 convierte a SMF en un eficaz proveedor integral del metal?<\/h3>\n<p>La fabricaci\u00f3n y el mecanizado de metales forman parte de nuestros principales puntos fuertes, pero ofrecemos muchos servicios complementarios de metalister\u00eda, entre los que se incluyen:<\/p>\n<ul class=\"col-3\">\n<li>Corte por l\u00e1ser<\/li>\n<li><a href=\"https:\/\/smf-inc.com\/plasma-cutting-rock-hill-sc\/\">Corte por plasma<\/a><\/li>\n<li>Formando<\/li>\n<li>Recubrimiento en polvo<\/li>\n<li>Montaje<\/li>\n<li>Corte con sierra<\/li>\n<li>Voladura<\/li>\n<li>Mecanizado<\/li>\n<\/ul>\n<h3>\u00bfQu\u00e9 diferencia a SMF de otros talleres de fabricaci\u00f3n de acero?<\/h3>\n<p>Nuestras ra\u00edces se remontan a 1972. Originalmente, \u00e9ramos una empresa de fabricaci\u00f3n de metal, pero hemos crecido constantemente y ahora somos una empresa de servicios completos de fabricaci\u00f3n y mecanizado. Contamos con un total de 240.000 pies cuadrados de instalaciones en dos emplazamientos. Somos proveedores de primer nivel de fabricantes de equipos originales, por lo que estamos obligados a cumplir las elevad\u00edsimas normas de calidad de nuestros numerosos clientes de la lista Fortune 500. Tanto si su empresa es grande como peque\u00f1a, tiene derecho a esperar que le ofrezcamos los mismos niveles de calidad.<\/p>\n<div class=\"left-img\"><img loading=\"lazy\" decoding=\"async\" class=\"alignnone\" src=\"https:\/\/smf-inc.com\/wp-content\/uploads\/2023\/10\/robotic-welders-arms-weld-the-car-part-on-manufacture-of-the-assembly-line.jpg\" alt=\"Se ve un robot soldador. SMF ofrece fabricaci\u00f3n de acero en Rock Hill SC.\" width=\"500\" height=\"350\" title=\"\"><\/div>\n<h3>\u00bfEst\u00e1 preparado para una excelente fabricaci\u00f3n de acero?<\/h3>\n<p>Hablemos. \u00bfEst\u00e1 interesado en nuestra fabricaci\u00f3n de acero en Rock Hill SC? \u00bfQu\u00e9 le parecen nuestros otros servicios de fabricaci\u00f3n y mecanizado? Llama a SMF al <a href=\"tel:8642260470\">864-226-0470<\/a>. Prestamos servicios a clientes de todo Estados Unidos.<\/p>\n","protected":false},"excerpt":{"rendered":"<p>La fabricaci\u00f3n de acero Rock Hill SC recurre a \u00bfNecesita cortar, doblar, conformar, soldar u otro tipo de fabricaci\u00f3n de acero en Rock Hill SC? Recurra a los experimentados fabricantes de acero de SMF. \u00bfOfrece SMF servicios completos de fabricaci\u00f3n de acero? Atendemos a una gran variedad de clientes que requieren soldadura, conformado, corte y &hellip; <a href=\"https:\/\/smf-inc.com\/es\/fabricacion-de-acero-rock-hill-sc\/\" class=\"more-link\">Continue reading <span class=\"screen-reader-text\">Fabricaci\u00f3n de acero Rock Hill SC<\/span><\/a><\/p>\n","protected":false},"author":2,"featured_media":1826,"parent":0,"menu_order":0,"comment_status":"closed","ping_status":"closed","template":"","meta":{"_acf_changed":false,"inline_featured_image":false,"footnotes":""},"class_list":["post-1932","page","type-page","status-publish","has-post-thumbnail","hentry"],"acf":[],"_links":{"self":[{"href":"https:\/\/smf-inc.com\/es\/wp-json\/wp\/v2\/pages\/1932","targetHints":{"allow":["GET"]}}],"collection":[{"href":"https:\/\/smf-inc.com\/es\/wp-json\/wp\/v2\/pages"}],"about":[{"href":"https:\/\/smf-inc.com\/es\/wp-json\/wp\/v2\/types\/page"}],"author":[{"embeddable":true,"href":"https:\/\/smf-inc.com\/es\/wp-json\/wp\/v2\/users\/2"}],"replies":[{"embeddable":true,"href":"https:\/\/smf-inc.com\/es\/wp-json\/wp\/v2\/comments?post=1932"}],"version-history":[{"count":2,"href":"https:\/\/smf-inc.com\/es\/wp-json\/wp\/v2\/pages\/1932\/revisions"}],"predecessor-version":[{"id":2977,"href":"https:\/\/smf-inc.com\/es\/wp-json\/wp\/v2\/pages\/1932\/revisions\/2977"}],"wp:featuredmedia":[{"embeddable":true,"href":"https:\/\/smf-inc.com\/es\/wp-json\/wp\/v2\/media\/1826"}],"wp:attachment":[{"href":"https:\/\/smf-inc.com\/es\/wp-json\/wp\/v2\/media?parent=1932"}],"curies":[{"name":"wp","href":"https:\/\/api.w.org\/{rel}","templated":true}]}}