{"id":1931,"date":"2025-11-04T04:58:12","date_gmt":"2025-11-04T04:58:12","guid":{"rendered":"https:\/\/smf-inc.com\/fabricacion-de-acero-greenville-sc\/"},"modified":"2025-11-04T04:58:12","modified_gmt":"2025-11-04T04:58:12","slug":"fabricacion-de-acero-greenville-sc","status":"publish","type":"page","link":"https:\/\/smf-inc.com\/es\/fabricacion-de-acero-greenville-sc\/","title":{"rendered":"Fabricaci\u00f3n de acero Greenville SC"},"content":{"rendered":"<h3>La fabricaci\u00f3n de acero Greenville SC conf\u00eda en<\/h3>\n<p>Si necesita cortar, doblar, formar, soldar u otra fabricaci\u00f3n de acero en Greenville SC, a su vez a los fabricantes de acero con experiencia en SMF.<\/p>\n<h3>\u00bfQu\u00e9 tipos de fabricaci\u00f3n de acero ofrece SMF?<\/h3>\n<p>Atendemos a una <a href=\"https:\/\/smf-inc.com\/industry\/power-generation\/\">gran variedad de clientes que requieren procesos secundarios de fabricaci\u00f3n de metales<\/a>, como soldadura, conformado, corte y muchos otros tipos de fabricaci\u00f3n de acero. Adem\u00e1s, ofrecemos toda una gama de servicios complementarios.<\/p>\n<h3>\u00bfQu\u00e9 capacidad tiene SMS en el corte de acero?<\/h3>\n<p>Entre los tipos de corte de metal que realizamos se encuentran el corte por l\u00e1ser, el corte por plasma y el corte por sierra, y hemos realizado importantes inversiones en equipos de primera categor\u00eda que nos permiten ofrecer alta calidad y eficacia. Nuestra capacidad l\u00e1ser es una de las mayores del pa\u00eds, con una capacidad de corte de 54&#8242; de largo y 12&#8242; de pie. Un l\u00e1ser de gran tama\u00f1o nos permite cortar piezas m\u00e1s grandes y mayores cantidades con menos configuraciones. Adem\u00e1s, nuestra capacidad de corte por plasma es de 13&#8242; por 23&#8242; y nuestras sierras tienen hasta 20&#8243; de di\u00e1metro.<\/p>\n<h3>\u00bfOfrece SMF conformado de metales?<\/h3>\n<p>Nuestros cualificados equipos son capaces de doblar, conformar y ensamblar componentes de acero seg\u00fan las especificaciones exactas de nuestros clientes.<\/p>\n<h3>\u00bfQu\u00e9 otros tipos de uni\u00f3n de metales ofrece SMF?<\/h3>\n<p>Hay muchas opciones en soldadura. Nuestros soldadores certificados son expertos en MIG, TIG y otros tipos de soldadura. Tambi\u00e9n disponemos de <a href=\"https:\/\/smf-inc.com\/welding-service-south-carolina\/\">capacidades completas de soldadura robotizada<\/a> y soldadura fuerte.<\/p>\n<h3>\u00bfCon qu\u00e9 sectores trabaja SMF?<\/h3>\n<p>En SMF trabajamos habitualmente con una gran variedad de industrias. Algunos de los sectores en los que trabajan nuestros clientes son:<\/p>\n<ul class=\"col-3\">\n<li>Industrial<\/li>\n<li>Generaci\u00f3n de energ\u00eda<\/li>\n<li>Energ\u00edas renovables<\/li>\n<li>Construcci\u00f3n<\/li>\n<li>Carril<\/li>\n<li>Miner\u00eda<\/li>\n<li>Bomba y compresor<\/li>\n<li>Automatizaci\u00f3n y rob\u00f3tica<\/li>\n<li>Petr\u00f3leo y gas<\/li>\n<li>Agricultura<\/li>\n<li>Aeroespacial<\/li>\n<li>M\u00e9dico<\/li>\n<\/ul>\n<h3>\u00bfQu\u00e9 hace que el SMF sea tan vers\u00e1til?<\/h3>\n<p>La fabricaci\u00f3n y el mecanizado de metales forman parte de nuestros puntos fuertes, pero nuestros servicios complementarios nos convierten en un proveedor integral. Nuestros servicios de metalister\u00eda incluyen:<\/p>\n<ul class=\"col-3\">\n<li>Corte con sierra<\/li>\n<li>Voladura<\/li>\n<li>Mecanizado<\/li>\n<li><a href=\"https:\/\/smf-inc.com\/laser-cutting-greenville-sc\/\">Corte por l\u00e1ser<\/a><\/li>\n<li>Formando<\/li>\n<li>Recubrimiento en polvo<\/li>\n<li>Montaje<\/li>\n<\/ul>\n<h3>\u00bfQu\u00e9 hace diferente a SMF?<\/h3>\n<p>Comenzamos en 1972 como una planta de fabricaci\u00f3n de metal, pero desde entonces no hemos dejado de crecer. En la actualidad, somos una empresa de fabricaci\u00f3n y mecanizado de servicios completos con un total combinado de 240.000 pies cuadrados de instalaciones en dos emplazamientos. Como proveedor de primer nivel de fabricantes de equipos originales, cumplimos sistem\u00e1ticamente las normas de calidad exigidas por nuestros numerosos clientes de la lista Fortune 500. Creemos que hay que ofrecer el mismo nivel de calidad a todos los clientes.<\/p>\n<div class=\"left-img\"><img loading=\"lazy\" decoding=\"async\" class=\"alignnone\" src=\"https:\/\/smf-inc.com\/wp-content\/uploads\/2023\/10\/the-vertical-scene-drilling-process-on-nc-milling-machine-the-metal-working-concept-on-the.jpg\" alt=\"Se ve una broca prepar\u00e1ndose para taladrar metal. SMF ofrece fabricaci\u00f3n de acero en Greenville SC.\" width=\"500\" height=\"350\" title=\"\"><\/div>\n<h3>Ll\u00e1menos si est\u00e1 listo para una excelente fabricaci\u00f3n de acero.<\/h3>\n<p>\u00bfEst\u00e1 interesado en nuestra fabricaci\u00f3n de acero en Greenville SC? \u00bfQu\u00e9 le parecen nuestros otros servicios de fabricaci\u00f3n y mecanizado? Llama a SMF al <a href=\"tel:8642260470\">864-226-0470<\/a>. Prestamos servicios a clientes de todo Estados Unidos.<\/p>\n","protected":false},"excerpt":{"rendered":"<p>La fabricaci\u00f3n de acero Greenville SC conf\u00eda en Si necesita cortar, doblar, formar, soldar u otra fabricaci\u00f3n de acero en Greenville SC, a su vez a los fabricantes de acero con experiencia en SMF. \u00bfQu\u00e9 tipos de fabricaci\u00f3n de acero ofrece SMF? Atendemos a una gran variedad de clientes que requieren procesos secundarios de fabricaci\u00f3n &hellip; <a href=\"https:\/\/smf-inc.com\/es\/fabricacion-de-acero-greenville-sc\/\" class=\"more-link\">Continue reading <span class=\"screen-reader-text\">Fabricaci\u00f3n de acero Greenville SC<\/span><\/a><\/p>\n","protected":false},"author":2,"featured_media":1820,"parent":0,"menu_order":0,"comment_status":"closed","ping_status":"closed","template":"","meta":{"_acf_changed":false,"inline_featured_image":false,"footnotes":""},"class_list":["post-1931","page","type-page","status-publish","has-post-thumbnail","hentry"],"acf":[],"_links":{"self":[{"href":"https:\/\/smf-inc.com\/es\/wp-json\/wp\/v2\/pages\/1931","targetHints":{"allow":["GET"]}}],"collection":[{"href":"https:\/\/smf-inc.com\/es\/wp-json\/wp\/v2\/pages"}],"about":[{"href":"https:\/\/smf-inc.com\/es\/wp-json\/wp\/v2\/types\/page"}],"author":[{"embeddable":true,"href":"https:\/\/smf-inc.com\/es\/wp-json\/wp\/v2\/users\/2"}],"replies":[{"embeddable":true,"href":"https:\/\/smf-inc.com\/es\/wp-json\/wp\/v2\/comments?post=1931"}],"version-history":[{"count":2,"href":"https:\/\/smf-inc.com\/es\/wp-json\/wp\/v2\/pages\/1931\/revisions"}],"predecessor-version":[{"id":2981,"href":"https:\/\/smf-inc.com\/es\/wp-json\/wp\/v2\/pages\/1931\/revisions\/2981"}],"wp:featuredmedia":[{"embeddable":true,"href":"https:\/\/smf-inc.com\/es\/wp-json\/wp\/v2\/media\/1820"}],"wp:attachment":[{"href":"https:\/\/smf-inc.com\/es\/wp-json\/wp\/v2\/media?parent=1931"}],"curies":[{"name":"wp","href":"https:\/\/api.w.org\/{rel}","templated":true}]}}