{"id":1928,"date":"2023-11-29T12:15:28","date_gmt":"2023-11-29T12:15:28","guid":{"rendered":"https:\/\/smf-inc.com\/montaje-mecanico-charleston-sc\/"},"modified":"2023-11-29T12:15:30","modified_gmt":"2023-11-29T12:15:30","slug":"montaje-mecanico-charleston-sc","status":"publish","type":"page","link":"https:\/\/smf-inc.com\/es\/montaje-mecanico-charleston-sc\/","title":{"rendered":"Montaje mec\u00e1nico Charleston SC"},"content":{"rendered":"<h3>El mejor montaje mec\u00e1nico en Charleston SC<\/h3>\n<p>Si necesita el mejor montaje mec\u00e1nico en Charleston, SC, recurra a SMF. Despu\u00e9s de cortarlo, darle forma, soldarlo o recubrirlo de polvo, podemos montarlo para usted. Le invitamos a que piense en nosotros como su <a href=\"https:\/\/smf-inc.com\/home_slider\/your-one-stop-shop\/\">taller integral de fabricaci\u00f3n y mecanizado de metales<\/a>.<\/p>\n<h3>\u00bfTiene SMF un equipo preparado para realizar el montaje mec\u00e1nico?<\/h3>\n<p>Nos enorgullecemos de estar siempre dispuestos a servir a nuestros clientes. SMF cuenta con un equipo de profesionales experimentados listos para realizar cualquier montaje que pueda necesitar de los componentes que acabamos de fabricar para usted. \u00bfNecesita a\u00f1adir m\u00e1s piezas al proyecto? No hay problema. Normalmente a\u00f1adimos herrajes, juntas y componentes similares. Nuestra experiencia en servicios de montaje mec\u00e1nico incluye<\/p>\n<ul>\n<li><strong>Soldadura<\/strong>: Nuestro <a href=\"https:\/\/smf-inc.com\/welding-service-charleston-sc\/\">departamento de<\/a> soldadura puede realizar las soldaduras de alta calidad que necesite. En funci\u00f3n de sus requisitos y preferencias, podemos encargarnos de su trabajo utilizando soldadura robotizada para grandes trabajos automatizados o soldadura convencional con profesionales de la soldadura experimentados.<\/li>\n<li><strong>Soldadura<\/strong>: \u00bfSu producto incluye componentes delicados o metales m\u00e1s blandos? Nuestro experto personal de soldadura puede ocuparse de todas sus necesidades de soldadura.<\/li>\n<li><strong>Soldadura fuerte<\/strong>: La soldadura fuerte es similar a la soldadura blanda, pero no implica la fusi\u00f3n de las dos piezas. Cons\u00faltenos sus especificaciones.<\/li>\n<li><strong>Montaje mec\u00e1nico<\/strong>: Disponemos de los materiales, la experiencia y el equipo necesarios para cumplir sus especificaciones exactas. Si es necesario, podemos a\u00f1adir elementos de fijaci\u00f3n comunes como tornillos, pernos, tuercas, bisagras, etc. para completar sus productos.<\/li>\n<\/ul>\n<h3>\u00bfEn qu\u00e9 se diferencia SMF de otras empresas de fabricaci\u00f3n de metales?<\/h3>\n<p>SMF es un <a href=\"https:\/\/smf-inc.com\/about-us\/\">proveedor de primer nivel para fabricantes de equipos originales.<\/a> Como resultado, nuestros numerosos clientes de Fortune 500 nos exigen unos est\u00e1ndares de calidad muy elevados. Pero no tiene por qu\u00e9 ser una empresa Fortune 500 para que nosotros le tratemos como tal. Tanto si es una peque\u00f1a empresa como una multinacional, puede esperar que le ofrezcamos los mismos niveles de calidad. Valoramos las relaciones con todos nuestros clientes y disponemos del equipo y el personal profesional que nos permiten completar sus proyectos a tiempo, dentro del presupuesto y seg\u00fan sus especificaciones exactas. Queremos ser la empresa a la que siempre recurra para la fabricaci\u00f3n de metal de alta calidad y la fabricaci\u00f3n relacionada. La buena atenci\u00f3n al cliente es importante para nosotros, y trabajamos duro para construir relaciones de calidad.<\/p>\n<h3>\u00bfQu\u00e9 servicios hacen de SMF una ventanilla \u00fanica completa?<\/h3>\n<p>Se lo ofrecemos todo: dise\u00f1o, producci\u00f3n y montaje de sus productos, y lo hacemos a tiempo y dentro del presupuesto. Colaboramos con usted para fabricar productos de alta calidad de forma c\u00f3moda y rentable. SMF ofrece diversos servicios complementarios y de carpinter\u00eda met\u00e1lica. Algunas de ellas son:<\/p>\n<ul class=\"col-2\">\n<li><a href=\"https:\/\/smf-inc.com\/laser-cutting-charleston-sc\/\">Corte por l\u00e1ser<\/a><\/li>\n<li>Formando<\/li>\n<li>Recubrimiento en polvo<\/li>\n<li>Montaje<\/li>\n<li>Soldadura<\/li>\n<li>Corte por plasma<\/li>\n<li>Corte con sierra<\/li>\n<li>Voladura<\/li>\n<li>Soldadura<\/li>\n<li>Mecanizado<\/li>\n<\/ul>\n<div class=\"left-img\"><img loading=\"lazy\" decoding=\"async\" class=\"alignnone\" src=\"https:\/\/smf-inc.com\/wp-content\/uploads\/2023\/10\/male-industrial.jpg\" alt=\"Un hombre se ve trabajando en una l\u00ednea de montaje. SMF ofrece montaje mec\u00e1nico Charleston SC.\" width=\"500\" height=\"350\" title=\"\"><\/div>\n<h3>Ll\u00e1menos si est\u00e1 listo para experimentar un montaje mec\u00e1nico de alta calidad.<\/h3>\n<p>SMF est\u00e1 listo para satisfacer sus necesidades de montaje mec\u00e1nico en Charleston SC, as\u00ed como cualquier fabricaci\u00f3n de metales relacionados y las necesidades de mecanizado que pueda necesitar. Ll\u00e1menos al <a href=\"tel:8642260470\">864-226-0470<\/a>. Ning\u00fan trabajo es demasiado grande o demasiado peque\u00f1o para nosotros. Nuestra sede central est\u00e1 en Illinois, pero contamos con un campus adicional en Anderson (Carolina del Sur), lo que nos permite atender a clientes de todo Estados Unidos.<\/p>\n","protected":false},"excerpt":{"rendered":"<p>El mejor montaje mec\u00e1nico en Charleston SC Si necesita el mejor montaje mec\u00e1nico en Charleston, SC, recurra a SMF. Despu\u00e9s de cortarlo, darle forma, soldarlo o recubrirlo de polvo, podemos montarlo para usted. Le invitamos a que piense en nosotros como su taller integral de fabricaci\u00f3n y mecanizado de metales. \u00bfTiene SMF un equipo preparado &hellip; <a href=\"https:\/\/smf-inc.com\/es\/montaje-mecanico-charleston-sc\/\" class=\"more-link\">Continue reading <span class=\"screen-reader-text\">Montaje mec\u00e1nico Charleston SC<\/span><\/a><\/p>\n","protected":false},"author":2,"featured_media":1755,"parent":0,"menu_order":0,"comment_status":"closed","ping_status":"closed","template":"","meta":{"_acf_changed":false,"inline_featured_image":false,"footnotes":""},"class_list":["post-1928","page","type-page","status-publish","has-post-thumbnail","hentry"],"acf":[],"_links":{"self":[{"href":"https:\/\/smf-inc.com\/es\/wp-json\/wp\/v2\/pages\/1928","targetHints":{"allow":["GET"]}}],"collection":[{"href":"https:\/\/smf-inc.com\/es\/wp-json\/wp\/v2\/pages"}],"about":[{"href":"https:\/\/smf-inc.com\/es\/wp-json\/wp\/v2\/types\/page"}],"author":[{"embeddable":true,"href":"https:\/\/smf-inc.com\/es\/wp-json\/wp\/v2\/users\/2"}],"replies":[{"embeddable":true,"href":"https:\/\/smf-inc.com\/es\/wp-json\/wp\/v2\/comments?post=1928"}],"version-history":[{"count":1,"href":"https:\/\/smf-inc.com\/es\/wp-json\/wp\/v2\/pages\/1928\/revisions"}],"predecessor-version":[{"id":1940,"href":"https:\/\/smf-inc.com\/es\/wp-json\/wp\/v2\/pages\/1928\/revisions\/1940"}],"wp:featuredmedia":[{"embeddable":true,"href":"https:\/\/smf-inc.com\/es\/wp-json\/wp\/v2\/media\/1755"}],"wp:attachment":[{"href":"https:\/\/smf-inc.com\/es\/wp-json\/wp\/v2\/media?parent=1928"}],"curies":[{"name":"wp","href":"https:\/\/api.w.org\/{rel}","templated":true}]}}