{"id":1927,"date":"2025-11-04T04:58:15","date_gmt":"2025-11-04T04:58:15","guid":{"rendered":"https:\/\/smf-inc.com\/fabricacion-de-acero-rockford-il\/"},"modified":"2025-11-04T04:58:15","modified_gmt":"2025-11-04T04:58:15","slug":"fabricacion-de-acero-rockford-il","status":"publish","type":"page","link":"https:\/\/smf-inc.com\/es\/fabricacion-de-acero-rockford-il\/","title":{"rendered":"Fabricaci\u00f3n de acero Rockford IL"},"content":{"rendered":"<h3>Para la fabricaci\u00f3n de acero en Rockford IL, recurra a SMF<\/h3>\n<p>Si usted est\u00e1 buscando alta calidad de corte, plegado, conformado, soldadura o cualquier otro tipo de fabricaci\u00f3n de acero en Rockford IL, a su vez a los fabricantes de acero con experiencia en SMF.<\/p>\n<h3>\u00bfQu\u00e9 tipo de experiencia tiene SMF en la fabricaci\u00f3n de acero?<\/h3>\n<p>La fabricaci\u00f3n de acero es el coraz\u00f3n de SMF, por lo que nos sentimos muy orgullosos de la calidad de nuestro trabajo. Creamos productos de acero mediante diversos procesos secundarios de fabricaci\u00f3n de metales, como la soldadura, el conformado y el corte. Estaremos encantados de hablar con usted sobre sus necesidades concretas y lo que podemos ofrecerle. Ll\u00e1menos hoy mismo al 309-432-2586.<\/p>\n<h3>\u00bfQu\u00e9 tipos de opciones de corte de metal existen?<\/h3>\n<p>En SMS, contamos con el personal, el equipo y la experiencia necesarios para ofrecer una gran variedad de m\u00e9todos de corte de metal a medida, incluidos el corte por plasma, el corte por l\u00e1ser y el corte por sierra. Hemos invertido en equipos de gama alta. Nuestro l\u00e1ser m\u00e1s grande tiene una capacidad de corte de 54&#8242; de largo y 12&#8242; de pie. Esto nos permite cortar piezas m\u00e1s grandes y cantidades m\u00e1s elevadas con menos configuraciones, lo que proporciona la m\u00e1xima eficacia. Otros m\u00e9todos de corte que ofrecemos incluyen el corte por plasma, para el que nuestras capacidades son de hasta 13&#8242; por 23&#8242;, y el corte por sierra, para el que nuestras capacidades son de hasta 20&#8243; de di\u00e1metro.<\/p>\n<h3>\u00bfOfrece SMF servicios de conformado de metales?<\/h3>\n<p>Con 240.000 pies cuadrados de instalaciones, disponemos de todo lo necesario para prestar pr\u00e1cticamente cualquier tipo de servicio de fabricaci\u00f3n de acero que pueda imaginar. Soldamos, curvamos, conformamos y ensamblamos componentes de acero seg\u00fan sus especificaciones exactas. Ll\u00e1menos. Hablemos de las necesidades de su empresa.<\/p>\n<h3>\u00bfQu\u00e9 t\u00e9cnicas de uni\u00f3n de metales existen?<\/h3>\n<p>Contamos con un equipo de soldadores profesionales expertos en MIG, TIG y otros tipos de soldadura. Tambi\u00e9n ofrecemos soldadura fuerte y disponemos de una l\u00ednea de soldadores robotizados. Sea cual sea el tipo de uni\u00f3n que necesite, puede contar con SMF para proporcion\u00e1rsela.<\/p>\n<h3>\u00bfTiene SMF experiencia en mi sector?<\/h3>\n<p>Es muy probable que la respuesta sea afirmativa. Trabajamos habitualmente con distintos sectores. Algunas de ellas son:<\/p>\n<ul class=\"col-3\">\n<li>Industrial<\/li>\n<li>Generaci\u00f3n de energ\u00eda<\/li>\n<li>Energ\u00edas renovables<\/li>\n<li>Construcci\u00f3n<\/li>\n<li>Carril<\/li>\n<li>Miner\u00eda<\/li>\n<li>Bomba y compresor<\/li>\n<li>Automatizaci\u00f3n y rob\u00f3tica<\/li>\n<li>Petr\u00f3leo y gas<\/li>\n<li>Agricultura<\/li>\n<li>Aeroespacial<\/li>\n<li>M\u00e9dico<\/li>\n<\/ul>\n<h3>\u00bfOfrece SMF alg\u00fan servicio relacionado con el metal?<\/h3>\n<p>Nuestro objetivo es ser su \u00fanico proveedor de metal. Gracias a nuestro equipo experimentado y profesional y a nuestro equipamiento de primera categor\u00eda, podemos ofrecer una gran variedad de servicios de fabricaci\u00f3n y mecanizado, entre los que se incluyen:<\/p>\n<ul class=\"col-3\">\n<li>Corte por l\u00e1ser<\/li>\n<li>Formando<\/li>\n<li>Recubrimiento en polvo<\/li>\n<li>Montaje<\/li>\n<li>Corte con sierra<\/li>\n<li>Voladura<\/li>\n<li><a href=\"https:\/\/smf-inc.com\/precision-machining-rockford-il\/\">Mecanizado<\/a><\/li>\n<\/ul>\n<h3>\u00bfPor qu\u00e9 elegir SMF?<\/h3>\n<p>En SMF, lo que nos diferencia es nuestra experiencia y nuestros conocimientos. Nuestras ra\u00edces se remontan a 1972, cuando empezamos como una planta de fabricaci\u00f3n de metal en Minonk, IL. Desde entonces, hemos crecido en tama\u00f1o y experiencia y ahora somos una empresa de servicios completos de fabricaci\u00f3n y mecanizado. Estamos orgullosos de ser proveedores de primer nivel de fabricantes de equipos originales. Esto significa que estamos acostumbrados a cumplir sistem\u00e1ticamente las normas de calidad exigidas por nuestros numerosos clientes de la lista Fortune 500. Tanto si nos encarga un trabajo grande como peque\u00f1o, le ofreceremos el mismo nivel de calidad.<\/p>\n<div class=\"left-img\"><img loading=\"lazy\" decoding=\"async\" class=\"alignnone\" src=\"https:\/\/smf-inc.com\/wp-content\/uploads\/2023\/11\/steel-sheet-coils.jpg\" alt=\"Tubos de metal se ven en una f\u00e1brica. SMF realiza la fabricaci\u00f3n de acero en Rockford IL.\" width=\"500\" height=\"350\" title=\"\"><\/div>\n<h3>Ll\u00e1menos para obtener lo mejor en fabricaci\u00f3n de acero.<\/h3>\n<p>\u00bfBusca <a href=\"https:\/\/smf-inc.com\/metal-fabricators-rockford-il\/\">un socio de fabricaci\u00f3n para llevar a cabo la fabricaci\u00f3n de acero de alta calidad<\/a> en Rockford IL o cualquiera de nuestros otros servicios de fabricaci\u00f3n y mecanizado? ll\u00e1manos al <a href=\"tel:3094322586\">309-432-2586<\/a>.<\/p>\n","protected":false},"excerpt":{"rendered":"<p>Para la fabricaci\u00f3n de acero en Rockford IL, recurra a SMF Si usted est\u00e1 buscando alta calidad de corte, plegado, conformado, soldadura o cualquier otro tipo de fabricaci\u00f3n de acero en Rockford IL, a su vez a los fabricantes de acero con experiencia en SMF. \u00bfQu\u00e9 tipo de experiencia tiene SMF en la fabricaci\u00f3n de &hellip; <a href=\"https:\/\/smf-inc.com\/es\/fabricacion-de-acero-rockford-il\/\" class=\"more-link\">Continue reading <span class=\"screen-reader-text\">Fabricaci\u00f3n de acero Rockford IL<\/span><\/a><\/p>\n","protected":false},"author":2,"featured_media":1890,"parent":0,"menu_order":0,"comment_status":"closed","ping_status":"closed","template":"","meta":{"_acf_changed":false,"inline_featured_image":false,"footnotes":""},"class_list":["post-1927","page","type-page","status-publish","has-post-thumbnail","hentry"],"acf":[],"_links":{"self":[{"href":"https:\/\/smf-inc.com\/es\/wp-json\/wp\/v2\/pages\/1927","targetHints":{"allow":["GET"]}}],"collection":[{"href":"https:\/\/smf-inc.com\/es\/wp-json\/wp\/v2\/pages"}],"about":[{"href":"https:\/\/smf-inc.com\/es\/wp-json\/wp\/v2\/types\/page"}],"author":[{"embeddable":true,"href":"https:\/\/smf-inc.com\/es\/wp-json\/wp\/v2\/users\/2"}],"replies":[{"embeddable":true,"href":"https:\/\/smf-inc.com\/es\/wp-json\/wp\/v2\/comments?post=1927"}],"version-history":[{"count":2,"href":"https:\/\/smf-inc.com\/es\/wp-json\/wp\/v2\/pages\/1927\/revisions"}],"predecessor-version":[{"id":2971,"href":"https:\/\/smf-inc.com\/es\/wp-json\/wp\/v2\/pages\/1927\/revisions\/2971"}],"wp:featuredmedia":[{"embeddable":true,"href":"https:\/\/smf-inc.com\/es\/wp-json\/wp\/v2\/media\/1890"}],"wp:attachment":[{"href":"https:\/\/smf-inc.com\/es\/wp-json\/wp\/v2\/media?parent=1927"}],"curies":[{"name":"wp","href":"https:\/\/api.w.org\/{rel}","templated":true}]}}