{"id":1925,"date":"2025-11-04T04:58:08","date_gmt":"2025-11-04T04:58:08","guid":{"rendered":"https:\/\/smf-inc.com\/fabricacion-de-acero-carolina-del-sur\/"},"modified":"2025-11-04T04:58:08","modified_gmt":"2025-11-04T04:58:08","slug":"fabricacion-de-acero-carolina-del-sur","status":"publish","type":"page","link":"https:\/\/smf-inc.com\/es\/fabricacion-de-acero-carolina-del-sur\/","title":{"rendered":"Fabricaci\u00f3n de acero Carolina del Sur"},"content":{"rendered":"<h3>La fabricaci\u00f3n de acero en la que conf\u00eda Carolina del Sur<\/h3>\n<p>Si usted necesita cosas como el corte, plegado, conformado, soldadura y otros tipos de fabricaci\u00f3n de acero en Carolina del Sur, a su vez a los fabricantes de acero con experiencia en SMF.<\/p>\n<h3>\u00bfQu\u00e9 es la fabricaci\u00f3n de acero?<\/h3>\n<p>SMF destaca en el proceso de creaci\u00f3n de productos de acero mediante procesos secundarios de fabricaci\u00f3n de metales como <a href=\"https:\/\/smf-inc.com\/welding-service-south-carolina\/\">soldadura<\/a>, conformado, corte y otros tipos de fabricaci\u00f3n de acero.<\/p>\n<h3>\u00bfQu\u00e9 m\u00e9todos de corte de metal ofrece SMS?<\/h3>\n<p>Los tipos de corte que realizamos incluyen el <a href=\"https:\/\/smf-inc.com\/laser-cutting-south-carolina\/\">corte por l\u00e1ser<\/a>, el corte por plasma y el corte por sierra. Hemos invertido en una capacidad de corte por l\u00e1ser de 54&#8242; de largo y 12&#8242; de pie, lo que nos permite cortar piezas m\u00e1s grandes y mayores cantidades con menos configuraciones. Nuestras capacidades de corte por plasma son de hasta 13&#8242; por 23&#8242; y nuestras sierras llegan hasta 20&#8243; de di\u00e1metro.<\/p>\n<h3>\u00bfQu\u00e9 m\u00e9todos de conformado de metales existen?<\/h3>\n<p>Podemos doblar, conformar y ensamblar componentes de acero seg\u00fan sus especificaciones.<\/p>\n<h3>\u00bfCu\u00e1les son los m\u00e9todos m\u00e1s comunes de uni\u00f3n de metales?<\/h3>\n<p>Contamos con un equipo de soldadores profesionales expertos en MIG, TIG y otros tipos de soldadura, adem\u00e1s de soldadura fuerte.<\/p>\n<h3>\u00bfEntiende SMF mi sector?<\/h3>\n<p>Trabajamos habitualmente con distintos sectores, entre ellos:<\/p>\n<ul class=\"col-3\">\n<li>Generaci\u00f3n de energ\u00eda<\/li>\n<li>Energ\u00edas renovables<\/li>\n<li>Construcci\u00f3n<\/li>\n<li>Carril<\/li>\n<li>Miner\u00eda<\/li>\n<li>Bomba y compresor<\/li>\n<li>Automatizaci\u00f3n y rob\u00f3tica<\/li>\n<li>Petr\u00f3leo y gas<\/li>\n<li>Agricultura<\/li>\n<li>Aeroespacial<\/li>\n<li>M\u00e9dico<\/li>\n<li>Industrial<\/li>\n<\/ul>\n<h3>\u00bfQu\u00e9 servicios relacionados ofrece SMF?<\/h3>\n<p>Ofrecemos una gama completa de capacidades de fabricaci\u00f3n y mecanizado, lo que nos convierte en un verdadero taller de metalister\u00eda integral. Algunos de nuestros otros tipos de servicios de carpinter\u00eda met\u00e1lica incluyen:<\/p>\n<ul class=\"col-3\">\n<li>Mecanizado<\/li>\n<li>Corte por l\u00e1ser<\/li>\n<li>Formando<\/li>\n<li>Recubrimiento en polvo<\/li>\n<li>Montaje<\/li>\n<li>Corte con sierra<\/li>\n<li>Voladura<\/li>\n<\/ul>\n<h3>\u00bfPor qu\u00e9 elegir SMF?<\/h3>\n<p>Fundada en 1972 como una planta de fabricaci\u00f3n de metal, ahora somos una <a href=\"https:\/\/smf-inc.com\/home_slider\/your-one-stop-shop\/\">empresa de fabricaci\u00f3n y mecanizado de servicio completo<\/a> con un total combinado de 240.000 pies cuadrados de espacio en las instalaciones. Somos proveedores de primer nivel de fabricantes de equipos originales, por lo que estamos acostumbrados a cumplir las normas de calidad exigidas por nuestros numerosos clientes de la lista Fortune 500.<\/p>\n<div class=\"left-img\"><img loading=\"lazy\" decoding=\"async\" class=\"alignnone\" src=\"https:\/\/smf-inc.com\/wp-content\/uploads\/2023\/10\/welding-robots.jpg\" alt=\"Robot de soldadura en funcionamiento. SMF ofrece fabricaci\u00f3n de acero en Carolina del Sur.\" width=\"500\" height=\"350\" title=\"\"><\/div>\n<h3>\u00bfEst\u00e1s preparado para trabajar con SMF?<\/h3>\n<p>Ning\u00fan trabajo es demasiado grande o demasiado peque\u00f1o para nosotros. Si est\u00e1 interesado en nuestra fabricaci\u00f3n de acero en Carolina del Sur, as\u00ed como en nuestros otros servicios de fabricaci\u00f3n y mecanizado, ll\u00e1menos al <a href=\"tel:8642260470\">864-226-0470<\/a>. Tenemos capacidad para atender a clientes de todo Estados Unidos.<\/p>\n","protected":false},"excerpt":{"rendered":"<p>La fabricaci\u00f3n de acero en la que conf\u00eda Carolina del Sur Si usted necesita cosas como el corte, plegado, conformado, soldadura y otros tipos de fabricaci\u00f3n de acero en Carolina del Sur, a su vez a los fabricantes de acero con experiencia en SMF. \u00bfQu\u00e9 es la fabricaci\u00f3n de acero? SMF destaca en el proceso &hellip; <a href=\"https:\/\/smf-inc.com\/es\/fabricacion-de-acero-carolina-del-sur\/\" class=\"more-link\">Continue reading <span class=\"screen-reader-text\">Fabricaci\u00f3n de acero Carolina del Sur<\/span><\/a><\/p>\n","protected":false},"author":2,"featured_media":1801,"parent":0,"menu_order":0,"comment_status":"closed","ping_status":"closed","template":"","meta":{"_acf_changed":false,"inline_featured_image":false,"footnotes":""},"class_list":["post-1925","page","type-page","status-publish","has-post-thumbnail","hentry"],"acf":[],"_links":{"self":[{"href":"https:\/\/smf-inc.com\/es\/wp-json\/wp\/v2\/pages\/1925","targetHints":{"allow":["GET"]}}],"collection":[{"href":"https:\/\/smf-inc.com\/es\/wp-json\/wp\/v2\/pages"}],"about":[{"href":"https:\/\/smf-inc.com\/es\/wp-json\/wp\/v2\/types\/page"}],"author":[{"embeddable":true,"href":"https:\/\/smf-inc.com\/es\/wp-json\/wp\/v2\/users\/2"}],"replies":[{"embeddable":true,"href":"https:\/\/smf-inc.com\/es\/wp-json\/wp\/v2\/comments?post=1925"}],"version-history":[{"count":2,"href":"https:\/\/smf-inc.com\/es\/wp-json\/wp\/v2\/pages\/1925\/revisions"}],"predecessor-version":[{"id":2986,"href":"https:\/\/smf-inc.com\/es\/wp-json\/wp\/v2\/pages\/1925\/revisions\/2986"}],"wp:featuredmedia":[{"embeddable":true,"href":"https:\/\/smf-inc.com\/es\/wp-json\/wp\/v2\/media\/1801"}],"wp:attachment":[{"href":"https:\/\/smf-inc.com\/es\/wp-json\/wp\/v2\/media?parent=1925"}],"curies":[{"name":"wp","href":"https:\/\/api.w.org\/{rel}","templated":true}]}}