{"id":1922,"date":"2023-11-29T12:15:25","date_gmt":"2023-11-29T12:15:25","guid":{"rendered":"https:\/\/smf-inc.com\/montaje-mecanico-greenville-sc\/"},"modified":"2023-11-29T12:15:30","modified_gmt":"2023-11-29T12:15:30","slug":"montaje-mecanico-greenville-sc","status":"publish","type":"page","link":"https:\/\/smf-inc.com\/es\/montaje-mecanico-greenville-sc\/","title":{"rendered":"Montaje mec\u00e1nico Greenville SC"},"content":{"rendered":"<h3>\u00bfBusca Montaje Mec\u00e1nico en Greenville SC?<\/h3>\n<p>Le ofrecemos la s\u00f3lida experiencia en montaje mec\u00e1nico en Greenville SC que est\u00e1 buscando. En SMF, podemos cortarlo, darle forma, soldarlo, revestirlo con pintura en polvo y montarlo, todo bien hecho y a tiempo. Queremos ser su <a href=\"https:\/\/smf-inc.com\/home_slider\/your-one-stop-shop\/\">taller integral de fabricaci\u00f3n y mecanizado de<\/a> metales de confianza.<\/p>\n<h3>\u00bfQu\u00e9 experiencia en montaje mec\u00e1nico tiene SMF?<\/h3>\n<p>SMF cuenta con un equipo experimentado que trabaja en la cadena de montaje, listo para ensamblar cualquiera de los componentes que acabamos de fabricar para usted. Si se necesitan piezas est\u00e1ndar adicionales, no hay problema. Estamos acostumbrados a a\u00f1adir herrajes, juntas y componentes similares. Ofrecemos los siguientes servicios de montaje mec\u00e1nico:<\/p>\n<ul>\n<li><strong>Soldadura<\/strong>: Conf\u00ede en nuestros servicios de soldadura de alta calidad. Adaptamos nuestra oferta a sus necesidades. Ofrecemos soldadura robotizada para grandes trabajos automatizados, y contamos con un equipo de experimentados profesionales de la soldadura para trabajos que requieren el toque humano.<\/li>\n<li><strong>Soldadura<\/strong>: \u00bfSu producto incluye componentes delicados o metales m\u00e1s blandos? Nuestros servicios de soldadura gozan de una excelente reputaci\u00f3n.<\/li>\n<li><strong>Soldadura fuerte<\/strong>: La soldadura fuerte no es lo mismo que la soldadura blanda, pero a veces es la mejor opci\u00f3n para unir dos piezas met\u00e1licas.<\/li>\n<li><strong>Montaje mec\u00e1nico<\/strong>: Podemos ensamblar su producto seg\u00fan sus especificaciones exactas.<\/li>\n<\/ul>\n<h3>\u00bfQu\u00e9 diferencia a SMF de otras empresas de fabricaci\u00f3n de metales?<\/h3>\n<p>Como <a href=\"https:\/\/smf-inc.com\/about-us\/\">proveedor de primer nivel de fabricantes de equipos originales, <\/a>estamos acostumbrados a cumplir las elevad\u00edsimas normas de calidad exigidas por nuestros numerosos clientes de la lista Fortune 500. Hemos cultivado la reputaci\u00f3n de cumplir estas normas con todas las personas con las que trabajamos. As\u00ed que tanto si es una peque\u00f1a empresa como una multinacional, puede esperar que su trabajo, grande o peque\u00f1o, se gestione exactamente igual. Queremos ser la empresa a la que siempre recurra para la fabricaci\u00f3n de metal de alta calidad y la fabricaci\u00f3n relacionada.<\/p>\n<h3>\u00bfQu\u00e9 hace de SMF un taller integral de fabricaci\u00f3n de metal?<\/h3>\n<p>Ofrecemos nuestros servicios de dise\u00f1o, producci\u00f3n y montaje con el objetivo de colaborar con usted en la fabricaci\u00f3n de productos de alta calidad. Trabajar con nosotros es c\u00f3modo y rentable. Ofrecemos una amplia variedad de servicios complementarios y afines de fabricaci\u00f3n de metales y carpinter\u00eda met\u00e1lica para que pueda terminar su trabajo bajo un mismo techo. Algunos de estos servicios son:<\/p>\n<ul class=\"col-2\">\n<li><a href=\"https:\/\/smf-inc.com\/precision-machining-greenville-sc\/\">Mecanizado<\/a><\/li>\n<li><a href=\"https:\/\/smf-inc.com\/laser-cutting-greenville-sc\/\">Corte por l\u00e1ser<\/a><\/li>\n<li>Formando<\/li>\n<li>Recubrimiento en polvo<\/li>\n<li>Montaje<\/li>\n<li>Soldadura<\/li>\n<li>Corte por plasma<\/li>\n<li>Corte con sierra<\/li>\n<li>Voladura<\/li>\n<li>Soldadura<\/li>\n<\/ul>\n<div class=\"left-img\"><img loading=\"lazy\" decoding=\"async\" class=\"alignnone\" src=\"https:\/\/smf-inc.com\/wp-content\/uploads\/2023\/10\/male-industrial-worker.jpg\" alt=\"Un hombre se ve trabajando en una l\u00ednea de montaje. SMF ofrece montaje mec\u00e1nico Greenville SC.\" width=\"500\" height=\"350\" title=\"\"><\/div>\n<h3>\u00bfEst\u00e1s preparado para descubrir las ventajas de trabajar con SMF?<\/h3>\n<p>Estamos listos para servir a sus necesidades de montaje mec\u00e1nico en Greenville SC, as\u00ed como cualquier fabricaci\u00f3n de metales relacionados y las necesidades de mecanizado. Ll\u00e1menos al 864-226-0470. Con sede en Illinois, contamos con un campus adicional en Anderson, S.C. Prestamos servicios a clientes de todo Estados Unidos.<\/p>\n","protected":false},"excerpt":{"rendered":"<p>\u00bfBusca Montaje Mec\u00e1nico en Greenville SC? Le ofrecemos la s\u00f3lida experiencia en montaje mec\u00e1nico en Greenville SC que est\u00e1 buscando. En SMF, podemos cortarlo, darle forma, soldarlo, revestirlo con pintura en polvo y montarlo, todo bien hecho y a tiempo. Queremos ser su taller integral de fabricaci\u00f3n y mecanizado de metales de confianza. \u00bfQu\u00e9 experiencia &hellip; <a href=\"https:\/\/smf-inc.com\/es\/montaje-mecanico-greenville-sc\/\" class=\"more-link\">Continue reading <span class=\"screen-reader-text\">Montaje mec\u00e1nico Greenville SC<\/span><\/a><\/p>\n","protected":false},"author":2,"featured_media":1767,"parent":0,"menu_order":0,"comment_status":"closed","ping_status":"closed","template":"","meta":{"_acf_changed":false,"inline_featured_image":false,"footnotes":""},"class_list":["post-1922","page","type-page","status-publish","has-post-thumbnail","hentry"],"acf":[],"_links":{"self":[{"href":"https:\/\/smf-inc.com\/es\/wp-json\/wp\/v2\/pages\/1922","targetHints":{"allow":["GET"]}}],"collection":[{"href":"https:\/\/smf-inc.com\/es\/wp-json\/wp\/v2\/pages"}],"about":[{"href":"https:\/\/smf-inc.com\/es\/wp-json\/wp\/v2\/types\/page"}],"author":[{"embeddable":true,"href":"https:\/\/smf-inc.com\/es\/wp-json\/wp\/v2\/users\/2"}],"replies":[{"embeddable":true,"href":"https:\/\/smf-inc.com\/es\/wp-json\/wp\/v2\/comments?post=1922"}],"version-history":[{"count":1,"href":"https:\/\/smf-inc.com\/es\/wp-json\/wp\/v2\/pages\/1922\/revisions"}],"predecessor-version":[{"id":1943,"href":"https:\/\/smf-inc.com\/es\/wp-json\/wp\/v2\/pages\/1922\/revisions\/1943"}],"wp:featuredmedia":[{"embeddable":true,"href":"https:\/\/smf-inc.com\/es\/wp-json\/wp\/v2\/media\/1767"}],"wp:attachment":[{"href":"https:\/\/smf-inc.com\/es\/wp-json\/wp\/v2\/media?parent=1922"}],"curies":[{"name":"wp","href":"https:\/\/api.w.org\/{rel}","templated":true}]}}