{"id":1921,"date":"2023-11-29T12:15:25","date_gmt":"2023-11-29T12:15:25","guid":{"rendered":"https:\/\/smf-inc.com\/montaje-mecanico-rock-hill-sc\/"},"modified":"2023-11-29T12:15:31","modified_gmt":"2023-11-29T12:15:31","slug":"montaje-mecanico-rock-hill-sc","status":"publish","type":"page","link":"https:\/\/smf-inc.com\/es\/montaje-mecanico-rock-hill-sc\/","title":{"rendered":"Montaje mec\u00e1nico Rock Hill SC"},"content":{"rendered":"<h3>Descubra las ventajas del montaje mec\u00e1nico en Rock Hill SC<\/h3>\n<p>Si est\u00e1 buscando una empresa con s\u00f3lida experiencia en montaje mec\u00e1nico en Rock Hill, SC, su b\u00fasqueda ha terminado. En SMF podemos cortarlo, darle forma, soldarlo, recubrirlo de polvo y montarlo. Le invitamos a que nos convierta en su taller integral de fabricaci\u00f3n y mecanizado de metales.<\/p>\n<h3>\u00bfOfrece SMF montaje mec\u00e1nico?<\/h3>\n<p>SMF cuenta con un experimentado equipo de profesionales que trabajan en nuestra cadena de montaje. Estamos listos para ensamblar los componentes que acabamos de fabricar para usted. Si necesita que le a\u00f1adamos otras piezas, tambi\u00e9n podemos ofrecerle ese servicio. Estamos acostumbrados a a\u00f1adir herrajes, juntas y componentes similares. Algunos de nuestros servicios de montaje mec\u00e1nico incluyen:<\/p>\n<ul>\n<li><strong>Soldadura<\/strong>: Adaptamos nuestra oferta a sus necesidades. Si su trabajo requiere soldadura robotizada, podemos proporcion\u00e1rsela. \u00bfSu trabajo lo realizan mejor los profesionales de la soldadura? Tambi\u00e9n se lo ofrecemos.<\/li>\n<li><strong>Soldadura<\/strong>: Para trabajos que incluyen componentes delicados o metales m\u00e1s blandos, nuestros <a href=\"https:\/\/smf-inc.com\/part-assembly\/\">servicios<\/a> de soldadura son ideales.<\/li>\n<li><strong>Soldadura fuerte<\/strong>: La soldadura fuerte es a veces la mejor opci\u00f3n para unir dos metales. Aunque es algo parecido a la soldadura, no implica la fusi\u00f3n de las dos piezas.<\/li>\n<li><strong>Montaje mec\u00e1nico<\/strong>: Construiremos sus productos seg\u00fan sus especificaciones exactas, utilizando los elementos de fijaci\u00f3n habituales, como pernos, tornillos, tuercas, bisagras, etc., que desee.<\/li>\n<\/ul>\n<h3>\u00bfEn qu\u00e9 se diferencia SMF de otras empresas de fabricaci\u00f3n de metales?<\/h3>\n<p>SMF es un <a href=\"https:\/\/smf-inc.com\/about-us\/\">proveedor de primer nivel para fabricantes de equipos<\/a> originales. Esto significa que muchos de nuestros clientes de Fortune 500 conf\u00edan en nosotros para cumplir sus elevados est\u00e1ndares de calidad. Tanto si es una peque\u00f1a empresa como una multinacional, se beneficiar\u00e1 de nuestros altos niveles de calidad. Valoramos nuestras relaciones con todos nuestros clientes, grandes y peque\u00f1os. Hemos invertido en los equipos y el personal profesional que nos permiten completar los proyectos a tiempo, dentro del presupuesto y con las especificaciones exactas. SMF trabaja duro para construir relaciones de calidad porque queremos ser la empresa a la que recurra para la fabricaci\u00f3n de metal de alta calidad y la fabricaci\u00f3n relacionada.<\/p>\n<h3>\u00bfEs SMF un proveedor integral de metal?<\/h3>\n<p>SMF se enorgullece de ofrecer servicios de dise\u00f1o, producci\u00f3n y montaje. Nuestro objetivo es colaborar con usted en la fabricaci\u00f3n de productos de alta calidad, y lo hacemos de una forma c\u00f3moda y rentable. Podemos satisfacer sus necesidades de una gran variedad de servicios complementarios y relacionados con la fabricaci\u00f3n de metales y la metalister\u00eda. Algunos de estos servicios son:<\/p>\n<ul class=\"col-2\">\n<li>Soldadura<\/li>\n<li>Mecanizado<\/li>\n<li>Corte por l\u00e1ser<\/li>\n<li>Formando<\/li>\n<li>Recubrimiento en polvo<\/li>\n<li>Montaje<\/li>\n<li>Soldadura<\/li>\n<li><a href=\"https:\/\/smf-inc.com\/plasma-cutting-rock-hill-sc\/\">Corte por plasma<\/a><\/li>\n<li>Corte con sierra<\/li>\n<li>Voladura<\/li>\n<\/ul>\n<div class=\"left-img\"><img loading=\"lazy\" decoding=\"async\" class=\"alignnone\" src=\"https:\/\/smf-inc.com\/wp-content\/uploads\/2023\/10\/industrial-worker.jpg\" alt=\"Se ve a un trabajador recogiendo piezas de montaje. SMF se encarga del montaje mec\u00e1nico de Rock Hill SC.\" width=\"500\" height=\"350\" title=\"\"><\/div>\n<h3>Es hora de que su empresa reciba el montaje mec\u00e1nico de alta calidad que necesita.<\/h3>\n<p>SMF est\u00e1 listo para satisfacer sus necesidades de montaje mec\u00e1nico en Rock Hill SC. Tambi\u00e9n podemos satisfacer sus necesidades de fabricaci\u00f3n y mecanizado de metales. Ll\u00e1menos al 864-226-0470. Aunque nuestra sede central est\u00e1 en Illinois, contamos con un campus adicional en Anderson, Carolina del Sur, que nos permite atender a clientes de todo Estados Unidos.<\/p>\n","protected":false},"excerpt":{"rendered":"<p>Descubra las ventajas del montaje mec\u00e1nico en Rock Hill SC Si est\u00e1 buscando una empresa con s\u00f3lida experiencia en montaje mec\u00e1nico en Rock Hill, SC, su b\u00fasqueda ha terminado. En SMF podemos cortarlo, darle forma, soldarlo, recubrirlo de polvo y montarlo. Le invitamos a que nos convierta en su taller integral de fabricaci\u00f3n y mecanizado &hellip; <a href=\"https:\/\/smf-inc.com\/es\/montaje-mecanico-rock-hill-sc\/\" class=\"more-link\">Continue reading <span class=\"screen-reader-text\">Montaje mec\u00e1nico Rock Hill SC<\/span><\/a><\/p>\n","protected":false},"author":2,"featured_media":1774,"parent":0,"menu_order":0,"comment_status":"closed","ping_status":"closed","template":"","meta":{"_acf_changed":false,"inline_featured_image":false,"footnotes":""},"class_list":["post-1921","page","type-page","status-publish","has-post-thumbnail","hentry"],"acf":[],"_links":{"self":[{"href":"https:\/\/smf-inc.com\/es\/wp-json\/wp\/v2\/pages\/1921","targetHints":{"allow":["GET"]}}],"collection":[{"href":"https:\/\/smf-inc.com\/es\/wp-json\/wp\/v2\/pages"}],"about":[{"href":"https:\/\/smf-inc.com\/es\/wp-json\/wp\/v2\/types\/page"}],"author":[{"embeddable":true,"href":"https:\/\/smf-inc.com\/es\/wp-json\/wp\/v2\/users\/2"}],"replies":[{"embeddable":true,"href":"https:\/\/smf-inc.com\/es\/wp-json\/wp\/v2\/comments?post=1921"}],"version-history":[{"count":1,"href":"https:\/\/smf-inc.com\/es\/wp-json\/wp\/v2\/pages\/1921\/revisions"}],"predecessor-version":[{"id":1946,"href":"https:\/\/smf-inc.com\/es\/wp-json\/wp\/v2\/pages\/1921\/revisions\/1946"}],"wp:featuredmedia":[{"embeddable":true,"href":"https:\/\/smf-inc.com\/es\/wp-json\/wp\/v2\/media\/1774"}],"wp:attachment":[{"href":"https:\/\/smf-inc.com\/es\/wp-json\/wp\/v2\/media?parent=1921"}],"curies":[{"name":"wp","href":"https:\/\/api.w.org\/{rel}","templated":true}]}}