{"id":1920,"date":"2023-11-29T12:15:25","date_gmt":"2023-11-29T12:15:25","guid":{"rendered":"https:\/\/smf-inc.com\/montaje-mecanico-carolina-del-sur\/"},"modified":"2023-11-29T12:15:28","modified_gmt":"2023-11-29T12:15:28","slug":"montaje-mecanico-carolina-del-sur","status":"publish","type":"page","link":"https:\/\/smf-inc.com\/es\/montaje-mecanico-carolina-del-sur\/","title":{"rendered":"Montaje mec\u00e1nico Carolina del Sur"},"content":{"rendered":"<h3>\u00bfBusca Montaje Mec\u00e1nico en Carolina del Sur?<\/h3>\n<p>\u00bfBusca una empresa con s\u00f3lida experiencia en montaje mec\u00e1nico en Carolina del Sur? Tenemos su respuesta. En SMF, podemos cortarlo, darle forma, soldarlo, revestirlo con pintura en polvo y ensamblarlo: somos su <a href=\"https:\/\/smf-inc.com\/home_slider\/your-one-stop-shop\/\">taller integral de fabricaci\u00f3n y mecanizado<\/a> de metales.<\/p>\n<h3>\u00bfQu\u00e9 tipos de montaje ofrece SMF?<\/h3>\n<p>SMF cuenta con un equipo de profesionales experimentados que trabajan en la cadena de montaje, listos para ensamblar los componentes que acabamos de fabricar para usted. Tambi\u00e9n podemos a\u00f1adir las piezas que desee. Estamos acostumbrados a a\u00f1adir herrajes, juntas y componentes similares. Tenemos experiencia en estos servicios de montaje mec\u00e1nico:<\/p>\n<ul>\n<li><strong>Soldadura<\/strong>: Nuestros <a href=\"https:\/\/smf-inc.com\/welding-service-south-carolina\/\">servicios de soldadura<\/a> de alta calidad pueden con todo lo que necesite. Adaptamos nuestra oferta a sus necesidades, utilizando soldadura robotizada para grandes trabajos automatizados o soldadura convencional con profesionales de la soldadura para unir piezas o componentes.<\/li>\n<li><strong>Soldadura<\/strong>: Si su producto incluye componentes delicados o metales m\u00e1s blandos, preg\u00fantenos por nuestros servicios de soldadura.<\/li>\n<li><strong>Soldadura fuerte<\/strong>: La soldadura fuerte puede ser la mejor opci\u00f3n para unir dos metales. Es algo parecido a la soldadura, pero no implica la fusi\u00f3n de las dos piezas.<\/li>\n<li><strong>Montaje mec\u00e1nico<\/strong>: Cumpliremos sus especificaciones exactas, utilizando elementos de fijaci\u00f3n tan comunes como pernos, tornillos, tuercas, bisagras, etc. para construir sus productos.<\/li>\n<\/ul>\n<h3>\u00bfQu\u00e9 hace diferente a SMF?<\/h3>\n<p>Como proveedor de primer nivel de fabricantes de equipos originales, nuestros numerosos clientes de la lista Fortune 500 nos exigen altos niveles de calidad. Pero tanto si es una peque\u00f1a empresa como una multinacional, le hacemos extensivas estas mismas normas de calidad. Valoramos las relaciones con todos nuestros clientes y disponemos del equipo y el personal profesional que nos permiten completar sus proyectos a tiempo, dentro del presupuesto y seg\u00fan sus especificaciones exactas. No importa si su proyecto es peque\u00f1o o grande, su satisfacci\u00f3n es lo m\u00e1s importante para nosotros. Los valores de SMF incluyen la atenci\u00f3n al cliente y trabajamos duro para construir relaciones de calidad. Queremos ser la empresa a la que siempre recurra para la fabricaci\u00f3n de metal de alta calidad y la fabricaci\u00f3n relacionada.<\/p>\n<h3>\u00bfQu\u00e9 hace de SMF una ventanilla \u00fanica?<\/h3>\n<p>Ofrecemos dise\u00f1o, producci\u00f3n y montaje de sus productos. Nuestro objetivo es colaborar con usted en la fabricaci\u00f3n de productos de alta calidad de forma c\u00f3moda y rentable. Ofrecemos una variedad de servicios complementarios y relacionados con la fabricaci\u00f3n de metales y la metalister\u00eda, entre los que se incluyen:<\/p>\n<ul class=\"col-2\">\n<li><a href=\"https:\/\/smf-inc.com\/plasma-cutting-south-carolina\/\">Corte por plasma<\/a><\/li>\n<li>Corte con sierra<\/li>\n<li>Voladura<\/li>\n<li>Soldadura<\/li>\n<li>Mecanizado<\/li>\n<li><a href=\"https:\/\/smf-inc.com\/laser-cutting-south-carolina\/\">Corte por l\u00e1ser<\/a><\/li>\n<li>Formando<\/li>\n<li>Recubrimiento en polvo<\/li>\n<li>Montaje<\/li>\n<li>Soldadura<\/li>\n<\/ul>\n<div class=\"left-img\"><img loading=\"lazy\" decoding=\"async\" class=\"alignnone\" src=\"https:\/\/smf-inc.com\/wp-content\/uploads\/2023\/10\/welding-robot.jpg\" alt=\"Una l\u00ednea de montaje se ve en una f\u00e1brica. SMF realiza montaje mec\u00e1nico Carolina del Sur.\" width=\"500\" height=\"350\" title=\"\"><\/div>\n<h3>\u00bfEst\u00e1 preparado para experimentar un montaje mec\u00e1nico de alta calidad?<\/h3>\n<p>Estamos preparados para satisfacer sus necesidades de montaje mec\u00e1nico en Carolina del Sur, as\u00ed como cualquier necesidad relacionada con la fabricaci\u00f3n y el mecanizado de metales. Ll\u00e1menos al <a href=\"tel:8642260470\">864-226-0470<\/a>. Ning\u00fan trabajo es demasiado grande o demasiado peque\u00f1o para nosotros. Nuestra sede central est\u00e1 en Illinois, pero contamos con un campus adicional en Anderson (Carolina del Sur). Prestamos servicios a clientes de todo Estados Unidos.<\/p>\n","protected":false},"excerpt":{"rendered":"<p>\u00bfBusca Montaje Mec\u00e1nico en Carolina del Sur? \u00bfBusca una empresa con s\u00f3lida experiencia en montaje mec\u00e1nico en Carolina del Sur? Tenemos su respuesta. En SMF, podemos cortarlo, darle forma, soldarlo, revestirlo con pintura en polvo y ensamblarlo: somos su taller integral de fabricaci\u00f3n y mecanizado de metales. \u00bfQu\u00e9 tipos de montaje ofrece SMF? SMF cuenta &hellip; <a href=\"https:\/\/smf-inc.com\/es\/montaje-mecanico-carolina-del-sur\/\" class=\"more-link\">Continue reading <span class=\"screen-reader-text\">Montaje mec\u00e1nico Carolina del Sur<\/span><\/a><\/p>\n","protected":false},"author":2,"featured_media":1749,"parent":0,"menu_order":0,"comment_status":"closed","ping_status":"closed","template":"","meta":{"_acf_changed":false,"inline_featured_image":false,"footnotes":""},"class_list":["post-1920","page","type-page","status-publish","has-post-thumbnail","hentry"],"acf":[],"_links":{"self":[{"href":"https:\/\/smf-inc.com\/es\/wp-json\/wp\/v2\/pages\/1920","targetHints":{"allow":["GET"]}}],"collection":[{"href":"https:\/\/smf-inc.com\/es\/wp-json\/wp\/v2\/pages"}],"about":[{"href":"https:\/\/smf-inc.com\/es\/wp-json\/wp\/v2\/types\/page"}],"author":[{"embeddable":true,"href":"https:\/\/smf-inc.com\/es\/wp-json\/wp\/v2\/users\/2"}],"replies":[{"embeddable":true,"href":"https:\/\/smf-inc.com\/es\/wp-json\/wp\/v2\/comments?post=1920"}],"version-history":[{"count":1,"href":"https:\/\/smf-inc.com\/es\/wp-json\/wp\/v2\/pages\/1920\/revisions"}],"predecessor-version":[{"id":1929,"href":"https:\/\/smf-inc.com\/es\/wp-json\/wp\/v2\/pages\/1920\/revisions\/1929"}],"wp:featuredmedia":[{"embeddable":true,"href":"https:\/\/smf-inc.com\/es\/wp-json\/wp\/v2\/media\/1749"}],"wp:attachment":[{"href":"https:\/\/smf-inc.com\/es\/wp-json\/wp\/v2\/media?parent=1920"}],"curies":[{"name":"wp","href":"https:\/\/api.w.org\/{rel}","templated":true}]}}