{"id":1919,"date":"2023-11-29T12:15:25","date_gmt":"2023-11-29T12:15:25","guid":{"rendered":"https:\/\/smf-inc.com\/montaje-mecanico-springfield-il\/"},"modified":"2023-11-29T12:15:29","modified_gmt":"2023-11-29T12:15:29","slug":"montaje-mecanico-springfield-il","status":"publish","type":"page","link":"https:\/\/smf-inc.com\/es\/montaje-mecanico-springfield-il\/","title":{"rendered":"Montaje mec\u00e1nico Springfield IL"},"content":{"rendered":"<h3>\u00bfNecesita ayuda con el montaje mec\u00e1nico en Springfield IL?<\/h3>\n<p>Si est\u00e1 buscando una empresa con s\u00f3lida experiencia en la realizaci\u00f3n de montajes mec\u00e1nicos en Springfield IL, su b\u00fasqueda ha terminado. SMF puede cortarlo, darle forma, soldarlo, recubrirlo de polvo y montarlo.<\/p>\n<h3>\u00bfQu\u00e9 m\u00e9todos de montaje mec\u00e1nico puede proporcionar SMF?<\/h3>\n<p>Nuestros <a href=\"https:\/\/smf-inc.com\/mechanical-assembly-illinois\/\">experimentados trabajadores de la cadena de montaje<\/a> de SMF pueden ensamblar los componentes que acabamos de fabricar para usted. Tambi\u00e9n podemos a\u00f1adir piezas adicionales a los componentes que fabricamos. Si necesita tambi\u00e9n herrajes, juntas y otros componentes, no hay problema. Tenemos experiencia en estos servicios de montaje mec\u00e1nico:<\/p>\n<ul>\n<li><strong>Soldadura<\/strong>: SMF ofrece servicios de soldadura de alta calidad: soldadura robotizada para grandes trabajos automatizados o soldadura convencional con profesionales de la soldadura para unir piezas o componentes.<\/li>\n<li><strong>Soldadura<\/strong>: \u00bfSu producto incluye componentes delicados o metales m\u00e1s blandos? Si el montaje de sus componentes utiliza piezas electr\u00f3nicas o cableado, la soldadura puede ser la elecci\u00f3n correcta.<\/li>\n<li><strong>Soldadura<\/strong> fuerte: Similar a la soldadura, la soldadura fuerte puede unir dos metales. A diferencia de la soldadura, la soldadura fuerte no implica la fusi\u00f3n de las dos piezas.<\/li>\n<li><strong>Montaje mec\u00e1nico<\/strong>: Construimos sus componentes fabricados seg\u00fan sus especificaciones exactas utilizando elementos de fijaci\u00f3n comunes como pernos, tornillos, tuercas, bisagras y cualquier otra pieza que necesite.<\/li>\n<\/ul>\n<h3>\u00bfQu\u00e9 diferencia a SMF de otras tiendas?<\/h3>\n<p>Dado que somos un proveedor de primer nivel para fabricantes de equipos originales, nuestros numerosos clientes de la lista Fortune 500 nos exigen altos niveles de calidad. Nuestra pol\u00edtica es extender estas mismas normas a todos nuestros clientes. Contamos con los equipos y el personal profesional que nos permiten completar sus proyectos a tiempo, dentro del presupuesto y seg\u00fan sus especificaciones exactas. No importa si su proyecto es peque\u00f1o o grande. Hacemos hincapi\u00e9 en la atenci\u00f3n al cliente y la construcci\u00f3n de relaciones de calidad, porque queremos ser la empresa a la que recurrir para cada necesidad de fabricaci\u00f3n de metal.<\/p>\n<h3>\u00bfQu\u00e9 hace de SMF una ventanilla \u00fanica?<\/h3>\n<p>Trabajamos con usted cuando necesita un socio para el dise\u00f1o, la producci\u00f3n y el montaje de sus \u00faltimos productos. Nuestro objetivo es ayudarle a fabricar productos de alta calidad de forma c\u00f3moda y rentable. Por eso ofrecemos una gran variedad de <a href=\"https:\/\/smf-inc.com\/metal-fabricators-springfield-il\/\">servicios relacionados con la fabricaci\u00f3n de metales y la metalister\u00eda<\/a>, entre los que se incluyen:<\/p>\n<ul class=\"col-3\">\n<li>Corte con sierra<\/li>\n<li>Voladura<\/li>\n<li>Soldadura<\/li>\n<li>Mecanizado<\/li>\n<li><a href=\"https:\/\/smf-inc.com\/laser-cutting-springfield-il\/\">Corte por l\u00e1ser<\/a><\/li>\n<li>Formando<\/li>\n<li>Recubrimiento en polvo<\/li>\n<li>Montaje<\/li>\n<li>Corte por plasma<\/li>\n<\/ul>\n<div class=\"left-img\"><img loading=\"lazy\" decoding=\"async\" class=\"alignnone\" src=\"https:\/\/smf-inc.com\/wp-content\/uploads\/2023\/08\/african-american-young-woman-working-at-an-assembly-production-of-water-pumps-at-a-factory.jpg\" alt=\"Se ve a un trabajador realizando montaje mec\u00e1nico. SMF ofrece montaje mec\u00e1nico en Springfield IL.\" width=\"500\" height=\"350\" title=\"\"><\/div>\n<h3>\u00a1Empecemos a colaborar!<\/h3>\n<p>\u00bfListo para utilizar el montaje mec\u00e1nico de SMF en Springfield IL, as\u00ed como nuestros otros servicios de fabricaci\u00f3n y mecanizado? Ll\u00e1menos hoy mismo al <a href=\"tel:3094322586\">309-432-2586<\/a> y empecemos. Ning\u00fan trabajo es demasiado grande o demasiado peque\u00f1o para nosotros. Nuestra sede central est\u00e1 en Illinois, pero contamos con un campus adicional en Anderson (Carolina del Sur), lo que nos permite atender a clientes de todo Estados Unidos.<\/p>\n","protected":false},"excerpt":{"rendered":"<p>\u00bfNecesita ayuda con el montaje mec\u00e1nico en Springfield IL? Si est\u00e1 buscando una empresa con s\u00f3lida experiencia en la realizaci\u00f3n de montajes mec\u00e1nicos en Springfield IL, su b\u00fasqueda ha terminado. SMF puede cortarlo, darle forma, soldarlo, recubrirlo de polvo y montarlo. \u00bfQu\u00e9 m\u00e9todos de montaje mec\u00e1nico puede proporcionar SMF? Nuestros experimentados trabajadores de la cadena &hellip; <a href=\"https:\/\/smf-inc.com\/es\/montaje-mecanico-springfield-il\/\" class=\"more-link\">Continue reading <span class=\"screen-reader-text\">Montaje mec\u00e1nico Springfield IL<\/span><\/a><\/p>\n","protected":false},"author":2,"featured_media":1709,"parent":0,"menu_order":0,"comment_status":"closed","ping_status":"closed","template":"","meta":{"_acf_changed":false,"inline_featured_image":false,"footnotes":""},"class_list":["post-1919","page","type-page","status-publish","has-post-thumbnail","hentry"],"acf":[],"_links":{"self":[{"href":"https:\/\/smf-inc.com\/es\/wp-json\/wp\/v2\/pages\/1919","targetHints":{"allow":["GET"]}}],"collection":[{"href":"https:\/\/smf-inc.com\/es\/wp-json\/wp\/v2\/pages"}],"about":[{"href":"https:\/\/smf-inc.com\/es\/wp-json\/wp\/v2\/types\/page"}],"author":[{"embeddable":true,"href":"https:\/\/smf-inc.com\/es\/wp-json\/wp\/v2\/users\/2"}],"replies":[{"embeddable":true,"href":"https:\/\/smf-inc.com\/es\/wp-json\/wp\/v2\/comments?post=1919"}],"version-history":[{"count":1,"href":"https:\/\/smf-inc.com\/es\/wp-json\/wp\/v2\/pages\/1919\/revisions"}],"predecessor-version":[{"id":1939,"href":"https:\/\/smf-inc.com\/es\/wp-json\/wp\/v2\/pages\/1919\/revisions\/1939"}],"wp:featuredmedia":[{"embeddable":true,"href":"https:\/\/smf-inc.com\/es\/wp-json\/wp\/v2\/media\/1709"}],"wp:attachment":[{"href":"https:\/\/smf-inc.com\/es\/wp-json\/wp\/v2\/media?parent=1919"}],"curies":[{"name":"wp","href":"https:\/\/api.w.org\/{rel}","templated":true}]}}