{"id":1918,"date":"2023-11-29T12:15:25","date_gmt":"2023-11-29T12:15:25","guid":{"rendered":"https:\/\/smf-inc.com\/montaje-mecanico-peoria-il\/"},"modified":"2023-11-29T12:15:28","modified_gmt":"2023-11-29T12:15:28","slug":"montaje-mecanico-peoria-il","status":"publish","type":"page","link":"https:\/\/smf-inc.com\/es\/montaje-mecanico-peoria-il\/","title":{"rendered":"Montaje mec\u00e1nico Peoria IL"},"content":{"rendered":"<h3>\u00bfBusca Montaje Mec\u00e1nico en Peoria IL?<\/h3>\n<p>\u00bfBusca una empresa con s\u00f3lida experiencia en la realizaci\u00f3n de montajes mec\u00e1nicos en Peoria IL? En SMF podemos cortarlo, darle forma, soldarlo, recubrirlo de polvo y montarlo.<\/p>\n<h3>\u00bfQu\u00e9 tipo de montaje puede realizar SMF?<\/h3>\n<p>Los experimentados trabajadores de la cadena de montaje de SMF pueden ensamblar los componentes que acabamos de fabricar para usted y pueden a\u00f1adir piezas adicionales a las piezas que construimos. Podemos a\u00f1adir herrajes, bisagras, juntas, tuercas y tornillos y otros componentes comunes. SMF tiene experiencia en estos servicios de montaje mec\u00e1nico:<\/p>\n<ul>\n<li><strong>Soldadura<\/strong>: Nuestros servicios de soldadura de alta calidad adaptan nuestra oferta a sus necesidades, utilizando soldadura robotizada para grandes trabajos automatizados o soldadura convencional con profesionales de la soldadura. Cons\u00faltenos cu\u00e1l es la mejor estrategia para unir y ensamblar sus componentes.<\/li>\n<li><strong>Soldadura<\/strong>: \u00bfSu producto incluye componentes delicados o metales m\u00e1s blandos? Si el montaje de sus componentes utiliza piezas electr\u00f3nicas o cableado, la soldadura puede ser la mejor opci\u00f3n.<\/li>\n<li><strong>Soldadura<\/strong> fuerte: Similar a la soldadura, la soldadura fuerte une dos metales. Pero, a diferencia de la soldadura, la soldadura fuerte no implica la fusi\u00f3n de las dos piezas. Se a\u00f1ade un metal de aportaci\u00f3n fundido.<\/li>\n<li><strong>Montaje mec\u00e1nico<\/strong>: A\u00f1adiendo fijaciones comunes como pernos, tornillos, tuercas, bisagras, etc. seg\u00fan sea necesario, ensamblamos componentes fabricados seg\u00fan sus especificaciones exactas.<\/li>\n<\/ul>\n<h3>\u00bfQu\u00e9 diferencia a SMF de otras tiendas?<\/h3>\n<p>Dado que SMF es un proveedor de primer nivel para fabricantes de equipos originales, nuestros numerosos clientes de la lista Fortune 500 nos exigen unos elevados niveles de calidad, que hacemos extensivos a todos nuestros clientes, ya sean grandes o peque\u00f1os. Valoramos las relaciones con nuestros clientes y contamos con el equipo y los profesionales que nos permiten completar sus proyectos a tiempo, dentro del presupuesto y seg\u00fan sus especificaciones exactas. Damos prioridad a su satisfacci\u00f3n con cada proyecto de cualquier tama\u00f1o. Nuestra empresa valora la atenci\u00f3n al cliente que ayuda a construir relaciones de calidad. Queremos ser la empresa a la que siempre recurra para <a href=\"https:\/\/smf-inc.com\/metal-fabrication-peoria-il\/\">todas sus necesidades de fabricaci\u00f3n de metal<\/a>.<\/p>\n<h3>\u00bfPueden los clientes considerar SMF su ventanilla \u00fanica?<\/h3>\n<p>Siempre puede confiar en nosotros para el dise\u00f1o, la producci\u00f3n y el montaje de sus productos. Nuestro objetivo es colaborar eficazmente con nuestros clientes para fabricar productos de alta calidad de forma conveniente y ajust\u00e1ndonos a su presupuesto. Para ello, ofrecemos una variedad de <a href=\"https:\/\/smf-inc.com\/our-capabilities\/\">servicios complementarios de fabricaci\u00f3n de metales<\/a>, entre los que se incluyen:<\/p>\n<ul class=\"col-3\">\n<li>Montaje<\/li>\n<li><a href=\"https:\/\/smf-inc.com\/plasma-cutting-peoria-il\/\">Corte por plasma<\/a><\/li>\n<li>Corte con sierra<\/li>\n<li>Voladura<\/li>\n<li>Soldadura<\/li>\n<li>Mecanizado<\/li>\n<li>Corte por l\u00e1ser<\/li>\n<li>Formando<\/li>\n<li>Recubrimiento en polvo<\/li>\n<\/ul>\n<div class=\"left-img\"><img loading=\"lazy\" decoding=\"async\" class=\"alignnone\" src=\"https:\/\/smf-inc.com\/wp-content\/uploads\/2023\/08\/people-working-on-packing-line-in-factory-close-up.jpg\" alt=\"Los trabajos se muestran en una l\u00ednea de montaje. SMF ofrece montaje mec\u00e1nico en Peoria IL.\" width=\"500\" height=\"350\" title=\"\"><\/div>\n<h3>\u00a1Ha llegado la hora de que valgamos juntos!<\/h3>\n<p>\u00bfEst\u00e1 interesado en el montaje mec\u00e1nico en Peoria IL, as\u00ed como en nuestros otros servicios de fabricaci\u00f3n y mecanizado de metales? Ll\u00e1menos al <a href=\"tel:3094322586\">309-432-2586<\/a>. Ning\u00fan trabajo es demasiado grande o demasiado peque\u00f1o para nosotros. Nuestra sede central est\u00e1 en Illinois, pero contamos con un campus adicional en Anderson (Carolina del Sur), lo que nos permite atender a clientes de todo Estados Unidos.<\/p>\n","protected":false},"excerpt":{"rendered":"<p>\u00bfBusca Montaje Mec\u00e1nico en Peoria IL? \u00bfBusca una empresa con s\u00f3lida experiencia en la realizaci\u00f3n de montajes mec\u00e1nicos en Peoria IL? En SMF podemos cortarlo, darle forma, soldarlo, recubrirlo de polvo y montarlo. \u00bfQu\u00e9 tipo de montaje puede realizar SMF? Los experimentados trabajadores de la cadena de montaje de SMF pueden ensamblar los componentes que &hellip; <a href=\"https:\/\/smf-inc.com\/es\/montaje-mecanico-peoria-il\/\" class=\"more-link\">Continue reading <span class=\"screen-reader-text\">Montaje mec\u00e1nico Peoria IL<\/span><\/a><\/p>\n","protected":false},"author":2,"featured_media":1697,"parent":0,"menu_order":0,"comment_status":"closed","ping_status":"closed","template":"","meta":{"_acf_changed":false,"inline_featured_image":false,"footnotes":""},"class_list":["post-1918","page","type-page","status-publish","has-post-thumbnail","hentry"],"acf":[],"_links":{"self":[{"href":"https:\/\/smf-inc.com\/es\/wp-json\/wp\/v2\/pages\/1918","targetHints":{"allow":["GET"]}}],"collection":[{"href":"https:\/\/smf-inc.com\/es\/wp-json\/wp\/v2\/pages"}],"about":[{"href":"https:\/\/smf-inc.com\/es\/wp-json\/wp\/v2\/types\/page"}],"author":[{"embeddable":true,"href":"https:\/\/smf-inc.com\/es\/wp-json\/wp\/v2\/users\/2"}],"replies":[{"embeddable":true,"href":"https:\/\/smf-inc.com\/es\/wp-json\/wp\/v2\/comments?post=1918"}],"version-history":[{"count":1,"href":"https:\/\/smf-inc.com\/es\/wp-json\/wp\/v2\/pages\/1918\/revisions"}],"predecessor-version":[{"id":1926,"href":"https:\/\/smf-inc.com\/es\/wp-json\/wp\/v2\/pages\/1918\/revisions\/1926"}],"wp:featuredmedia":[{"embeddable":true,"href":"https:\/\/smf-inc.com\/es\/wp-json\/wp\/v2\/media\/1697"}],"wp:attachment":[{"href":"https:\/\/smf-inc.com\/es\/wp-json\/wp\/v2\/media?parent=1918"}],"curies":[{"name":"wp","href":"https:\/\/api.w.org\/{rel}","templated":true}]}}