{"id":1917,"date":"2023-11-29T12:15:25","date_gmt":"2023-11-29T12:15:25","guid":{"rendered":"https:\/\/smf-inc.com\/montaje-mecanico-chicago-il\/"},"modified":"2023-11-29T12:15:27","modified_gmt":"2023-11-29T12:15:27","slug":"montaje-mecanico-chicago-il","status":"publish","type":"page","link":"https:\/\/smf-inc.com\/es\/montaje-mecanico-chicago-il\/","title":{"rendered":"Montaje mec\u00e1nico Chicago IL"},"content":{"rendered":"<h3>\u00bfBusca Montaje Mec\u00e1nico en Chicago IL?<\/h3>\n<p>Si busca una empresa con s\u00f3lida experiencia en la realizaci\u00f3n de montajes mec\u00e1nicos en Chicago IL, la ha encontrado. En SMF, nuestro <a href=\"https:\/\/smf-inc.com\/metal-fabrication-chicago-il\/\">taller metal\u00fargico de servicio completo<\/a> ofrece pr\u00e1cticamente todos los servicios de fabricaci\u00f3n de metales y relacionados que pueda imaginar. Podemos cortarlo, darle forma, soldarlo, recubrirlo de polvo y montarlo.<\/p>\n<h3>\u00bfQu\u00e9 servicios de montaje ofrece SMF?<\/h3>\n<p>La cadena de montaje de SMF cuenta con la experiencia y la infraestructura necesarias para ensamblar los componentes que acabamos de fabricar para usted. Si es necesario, tambi\u00e9n podemos a\u00f1adir piezas adicionales a los componentes que fabricamos. Podemos a\u00f1adir herrajes, juntas, bisagras y otros componentes seg\u00fan sea necesario. Nuestros servicios de montaje mec\u00e1nico incluyen:<\/p>\n<ul>\n<li><strong>Soldadura<\/strong>: Estamos orgullosos de nuestros servicios de soldadura de alta calidad. Adaptamos nuestros servicios a sus necesidades. Disponemos de soldadura robotizada para grandes trabajos automatizados o nuestros soldadores profesionales pueden realizar <a href=\"https:\/\/smf-inc.com\/welding-service-chicago-il\/\">soldadura convencional<\/a> para unir piezas o componentes.<\/li>\n<li><strong>Soldadura<\/strong>: Si su producto incluye componentes delicados o metales m\u00e1s blandos, o contiene piezas electr\u00f3nicas o cableado, cons\u00faltenos sobre nuestros servicios completos de soldadura.<\/li>\n<li><strong>Soldadura<\/strong> fuerte: Al igual que la soldadura, la soldadura fuerte puede unir dos componentes met\u00e1licos, pero consiste en a\u00f1adir un metal de aportaci\u00f3n, no en fundir las dos piezas.<\/li>\n<li><strong>Montaje mec\u00e1nico<\/strong>: Podemos construir sus componentes fabricados seg\u00fan sus especificaciones exactas, utilizando elementos de fijaci\u00f3n comunes como tornillos, bisagras, pernos, tuercas, etc.<\/li>\n<\/ul>\n<h3>\u00bfQu\u00e9 diferencia a SMF de otras tiendas?<\/h3>\n<p>Como proveedor de primer nivel de fabricantes de equipos originales, nuestros m\u00faltiples clientes de la lista Fortune 500 nos exigen unos elevados niveles de calidad, que hacemos extensivos a todos nuestros clientes. Valoramos nuestras relaciones con cada cliente que tenemos. Nuestras instalaciones combinan un total de 240.000 pies cuadrados de espacio, lo que nos permite completar su proyecto a tiempo, dentro del presupuesto y a su entera satisfacci\u00f3n. Nuestra empresa valora la atenci\u00f3n al cliente y las relaciones de calidad que establecemos con \u00e9l. Queremos ser la empresa en la que conf\u00ede para todas sus necesidades de fabricaci\u00f3n de metal.<\/p>\n<h3>\u00bfFunciona el SMF como ventanilla \u00fanica?<\/h3>\n<p>Puede recurrir a nosotros para el <a href=\"https:\/\/smf-inc.com\/home_slider\/your-one-stop-shop\/\">dise\u00f1o, la producci\u00f3n y el montaje<\/a> de sus \u00faltimos productos. Dado que nuestro objetivo es colaborar con nuestros clientes en la fabricaci\u00f3n de productos de alta calidad de forma c\u00f3moda y rentable, ofrecemos una gran variedad de servicios relacionados con la fabricaci\u00f3n de metales y la metalister\u00eda, entre los que se incluyen:<\/p>\n<ul class=\"col-3\">\n<li><a href=\"https:\/\/smf-inc.com\/plasma-cutting-chicago-il\/\">Corte por plasma<\/a><\/li>\n<li>Corte con sierra<\/li>\n<li>Voladura<\/li>\n<li>Soldadura<\/li>\n<li>Mecanizado<\/li>\n<li><a href=\"https:\/\/smf-inc.com\/laser-cutting-chicago-il\/\">Corte por l\u00e1ser<\/a><\/li>\n<li>Formando<\/li>\n<li>Recubrimiento en polvo<\/li>\n<li>Montaje<\/li>\n<\/ul>\n<div class=\"left-img\"><img loading=\"lazy\" decoding=\"async\" class=\"alignnone\" src=\"https:\/\/smf-inc.com\/wp-content\/uploads\/2023\/08\/young-industry-employees-work-on-production-line-at-factory.jpg\" alt=\"Una mujer es vista trabajando en una l\u00ednea de ensamblaje. SMF ofrece montaje mec\u00e1nico en Chicago IL.\" width=\"500\" height=\"350\" title=\"\"><\/div>\n<h3>\u00bfEst\u00e1s listo para experimentar la diferencia SMF?<\/h3>\n<p>Si est\u00e1 interesado en el montaje mec\u00e1nico en Illinois, as\u00ed como en nuestros otros servicios de fabricaci\u00f3n y metalurgia, ll\u00e1menos al <a href=\"tel:3094322586\">309-432-2586<\/a>. Nuestra sede central est\u00e1 en Illinois, pero contamos con un campus adicional en Anderson (Carolina del Sur), lo que nos permite atender a clientes de todo Estados Unidos.<\/p>\n","protected":false},"excerpt":{"rendered":"<p>\u00bfBusca Montaje Mec\u00e1nico en Chicago IL? Si busca una empresa con s\u00f3lida experiencia en la realizaci\u00f3n de montajes mec\u00e1nicos en Chicago IL, la ha encontrado. En SMF, nuestro taller metal\u00fargico de servicio completo ofrece pr\u00e1cticamente todos los servicios de fabricaci\u00f3n de metales y relacionados que pueda imaginar. Podemos cortarlo, darle forma, soldarlo, recubrirlo de polvo &hellip; <a href=\"https:\/\/smf-inc.com\/es\/montaje-mecanico-chicago-il\/\" class=\"more-link\">Continue reading <span class=\"screen-reader-text\">Montaje mec\u00e1nico Chicago IL<\/span><\/a><\/p>\n","protected":false},"author":2,"featured_media":1691,"parent":0,"menu_order":0,"comment_status":"closed","ping_status":"closed","template":"","meta":{"_acf_changed":false,"inline_featured_image":false,"footnotes":""},"class_list":["post-1917","page","type-page","status-publish","has-post-thumbnail","hentry"],"acf":[],"_links":{"self":[{"href":"https:\/\/smf-inc.com\/es\/wp-json\/wp\/v2\/pages\/1917","targetHints":{"allow":["GET"]}}],"collection":[{"href":"https:\/\/smf-inc.com\/es\/wp-json\/wp\/v2\/pages"}],"about":[{"href":"https:\/\/smf-inc.com\/es\/wp-json\/wp\/v2\/types\/page"}],"author":[{"embeddable":true,"href":"https:\/\/smf-inc.com\/es\/wp-json\/wp\/v2\/users\/2"}],"replies":[{"embeddable":true,"href":"https:\/\/smf-inc.com\/es\/wp-json\/wp\/v2\/comments?post=1917"}],"version-history":[{"count":1,"href":"https:\/\/smf-inc.com\/es\/wp-json\/wp\/v2\/pages\/1917\/revisions"}],"predecessor-version":[{"id":1924,"href":"https:\/\/smf-inc.com\/es\/wp-json\/wp\/v2\/pages\/1917\/revisions\/1924"}],"wp:featuredmedia":[{"embeddable":true,"href":"https:\/\/smf-inc.com\/es\/wp-json\/wp\/v2\/media\/1691"}],"wp:attachment":[{"href":"https:\/\/smf-inc.com\/es\/wp-json\/wp\/v2\/media?parent=1917"}],"curies":[{"name":"wp","href":"https:\/\/api.w.org\/{rel}","templated":true}]}}