{"id":1916,"date":"2023-11-29T12:15:25","date_gmt":"2023-11-29T12:15:25","guid":{"rendered":"https:\/\/smf-inc.com\/montaje-mecanico-illinois\/"},"modified":"2023-11-29T12:15:26","modified_gmt":"2023-11-29T12:15:26","slug":"montaje-mecanico-illinois","status":"publish","type":"page","link":"https:\/\/smf-inc.com\/es\/montaje-mecanico-illinois\/","title":{"rendered":"Montaje mec\u00e1nico Illinois"},"content":{"rendered":"<h3>\u00bfBusca Montaje Mec\u00e1nico en Illinois?<\/h3>\n<p>\u00bfBusca una empresa con s\u00f3lida experiencia en la realizaci\u00f3n de montajes mec\u00e1nicos en Illinois? En SMF podemos cortarlo, darle forma, soldarlo, recubrirlo de polvo y montarlo.<\/p>\n<h3>\u00bfQu\u00e9 tipo de montaje puede realizar SMF?<\/h3>\n<p>Los experimentados profesionales que trabajan en la cadena de montaje de SMF pueden ensamblar los componentes que acabamos de fabricar para usted o pueden a\u00f1adir piezas adicionales a las piezas que construimos. A menudo a\u00f1adimos herrajes, juntas y otros componentes. Tenemos experiencia en estos servicios de montaje mec\u00e1nico:<\/p>\n<ul class=\"clr\">\n<li><strong>Soldadura<\/strong>: SMF es conocida por sus <a href=\"https:\/\/smf-inc.com\/welding-service-illinois\/\">servicios de soldadura<\/a> de alta calidad. Adaptamos nuestra oferta a sus necesidades, utilizando <a href=\"https:\/\/smf-inc.com\/industry\/automation-robotics\/\">soldadura robotizada para grandes trabajos automatizados<\/a> o soldadura convencional con profesionales de la soldadura para unir piezas o componentes.<\/li>\n<li><strong>Soldadura<\/strong>: \u00bfSu producto incluye componentes delicados o metales m\u00e1s blandos? Si su montaje de componentes utiliza piezas electr\u00f3nicas o cableado, preg\u00fantenos por nuestros servicios de soldadura.<\/li>\n<li><strong>Soldadura<\/strong> fuerte: Al igual que la soldadura, la soldadura fuerte puede unir dos metales. Sin embargo, la soldadura fuerte no implica la fusi\u00f3n de las dos piezas.<\/li>\n<li><strong>Montaje mec\u00e1nico<\/strong>: Utilizamos elementos de fijaci\u00f3n comunes como pernos, tornillos, tuercas, bisagras, etc. para construir sus componentes fabricados seg\u00fan sus especificaciones exactas.<\/li>\n<\/ul>\n<h3>\u00bfQu\u00e9 diferencia a SMF de otras tiendas?<\/h3>\n<p>Somos proveedores de primer nivel de fabricantes de equipos originales y nuestros numerosos clientes de la lista Fortune 500 nos exigen altos niveles de calidad, que hacemos extensivos a todos nuestros clientes. Valoramos las relaciones con nuestros clientes y contamos con el equipo y los profesionales que nos permiten completar sus proyectos a <a href=\"https:\/\/smf-inc.com\/about-us\/\">tiempo, dentro del presupuesto y seg\u00fan sus especificaciones exactas<\/a>. Por eso, independientemente de si su proyecto es peque\u00f1o o grande, damos prioridad a su satisfacci\u00f3n. Los valores de nuestra empresa incluyen la atenci\u00f3n al cliente y el establecimiento de relaciones de calidad. Nuestro objetivo es ser la empresa a la que recurra inmediatamente para cualquier necesidad de fabricaci\u00f3n de metal.<\/p>\n<h3>\u00bfEs SMF una ventanilla \u00fanica?<\/h3>\n<p>Recurra a nosotros para el dise\u00f1o, la producci\u00f3n y el montaje de sus \u00faltimos productos. Dado que nuestro objetivo es colaborar con nuestros clientes en la fabricaci\u00f3n de productos de alta calidad de forma c\u00f3moda y rentable, ofrecemos una variedad de servicios complementarios y relacionados con la fabricaci\u00f3n de metales y la metalister\u00eda, entre los que se incluyen:<\/p>\n<ul class=\"col-3\">\n<li><a href=\"https:\/\/smf-inc.com\/capabilities\/machining\/\">Mecanizado<\/a><\/li>\n<li>Corte por l\u00e1ser<\/li>\n<li>Formando<\/li>\n<li>Recubrimiento en polvo<\/li>\n<li>Montaje<\/li>\n<li><a href=\"https:\/\/smf-inc.com\/plasma-cutting-illinois\/\">Corte por plasma<\/a><\/li>\n<li><a href=\"https:\/\/smf-inc.com\/capabilities\/saw-cutting\/\">Corte con sierra<\/a><\/li>\n<li>Voladura<\/li>\n<li>Soldadura<\/li>\n<\/ul>\n<div class=\"left-img\"><img loading=\"lazy\" decoding=\"async\" class=\"alignnone\" src=\"https:\/\/smf-inc.com\/wp-content\/uploads\/2023\/08\/assembling-cabinet.jpg\" alt=\"Se ve a un trabajador uniendo una pieza met\u00e1lica a otra. SMF ofrece montaje mec\u00e1nico.\" width=\"500\" height=\"350\" title=\"\"><\/div>\n<h3>\u00bfEst\u00e1s preparado para trabajar con SMF?<\/h3>\n<p>Si est\u00e1 interesado en el montaje mec\u00e1nico en Illinois, as\u00ed como en nuestros otros servicios de fabricaci\u00f3n y mecanizado, ll\u00e1menos al <a href=\"tel:3094322586\">309-432-2586<\/a>. Con sede en Illinois, contamos con un campus adicional en Anderson (Carolina del Sur), lo que nos permite dar servicio a clientes de todo Estados Unidos.<\/p>\n","protected":false},"excerpt":{"rendered":"<p>\u00bfBusca Montaje Mec\u00e1nico en Illinois? \u00bfBusca una empresa con s\u00f3lida experiencia en la realizaci\u00f3n de montajes mec\u00e1nicos en Illinois? En SMF podemos cortarlo, darle forma, soldarlo, recubrirlo de polvo y montarlo. \u00bfQu\u00e9 tipo de montaje puede realizar SMF? Los experimentados profesionales que trabajan en la cadena de montaje de SMF pueden ensamblar los componentes que &hellip; <a href=\"https:\/\/smf-inc.com\/es\/montaje-mecanico-illinois\/\" class=\"more-link\">Continue reading <span class=\"screen-reader-text\">Montaje mec\u00e1nico Illinois<\/span><\/a><\/p>\n","protected":false},"author":2,"featured_media":1683,"parent":0,"menu_order":0,"comment_status":"closed","ping_status":"closed","template":"","meta":{"_acf_changed":false,"inline_featured_image":false,"footnotes":""},"class_list":["post-1916","page","type-page","status-publish","has-post-thumbnail","hentry"],"acf":[],"_links":{"self":[{"href":"https:\/\/smf-inc.com\/es\/wp-json\/wp\/v2\/pages\/1916","targetHints":{"allow":["GET"]}}],"collection":[{"href":"https:\/\/smf-inc.com\/es\/wp-json\/wp\/v2\/pages"}],"about":[{"href":"https:\/\/smf-inc.com\/es\/wp-json\/wp\/v2\/types\/page"}],"author":[{"embeddable":true,"href":"https:\/\/smf-inc.com\/es\/wp-json\/wp\/v2\/users\/2"}],"replies":[{"embeddable":true,"href":"https:\/\/smf-inc.com\/es\/wp-json\/wp\/v2\/comments?post=1916"}],"version-history":[{"count":1,"href":"https:\/\/smf-inc.com\/es\/wp-json\/wp\/v2\/pages\/1916\/revisions"}],"predecessor-version":[{"id":1923,"href":"https:\/\/smf-inc.com\/es\/wp-json\/wp\/v2\/pages\/1916\/revisions\/1923"}],"wp:featuredmedia":[{"embeddable":true,"href":"https:\/\/smf-inc.com\/es\/wp-json\/wp\/v2\/media\/1683"}],"wp:attachment":[{"href":"https:\/\/smf-inc.com\/es\/wp-json\/wp\/v2\/media?parent=1916"}],"curies":[{"name":"wp","href":"https:\/\/api.w.org\/{rel}","templated":true}]}}