{"id":1915,"date":"2023-11-29T12:15:24","date_gmt":"2023-11-29T12:15:24","guid":{"rendered":"https:\/\/smf-inc.com\/montaje-mecanico-rockford-il\/"},"modified":"2023-11-29T12:15:29","modified_gmt":"2023-11-29T12:15:29","slug":"montaje-mecanico-rockford-il","status":"publish","type":"page","link":"https:\/\/smf-inc.com\/es\/montaje-mecanico-rockford-il\/","title":{"rendered":"Montaje mec\u00e1nico Rockford IL"},"content":{"rendered":"<h3>\u00bfBusca Montaje Mec\u00e1nico en Rockford IL?<\/h3>\n<p>SMF es una empresa con una s\u00f3lida experiencia realizando montajes mec\u00e1nicos en Rockford IL, as\u00ed como servicios relacionados y complementarios de fabricaci\u00f3n de metales. En SMF, podemos hacerlo todo por usted: Lo cortamos, lo moldeamos, lo soldamos, lo pintamos y lo montamos.<\/p>\n<h3>\u00bfQu\u00e9 servicios de montaje mec\u00e1nico presta SMF?<\/h3>\n<p>La l\u00ednea de montaje de SMF, atendida por profesionales experimentados, est\u00e1 aqu\u00ed para atender todas sus necesidades de montaje. Podemos ensamblar los componentes que acabamos de fabricar para usted o a\u00f1adir piezas adicionales disponibles en el mercado a cualquiera de las piezas que construimos. Solemos a\u00f1adir herrajes, juntas, bisagras, pernos, tuercas y otros componentes. Nuestra <a href=\"https:\/\/smf-inc.com\/capabilities\/assembly\/\">experiencia en estos servicios de montaje<\/a> mec\u00e1nico incluye<\/p>\n<ul>\n<li><strong>Soldadura<\/strong>: Los <a href=\"https:\/\/smf-inc.com\/plasma-cutting-rockford-il\/\">servicios de soldadura de alta calidad<\/a> de SMF incluyen diversos tipos de soldadura. En funci\u00f3n de sus peticiones y necesidades de producto, utilizaremos soldadura robotizada para trabajos grandes y automatizados o soldadura convencional con profesionales de la soldadura para unir sus piezas o componentes.<\/li>\n<li><strong>Soldadura<\/strong>: Si su producto incluye metales m\u00e1s blandos, componentes delicados, piezas electr\u00f3nicas o cableado, nuestros servicios de soldadura pueden ser la opci\u00f3n m\u00e1s adecuada.<\/li>\n<li><strong>Soldadura<\/strong> fuerte: Similar a la soldadura, la soldadura fuerte puede unir dos metales. En lugar de fundir las dos piezas, utiliza un metal de relleno fundido para unirlas.<\/li>\n<li><strong>Montaje<\/strong> mec\u00e1nico: Podemos satisfacer sus necesidades de montaje mec\u00e1nico, utilizando elementos de fijaci\u00f3n comunes como pernos, tuercas, tornillos, bisagras y otras piezas disponibles para construir sus piezas.<\/li>\n<\/ul>\n<h3>\u00bfQu\u00e9 hace que SMF tenga una experiencia especial?<\/h3>\n<p>Somos proveedores de primer nivel de fabricantes de equipos originales y, como tales, estamos acostumbrados a que nuestros numerosos clientes de la lista Fortune 500 nos exijan unos <a href=\"https:\/\/smf-inc.com\/about-us\/\">niveles de calidad muy elevados<\/a>. Por ello, aplicamos las mismas normas a todos nuestros clientes, ya sean grandes o peque\u00f1os. Valoramos la relaci\u00f3n con nuestros clientes, por lo que dedicamos nuestro personal profesional y nuestros equipos de \u00faltima generaci\u00f3n a asegurarnos de que completamos sus proyectos a tiempo, dentro del presupuesto y seg\u00fan sus especificaciones exactas. Trabajamos duro para ser la empresa en la que conf\u00ede para cualquier necesidad de fabricaci\u00f3n de metal. Los valores de nuestra empresa dan prioridad a la atenci\u00f3n al cliente.<\/p>\n<h3>\u00bfQu\u00e9 hace de SMF un taller integral de fabricaci\u00f3n de metal?<\/h3>\n<p>Puede recurrir a nosotros para el dise\u00f1o, la producci\u00f3n y el montaje de sus \u00faltimos productos. Para cumplir nuestro objetivo de colaborar con nuestros clientes en la fabricaci\u00f3n de productos de alta calidad de forma c\u00f3moda y rentable, ofrecemos una completa gama de servicios relacionados, entre los que se incluyen:<\/p>\n<ul class=\"col-3\">\n<li>Corte por plasma<\/li>\n<li>Corte con sierra<\/li>\n<li>Voladura<\/li>\n<li>Soldadura<\/li>\n<li>Mecanizado<\/li>\n<li>Corte por l\u00e1ser<\/li>\n<li>Formando<\/li>\n<li>Recubrimiento en polvo<\/li>\n<li>Montaje<\/li>\n<\/ul>\n<div class=\"left-img\"><img loading=\"lazy\" decoding=\"async\" class=\"alignnone\" src=\"https:\/\/smf-inc.com\/wp-content\/uploads\/2023\/08\/close-up-of-workers-assembling-press-tools-in-tool-room.jpg\" alt=\"Se ven trabajadores realizando montaje mec\u00e1nico. SMF ofrece montaje mec\u00e1nico en Rockford IL.\" width=\"500\" height=\"350\" title=\"\"><\/div>\n<h3>\u00bfListo para descubrir por qu\u00e9 tantas empresas conf\u00edan en SMF?<\/h3>\n<p>Si est\u00e1 buscando un montaje mec\u00e1nico de calidad en Rockford IL, as\u00ed como nuestros otros servicios de fabricaci\u00f3n y mecanizado, ll\u00e1menos al <a href=\"tel:3094322586\">309-432-2586<\/a>. Ning\u00fan trabajo es demasiado grande o demasiado peque\u00f1o para nosotros. Nuestra sede central est\u00e1 en Illinois, pero contamos con un campus adicional en Anderson (Carolina del Sur), lo que nos permite atender a clientes de todo Estados Unidos.<\/p>\n","protected":false},"excerpt":{"rendered":"<p>\u00bfBusca Montaje Mec\u00e1nico en Rockford IL? SMF es una empresa con una s\u00f3lida experiencia realizando montajes mec\u00e1nicos en Rockford IL, as\u00ed como servicios relacionados y complementarios de fabricaci\u00f3n de metales. En SMF, podemos hacerlo todo por usted: Lo cortamos, lo moldeamos, lo soldamos, lo pintamos y lo montamos. \u00bfQu\u00e9 servicios de montaje mec\u00e1nico presta SMF? &hellip; <a href=\"https:\/\/smf-inc.com\/es\/montaje-mecanico-rockford-il\/\" class=\"more-link\">Continue reading <span class=\"screen-reader-text\">Montaje mec\u00e1nico Rockford IL<\/span><\/a><\/p>\n","protected":false},"author":2,"featured_media":1703,"parent":0,"menu_order":0,"comment_status":"closed","ping_status":"closed","template":"","meta":{"_acf_changed":false,"inline_featured_image":false,"footnotes":""},"class_list":["post-1915","page","type-page","status-publish","has-post-thumbnail","hentry"],"acf":[],"_links":{"self":[{"href":"https:\/\/smf-inc.com\/es\/wp-json\/wp\/v2\/pages\/1915","targetHints":{"allow":["GET"]}}],"collection":[{"href":"https:\/\/smf-inc.com\/es\/wp-json\/wp\/v2\/pages"}],"about":[{"href":"https:\/\/smf-inc.com\/es\/wp-json\/wp\/v2\/types\/page"}],"author":[{"embeddable":true,"href":"https:\/\/smf-inc.com\/es\/wp-json\/wp\/v2\/users\/2"}],"replies":[{"embeddable":true,"href":"https:\/\/smf-inc.com\/es\/wp-json\/wp\/v2\/comments?post=1915"}],"version-history":[{"count":1,"href":"https:\/\/smf-inc.com\/es\/wp-json\/wp\/v2\/pages\/1915\/revisions"}],"predecessor-version":[{"id":1933,"href":"https:\/\/smf-inc.com\/es\/wp-json\/wp\/v2\/pages\/1915\/revisions\/1933"}],"wp:featuredmedia":[{"embeddable":true,"href":"https:\/\/smf-inc.com\/es\/wp-json\/wp\/v2\/media\/1703"}],"wp:attachment":[{"href":"https:\/\/smf-inc.com\/es\/wp-json\/wp\/v2\/media?parent=1915"}],"curies":[{"name":"wp","href":"https:\/\/api.w.org\/{rel}","templated":true}]}}