{"id":1633,"date":"2025-11-04T04:58:02","date_gmt":"2025-11-04T04:58:02","guid":{"rendered":"https:\/\/smf-inc.com\/corte-por-plasma-rock-hill-sc\/"},"modified":"2025-11-04T04:58:02","modified_gmt":"2025-11-04T04:58:02","slug":"corte-por-plasma-rock-hill-sc","status":"publish","type":"page","link":"https:\/\/smf-inc.com\/es\/corte-por-plasma-rock-hill-sc\/","title":{"rendered":"Corte por plasma Rock Hill SC"},"content":{"rendered":"<h3>\u00bfBusca corte por plasma de primera calidad en Rock Hill SC?<\/h3>\n<p>Si usted est\u00e1 buscando corte por plasma de primera clase en Rock Hill SC, no busque m\u00e1s all\u00e1 de SMF. Nuestro equipo de experimentados ingenieros y operadores de plasma est\u00e1 acostumbrado a realizar trabajos grandes y peque\u00f1os en cualquier sector. Adem\u00e1s, somos un taller integral de fabricaci\u00f3n de metales que ofrece servicios relacionados como <a href=\"https:\/\/smf-inc.com\/welding-service-south-carolina\/\">soldadura<\/a>, <a href=\"https:\/\/smf-inc.com\/laser-cutting-south-carolina\/\">corte por l\u00e1ser<\/a> y mecanizado.<\/p>\n<h3>\u00bfC\u00f3mo se compara el corte por plasma con otras tecnolog\u00edas?<\/h3>\n<p>El corte por plasma tambi\u00e9n se conoce como corte por arco de plasma y funciona enviando un arco el\u00e9ctrico a trav\u00e9s de una abertura constre\u00f1ida para formar plasma. No es el \u00fanico m\u00e9todo para cortar metal, pero como es muy vers\u00e1til, preciso y rentable, es la mejor opci\u00f3n para muchos trabajos.<\/p>\n<h3>\u00bfPor qu\u00e9 elegir el corte por plasma en lugar de otros m\u00e9todos?<\/h3>\n<p>Aunque existen otras opciones de corte, como el corte por l\u00e1ser y el corte por sierra, el corte por plasma ofrece ciertas ventajas. Proporciona cortes r\u00e1pidos, precisos, suaves, intrincados y detallados. Como los bordes cortados no suelen requerir ning\u00fan trabajo de acabado adicional, ahorrar\u00e1 tiempo y dinero. El corte por plasma es la mejor opci\u00f3n para muchos trabajos. Otras ventajas son:<\/p>\n<ul>\n<li>A diferencia de las cortadoras l\u00e1ser, las cortadoras de plasma pueden manipular chapas de metal de hasta 1,5 pulgadas de grosor.<\/li>\n<li>Las cortadoras de plasma pueden cortar aluminio, acero al carbono, acero inoxidable, aleaciones de cobre y otros materiales.<\/li>\n<li>Comparado con la mayor\u00eda de las otras opciones de corte, el corte por plasma es rentable.<\/li>\n<li>El corte por plasma es adecuado para cualquier metal conductor.<\/li>\n<\/ul>\n<h3>\u00bfTiene alguna desventaja el corte por plasma?<\/h3>\n<p>El corte por plasma no puede producir un corte tan preciso como un cortador l\u00e1ser. Produce m\u00e1s humos y requiere m\u00e1s cuidado que muchos otros m\u00e9todos de corte.<\/p>\n<h3>\u00bfTiene SMF experiencia en una amplia variedad de sectores?<\/h3>\n<p>Hemos adquirido experiencia en diversos sectores, entre ellos:<\/p>\n<ul class=\"col-3\">\n<li>Miner\u00eda<\/li>\n<li>Bomba y compresor<\/li>\n<li>Automatizaci\u00f3n y rob\u00f3tica<\/li>\n<li>Petr\u00f3leo y gas<\/li>\n<li>Agricultura<\/li>\n<li>Aeroespacial<\/li>\n<li>M\u00e9dico<\/li>\n<li>Industrial<\/li>\n<li>Generaci\u00f3n de energ\u00eda<\/li>\n<li>Energ\u00edas renovables<\/li>\n<li>Construcci\u00f3n<\/li>\n<li>Carril<\/li>\n<\/ul>\n<h3>\u00bfQu\u00e9 servicios relacionados ofrece SMF?<\/h3>\n<p>Queremos ser su taller integral de fabricaci\u00f3n de metal, y estamos seguros de que contamos con el equipo y la experiencia necesarios para prestarle un buen servicio. Nuestras capacidades de fabricaci\u00f3n y mecanizado incluyen<\/p>\n<ul class=\"col-3\">\n<li>Soldadura<\/li>\n<li>Corte con sierra<\/li>\n<li>Voladura<\/li>\n<li>MecanizadoCorte por l\u00e1ser<\/li>\n<li>Formando<\/li>\n<li>Recubrimiento en polvo<\/li>\n<li>Montaje<\/li>\n<\/ul>\n<div class=\"left-img\"><img loading=\"lazy\" decoding=\"async\" class=\"alignnone\" src=\"https:\/\/smf-inc.com\/wp-content\/uploads\/2023\/07\/plasma-sheet-metal-cutting-operator.jpg\" alt=\"Una cortadora de plasma se ve en acci\u00f3n. SMF realiza corte por plasma en Rock Hill SC.\" width=\"500\" height=\"350\" title=\"\"><\/div>\n<h3>Hablemos de lo que podemos hacer por su empresa.<\/h3>\n<p>Si usted est\u00e1 interesado en nuestro corte por plasma en Rock Hill SC, as\u00ed como nuestra gama completa de mecanizado relacionados y servicios de fabricaci\u00f3n, ll\u00e1menos al <a href=\"tel:8642260470\">864-226-0470<\/a> hoy. Nuestra sede central est\u00e1 en Illinois, pero contamos con un campus adicional en Anderson (Carolina del Sur). Prestamos servicio a clientes de todo el pa\u00eds, y ning\u00fan trabajo es demasiado grande o demasiado peque\u00f1o para nosotros.<\/p>\n","protected":false},"excerpt":{"rendered":"<p>\u00bfBusca corte por plasma de primera calidad en Rock Hill SC? Si usted est\u00e1 buscando corte por plasma de primera clase en Rock Hill SC, no busque m\u00e1s all\u00e1 de SMF. Nuestro equipo de experimentados ingenieros y operadores de plasma est\u00e1 acostumbrado a realizar trabajos grandes y peque\u00f1os en cualquier sector. Adem\u00e1s, somos un taller &hellip; <a href=\"https:\/\/smf-inc.com\/es\/corte-por-plasma-rock-hill-sc\/\" class=\"more-link\">Continue reading <span class=\"screen-reader-text\">Corte por plasma Rock Hill SC<\/span><\/a><\/p>\n","protected":false},"author":2,"featured_media":1631,"parent":0,"menu_order":0,"comment_status":"closed","ping_status":"closed","template":"","meta":{"_acf_changed":false,"inline_featured_image":false,"footnotes":""},"class_list":["post-1633","page","type-page","status-publish","has-post-thumbnail","hentry"],"acf":[],"_links":{"self":[{"href":"https:\/\/smf-inc.com\/es\/wp-json\/wp\/v2\/pages\/1633","targetHints":{"allow":["GET"]}}],"collection":[{"href":"https:\/\/smf-inc.com\/es\/wp-json\/wp\/v2\/pages"}],"about":[{"href":"https:\/\/smf-inc.com\/es\/wp-json\/wp\/v2\/types\/page"}],"author":[{"embeddable":true,"href":"https:\/\/smf-inc.com\/es\/wp-json\/wp\/v2\/users\/2"}],"replies":[{"embeddable":true,"href":"https:\/\/smf-inc.com\/es\/wp-json\/wp\/v2\/comments?post=1633"}],"version-history":[{"count":4,"href":"https:\/\/smf-inc.com\/es\/wp-json\/wp\/v2\/pages\/1633\/revisions"}],"predecessor-version":[{"id":3004,"href":"https:\/\/smf-inc.com\/es\/wp-json\/wp\/v2\/pages\/1633\/revisions\/3004"}],"wp:featuredmedia":[{"embeddable":true,"href":"https:\/\/smf-inc.com\/es\/wp-json\/wp\/v2\/media\/1631"}],"wp:attachment":[{"href":"https:\/\/smf-inc.com\/es\/wp-json\/wp\/v2\/media?parent=1633"}],"curies":[{"name":"wp","href":"https:\/\/api.w.org\/{rel}","templated":true}]}}