{"id":1626,"date":"2025-11-04T04:58:03","date_gmt":"2025-11-04T04:58:03","guid":{"rendered":"https:\/\/smf-inc.com\/corte-por-plasma-charleston-sc\/"},"modified":"2025-11-04T04:58:03","modified_gmt":"2025-11-04T04:58:03","slug":"corte-por-plasma-charleston-sc","status":"publish","type":"page","link":"https:\/\/smf-inc.com\/es\/corte-por-plasma-charleston-sc\/","title":{"rendered":"Corte por plasma Charleston SC"},"content":{"rendered":"<h3>\u00bfBusca corte por plasma en Charleston SC?<\/h3>\n<p>Si usted est\u00e1 buscando expertos en corte por plasma en Charleston SC, a su vez a SMF y nuestro equipo de experimentados ingenieros de plasma y los operadores. Contamos con los profesionales y el equipo necesarios para llevar a cabo pr\u00e1cticamente cualquier trabajo de cualquier tama\u00f1o, y tenemos experiencia trabajando con una gran variedad de sectores. Tambi\u00e9n ofrecemos servicios relacionados, como <a href=\"https:\/\/smf-inc.com\/laser-cutting-charleston-sc\/\">corte por l\u00e1ser<\/a>, corte con sierra, <a href=\"https:\/\/smf-inc.com\/welding-service-south-carolina\/\">soldadura<\/a> y mecanizado, lo que nos convierte en un taller integral de fabricaci\u00f3n de metal.<\/p>\n<h3>\u00bfEn qu\u00e9 se diferencia el corte por plasma del corte por l\u00e1ser?<\/h3>\n<p>El corte por plasma tambi\u00e9n se conoce como corte por arco de plasma. Funciona enviando un arco el\u00e9ctrico a trav\u00e9s de una abertura constre\u00f1ida para formar plasma. Es una tecnolog\u00eda r\u00e1pida, eficaz y rentable que realiza cortes precisos en el metal. Puede trabajar con metales m\u00e1s gruesos que una cortadora l\u00e1ser.<\/p>\n<h3>\u00bfPor qu\u00e9 elegir el corte por plasma?<\/h3>\n<p>El corte por plasma proporciona cortes r\u00e1pidos, precisos, suaves, intrincados y detallados que a menudo no requieren ning\u00fan trabajo de acabado adicional, ahorr\u00e1ndole tiempo y dinero. Es la mejor opci\u00f3n para muchos trabajos. Otras ventajas son:<\/p>\n<ul>\n<li>El corte por plasma puede manipular chapas met\u00e1licas de hasta 1,5 pulgadas de grosor. Esto es m\u00e1s grueso de lo que los l\u00e1seres pueden manejar con fiabilidad.<\/li>\n<li>Aluminio, acero al carbono, acero inoxidable, aleaciones de cobre y se prestan bien al corte por plasma.<\/li>\n<li>En comparaci\u00f3n con otras opciones de corte, el corte por plasma es m\u00e1s rentable.<\/li>\n<li>Las cortadoras de plasma pueden cortar cualquier metal conductor.<\/li>\n<\/ul>\n<h3>\u00bfTiene alg\u00fan inconveniente el corte por plasma?<\/h3>\n<p>El corte por plasma no es tan preciso como el corte por l\u00e1ser y produce m\u00e1s humos que muchos otros m\u00e9todos de corte.<\/p>\n<h3>\u00bfEn qu\u00e9 sectores tiene experiencia SMF?<\/h3>\n<p>SMF tiene experiencia en diferentes sectores, entre ellos:<\/p>\n<ul class=\"col-3\">\n<li>Generaci\u00f3n de energ\u00eda<\/li>\n<li>Energ\u00edas renovables<\/li>\n<li>Construcci\u00f3n<\/li>\n<li>Carril<\/li>\n<li>Miner\u00eda<\/li>\n<li>Bomba y compresor<\/li>\n<li>Automatizaci\u00f3n y rob\u00f3tica<\/li>\n<li>Petr\u00f3leo y gas<\/li>\n<li>Agricultura<\/li>\n<li>Aeroespacial<\/li>\n<li>M\u00e9dico<\/li>\n<li>Industrial<\/li>\n<\/ul>\n<h3>\u00bfOfrece SMF servicios relacionados con el mecanizado de metales?<\/h3>\n<p>Adem\u00e1s del corte por plasma, ofrecemos una completa selecci\u00f3n de capacidades de fabricaci\u00f3n y mecanizado, por lo que podemos satisfacer casi cualquier trabajo de mecanizado que pueda necesitar. Algunos de nuestros servicios incluyen:<\/p>\n<ul class=\"col-3\">\n<li>Corte por l\u00e1ser<\/li>\n<li>Soldadura<\/li>\n<li>Formando<\/li>\n<li>Recubrimiento en polvo<\/li>\n<li>Montaje<\/li>\n<li>Corte con sierra<\/li>\n<li>Voladura<\/li>\n<li>Mecanizado<\/li>\n<\/ul>\n<div class=\"left-img\"><img decoding=\"async\" src=\"https:\/\/smf-inc.com\/wp-content\/uploads\/2023\/08\/precise-cut.jpg\" alt=\"Corte por plasma Charleston SC\" title=\"\"><\/div>\n<h3>\u00bfEst\u00e1 preparado para hablar con nosotros sobre lo que podemos hacer por usted?<\/h3>\n<p>Si est\u00e1 interesado en nuestro corte por plasma en Carolina del Sur, as\u00ed como en nuestros servicios relacionados de mecanizado y fabricaci\u00f3n, ll\u00e1menos al <a href=\"tel:8642260470\">864-226-0470<\/a>. Ning\u00fan trabajo es demasiado grande o demasiado peque\u00f1o para nosotros. Nuestra sede central est\u00e1 en Illinois, pero contamos con un campus adicional en Anderson (Carolina del Sur), lo que nos permite trabajar con clientes de todo Estados Unidos.<\/p>\n","protected":false},"excerpt":{"rendered":"<p>\u00bfBusca corte por plasma en Charleston SC? Si usted est\u00e1 buscando expertos en corte por plasma en Charleston SC, a su vez a SMF y nuestro equipo de experimentados ingenieros de plasma y los operadores. Contamos con los profesionales y el equipo necesarios para llevar a cabo pr\u00e1cticamente cualquier trabajo de cualquier tama\u00f1o, y tenemos &hellip; <a href=\"https:\/\/smf-inc.com\/es\/corte-por-plasma-charleston-sc\/\" class=\"more-link\">Continue reading <span class=\"screen-reader-text\">Corte por plasma Charleston SC<\/span><\/a><\/p>\n","protected":false},"author":2,"featured_media":1624,"parent":0,"menu_order":0,"comment_status":"closed","ping_status":"closed","template":"","meta":{"_acf_changed":false,"inline_featured_image":false,"footnotes":""},"class_list":["post-1626","page","type-page","status-publish","has-post-thumbnail","hentry"],"acf":[],"_links":{"self":[{"href":"https:\/\/smf-inc.com\/es\/wp-json\/wp\/v2\/pages\/1626","targetHints":{"allow":["GET"]}}],"collection":[{"href":"https:\/\/smf-inc.com\/es\/wp-json\/wp\/v2\/pages"}],"about":[{"href":"https:\/\/smf-inc.com\/es\/wp-json\/wp\/v2\/types\/page"}],"author":[{"embeddable":true,"href":"https:\/\/smf-inc.com\/es\/wp-json\/wp\/v2\/users\/2"}],"replies":[{"embeddable":true,"href":"https:\/\/smf-inc.com\/es\/wp-json\/wp\/v2\/comments?post=1626"}],"version-history":[{"count":4,"href":"https:\/\/smf-inc.com\/es\/wp-json\/wp\/v2\/pages\/1626\/revisions"}],"predecessor-version":[{"id":3003,"href":"https:\/\/smf-inc.com\/es\/wp-json\/wp\/v2\/pages\/1626\/revisions\/3003"}],"wp:featuredmedia":[{"embeddable":true,"href":"https:\/\/smf-inc.com\/es\/wp-json\/wp\/v2\/media\/1624"}],"wp:attachment":[{"href":"https:\/\/smf-inc.com\/es\/wp-json\/wp\/v2\/media?parent=1626"}],"curies":[{"name":"wp","href":"https:\/\/api.w.org\/{rel}","templated":true}]}}