{"id":1618,"date":"2025-11-04T04:58:03","date_gmt":"2025-11-04T04:58:03","guid":{"rendered":"https:\/\/smf-inc.com\/corte-por-plasma-carolina-del-sur\/"},"modified":"2025-11-04T04:58:03","modified_gmt":"2025-11-04T04:58:03","slug":"corte-por-plasma-carolina-del-sur","status":"publish","type":"page","link":"https:\/\/smf-inc.com\/es\/corte-por-plasma-carolina-del-sur\/","title":{"rendered":"Corte por plasma Carolina del Sur"},"content":{"rendered":"<h3>\u00bfBusca corte por plasma en Carolina del Sur?<\/h3>\n<p>Si necesita una empresa que destaque en el corte por plasma en Carolina del Sur, busque a SMF. Nuestros experimentados ingenieros y operadores de plasma pueden realizar pr\u00e1cticamente cualquier trabajo de cualquier tama\u00f1o. SMF trabaja con una gran variedad de industrias y ofrece servicios relacionados como <a href=\"https:\/\/smf-inc.com\/welding-service-south-carolina\/\">soldadura<\/a>, <a href=\"https:\/\/smf-inc.com\/laser-cutting-south-carolina\/\">corte por l\u00e1ser<\/a> y mecanizado, lo que nos convierte en un taller integral de fabricaci\u00f3n de metal.<\/p>\n<h3>\u00bfQu\u00e9 es el corte por plasma?<\/h3>\n<p>El corte por plasma -tambi\u00e9n conocido como corte por arco de plasma- funciona enviando un arco el\u00e9ctrico a trav\u00e9s de una abertura constre\u00f1ida para formar plasma. El plasma es un cuarto estado de la materia y es distinto del s\u00f3lido, el l\u00edquido y el gas. Es una materia sobrecalentada, y aprovecharla con una cortadora de plasma proporciona una tecnolog\u00eda eficaz y rentable para realizar cortes precisos a trav\u00e9s del metal.<\/p>\n<h3>\u00bfPor qu\u00e9 elegir el corte por plasma?<\/h3>\n<p>Existen otras opciones de corte, como el corte por l\u00e1ser y el corte por sierra, pero el plasma ofrece ciertas ventajas. El corte por plasma proporciona cortes r\u00e1pidos, precisos, suaves, intrincados y detallados. Los bordes cortados no suelen requerir ning\u00fan trabajo de acabado adicional, lo que le ahorra tiempo y dinero. Es la mejor opci\u00f3n para muchos trabajos. Otras ventajas son:<\/p>\n<ul>\n<li>El corte por plasma puede manipular chapas de metal de hasta 2,5 cm de grosor, que es m\u00e1s grueso de lo que el l\u00e1ser puede manipular con fiabilidad.<\/li>\n<li>Las cortadoras de plasma pueden cortar aluminio, acero al carbono, acero inoxidable, aleaciones de cobre y otros materiales.<\/li>\n<li>El corte por plasma es m\u00e1s rentable que la mayor\u00eda de las dem\u00e1s opciones de corte.<\/li>\n<li>El plasma puede cortar cualquier metal conductor.<\/li>\n<\/ul>\n<h3>\u00bfCu\u00e1les son las desventajas del corte por plasma?<\/h3>\n<p>El corte por plasma no es tan preciso como el corte por l\u00e1ser y produce m\u00e1s humos que muchos otros m\u00e9todos de corte.<\/p>\n<h3>\u00bfCon qu\u00e9 tipo de industrias trabaja SMF habitualmente?<\/h3>\n<p>Tenemos experiencia al servicio de distintos sectores, entre ellos:<\/p>\n<ul class=\"col-3\">\n<li>Petr\u00f3leo y gas<\/li>\n<li>Agricultura<\/li>\n<li>Aeroespacial<\/li>\n<li>M\u00e9dico<\/li>\n<li>Industrial<\/li>\n<li>Generaci\u00f3n de energ\u00eda<\/li>\n<li>Energ\u00edas renovables<\/li>\n<li>Construcci\u00f3n<\/li>\n<li>Carril<\/li>\n<li>Miner\u00eda<\/li>\n<li>Bomba y compresor<\/li>\n<li>Automatizaci\u00f3n y rob\u00f3tica<\/li>\n<\/ul>\n<h3>Adem\u00e1s del corte por plasma, \u00bfqu\u00e9 servicios relacionados ofrece SMF?<\/h3>\n<p>Sabemos que nuestros clientes quieren y necesitan opciones, y aprecian nuestra gama de capacidades de fabricaci\u00f3n y mecanizado. Nuestros servicios incluyen:<\/p>\n<ul class=\"col-3\">\n<li>Corte por l\u00e1ser<\/li>\n<li>Formando<\/li>\n<li>Recubrimiento en polvo<\/li>\n<li>Montaje<\/li>\n<li>Corte con sierra<\/li>\n<li>Voladura<\/li>\n<li>Mecanizado<\/li>\n<li>Soldadura<\/li>\n<\/ul>\n<div class=\"left-img\"><img decoding=\"async\" src=\"https:\/\/smf-inc.com\/wp-content\/uploads\/2023\/07\/plasma-sheet-metal-cutting-operator-on-a-rack.jpg\" alt=\"Corte por plasma Carolina del Sur\" data-wp-editing=\"1\" title=\"\"><\/div>\n<h3>Hablemos de lo que SMF puede hacer por usted.<\/h3>\n<p>Ning\u00fan trabajo es demasiado grande o demasiado peque\u00f1o para nosotros. Si est\u00e1 interesado en nuestro corte por plasma en Carolina del Sur, as\u00ed como en nuestros servicios relacionados de mecanizado y fabricaci\u00f3n, ll\u00e1menos al <a href=\"tel:864226047\">864-226-0470<\/a>. Nuestra sede central se encuentra en Illinois, pero contamos con un campus adicional en Anderson, Carolina del Sur, lo que nos permite atender a clientes de todo Estados Unidos.<\/p>\n","protected":false},"excerpt":{"rendered":"<p>\u00bfBusca corte por plasma en Carolina del Sur? Si necesita una empresa que destaque en el corte por plasma en Carolina del Sur, busque a SMF. Nuestros experimentados ingenieros y operadores de plasma pueden realizar pr\u00e1cticamente cualquier trabajo de cualquier tama\u00f1o. SMF trabaja con una gran variedad de industrias y ofrece servicios relacionados como soldadura, &hellip; <a href=\"https:\/\/smf-inc.com\/es\/corte-por-plasma-carolina-del-sur\/\" class=\"more-link\">Continue reading <span class=\"screen-reader-text\">Corte por plasma Carolina del Sur<\/span><\/a><\/p>\n","protected":false},"author":2,"featured_media":1616,"parent":0,"menu_order":0,"comment_status":"closed","ping_status":"closed","template":"","meta":{"_acf_changed":false,"inline_featured_image":false,"footnotes":""},"class_list":["post-1618","page","type-page","status-publish","has-post-thumbnail","hentry"],"acf":[],"_links":{"self":[{"href":"https:\/\/smf-inc.com\/es\/wp-json\/wp\/v2\/pages\/1618","targetHints":{"allow":["GET"]}}],"collection":[{"href":"https:\/\/smf-inc.com\/es\/wp-json\/wp\/v2\/pages"}],"about":[{"href":"https:\/\/smf-inc.com\/es\/wp-json\/wp\/v2\/types\/page"}],"author":[{"embeddable":true,"href":"https:\/\/smf-inc.com\/es\/wp-json\/wp\/v2\/users\/2"}],"replies":[{"embeddable":true,"href":"https:\/\/smf-inc.com\/es\/wp-json\/wp\/v2\/comments?post=1618"}],"version-history":[{"count":4,"href":"https:\/\/smf-inc.com\/es\/wp-json\/wp\/v2\/pages\/1618\/revisions"}],"predecessor-version":[{"id":3002,"href":"https:\/\/smf-inc.com\/es\/wp-json\/wp\/v2\/pages\/1618\/revisions\/3002"}],"wp:featuredmedia":[{"embeddable":true,"href":"https:\/\/smf-inc.com\/es\/wp-json\/wp\/v2\/media\/1616"}],"wp:attachment":[{"href":"https:\/\/smf-inc.com\/es\/wp-json\/wp\/v2\/media?parent=1618"}],"curies":[{"name":"wp","href":"https:\/\/api.w.org\/{rel}","templated":true}]}}