{"id":1577,"date":"2025-11-04T04:57:35","date_gmt":"2025-11-04T04:57:35","guid":{"rendered":"https:\/\/smf-inc.com\/corte-por-plasma-peoria-il\/"},"modified":"2025-11-04T04:57:35","modified_gmt":"2025-11-04T04:57:35","slug":"corte-por-plasma-peoria-il","status":"publish","type":"page","link":"https:\/\/smf-inc.com\/es\/corte-por-plasma-peoria-il\/","title":{"rendered":"Corte por plasma Peoria IL"},"content":{"rendered":"<h3>\u00bfEst\u00e1 buscando una empresa con experiencia en corte por plasma en Peoria IL?<\/h3>\n<p>SMF es altamente confiable para su corte por plasma en Peoria IL. Nuestros experimentados cortadores por plasma pueden realizar cualquier trabajo de cualquier tama\u00f1o, y tenemos experiencia trabajando con una gran variedad de industrias. Adem\u00e1s, ofrecemos servicios relacionados, como soldadura y mecanizado. Consid\u00e9renos su nuevo taller integral de fabricaci\u00f3n y mecanizado de metales.<\/p>\n<h3>\u00bfC\u00f3mo funciona el corte por plasma?<\/h3>\n<p>El plasma es un cuarto estado sobrecalentado de la materia, distinto del s\u00f3lido, el l\u00edquido y el gas. Para cortar el metal, una cortadora de plasma env\u00eda un arco el\u00e9ctrico a trav\u00e9s de una abertura constre\u00f1ida para formar el plasma caliente, lo que proporciona un m\u00e9todo eficaz y rentable de cortar el metal.<\/p>\n<h3>\u00bfCu\u00e1les son las ventajas del corte por plasma?<\/h3>\n<p>Si necesita cortes precisos, suaves, intrincados y detallados, el corte por plasma puede ser la mejor opci\u00f3n para su proyecto. Los bordes cortados no suelen requerir ning\u00fan trabajo de acabado adicional, lo que le ahorra tiempo y dinero. Es la mejor opci\u00f3n en muchos casos. Otras ventajas son:<\/p>\n<ul>\n<li>El corte por plasma es una tecnolog\u00eda que puede cortar l\u00e1minas de metal de hasta 1,5 pulgadas de grosor.<\/li>\n<li>El plasma puede cortar cualquier metal conductor, independientemente de su superficie.<\/li>\n<li>La variedad de metales que puede tratar el corte por plasma incluye acero inoxidable, acero al carbono, aluminio, aleaciones de cobre y otros.<\/li>\n<li>En comparaci\u00f3n con muchas otras opciones, el corte por plasma puede ser m\u00e1s rentable.<\/li>\n<\/ul>\n<h3>\u00bfHay alguna desventaja en el corte por plasma?<\/h3>\n<p>El corte por plasma no sirve para todos los materiales y requiere considerables precauciones de seguridad por el ruido, los humos y la posibilidad de quemaduras. La seguridad es muy importante para nosotros, y nuestros trabajadores son profesionales bien formados.<\/p>\n<h3>\u00bfEn qu\u00e9 sectores tiene experiencia SMF?<\/h3>\n<p>Prestamos servicio a una gran variedad de industrias, entre las que se incluyen:<\/p>\n<ul class=\"col-3\">\n<li>Miner\u00eda<\/li>\n<li>Bomba y compresor<\/li>\n<li>Automatizaci\u00f3n y rob\u00f3tica<\/li>\n<li>Petr\u00f3leo y gas<\/li>\n<li>Agricultura<\/li>\n<li>Aeroespacial<\/li>\n<li>M\u00e9dico<\/li>\n<li>Industrial<\/li>\n<li>Generaci\u00f3n de energ\u00eda<\/li>\n<li>Energ\u00edas renovables<\/li>\n<li>Construcci\u00f3n<\/li>\n<li>Carril<\/li>\n<\/ul>\n<h3>Adem\u00e1s del corte por plasma, \u00bfofrece SMF otro tipo de fabricaci\u00f3n y mecanizado de metales?<\/h3>\n<p>Somos una ventanilla \u00fanica. Algunos de nuestros otros servicios incluyen:<\/p>\n<ul class=\"col-3\">\n<li><a href=\"https:\/\/smf-inc.com\/laser-cutting-peoria-il\/\">Corte por l\u00e1ser<\/a><\/li>\n<li>Mecanizado<\/li>\n<li>Formando<\/li>\n<li>Recubrimiento en polvo<\/li>\n<li>Montaje<\/li>\n<li><a href=\"https:\/\/smf-inc.com\/welding-service-peoria-il\/\">Soldadura<\/a><\/li>\n<li>Corte con sierra<\/li>\n<li>Voladura<\/li>\n<\/ul>\n<div class=\"left-img\"><img loading=\"lazy\" decoding=\"async\" class=\"alignnone\" src=\"https:\/\/smf-inc.com\/wp-content\/uploads\/2023\/06\/plasma-sheet-metal-cutting-operator-on-a-rack-1.jpg\" alt=\"Un operador utiliza un cortador de plasma. SMF ofrece corte por plasma en Peoria IL.\" width=\"500\" height=\"350\" title=\"\"><\/div>\n<h3>Empecemos<\/h3>\n<p>Ning\u00fan trabajo es demasiado grande o demasiado peque\u00f1o para nosotros. Si usted est\u00e1 interesado en nuestro corte por plasma en Peoria IL, o cualquiera de nuestros otros servicios de fabricaci\u00f3n y mecanizado, por favor llame al <a href=\"tel:3094322586\">309-432-2586<\/a>.<\/p>\n","protected":false},"excerpt":{"rendered":"<p>\u00bfEst\u00e1 buscando una empresa con experiencia en corte por plasma en Peoria IL? SMF es altamente confiable para su corte por plasma en Peoria IL. Nuestros experimentados cortadores por plasma pueden realizar cualquier trabajo de cualquier tama\u00f1o, y tenemos experiencia trabajando con una gran variedad de industrias. Adem\u00e1s, ofrecemos servicios relacionados, como soldadura y mecanizado. &hellip; <a href=\"https:\/\/smf-inc.com\/es\/corte-por-plasma-peoria-il\/\" class=\"more-link\">Continue reading <span class=\"screen-reader-text\">Corte por plasma Peoria IL<\/span><\/a><\/p>\n","protected":false},"author":2,"featured_media":1582,"parent":0,"menu_order":0,"comment_status":"closed","ping_status":"closed","template":"","meta":{"_acf_changed":false,"inline_featured_image":false,"footnotes":""},"class_list":["post-1577","page","type-page","status-publish","has-post-thumbnail","hentry"],"acf":[],"_links":{"self":[{"href":"https:\/\/smf-inc.com\/es\/wp-json\/wp\/v2\/pages\/1577","targetHints":{"allow":["GET"]}}],"collection":[{"href":"https:\/\/smf-inc.com\/es\/wp-json\/wp\/v2\/pages"}],"about":[{"href":"https:\/\/smf-inc.com\/es\/wp-json\/wp\/v2\/types\/page"}],"author":[{"embeddable":true,"href":"https:\/\/smf-inc.com\/es\/wp-json\/wp\/v2\/users\/2"}],"replies":[{"embeddable":true,"href":"https:\/\/smf-inc.com\/es\/wp-json\/wp\/v2\/comments?post=1577"}],"version-history":[{"count":3,"href":"https:\/\/smf-inc.com\/es\/wp-json\/wp\/v2\/pages\/1577\/revisions"}],"predecessor-version":[{"id":3082,"href":"https:\/\/smf-inc.com\/es\/wp-json\/wp\/v2\/pages\/1577\/revisions\/3082"}],"wp:featuredmedia":[{"embeddable":true,"href":"https:\/\/smf-inc.com\/es\/wp-json\/wp\/v2\/media\/1582"}],"wp:attachment":[{"href":"https:\/\/smf-inc.com\/es\/wp-json\/wp\/v2\/media?parent=1577"}],"curies":[{"name":"wp","href":"https:\/\/api.w.org\/{rel}","templated":true}]}}