{"id":1573,"date":"2025-11-04T04:57:35","date_gmt":"2025-11-04T04:57:35","guid":{"rendered":"https:\/\/smf-inc.com\/corte-por-plasma-springfield-il\/"},"modified":"2025-11-04T04:57:35","modified_gmt":"2025-11-04T04:57:35","slug":"corte-por-plasma-springfield-il","status":"publish","type":"page","link":"https:\/\/smf-inc.com\/es\/corte-por-plasma-springfield-il\/","title":{"rendered":"Corte por plasma Springfield IL"},"content":{"rendered":"<h3>\u00bfBusca el mejor corte por plasma en Springfield IL?<\/h3>\n<p>SMF ofrece el mejor corte por plasma en Springfield IL. Nuestros cortadores de plasma profesionales tienen una amplia experiencia trabajando con una gran variedad de industrias y ofrecen servicios relacionados, como soldadura y mecanizado. Estamos listos para ser su ventanilla \u00fanica de fabricaci\u00f3n de metal en Springfield IL.<\/p>\n<h3>\u00bfC\u00f3mo funciona el corte por plasma?<\/h3>\n<p>Las cortadoras de plasma env\u00edan un arco el\u00e9ctrico y gas a trav\u00e9s de una abertura constre\u00f1ida para formar plasma. El plasma es un cuarto estado sobrecalentado de la materia, distinto del s\u00f3lido, el l\u00edquido y el gas. Aprovecharlo con una cortadora de plasma proporciona una forma eficaz y rentable de cortar el metal.<\/p>\n<h3>\u00bfPor qu\u00e9 elegir el corte por plasma?<\/h3>\n<p>Si necesita cortes precisos, suaves y detallados, y los necesita con rapidez, el corte por plasma puede ser la elecci\u00f3n adecuada. Como los bordes cortados no suelen requerir ning\u00fan trabajo de acabado adicional, este m\u00e9todo puede ahorrarle tiempo y dinero. Otras ventajas del corte por plasma son<\/p>\n<ul>\n<li>El corte por plasma puede manipular chapas met\u00e1licas de hasta 1,5 pulgadas de grosor.<\/li>\n<li>El corte por plasma funciona con acero al carbono, acero inoxidable, aluminio, aleaciones de cobre y mucho m\u00e1s.<\/li>\n<li>En comparaci\u00f3n con muchas otras opciones, el corte por plasma puede ser un proceso m\u00e1s rentable.<\/li>\n<li>El plasma puede cortar cualquier metal conductor.<\/li>\n<\/ul>\n<h3>\u00bfHay desventajas en el corte por plasma?<\/h3>\n<p>Como ocurre con muchos procedimientos de fabricaci\u00f3n y mecanizado de metales, la seguridad es fundamental. El corte por plasma requiere considerables precauciones de seguridad porque es ruidoso, genera humos y requiere ropa protectora. Contamos con estrictos protocolos de seguridad y nuestros trabajadores son profesionales bien formados.<\/p>\n<h3>\u00bfTiene SMF experiencia en muchos sectores?<\/h3>\n<p>SMF trabaja con muchas industrias diferentes, entre ellas:<\/p>\n<ul class=\"col-3\">\n<li>Agricultura<\/li>\n<li>Aeroespacial<\/li>\n<li>M\u00e9dico<\/li>\n<li>Industrial<\/li>\n<li>Generaci\u00f3n de energ\u00eda<\/li>\n<li>Energ\u00edas renovables<\/li>\n<li>Construcci\u00f3n<\/li>\n<li>Carril<\/li>\n<li>Miner\u00eda<\/li>\n<li>Bomba y compresor<\/li>\n<li>Automatizaci\u00f3n y rob\u00f3tica<\/li>\n<li>Petr\u00f3leo y gas<\/li>\n<\/ul>\n<h3>\u00bfManeja SMF otros servicios de metal adem\u00e1s del corte por plasma?<\/h3>\n<p>Nuestros clientes aprecian nuestra amplia gama de capacidades de fabricaci\u00f3n y mecanizado. Algunos de nuestros servicios relacionados incluyen:<\/p>\n<ul class=\"col-3\">\n<li>Corte con sierra<\/li>\n<li>Voladura<\/li>\n<li>Mecanizado<\/li>\n<li><a href=\"https:\/\/smf-inc.com\/laser-cutting-springfield-il\/\">Corte por l\u00e1ser<\/a><\/li>\n<li>Formando<\/li>\n<li><a href=\"https:\/\/smf-inc.com\/welding-service-illinois\/\">Soldadura<\/a><\/li>\n<li>Recubrimiento en polvo<\/li>\n<li>Montaje<\/li>\n<\/ul>\n<div class=\"left-img\"><img loading=\"lazy\" decoding=\"async\" class=\"alignnone\" src=\"https:\/\/smf-inc.com\/wp-content\/uploads\/2023\/06\/plasma-cutter.jpg\" alt=\"Un cortador de plasma es visto cortando metal. SMF ofrece corte por plasma en Springfield IL.\" width=\"500\" height=\"350\" title=\"\"><\/div>\n<h3>Trabajemos juntos<\/h3>\n<p>Si est\u00e1 interesado en nuestro corte por plasma en Springfield IL, o en cualquiera de nuestros otros servicios de fabricaci\u00f3n y mecanizado, ll\u00e1menos al <a href=\"tel:3094322586\">309-432-2586<\/a>. Nuestra sede central est\u00e1 en Illinois, pero contamos con un campus adicional en Anderson (Carolina del Sur), por lo que damos servicio a clientes de todo Estados Unidos.<\/p>\n","protected":false},"excerpt":{"rendered":"<p>\u00bfBusca el mejor corte por plasma en Springfield IL? SMF ofrece el mejor corte por plasma en Springfield IL. Nuestros cortadores de plasma profesionales tienen una amplia experiencia trabajando con una gran variedad de industrias y ofrecen servicios relacionados, como soldadura y mecanizado. Estamos listos para ser su ventanilla \u00fanica de fabricaci\u00f3n de metal en &hellip; <a href=\"https:\/\/smf-inc.com\/es\/corte-por-plasma-springfield-il\/\" class=\"more-link\">Continue reading <span class=\"screen-reader-text\">Corte por plasma Springfield IL<\/span><\/a><\/p>\n","protected":false},"author":2,"featured_media":1571,"parent":0,"menu_order":0,"comment_status":"closed","ping_status":"closed","template":"","meta":{"_acf_changed":false,"inline_featured_image":false,"footnotes":""},"class_list":["post-1573","page","type-page","status-publish","has-post-thumbnail","hentry"],"acf":[],"_links":{"self":[{"href":"https:\/\/smf-inc.com\/es\/wp-json\/wp\/v2\/pages\/1573","targetHints":{"allow":["GET"]}}],"collection":[{"href":"https:\/\/smf-inc.com\/es\/wp-json\/wp\/v2\/pages"}],"about":[{"href":"https:\/\/smf-inc.com\/es\/wp-json\/wp\/v2\/types\/page"}],"author":[{"embeddable":true,"href":"https:\/\/smf-inc.com\/es\/wp-json\/wp\/v2\/users\/2"}],"replies":[{"embeddable":true,"href":"https:\/\/smf-inc.com\/es\/wp-json\/wp\/v2\/comments?post=1573"}],"version-history":[{"count":3,"href":"https:\/\/smf-inc.com\/es\/wp-json\/wp\/v2\/pages\/1573\/revisions"}],"predecessor-version":[{"id":3083,"href":"https:\/\/smf-inc.com\/es\/wp-json\/wp\/v2\/pages\/1573\/revisions\/3083"}],"wp:featuredmedia":[{"embeddable":true,"href":"https:\/\/smf-inc.com\/es\/wp-json\/wp\/v2\/media\/1571"}],"wp:attachment":[{"href":"https:\/\/smf-inc.com\/es\/wp-json\/wp\/v2\/media?parent=1573"}],"curies":[{"name":"wp","href":"https:\/\/api.w.org\/{rel}","templated":true}]}}