{"id":1568,"date":"2025-11-04T04:57:34","date_gmt":"2025-11-04T04:57:34","guid":{"rendered":"https:\/\/smf-inc.com\/corte-por-plasma-chicago-il\/"},"modified":"2025-11-04T04:57:34","modified_gmt":"2025-11-04T04:57:34","slug":"corte-por-plasma-chicago-il","status":"publish","type":"page","link":"https:\/\/smf-inc.com\/es\/corte-por-plasma-chicago-il\/","title":{"rendered":"Corte por plasma Chicago IL"},"content":{"rendered":"<h3>\u00bfNecesita corte por plasma en Chicago IL?<\/h3>\n<p>Si usted est\u00e1 buscando una empresa con experiencia en la fabricaci\u00f3n de metal y mecanizado para realizar el corte por plasma en Chicago IL, mire a SMF. Como taller integral de fabricaci\u00f3n y mecanizado de metales, podemos realizar trabajos de cualquier envergadura.<\/p>\n<h3>\u00bfC\u00f3mo corta el plasma el metal?<\/h3>\n<p>Las cortadoras de plasma funcionan enviando un arco el\u00e9ctrico y gas a trav\u00e9s de una abertura constre\u00f1ida para formar plasma. El plasma, cuarto estado de la materia distinto del s\u00f3lido, el l\u00edquido y el gas, es una materia sobrecalentada. Combin\u00e1ndolo con una cortadora de plasma se consigue una forma r\u00e1pida y eficaz de cortar metal.<\/p>\n<h3>\u00bfPor qu\u00e9 elegir el corte por plasma?<\/h3>\n<p>Si necesita cortes suaves, detallados y precisos, una cortadora de plasma es una gran elecci\u00f3n. Dado que los bordes del metal cortado con una cortadora de plasma muy a menudo no requieren ning\u00fan trabajo de acabado adicional, es un m\u00e9todo que puede ahorrarle tiempo y dinero. Algunas de las ventajas del corte por plasma son<\/p>\n<ul>\n<li>La variedad de metales que el corte por plasma puede manejar incluye acero al carbono, acero inoxidable, aluminio, aleaciones de cobre y m\u00e1s.<\/li>\n<li>Una cortadora de plasma puede manipular l\u00e1minas de metal de hasta 1,5 pulgadas de grosor.<\/li>\n<li>El corte por plasma es un proceso m\u00e1s rentable que muchas otras opciones.<\/li>\n<li>Las cortadoras de plasma funcionan con cualquier metal conductor.<\/li>\n<\/ul>\n<h3>\u00bfHay desventajas en el corte por plasma?<\/h3>\n<p>La seguridad en la empresa es de suma importancia cuando se trabaja con cortadoras de plasma. Nuestros trabajadores son profesionales bien formados que siguen estrictas normas de seguridad para evitar humos, altos niveles de ruido y el peligro de quemaduras. La seguridad es muy importante para nosotros.<\/p>\n<h3>\u00bfA qu\u00e9 sectores sirve SMF?<\/h3>\n<p>Prestamos servicio a diversos sectores, entre ellos:<\/p>\n<ul class=\"col-3\">\n<li>Miner\u00eda<\/li>\n<li>Bomba y compresor<\/li>\n<li>Automatizaci\u00f3n y rob\u00f3tica<\/li>\n<li>Petr\u00f3leo y gas<\/li>\n<li>Agricultura<\/li>\n<li>Aeroespacial<\/li>\n<li>M\u00e9dico<\/li>\n<li>Industrial<\/li>\n<li>Generaci\u00f3n de energ\u00eda<\/li>\n<li>Energ\u00edas renovables<\/li>\n<li>Construcci\u00f3n<\/li>\n<li>Carril<\/li>\n<\/ul>\n<h3>\u00bfQu\u00e9 servicios complementarios de mecanizado y fabricaci\u00f3n de metales ofrece SMF?<\/h3>\n<p>Somos una ventanilla \u00fanica que puede manejar casi cualquier tipo de fabricaci\u00f3n de metal y mecanizado que pueda necesitar, adem\u00e1s de corte por plasma en Chicago IL. Algunos de nuestros otros servicios incluyen:<\/p>\n<ul class=\"col-3\">\n<li>Corte con sierra<\/li>\n<li><a href=\"https:\/\/smf-inc.com\/precision-machining-chicago-il\/\">Mecanizado<\/a><\/li>\n<li><a href=\"https:\/\/smf-inc.com\/laser-cutting-chicago-il\/\">Corte por l\u00e1ser<\/a><\/li>\n<li>Formando<\/li>\n<li>Recubrimiento en polvo<\/li>\n<li>Montaje<\/li>\n<li>Voladura<\/li>\n<\/ul>\n<div class=\"left-img\"><img loading=\"lazy\" decoding=\"async\" class=\"alignnone\" src=\"https:\/\/smf-inc.com\/wp-content\/uploads\/2023\/06\/plasma-cutter.jpg\" alt=\"Se ve una cortadora de plasma cortando metal. SMF ofrece corte por plasma en Chicago IL.\" width=\"500\" height=\"350\" title=\"\"><\/div>\n<h3>\u00bfListo para empezar?<\/h3>\n<p>Ning\u00fan trabajo es demasiado grande o demasiado peque\u00f1o para nosotros. Si est\u00e1 interesado en nuestro corte por plasma en Chicago IL, as\u00ed como en nuestros otros servicios de fabricaci\u00f3n y mecanizado, ll\u00e1menos al <a href=\"tel:3094322586\">309-432-2586<\/a>. Nuestra sede central est\u00e1 en Illinois, pero contamos con un campus adicional en Anderson (Carolina del Sur), lo que nos permite atender a clientes de todo Estados Unidos.<\/p>\n","protected":false},"excerpt":{"rendered":"<p>\u00bfNecesita corte por plasma en Chicago IL? Si usted est\u00e1 buscando una empresa con experiencia en la fabricaci\u00f3n de metal y mecanizado para realizar el corte por plasma en Chicago IL, mire a SMF. Como taller integral de fabricaci\u00f3n y mecanizado de metales, podemos realizar trabajos de cualquier envergadura. \u00bfC\u00f3mo corta el plasma el metal? &hellip; <a href=\"https:\/\/smf-inc.com\/es\/corte-por-plasma-chicago-il\/\" class=\"more-link\">Continue reading <span class=\"screen-reader-text\">Corte por plasma Chicago IL<\/span><\/a><\/p>\n","protected":false},"author":2,"featured_media":1565,"parent":0,"menu_order":0,"comment_status":"closed","ping_status":"closed","template":"","meta":{"_acf_changed":false,"inline_featured_image":false,"footnotes":""},"class_list":["post-1568","page","type-page","status-publish","has-post-thumbnail","hentry"],"acf":[],"_links":{"self":[{"href":"https:\/\/smf-inc.com\/es\/wp-json\/wp\/v2\/pages\/1568","targetHints":{"allow":["GET"]}}],"collection":[{"href":"https:\/\/smf-inc.com\/es\/wp-json\/wp\/v2\/pages"}],"about":[{"href":"https:\/\/smf-inc.com\/es\/wp-json\/wp\/v2\/types\/page"}],"author":[{"embeddable":true,"href":"https:\/\/smf-inc.com\/es\/wp-json\/wp\/v2\/users\/2"}],"replies":[{"embeddable":true,"href":"https:\/\/smf-inc.com\/es\/wp-json\/wp\/v2\/comments?post=1568"}],"version-history":[{"count":4,"href":"https:\/\/smf-inc.com\/es\/wp-json\/wp\/v2\/pages\/1568\/revisions"}],"predecessor-version":[{"id":3084,"href":"https:\/\/smf-inc.com\/es\/wp-json\/wp\/v2\/pages\/1568\/revisions\/3084"}],"wp:featuredmedia":[{"embeddable":true,"href":"https:\/\/smf-inc.com\/es\/wp-json\/wp\/v2\/media\/1565"}],"wp:attachment":[{"href":"https:\/\/smf-inc.com\/es\/wp-json\/wp\/v2\/media?parent=1568"}],"curies":[{"name":"wp","href":"https:\/\/api.w.org\/{rel}","templated":true}]}}