{"id":1559,"date":"2025-11-04T04:57:36","date_gmt":"2025-11-04T04:57:36","guid":{"rendered":"https:\/\/smf-inc.com\/corte-por-plasma-rockford-il\/"},"modified":"2025-11-04T04:57:36","modified_gmt":"2025-11-04T04:57:36","slug":"corte-por-plasma-rockford-il","status":"publish","type":"page","link":"https:\/\/smf-inc.com\/es\/corte-por-plasma-rockford-il\/","title":{"rendered":"Corte por plasma Rockford IL"},"content":{"rendered":"<h3>\u00bfBusca una tienda que realiza el corte por plasma en Rockford IL?<\/h3>\n<p>\u00bfEst\u00e1 buscando un taller de fabricaci\u00f3n de metal con experiencia en la realizaci\u00f3n de corte por plasma en Rockford IL? \u00a1Bienvenido a SMF! Nuestros muchos a\u00f1os de trabajo con un gran n\u00famero de industrias diferentes nos da la experiencia para manejar su trabajo, ya sea grande o peque\u00f1o.<\/p>\n<h3>\u00bfC\u00f3mo funciona el corte por plasma?<\/h3>\n<p>Imag\u00ednese un arco el\u00e9ctrico y un gas movi\u00e9ndose a trav\u00e9s de una abertura estrecha para formar plasma, un cuarto estado de la materia distinto del s\u00f3lido, el l\u00edquido y el gas. El plasma es una materia sobrecalentada que forma gas ionizado. Cuando lo aprovechamos con un cortador de plasma, corta f\u00e1cilmente el metal.<\/p>\n<h3>\u00bfPor qu\u00e9 elegir el corte por plasma en lugar de otros m\u00e9todos?<\/h3>\n<p>El corte por plasma proporciona cortes precisos y suaves, y lo hace r\u00e1pidamente. Dado que los bordes cortados no suelen requerir ning\u00fan trabajo de acabado adicional, este m\u00e9todo de corte puede ahorrar tiempo y dinero, lo que lo convierte en la mejor opci\u00f3n para muchos trabajos. Otras ventajas del corte por plasma son<\/p>\n<ul>\n<li>Los tipos de metales que el corte por plasma puede cortar incluyen acero al carbono, acero inoxidable, aluminio, aleaciones de cobre y otros.<\/li>\n<li>Podemos cortar chapas de hasta 2,5 cm de grosor.<\/li>\n<li>El corte por plasma es un proceso m\u00e1s rentable que muchas otras opciones.<\/li>\n<li>Las cortadoras de plasma funcionan con cualquier metal conductor.<\/li>\n<\/ul>\n<h3>\u00bfHay alguna desventaja en el corte por plasma?<\/h3>\n<p>El corte por plasma requiere precauciones para realizarse con seguridad, pero nuestros trabajadores son profesionales bien formados y SMF se toma la seguridad muy en serio. Como el proceso es extremadamente ruidoso, nuestros trabajadores llevan protecci\u00f3n auditiva. Para evitar quemaduras, nuestros operarios extreman las precauciones y llevan ropa protectora.<\/p>\n<h3>\u00bfCon qu\u00e9 sectores ha trabajado SMF?<\/h3>\n<p>SMF cuenta con muchos a\u00f1os de experiencia al servicio de una amplia variedad de industrias, entre las que se incluyen:<\/p>\n<ul class=\"col-3\">\n<li>Petr\u00f3leo y gas<\/li>\n<li>Agricultura<\/li>\n<li>Aeroespacial<\/li>\n<li>M\u00e9dico<\/li>\n<li>Industrial<\/li>\n<li>Generaci\u00f3n de energ\u00eda<\/li>\n<li>Energ\u00edas renovables<\/li>\n<li>Construcci\u00f3n<\/li>\n<li>Carril<\/li>\n<li>Miner\u00eda<\/li>\n<li>Bomba y compresor<\/li>\n<li>Automatizaci\u00f3n y rob\u00f3tica<\/li>\n<\/ul>\n<h3>\u00bfOfrece SMF servicios complementarios?<\/h3>\n<p>Nuestra gama de capacidades de fabricaci\u00f3n y mecanizado nos convierten en una gran opci\u00f3n en Rockford IL. Algunos de nuestros otros tipos de servicios de carpinter\u00eda met\u00e1lica incluyen:<\/p>\n<ul class=\"col-3\">\n<li>Corte por l\u00e1ser<\/li>\n<li>Formando<\/li>\n<li>Recubrimiento en polvo<\/li>\n<li>Mecanizado<\/li>\n<li>Montaje<\/li>\n<li>Corte con sierra<\/li>\n<li>Voladura<\/li>\n<\/ul>\n<div class=\"left-img\"><img decoding=\"async\" src=\"https:\/\/smf-inc.com\/wp-content\/uploads\/2023\/06\/plasma-cutting-of-steel-on-a-rack-1.jpg\" alt=\"Corte por plasma Rockford IL\" title=\"\"><\/div>\n<h3>Trabajemos juntos<\/h3>\n<p>Si est\u00e1 interesado en nuestro corte por plasma en Rockford IL, as\u00ed como en nuestros otros servicios de fabricaci\u00f3n y mecanizado, ll\u00e1menos al <a href=\"tel:3094322586\">309-432-2586<\/a>. Aunque nuestra sede central est\u00e1 en Illinois, contamos con un campus adicional en Anderson (Carolina del Sur). Prestamos servicios a clientes de todo Estados Unidos.<\/p>\n","protected":false},"excerpt":{"rendered":"<p>\u00bfBusca una tienda que realiza el corte por plasma en Rockford IL? \u00bfEst\u00e1 buscando un taller de fabricaci\u00f3n de metal con experiencia en la realizaci\u00f3n de corte por plasma en Rockford IL? \u00a1Bienvenido a SMF! Nuestros muchos a\u00f1os de trabajo con un gran n\u00famero de industrias diferentes nos da la experiencia para manejar su trabajo, &hellip; <a href=\"https:\/\/smf-inc.com\/es\/corte-por-plasma-rockford-il\/\" class=\"more-link\">Continue reading <span class=\"screen-reader-text\">Corte por plasma Rockford IL<\/span><\/a><\/p>\n","protected":false},"author":2,"featured_media":1557,"parent":0,"menu_order":0,"comment_status":"closed","ping_status":"closed","template":"","meta":{"_acf_changed":false,"inline_featured_image":false,"footnotes":""},"class_list":["post-1559","page","type-page","status-publish","has-post-thumbnail","hentry"],"acf":[],"_links":{"self":[{"href":"https:\/\/smf-inc.com\/es\/wp-json\/wp\/v2\/pages\/1559","targetHints":{"allow":["GET"]}}],"collection":[{"href":"https:\/\/smf-inc.com\/es\/wp-json\/wp\/v2\/pages"}],"about":[{"href":"https:\/\/smf-inc.com\/es\/wp-json\/wp\/v2\/types\/page"}],"author":[{"embeddable":true,"href":"https:\/\/smf-inc.com\/es\/wp-json\/wp\/v2\/users\/2"}],"replies":[{"embeddable":true,"href":"https:\/\/smf-inc.com\/es\/wp-json\/wp\/v2\/comments?post=1559"}],"version-history":[{"count":2,"href":"https:\/\/smf-inc.com\/es\/wp-json\/wp\/v2\/pages\/1559\/revisions"}],"predecessor-version":[{"id":3076,"href":"https:\/\/smf-inc.com\/es\/wp-json\/wp\/v2\/pages\/1559\/revisions\/3076"}],"wp:featuredmedia":[{"embeddable":true,"href":"https:\/\/smf-inc.com\/es\/wp-json\/wp\/v2\/media\/1557"}],"wp:attachment":[{"href":"https:\/\/smf-inc.com\/es\/wp-json\/wp\/v2\/media?parent=1559"}],"curies":[{"name":"wp","href":"https:\/\/api.w.org\/{rel}","templated":true}]}}