{"id":1549,"date":"2025-11-04T04:58:00","date_gmt":"2025-11-04T04:58:00","guid":{"rendered":"https:\/\/smf-inc.com\/corte-por-plasma-illinois\/"},"modified":"2025-11-04T04:58:00","modified_gmt":"2025-11-04T04:58:00","slug":"corte-por-plasma-illinois","status":"publish","type":"page","link":"https:\/\/smf-inc.com\/es\/corte-por-plasma-illinois\/","title":{"rendered":"Corte por plasma Illinois"},"content":{"rendered":"<h3>\u00bfBusca corte por plasma en Illinois?<\/h3>\n<p>Si busca una empresa con experiencia en el corte por plasma en Illinois, recurra a SMF. Nuestros experimentados cortadores por plasma pueden realizar cualquier trabajo de cualquier tama\u00f1o. Tenemos experiencia trabajando con una gran variedad de industrias y ofrecemos servicios relacionados, como soldadura y mecanizado, lo que nos convierte en un taller integral de fabricaci\u00f3n de metal.<\/p>\n<h3>\u00bfQu\u00e9 es el corte por plasma?<\/h3>\n<p>Las cortadoras de plasma funcionan enviando un arco el\u00e9ctrico a trav\u00e9s de una abertura constre\u00f1ida para formar plasma, un cuarto estado de la materia distinto del s\u00f3lido, el l\u00edquido y el gas. El plasma es una materia sobrecalentada, y aprovecharlo con una cortadora de plasma proporciona una tecnolog\u00eda eficaz y rentable para cortar metal.<\/p>\n<h3>\u00bfCu\u00e1les son las ventajas del corte por plasma?<\/h3>\n<p>El corte por plasma proporciona cortes r\u00e1pidos, precisos, suaves, intrincados y detallados. Los bordes cortados no suelen requerir ning\u00fan trabajo de acabado adicional, lo que le ahorra tiempo y dinero. Es la mejor opci\u00f3n para muchos trabajos. Otras ventajas son:<\/p>\n<ul>\n<li>El corte por plasma puede manipular chapas met\u00e1licas de hasta 1,5 pulgadas de grosor.<\/li>\n<li>La variedad de metales que el corte por plasma puede manejar incluye acero al carbono, acero inoxidable, aluminio, aleaciones de cobre y m\u00e1s.<\/li>\n<li>El corte por plasma es un proceso m\u00e1s rentable que otras opciones de corte.<\/li>\n<li>El plasma puede cortar cualquier metal conductor, independientemente de su superficie.<\/li>\n<\/ul>\n<h3>\u00bfCu\u00e1les son las desventajas del corte por plasma?<\/h3>\n<p>El corte por plasma requiere precauciones considerables y produce m\u00e1s humos que muchos otros m\u00e9todos de corte. El proceso es extremadamente ruidoso y requiere protecci\u00f3n auditiva. Para evitar quemaduras, los operarios deben extremar las precauciones y llevar ropa protectora para protegerse de las chispas o part\u00edculas de metal sobrecalentado. La seguridad es muy importante para nosotros, y nuestros trabajadores son profesionales bien formados.<\/p>\n<h3>\u00bfCon qu\u00e9 tipo de industrias trabaja SMF habitualmente?<\/h3>\n<p>Tenemos experiencia al servicio de distintos sectores, entre ellos:<\/p>\n<ul class=\"col-3\">\n<li>Generaci\u00f3n de energ\u00eda<\/li>\n<li>Energ\u00edas renovables<\/li>\n<li>Construcci\u00f3n<\/li>\n<li>Carril<\/li>\n<li>Miner\u00eda<\/li>\n<li>Bomba y compresor<\/li>\n<li>Automatizaci\u00f3n y rob\u00f3tica<\/li>\n<li>Petr\u00f3leo y gas<\/li>\n<li>Agricultura<\/li>\n<li>Aeroespacial<\/li>\n<li>M\u00e9dico<\/li>\n<li>Industrial<\/li>\n<\/ul>\n<h3>\u00bfQu\u00e9 servicios complementarios al corte por plasma ofrece SMF?<\/h3>\n<p>Nuestros clientes aprecian nuestra amplia gama de capacidades de fabricaci\u00f3n y mecanizado. Algunos de nuestros otros tipos de servicios de carpinter\u00eda met\u00e1lica incluyen:<\/p>\n<ul class=\"col-3\">\n<li><a href=\"https:\/\/smf-inc.com\/capabilities\/machining\/\">Mecanizado<\/a><\/li>\n<li>Corte por l\u00e1ser<\/li>\n<li><a href=\"https:\/\/smf-inc.com\/welding-service-illinois\/\">Soldadura<\/a><\/li>\n<li>Formando<\/li>\n<li>Recubrimiento en polvo<\/li>\n<li>Montaje<\/li>\n<li>Corte con sierra<\/li>\n<li>Voladura<\/li>\n<\/ul>\n<div class=\"left-img\"><img loading=\"lazy\" decoding=\"async\" class=\"alignnone\" src=\"https:\/\/smf-inc.com\/wp-content\/uploads\/2023\/06\/plasma-cutting-of-steel-on-a-rack.jpg\" alt=\"Se ve a un operario utilizando una cortadora de plasma. SMF ofrece corte por plasma en Illinois.\" width=\"500\" height=\"350\" title=\"\"><\/div>\n<h3>\u00bfEst\u00e1 preparado para trabajar con nosotros?<\/h3>\n<p>Ning\u00fan trabajo es demasiado grande o demasiado peque\u00f1o para nosotros. Si est\u00e1 interesado en nuestro corte por plasma en Illinois, as\u00ed como en nuestros otros servicios de fabricaci\u00f3n y mecanizado, ll\u00e1menos al <a href=\"tel:3094322586\">309-432-2586<\/a>. Nuestra sede central est\u00e1 en Illinois, pero contamos con un campus adicional en Anderson (Carolina del Sur), lo que nos permite atender a clientes de todo Estados Unidos.<\/p>\n","protected":false},"excerpt":{"rendered":"<p>\u00bfBusca corte por plasma en Illinois? Si busca una empresa con experiencia en el corte por plasma en Illinois, recurra a SMF. Nuestros experimentados cortadores por plasma pueden realizar cualquier trabajo de cualquier tama\u00f1o. Tenemos experiencia trabajando con una gran variedad de industrias y ofrecemos servicios relacionados, como soldadura y mecanizado, lo que nos convierte &hellip; <a href=\"https:\/\/smf-inc.com\/es\/corte-por-plasma-illinois\/\" class=\"more-link\">Continue reading <span class=\"screen-reader-text\">Corte por plasma Illinois<\/span><\/a><\/p>\n","protected":false},"author":2,"featured_media":1547,"parent":0,"menu_order":0,"comment_status":"closed","ping_status":"closed","template":"","meta":{"_acf_changed":false,"inline_featured_image":false,"footnotes":""},"class_list":["post-1549","page","type-page","status-publish","has-post-thumbnail","hentry"],"acf":[],"_links":{"self":[{"href":"https:\/\/smf-inc.com\/es\/wp-json\/wp\/v2\/pages\/1549","targetHints":{"allow":["GET"]}}],"collection":[{"href":"https:\/\/smf-inc.com\/es\/wp-json\/wp\/v2\/pages"}],"about":[{"href":"https:\/\/smf-inc.com\/es\/wp-json\/wp\/v2\/types\/page"}],"author":[{"embeddable":true,"href":"https:\/\/smf-inc.com\/es\/wp-json\/wp\/v2\/users\/2"}],"replies":[{"embeddable":true,"href":"https:\/\/smf-inc.com\/es\/wp-json\/wp\/v2\/comments?post=1549"}],"version-history":[{"count":4,"href":"https:\/\/smf-inc.com\/es\/wp-json\/wp\/v2\/pages\/1549\/revisions"}],"predecessor-version":[{"id":3007,"href":"https:\/\/smf-inc.com\/es\/wp-json\/wp\/v2\/pages\/1549\/revisions\/3007"}],"wp:featuredmedia":[{"embeddable":true,"href":"https:\/\/smf-inc.com\/es\/wp-json\/wp\/v2\/media\/1547"}],"wp:attachment":[{"href":"https:\/\/smf-inc.com\/es\/wp-json\/wp\/v2\/media?parent=1549"}],"curies":[{"name":"wp","href":"https:\/\/api.w.org\/{rel}","templated":true}]}}