{"id":1487,"date":"2023-06-01T10:39:40","date_gmt":"2023-06-01T10:39:40","guid":{"rendered":"https:\/\/smf-inc.com\/servicio-de-soldadura-charleston-sc\/"},"modified":"2023-06-05T14:54:23","modified_gmt":"2023-06-05T14:54:23","slug":"servicio-de-soldadura-charleston-sc","status":"publish","type":"page","link":"https:\/\/smf-inc.com\/es\/servicio-de-soldadura-charleston-sc\/","title":{"rendered":"Servicio de soldadura Charleston SC"},"content":{"rendered":"<h3>\u00bfNecesita servicio de soldadura en Charleston SC?<\/h3>\n<p>Si usted est\u00e1 buscando un servicio profesional de soldadura en Charleston SC, mira a SMF. Nuestro equipo de soldadores certificados realiza habitualmente trabajos grandes y peque\u00f1os. Dado que nuestro equipo tiene una gran experiencia atendiendo a clientes de una gran variedad de sectores y tambi\u00e9n se encarga de otros servicios de fabricaci\u00f3n de metal que complementan nuestra soldadura, puede confiar en nosotros como su proveedor integral.<\/p>\n<h3>\u00bfRealiza SMF todo tipo de soldaduras?<\/h3>\n<p>Nuestros soldadores cualificados y certificados realizan todo tipo de soldaduras, incluidas las TIG (soldadura con gas inerte de tungsteno) y MIG (soldadura con gas inerte met\u00e1lico), as\u00ed como soldaduras por puntos.<\/p>\n<h3>\u00bfExisten servicios de soldadura robotizada?<\/h3>\n<p>La <a href=\"https:\/\/smf-inc.com\/capabilities\/welding\/\">soldadura robotizada<\/a> es ideal para trabajos que requieren soldaduras precisas. Nuestros soldadores profesionales supervisan nuestra soldadura robotizada programable y mecanizada, lo que nos permite realizar un trabajo extremadamente preciso.<\/p>\n<h3>\u00bfTiene SMF experiencia en muchos sectores?<\/h3>\n<p>Tenemos clientes en varios sectores, entre ellos:<\/p>\n<ul class=\"col-3\">\n<li>Aeroespacial<\/li>\n<li>M\u00e9dico<\/li>\n<li>Industrial<\/li>\n<li>Petr\u00f3leo y gas<\/li>\n<li>Agricultura<\/li>\n<li>Generaci\u00f3n de energ\u00eda<\/li>\n<li>Energ\u00edas renovables<\/li>\n<li>Construcci\u00f3n<\/li>\n<li>Carril<\/li>\n<li>Miner\u00eda<\/li>\n<li>Bomba y compresor<\/li>\n<li>Automatizaci\u00f3n y rob\u00f3tica<\/li>\n<\/ul>\n<h3>\u00bfTiene SMF experiencia en la soldadura de piezas y herramientas?<\/h3>\n<p>Soldamos piezas, herramientas y equipos para todo tipo de industrias. Algunos ejemplos de cosas que solemos soldar son:<\/p>\n<ul class=\"col-3\">\n<li>Tuber\u00edas<\/li>\n<li>Columnas met\u00e1licas<\/li>\n<li>Plataformas<\/li>\n<li>Articulaciones<\/li>\n<li>Herramientas<\/li>\n<li>Soportes<\/li>\n<li>Vigas de acero<\/li>\n<li>Marcos met\u00e1licos<\/li>\n<li>Piezas<\/li>\n<\/ul>\n<h3>\u00bfOfrece SMF servicios relacionados con el metal?<\/h3>\n<p>La fabricaci\u00f3n de metales suele requerir servicios met\u00e1licos complementarios. Como expertos en servicios integrales de fabricaci\u00f3n y mecanizado, tambi\u00e9n ofrecemos varios tipos de trabajos en metal, por lo que podemos servirle de ventanilla \u00fanica. Estos servicios incluyen:<\/p>\n<ul class=\"col-3\">\n<li>Mecanizado<\/li>\n<li>Montaje<\/li>\n<li>Corte por plasma<\/li>\n<li>Corte con sierra<\/li>\n<li>Voladura<\/li>\n<li><a href=\"https:\/\/smf-inc.com\/laser-cutting-charleston-sc\/\">Corte por l\u00e1ser<\/a><\/li>\n<li>Formando<\/li>\n<li>Recubrimiento en polvo<\/li>\n<\/ul>\n<p>Tambi\u00e9n vendemos acero.<\/p>\n<div class=\"left-img\"><img loading=\"lazy\" decoding=\"async\" class=\"alignnone\" src=\"https:\/\/smf-inc.com\/wp-content\/uploads\/2023\/06\/man-tig-welding-steel-stock-image.jpg\" alt=\"Un soldador se ve en el trabajo. SMF ofrece servicio de soldadura en Charleston SC.\" width=\"500\" height=\"350\" title=\"\"><\/div>\n<h3>Trabajemos juntos<\/h3>\n<p>Hablemos de lo que nuestro servicio de soldadura en Charleston SC, as\u00ed como nuestros otros servicios de fabricaci\u00f3n y mecanizado, pueden hacer por usted. Ll\u00e1menos hoy mismo al <a href=\"tel:8642260470\">864-226-0470<\/a>. Ning\u00fan trabajo es demasiado grande o demasiado peque\u00f1o para nosotros. Nuestra sede central est\u00e1 en Illinois, pero contamos con un campus adicional en Anderson (Carolina del Sur), lo que nos permite atender a clientes de todo Estados Unidos.<\/p>\n","protected":false},"excerpt":{"rendered":"<p>\u00bfNecesita servicio de soldadura en Charleston SC? Si usted est\u00e1 buscando un servicio profesional de soldadura en Charleston SC, mira a SMF. Nuestro equipo de soldadores certificados realiza habitualmente trabajos grandes y peque\u00f1os. Dado que nuestro equipo tiene una gran experiencia atendiendo a clientes de una gran variedad de sectores y tambi\u00e9n se encarga de &hellip; <a href=\"https:\/\/smf-inc.com\/es\/servicio-de-soldadura-charleston-sc\/\" class=\"more-link\">Continue reading <span class=\"screen-reader-text\">Servicio de soldadura Charleston SC<\/span><\/a><\/p>\n","protected":false},"author":1,"featured_media":1485,"parent":0,"menu_order":0,"comment_status":"closed","ping_status":"closed","template":"","meta":{"_acf_changed":false,"inline_featured_image":false,"footnotes":""},"class_list":["post-1487","page","type-page","status-publish","has-post-thumbnail","hentry"],"acf":[],"_links":{"self":[{"href":"https:\/\/smf-inc.com\/es\/wp-json\/wp\/v2\/pages\/1487","targetHints":{"allow":["GET"]}}],"collection":[{"href":"https:\/\/smf-inc.com\/es\/wp-json\/wp\/v2\/pages"}],"about":[{"href":"https:\/\/smf-inc.com\/es\/wp-json\/wp\/v2\/types\/page"}],"author":[{"embeddable":true,"href":"https:\/\/smf-inc.com\/es\/wp-json\/wp\/v2\/users\/1"}],"replies":[{"embeddable":true,"href":"https:\/\/smf-inc.com\/es\/wp-json\/wp\/v2\/comments?post=1487"}],"version-history":[{"count":2,"href":"https:\/\/smf-inc.com\/es\/wp-json\/wp\/v2\/pages\/1487\/revisions"}],"predecessor-version":[{"id":1512,"href":"https:\/\/smf-inc.com\/es\/wp-json\/wp\/v2\/pages\/1487\/revisions\/1512"}],"wp:featuredmedia":[{"embeddable":true,"href":"https:\/\/smf-inc.com\/es\/wp-json\/wp\/v2\/media\/1485"}],"wp:attachment":[{"href":"https:\/\/smf-inc.com\/es\/wp-json\/wp\/v2\/media?parent=1487"}],"curies":[{"name":"wp","href":"https:\/\/api.w.org\/{rel}","templated":true}]}}