{"id":1479,"date":"2023-06-01T10:34:16","date_gmt":"2023-06-01T10:34:16","guid":{"rendered":"https:\/\/smf-inc.com\/servicio-de-soldadura-chicago-il\/"},"modified":"2023-06-05T14:50:38","modified_gmt":"2023-06-05T14:50:38","slug":"servicio-de-soldadura-chicago-il","status":"publish","type":"page","link":"https:\/\/smf-inc.com\/es\/servicio-de-soldadura-chicago-il\/","title":{"rendered":"Servicio de soldadura Chicago IL"},"content":{"rendered":"<h3>Elija el servicio de soldadura en el que conf\u00eda Chicago IL<\/h3>\n<p>Si est\u00e1 buscando un servicio de soldadura en Chicago IL en el que pueda confiar, llame a SMF. Nuestros soldadores profesionales pueden realizar cualquier trabajo de cualquier tama\u00f1o. Nuestra dilatada experiencia con clientes de diversos sectores, as\u00ed como nuestra capacidad para prestar otros servicios de fabricaci\u00f3n de metal, nos convierten en un proveedor integral.<\/p>\n<h3>\u00bfRealiza SMF todo tipo de soldaduras?<\/h3>\n<p>Nuestro equipo de soldadores certificados tiene experiencia con todos los <a href=\"https:\/\/smf-inc.com\/welding-service-illinois\/\">tipos de soldadura<\/a>, incluyendo TIG (soldadura con gas inerte de tungsteno), MIG (soldadura con gas inerte met\u00e1lico) y soldadura por puntos.<\/p>\n<h3>\u00bfOfrece SMF soldadura robotizada?<\/h3>\n<p>Nuestros equipos de soldadura robotizada son perfectos para trabajos que requieren una soldadura rutinaria pero precisa. Nuestro equipo est\u00e1 formado para programar y supervisar nuestras soldadoras robotizadas. El resultado es un sistema de soldadura robotizada \u00fatil y muy pr\u00e1ctico, ideal para muchos trabajos.<\/p>\n<h3>\u00bfTiene SMF experiencia en diversos sectores?<\/h3>\n<p>Tenemos experiencia al servicio de muchos clientes en un gran n\u00famero de industrias diferentes, incluyendo:<\/p>\n<ul class=\"col-3\">\n<li>Generaci\u00f3n de energ\u00eda<\/li>\n<li>Agricultura<\/li>\n<li>Aeroespacial<\/li>\n<li>M\u00e9dico<\/li>\n<li>Energ\u00edas renovables<\/li>\n<li>Construcci\u00f3n<\/li>\n<li>Carril<\/li>\n<li>Miner\u00eda<\/li>\n<li>Bomba y compresor<\/li>\n<li>Automatizaci\u00f3n y rob\u00f3tica<\/li>\n<li>Petr\u00f3leo y gas<\/li>\n<li>Industrial<\/li>\n<\/ul>\n<h3>\u00bfPueden los soldadores de SMF manejar una amplia variedad de trabajos de soldadura?<\/h3>\n<p>Nuestro equipo de soldadores certificados tiene experiencia en la soldadura de diferentes herramientas, piezas y equipos para diversos sectores. Algunos ejemplos de art\u00edculos que gestionamos habitualmente son:<\/p>\n<ul class=\"col-3\">\n<li>Tuber\u00edas<\/li>\n<li>Soportes<\/li>\n<li>Vigas de acero<\/li>\n<li>Marcos met\u00e1licos<\/li>\n<li>Piezas<\/li>\n<li>Articulaciones<\/li>\n<li>Columnas met\u00e1licas<\/li>\n<li>Plataformas<\/li>\n<li>Herramientas<\/li>\n<\/ul>\n<h3>Adem\u00e1s de la soldadura, \u00bfofrece SMF servicios complementarios?<\/h3>\n<p>En SMF, sabemos que la fabricaci\u00f3n de metales requiere algo m\u00e1s que soldadura. Como expertos en servicios completos de fabricaci\u00f3n y mecanizado, tambi\u00e9n ofrecemos otros tipos de trabajos en metal, como:<\/p>\n<ul class=\"col-3\">\n<li><a href=\"https:\/\/smf-inc.com\/precision-machining-chicago-il\/\">Mecanizado<\/a><\/li>\n<li>Montaje<\/li>\n<li>Corte por plasma<\/li>\n<li>Corte con sierra<\/li>\n<li>Voladura<\/li>\n<li>Corte por l\u00e1ser<\/li>\n<li>Formando<\/li>\n<li>Recubrimiento en polvo<\/li>\n<\/ul>\n<p>Tambi\u00e9n vendemos acero al por menor.<\/p>\n<div class=\"left-img\"><img loading=\"lazy\" decoding=\"async\" class=\"alignnone\" src=\"https:\/\/smf-inc.com\/wp-content\/uploads\/2023\/06\/metal-welding-specialist-engineering-welder-working-in-metal-factory.jpg\" alt=\"Un soldador se ve en el trabajo. SMF es el Servicio de Soldadura Chicago IL conf\u00eda.  \" width=\"500\" height=\"350\" title=\"\"><\/div>\n<h3>\u00bfEst\u00e1 preparado para disfrutar de las ventajas de un equipo de soldadura experimentado?<\/h3>\n<p>Si est\u00e1 interesado en nuestro servicio de soldadura en Chicago IL, as\u00ed como en nuestros otros servicios de fabricaci\u00f3n y mecanizado, ll\u00e1menos al <a href=\"tel:3094322586\">309-432-2586<\/a>. Ning\u00fan trabajo es demasiado grande o demasiado peque\u00f1o para nosotros. Nuestra sede central est\u00e1 en Illinois, pero contamos con un campus adicional en Anderson (Carolina del Sur), lo que nos permite atender a clientes de todo Estados Unidos.<\/p>\n","protected":false},"excerpt":{"rendered":"<p>Elija el servicio de soldadura en el que conf\u00eda Chicago IL Si est\u00e1 buscando un servicio de soldadura en Chicago IL en el que pueda confiar, llame a SMF. Nuestros soldadores profesionales pueden realizar cualquier trabajo de cualquier tama\u00f1o. Nuestra dilatada experiencia con clientes de diversos sectores, as\u00ed como nuestra capacidad para prestar otros servicios &hellip; <a href=\"https:\/\/smf-inc.com\/es\/servicio-de-soldadura-chicago-il\/\" class=\"more-link\">Continue reading <span class=\"screen-reader-text\">Servicio de soldadura Chicago IL<\/span><\/a><\/p>\n","protected":false},"author":1,"featured_media":1477,"parent":0,"menu_order":0,"comment_status":"closed","ping_status":"closed","template":"","meta":{"_acf_changed":false,"inline_featured_image":false,"footnotes":""},"class_list":["post-1479","page","type-page","status-publish","has-post-thumbnail","hentry"],"acf":[],"_links":{"self":[{"href":"https:\/\/smf-inc.com\/es\/wp-json\/wp\/v2\/pages\/1479","targetHints":{"allow":["GET"]}}],"collection":[{"href":"https:\/\/smf-inc.com\/es\/wp-json\/wp\/v2\/pages"}],"about":[{"href":"https:\/\/smf-inc.com\/es\/wp-json\/wp\/v2\/types\/page"}],"author":[{"embeddable":true,"href":"https:\/\/smf-inc.com\/es\/wp-json\/wp\/v2\/users\/1"}],"replies":[{"embeddable":true,"href":"https:\/\/smf-inc.com\/es\/wp-json\/wp\/v2\/comments?post=1479"}],"version-history":[{"count":4,"href":"https:\/\/smf-inc.com\/es\/wp-json\/wp\/v2\/pages\/1479\/revisions"}],"predecessor-version":[{"id":1507,"href":"https:\/\/smf-inc.com\/es\/wp-json\/wp\/v2\/pages\/1479\/revisions\/1507"}],"wp:featuredmedia":[{"embeddable":true,"href":"https:\/\/smf-inc.com\/es\/wp-json\/wp\/v2\/media\/1477"}],"wp:attachment":[{"href":"https:\/\/smf-inc.com\/es\/wp-json\/wp\/v2\/media?parent=1479"}],"curies":[{"name":"wp","href":"https:\/\/api.w.org\/{rel}","templated":true}]}}