{"id":1472,"date":"2025-11-04T04:57:59","date_gmt":"2025-11-04T04:57:59","guid":{"rendered":"https:\/\/smf-inc.com\/servicio-de-soldadura-peoria-il\/"},"modified":"2025-11-04T04:57:59","modified_gmt":"2025-11-04T04:57:59","slug":"servicio-de-soldadura-peoria-il","status":"publish","type":"page","link":"https:\/\/smf-inc.com\/es\/servicio-de-soldadura-peoria-il\/","title":{"rendered":"Servicio de soldadura Peoria IL"},"content":{"rendered":"<h3>SMF ofrece el servicio de soldadura Peoria IL Conf\u00eda<\/h3>\n<p>Cuando necesite <a href=\"https:\/\/smf-inc.com\/welding-service-illinois\/\">servicio de soldadura<\/a> en Peoria IL, mire a SMF. Nuestro experimentado equipo de soldadores puede realizar trabajos de cualquier envergadura y est\u00e1 acostumbrado a ofrecer servicios de soldadura de alta calidad para una gran variedad de sectores. Tambi\u00e9n ofrecemos una gama completa de servicios relacionados con el mecanizado y la fabricaci\u00f3n de metales para servirle mejor.<\/p>\n<h3>\u00bfTiene SMF plena capacidad de soldadura?<\/h3>\n<p>Nuestros soldadores certificados y experimentados realizan todo tipo de soldaduras. Esto incluye la soldadura TIG (gas inerte de tungsteno), MIG (gas inerte met\u00e1lico) y la soldadura por puntos.<\/p>\n<h3>\u00bfOfrece SMF servicios de soldadura robotizada?<\/h3>\n<p>La soldadura robotizada es ideal para muchos trabajos. Bajo el control de nuestros soldadores profesionales, utilizamos los equipos robotizados de mayor calidad.<\/p>\n<h3>\u00bfTiene SMF experiencia en diversos sectores?<\/h3>\n<p>A lo largo de los a\u00f1os, hemos desarrollado s\u00f3lidas relaciones con clientes de distintos sectores. Una muestra de ellos incluye:<\/p>\n<ul class=\"col-3\">\n<li>Generaci\u00f3n de energ\u00eda<\/li>\n<li>Energ\u00edas renovables<\/li>\n<li>Construcci\u00f3n<\/li>\n<li>Carril<\/li>\n<li>Miner\u00eda<\/li>\n<li>Bomba y compresor<\/li>\n<li>Automatizaci\u00f3n y rob\u00f3tica<\/li>\n<li>Petr\u00f3leo y gas<\/li>\n<li>Agricultura<\/li>\n<li>Aeroespacial<\/li>\n<li>M\u00e9dico<\/li>\n<li>Industrial<\/li>\n<\/ul>\n<h3>\u00bfQu\u00e9 art\u00edculos suelda SMF?<\/h3>\n<p>Soldamos diversas herramientas, piezas y equipos necesarios en muchos sectores distintos. Algunos ejemplos de art\u00edculos que solemos soldar son:<\/p>\n<ul class=\"col-3\">\n<li>Herramientas<\/li>\n<li>Soportes<\/li>\n<li>Vigas de acero<\/li>\n<li>Marcos met\u00e1licos<\/li>\n<li>Piezas<\/li>\n<li>Tuber\u00edas<\/li>\n<li>Articulaciones<\/li>\n<li>Columnas met\u00e1licas<\/li>\n<li>Plataformas<\/li>\n<\/ul>\n<h3>Adem\u00e1s de soldadura, \u00bfofrecemos otros servicios relacionados con el metal?<\/h3>\n<p>Entendemos que la fabricaci\u00f3n de metal requiere mucho m\u00e1s que soldadura. Como expertos en fabricaci\u00f3n y mecanizado, tambi\u00e9n ofrecemos otros tipos de servicios relacionados con el metal. Entre ellas se encuentran:<\/p>\n<ul class=\"col-3\">\n<li><a href=\"https:\/\/smf-inc.com\/precision-machining-peoria-il\/\">Mecanizado<\/a><\/li>\n<li>Corte por l\u00e1ser<\/li>\n<li>Formando<\/li>\n<li>Recubrimiento en polvo<\/li>\n<li>Montaje<\/li>\n<li>Corte por plasma<\/li>\n<li>Corte con sierra<\/li>\n<li>Voladura<\/li>\n<\/ul>\n<p>&nbsp;<\/p>\n<div class=\"left-img\"><img loading=\"lazy\" decoding=\"async\" class=\"alignnone\" src=\"https:\/\/smf-inc.com\/wp-content\/uploads\/2023\/06\/metal-worker-using-a-grinder.jpg\" alt=\"Un soldador se ve en el trabajo. SMF ofrece servicio de soldadura en Peoria IL.\" width=\"500\" height=\"350\" title=\"\"><\/div>\n<h3>Trabajemos juntos<\/h3>\n<p>Ning\u00fan trabajo es demasiado grande o demasiado peque\u00f1o para SMF. Si est\u00e1 interesado en nuestro servicio de soldadura en Peoria, as\u00ed como en nuestros servicios relacionados de fabricaci\u00f3n y mecanizado, ll\u00e1menos al <a href=\"tel:3094322586\">309-432-2586<\/a>. Nuestra sede central est\u00e1 en Illinois, pero contamos con un campus adicional en Anderson (Carolina del Sur), lo que nos permite atender a clientes de todo Estados Unidos.<\/p>\n","protected":false},"excerpt":{"rendered":"<p>SMF ofrece el servicio de soldadura Peoria IL Conf\u00eda Cuando necesite servicio de soldadura en Peoria IL, mire a SMF. Nuestro experimentado equipo de soldadores puede realizar trabajos de cualquier envergadura y est\u00e1 acostumbrado a ofrecer servicios de soldadura de alta calidad para una gran variedad de sectores. Tambi\u00e9n ofrecemos una gama completa de servicios &hellip; <a href=\"https:\/\/smf-inc.com\/es\/servicio-de-soldadura-peoria-il\/\" class=\"more-link\">Continue reading <span class=\"screen-reader-text\">Servicio de soldadura Peoria IL<\/span><\/a><\/p>\n","protected":false},"author":1,"featured_media":1470,"parent":0,"menu_order":0,"comment_status":"closed","ping_status":"closed","template":"","meta":{"_acf_changed":false,"inline_featured_image":false,"footnotes":""},"class_list":["post-1472","page","type-page","status-publish","has-post-thumbnail","hentry"],"acf":[],"_links":{"self":[{"href":"https:\/\/smf-inc.com\/es\/wp-json\/wp\/v2\/pages\/1472","targetHints":{"allow":["GET"]}}],"collection":[{"href":"https:\/\/smf-inc.com\/es\/wp-json\/wp\/v2\/pages"}],"about":[{"href":"https:\/\/smf-inc.com\/es\/wp-json\/wp\/v2\/types\/page"}],"author":[{"embeddable":true,"href":"https:\/\/smf-inc.com\/es\/wp-json\/wp\/v2\/users\/1"}],"replies":[{"embeddable":true,"href":"https:\/\/smf-inc.com\/es\/wp-json\/wp\/v2\/comments?post=1472"}],"version-history":[{"count":4,"href":"https:\/\/smf-inc.com\/es\/wp-json\/wp\/v2\/pages\/1472\/revisions"}],"predecessor-version":[{"id":3013,"href":"https:\/\/smf-inc.com\/es\/wp-json\/wp\/v2\/pages\/1472\/revisions\/3013"}],"wp:featuredmedia":[{"embeddable":true,"href":"https:\/\/smf-inc.com\/es\/wp-json\/wp\/v2\/media\/1470"}],"wp:attachment":[{"href":"https:\/\/smf-inc.com\/es\/wp-json\/wp\/v2\/media?parent=1472"}],"curies":[{"name":"wp","href":"https:\/\/api.w.org\/{rel}","templated":true}]}}