{"id":1465,"date":"2025-11-04T04:57:58","date_gmt":"2025-11-04T04:57:58","guid":{"rendered":"https:\/\/smf-inc.com\/servicio-de-soldadura-carolina-del-sur\/"},"modified":"2025-11-04T04:57:58","modified_gmt":"2025-11-04T04:57:58","slug":"servicio-de-soldadura-carolina-del-sur","status":"publish","type":"page","link":"https:\/\/smf-inc.com\/es\/servicio-de-soldadura-carolina-del-sur\/","title":{"rendered":"Servicio de soldadura Carolina del Sur"},"content":{"rendered":"<h3>\u00bfNecesita un servicio de soldadura en Carolina del Sur?<\/h3>\n<p>Cuando necesite servicio de soldadura en Carolina del Sur, mire a SMF. Nuestro experimentado equipo de soldadores profesionales y certificados realiza habitualmente trabajos grandes y peque\u00f1os. Dado que nuestro equipo tiene experiencia en una gran variedad de industrias y tambi\u00e9n se ocupa de otros servicios de fabricaci\u00f3n de metal que complementan nuestra soldadura, somos su ventanilla \u00fanica.<\/p>\n<h3>\u00bfQu\u00e9 tipos de soldadura puede realizar SMF?<\/h3>\n<p>Nuestros soldadores cualificados y certificados realizan todo tipo de soldaduras, incluidas las TIG (soldadura con gas inerte de tungsteno) y MIG (soldadura con gas inerte met\u00e1lico), as\u00ed como soldaduras rutinarias por puntos.<\/p>\n<h3>\u00bfOfrece SMF servicios de soldadura robotizada?<\/h3>\n<p>La soldadura robotizada es perfecta para trabajos que requieren una soldadura rutinaria pero precisa. Utilizamos soldadura robotizada programable y mecanizada para automatizar el proceso de soldadura. Esto nos permite ofrecer soldaduras extremadamente precisas.<\/p>\n<h3>\u00bfEn qu\u00e9 sectores tiene experiencia SMF?<\/h3>\n<p>Trabajamos habitualmente con diversas industrias. Algunos de los tipos de industrias para los que trabajamos incluyen:<\/p>\n<ul class=\"col-3\">\n<li>Petr\u00f3leo y gas<\/li>\n<li>Agricultura<\/li>\n<li>Aeroespacial<\/li>\n<li>M\u00e9dico<\/li>\n<li>Industrial<\/li>\n<li>Generaci\u00f3n de energ\u00eda<\/li>\n<li>Energ\u00edas renovables<\/li>\n<li>Construcci\u00f3n<\/li>\n<li>Carril<\/li>\n<li>Miner\u00eda<\/li>\n<li>Bomba y compresor<\/li>\n<li>Automatizaci\u00f3n y rob\u00f3tica<\/li>\n<\/ul>\n<h3>\u00bfQu\u00e9 tipo de art\u00edculos suelda SMF?<\/h3>\n<p>Soldamos piezas, herramientas y equipos para todo tipo de industrias. Algunos ejemplos de cosas que solemos soldar son:<\/p>\n<ul class=\"col-3\">\n<li>Tuber\u00edas<\/li>\n<li>Articulaciones<\/li>\n<li>Columnas met\u00e1licas<\/li>\n<li>Plataformas<\/li>\n<li>Herramientas<\/li>\n<li>Soportes<\/li>\n<li>Vigas de acero<\/li>\n<li>Marcos met\u00e1licos<\/li>\n<li>Piezas<\/li>\n<\/ul>\n<h3>\u00bfQu\u00e9 otros servicios del metal ofrece SMF?<\/h3>\n<p>Entendemos que la fabricaci\u00f3n de metal requiere algo m\u00e1s que soldadura. Como expertos en servicios completos de fabricaci\u00f3n y mecanizado, tambi\u00e9n ofrecemos otros tipos complementarios de metalister\u00eda, por lo que podemos servirle de ventanilla \u00fanica. Estos servicios incluyen:<\/p>\n<ul class=\"col-3\">\n<li>Mecanizado<\/li>\n<li><a href=\"https:\/\/smf-inc.com\/laser-cutting-south-carolina\/\">Corte por l\u00e1ser<\/a><\/li>\n<li>Formando<\/li>\n<li>Recubrimiento en polvo<\/li>\n<li>Montaje<\/li>\n<li><a href=\"https:\/\/smf-inc.com\/capabilities\/plasma-cutting\/\">Corte por plasma<\/a><\/li>\n<li>Corte con sierra<\/li>\n<li>Voladura<\/li>\n<\/ul>\n<p>&nbsp;<\/p>\n<div class=\"left-img\"><img loading=\"lazy\" decoding=\"async\" class=\"alignnone\" src=\"https:\/\/smf-inc.com\/wp-content\/uploads\/2023\/06\/welder-education-training.jpg\" alt=\"Se ven dos soldadores trabajando. SMF ofrece servicio de soldadura en Carolina del Sur.\" width=\"500\" height=\"350\" title=\"\"><\/div>\n<h3>\u00bfEst\u00e1s preparado para trabajar con SMF?<\/h3>\n<p>Si est\u00e1 interesado en nuestro servicio de soldadura en Carolina del Sur, as\u00ed como en nuestros otros servicios de fabricaci\u00f3n y mecanizado, ll\u00e1menos al <a href=\"tel:8642260470\">864-226-0470<\/a>. Ning\u00fan trabajo es demasiado grande o demasiado peque\u00f1o para nosotros. Nuestra sede central est\u00e1 en Illinois, pero contamos con un campus adicional en Anderson (Carolina del Sur), lo que nos permite atender a clientes de todo Estados Unidos.<\/p>\n","protected":false},"excerpt":{"rendered":"<p>\u00bfNecesita un servicio de soldadura en Carolina del Sur? Cuando necesite servicio de soldadura en Carolina del Sur, mire a SMF. Nuestro experimentado equipo de soldadores profesionales y certificados realiza habitualmente trabajos grandes y peque\u00f1os. Dado que nuestro equipo tiene experiencia en una gran variedad de industrias y tambi\u00e9n se ocupa de otros servicios de &hellip; <a href=\"https:\/\/smf-inc.com\/es\/servicio-de-soldadura-carolina-del-sur\/\" class=\"more-link\">Continue reading <span class=\"screen-reader-text\">Servicio de soldadura Carolina del Sur<\/span><\/a><\/p>\n","protected":false},"author":1,"featured_media":1463,"parent":0,"menu_order":0,"comment_status":"closed","ping_status":"closed","template":"","meta":{"_acf_changed":false,"inline_featured_image":false,"footnotes":""},"class_list":["post-1465","page","type-page","status-publish","has-post-thumbnail","hentry"],"acf":[],"_links":{"self":[{"href":"https:\/\/smf-inc.com\/es\/wp-json\/wp\/v2\/pages\/1465","targetHints":{"allow":["GET"]}}],"collection":[{"href":"https:\/\/smf-inc.com\/es\/wp-json\/wp\/v2\/pages"}],"about":[{"href":"https:\/\/smf-inc.com\/es\/wp-json\/wp\/v2\/types\/page"}],"author":[{"embeddable":true,"href":"https:\/\/smf-inc.com\/es\/wp-json\/wp\/v2\/users\/1"}],"replies":[{"embeddable":true,"href":"https:\/\/smf-inc.com\/es\/wp-json\/wp\/v2\/comments?post=1465"}],"version-history":[{"count":2,"href":"https:\/\/smf-inc.com\/es\/wp-json\/wp\/v2\/pages\/1465\/revisions"}],"predecessor-version":[{"id":3012,"href":"https:\/\/smf-inc.com\/es\/wp-json\/wp\/v2\/pages\/1465\/revisions\/3012"}],"wp:featuredmedia":[{"embeddable":true,"href":"https:\/\/smf-inc.com\/es\/wp-json\/wp\/v2\/media\/1463"}],"wp:attachment":[{"href":"https:\/\/smf-inc.com\/es\/wp-json\/wp\/v2\/media?parent=1465"}],"curies":[{"name":"wp","href":"https:\/\/api.w.org\/{rel}","templated":true}]}}