{"id":1455,"date":"2025-11-04T04:58:00","date_gmt":"2025-11-04T04:58:00","guid":{"rendered":"https:\/\/smf-inc.com\/servicio-de-soldadura-illinois\/"},"modified":"2025-11-04T04:58:00","modified_gmt":"2025-11-04T04:58:00","slug":"servicio-de-soldadura-illinois","status":"publish","type":"page","link":"https:\/\/smf-inc.com\/es\/servicio-de-soldadura-illinois\/","title":{"rendered":"Servicio de soldadura Illinois"},"content":{"rendered":"<h3>\u00bfNecesita un servicio de soldadura en Illinois?<\/h3>\n<p>Cuando necesite un servicio de soldadura en Illinois, recurra a SMF. Contamos con un experimentado equipo de soldadores expertos capaces de realizar cualquier trabajo, sea cual sea su envergadura. Nuestra experiencia en el servicio a una variedad de industrias y nuestra capacidad para manejar otros servicios de fabricaci\u00f3n de metal nos convierte en una ventanilla \u00fanica.<\/p>\n<h3>\u00bfQu\u00e9 tipos de soldadura realiza SMF?<\/h3>\n<p>Nuestros soldadores profesionales y certificados realizan todo tipo de soldaduras, incluyendo TIG (soldadura con gas inerte de tungsteno), MIG (soldadura con gas inerte met\u00e1lico) y soldadura por puntos.<\/p>\n<h3>\u00bfOfrece SMF soldadura robotizada?<\/h3>\n<p>Hemos invertido en la mejor maquinaria de soldadura robotizada programable. La soldadura robotizada es perfecta para trabajos que requieren una <a href=\"https:\/\/smf-inc.com\/capabilities\/welding\/\">soldadura<\/a> rutinaria pero precisa. Nuestros equipos utilizan herramientas programables y mecanizadas para automatizar el proceso de soldadura. El resultado es apropiado para muchos trabajos.<\/p>\n<h3>\u00bfA qu\u00e9 sectores sirve SMF?<\/h3>\n<p>Tenemos experiencia al servicio de distintos sectores, entre ellos:<\/p>\n<ul class=\"col-3\">\n<li>Generaci\u00f3n de energ\u00eda<\/li>\n<li>Energ\u00edas renovables<\/li>\n<li>Construcci\u00f3n<\/li>\n<li>Carril<\/li>\n<li>Miner\u00eda<\/li>\n<li>Bomba y compresor<\/li>\n<li>Automatizaci\u00f3n y rob\u00f3tica<\/li>\n<li>Petr\u00f3leo y gas<\/li>\n<li>Agricultura<\/li>\n<li>Aeroespacial<\/li>\n<li>M\u00e9dico<\/li>\n<li>Industrial<\/li>\n<\/ul>\n<h3>\u00bfQu\u00e9 tipo de productos suelda SMF habitualmente?<\/h3>\n<p>Tenemos experiencia en la soldadura de diferentes piezas, herramientas y equipos para todo tipo de industrias. Algunos ejemplos de art\u00edculos que gestionamos habitualmente son:<\/p>\n<ul class=\"col-3\">\n<li>Tuber\u00edas<\/li>\n<li>Articulaciones<\/li>\n<li>Columnas met\u00e1licas<\/li>\n<li>Plataformas<\/li>\n<li>Herramientas<\/li>\n<li>Soportes<\/li>\n<li>Vigas de acero<\/li>\n<li>Marcos met\u00e1licos<\/li>\n<li>Piezas<\/li>\n<\/ul>\n<h3>\u00bfQu\u00e9 servicios complementarios a la soldadura ofrece SMF?<\/h3>\n<p>Entendemos que la fabricaci\u00f3n de metal requiere algo m\u00e1s que soldadura. Como expertos en servicios completos de fabricaci\u00f3n y mecanizado, tambi\u00e9n ofrecemos otros tipos de trabajos en metal. Estos servicios incluyen:<\/p>\n<ul class=\"col-3\">\n<li><a href=\"https:\/\/smf-inc.com\/precision-machining-illinois\/\">Mecanizado<\/a><\/li>\n<li>Corte por l\u00e1ser<\/li>\n<li>Formando<\/li>\n<li>Recubrimiento en polvo<\/li>\n<li>Montaje<\/li>\n<li>Corte por plasma<\/li>\n<li>Corte con sierra<\/li>\n<li>Voladura<\/li>\n<\/ul>\n<p>&nbsp;<\/p>\n<div class=\"left-img\"><img loading=\"lazy\" decoding=\"async\" class=\"alignnone\" src=\"https:\/\/smf-inc.com\/wp-content\/uploads\/2023\/06\/industrial-robot-welds-a-part-sparks-and-smoke.jpg\" alt=\"Se ve un primer plano del trabajo de soldadura. SMF realiza el servicio de soldadura en Illinois.\" width=\"500\" height=\"350\" title=\"\"><\/div>\n<h3>\u00bfEst\u00e1 preparado para trabajar con nosotros?<\/h3>\n<p>Ning\u00fan trabajo es demasiado grande o demasiado peque\u00f1o para nosotros. Si est\u00e1 interesado en nuestro servicio de soldadura en Illinois, as\u00ed como en nuestros otros servicios de fabricaci\u00f3n y mecanizado, ll\u00e1menos al <a href=\"tel:3094322586\">309-432-2586<\/a>. Nuestra sede central est\u00e1 en Illinois, pero contamos con un campus adicional en Anderson (Carolina del Sur), lo que nos permite atender a clientes de todo Estados Unidos.<\/p>\n","protected":false},"excerpt":{"rendered":"<p>\u00bfNecesita un servicio de soldadura en Illinois? Cuando necesite un servicio de soldadura en Illinois, recurra a SMF. Contamos con un experimentado equipo de soldadores expertos capaces de realizar cualquier trabajo, sea cual sea su envergadura. Nuestra experiencia en el servicio a una variedad de industrias y nuestra capacidad para manejar otros servicios de fabricaci\u00f3n &hellip; <a href=\"https:\/\/smf-inc.com\/es\/servicio-de-soldadura-illinois\/\" class=\"more-link\">Continue reading <span class=\"screen-reader-text\">Servicio de soldadura Illinois<\/span><\/a><\/p>\n","protected":false},"author":1,"featured_media":1453,"parent":0,"menu_order":0,"comment_status":"closed","ping_status":"closed","template":"","meta":{"_acf_changed":false,"inline_featured_image":false,"footnotes":""},"class_list":["post-1455","page","type-page","status-publish","has-post-thumbnail","hentry"],"acf":[],"_links":{"self":[{"href":"https:\/\/smf-inc.com\/es\/wp-json\/wp\/v2\/pages\/1455","targetHints":{"allow":["GET"]}}],"collection":[{"href":"https:\/\/smf-inc.com\/es\/wp-json\/wp\/v2\/pages"}],"about":[{"href":"https:\/\/smf-inc.com\/es\/wp-json\/wp\/v2\/types\/page"}],"author":[{"embeddable":true,"href":"https:\/\/smf-inc.com\/es\/wp-json\/wp\/v2\/users\/1"}],"replies":[{"embeddable":true,"href":"https:\/\/smf-inc.com\/es\/wp-json\/wp\/v2\/comments?post=1455"}],"version-history":[{"count":4,"href":"https:\/\/smf-inc.com\/es\/wp-json\/wp\/v2\/pages\/1455\/revisions"}],"predecessor-version":[{"id":3011,"href":"https:\/\/smf-inc.com\/es\/wp-json\/wp\/v2\/pages\/1455\/revisions\/3011"}],"wp:featuredmedia":[{"embeddable":true,"href":"https:\/\/smf-inc.com\/es\/wp-json\/wp\/v2\/media\/1453"}],"wp:attachment":[{"href":"https:\/\/smf-inc.com\/es\/wp-json\/wp\/v2\/media?parent=1455"}],"curies":[{"name":"wp","href":"https:\/\/api.w.org\/{rel}","templated":true}]}}