{"id":1413,"date":"2025-11-04T04:57:54","date_gmt":"2025-11-04T04:57:54","guid":{"rendered":"https:\/\/smf-inc.com\/metal-fabricators-peoria-il\/"},"modified":"2025-11-04T04:57:54","modified_gmt":"2025-11-04T04:57:54","slug":"metal-fabricators-peoria-il","status":"publish","type":"page","link":"https:\/\/smf-inc.com\/es\/metal-fabricators-peoria-il\/","title":{"rendered":"Metal Fabricators Peoria IL"},"content":{"rendered":"<h3>SMF: Los fabricantes de metal m\u00e1s respetados en Peoria IL<\/h3>\n<p>Si usted est\u00e1 buscando los fabricantes de metal m\u00e1s respetados en Peoria IL, no busque m\u00e1s all\u00e1 de SMF Inc. Fundada en Minonk, IL, en 1972, hemos crecido y evolucionado hasta convertirnos en una empresa de servicios completos de fabricaci\u00f3n y mecanizado que presta servicio a todo el pa\u00eds.<\/p>\n<h3>\u00bfQu\u00e9 hace SMF uno de los mejores fabricantes de metal en Peoria IL?<\/h3>\n<p>Estamos orgullosos de ser proveedores de primer nivel de fabricantes de equipos originales (OEM), lo que significa que cumplimos las elevad\u00edsimas normas de calidad establecidas por nuestros numerosos clientes de la lista Fortune 500.<\/p>\n<p>Usted se beneficia de nuestra cultura de calidad y servicios independientemente de si es un OEM o un cliente m\u00e1s peque\u00f1o. Valoramos las relaciones con todos nuestros clientes.<\/p>\n<p>Proporcionamos a todos nuestros clientes un trabajo de precisi\u00f3n entregado a tiempo. Es lo que nos ha ayudado a mantener nuestra actitud de servicio durante m\u00e1s de cuatro d\u00e9cadas.<\/p>\n<h3>\u00bfQu\u00e9 servicios de fabricaci\u00f3n de metales ofrece SMF?<\/h3>\n<p>Nuestra completa gama de servicios es uno de los aspectos que nos distinguen.<\/p>\n<p>Nuestra completa gama de servicios nos permite realizar su trabajo en nuestras propias instalaciones. Los servicios incluyen:<\/p>\n<ul>\n<li><strong>Soldadura<\/strong>: SMF ofrece soldadura robotizada y convencional, incluyendo TIG, MIG y soldadura por puntos.<\/li>\n<li><strong>Mecanizado<\/strong>: Fresamos, torneamos, taladramos y mandrinamos m\u00faltiples metales y otros materiales.<\/li>\n<li><strong>Corte por l\u00e1ser<\/strong>: Nuestro l\u00e1ser realiza cortes de precisi\u00f3n en metales y otros materiales.<\/li>\n<li><strong>Conformado<\/strong>: El conformado y curvado de metales se realiza en nuestra gama de prensas plegadoras.<\/li>\n<li><strong>Recubrimiento en polvo<\/strong>: Reforzamos y protegemos las piezas met\u00e1licas con recubrimiento en polvo.<\/li>\n<li><strong>Montaje<\/strong>: Podemos ensamblar componentes fabricados o a\u00f1adir otras artes a las fabricaciones que construimos.<\/li>\n<li><strong>Corte por plasma<\/strong>: Nuestras mesas de corte por <a href=\"https:\/\/smf-inc.com\/capabilities\/plasma-cutting\/\">plasma<\/a> y llama pueden manejar tus piezas m\u00e1s gruesas.<br \/>\nCorte con sierra: La capacidad de corte con sierra de SMF, de 20 pulgadas de di\u00e1metro, nos permite cortar grandes piezas de metal con rapidez.<\/li>\n<li><strong>Granallado<\/strong>: Proporcionamos un acabado limpio incluso en las piezas m\u00e1s grandes.<\/li>\n<\/ul>\n<div class=\"left-img\"><img loading=\"lazy\" decoding=\"async\" class=\"alignnone\" src=\"https:\/\/smf-inc.com\/wp-content\/uploads\/2023\/04\/welding-with-sparks.jpg\" alt=\"SMF Metal Fabricators\" width=\"500\" height=\"350\" title=\"\"><\/div>\n<h3>\u00bfListo para la m\u00e1xima calidad y servicio en Metal Fabricators en Peoria IL?<\/h3>\n<p>\u00a1Si usted est\u00e1 buscando para los fabricantes de metal en Peoria IL que puede manejar una amplia variedad de servicios de fabricaci\u00f3n, vamos a discutir! Llame hoy mismo a SMS al <a href=\"tel:3094322586\">309-432-2586<\/a>.<\/p>\n","protected":false},"excerpt":{"rendered":"<p>SMF: Los fabricantes de metal m\u00e1s respetados en Peoria IL Si usted est\u00e1 buscando los fabricantes de metal m\u00e1s respetados en Peoria IL, no busque m\u00e1s all\u00e1 de SMF Inc. Fundada en Minonk, IL, en 1972, hemos crecido y evolucionado hasta convertirnos en una empresa de servicios completos de fabricaci\u00f3n y mecanizado que presta servicio &hellip; <a href=\"https:\/\/smf-inc.com\/es\/metal-fabricators-peoria-il\/\" class=\"more-link\">Continue reading <span class=\"screen-reader-text\">Metal Fabricators Peoria IL<\/span><\/a><\/p>\n","protected":false},"author":1,"featured_media":1409,"parent":0,"menu_order":0,"comment_status":"closed","ping_status":"closed","template":"","meta":{"_acf_changed":false,"inline_featured_image":false,"footnotes":""},"class_list":["post-1413","page","type-page","status-publish","has-post-thumbnail","hentry"],"acf":[],"_links":{"self":[{"href":"https:\/\/smf-inc.com\/es\/wp-json\/wp\/v2\/pages\/1413","targetHints":{"allow":["GET"]}}],"collection":[{"href":"https:\/\/smf-inc.com\/es\/wp-json\/wp\/v2\/pages"}],"about":[{"href":"https:\/\/smf-inc.com\/es\/wp-json\/wp\/v2\/types\/page"}],"author":[{"embeddable":true,"href":"https:\/\/smf-inc.com\/es\/wp-json\/wp\/v2\/users\/1"}],"replies":[{"embeddable":true,"href":"https:\/\/smf-inc.com\/es\/wp-json\/wp\/v2\/comments?post=1413"}],"version-history":[{"count":5,"href":"https:\/\/smf-inc.com\/es\/wp-json\/wp\/v2\/pages\/1413\/revisions"}],"predecessor-version":[{"id":3031,"href":"https:\/\/smf-inc.com\/es\/wp-json\/wp\/v2\/pages\/1413\/revisions\/3031"}],"wp:featuredmedia":[{"embeddable":true,"href":"https:\/\/smf-inc.com\/es\/wp-json\/wp\/v2\/media\/1409"}],"wp:attachment":[{"href":"https:\/\/smf-inc.com\/es\/wp-json\/wp\/v2\/media?parent=1413"}],"curies":[{"name":"wp","href":"https:\/\/api.w.org\/{rel}","templated":true}]}}