{"id":1406,"date":"2025-11-04T04:57:58","date_gmt":"2025-11-04T04:57:58","guid":{"rendered":"https:\/\/smf-inc.com\/metal-fabricators-rockford-il\/"},"modified":"2025-11-04T04:57:58","modified_gmt":"2025-11-04T04:57:58","slug":"metal-fabricators-rockford-il","status":"publish","type":"page","link":"https:\/\/smf-inc.com\/es\/metal-fabricators-rockford-il\/","title":{"rendered":"Metal Fabricators Rockford IL"},"content":{"rendered":"<h3>SMF: Los fabricantes de metal m\u00e1s respetados en Rockford IL<\/h3>\n<p>Si est\u00e1 buscando fabricantes de metal en Rockford IL, mire a SMF. Fundada en Illinois en 1972 y con clientes en todo el pa\u00eds, SMF se ha expandido y ha evolucionado hasta convertirse en una empresa de servicios completos de fabricaci\u00f3n y mecanizado.<\/p>\n<h3><strong>\u00bfPor qu\u00e9 es SMF uno de los principales fabricantes de metal en Rockford IL?<\/strong><\/h3>\n<p>Somos proveedores de primer nivel de fabricantes de equipos originales (OEM), lo que significa que cumplimos las elevad\u00edsimas normas de calidad establecidas por nuestros numerosos clientes de la lista Fortune 500.<\/p>\n<p>Independientemente de que sea un OEM o un cliente m\u00e1s peque\u00f1o, se beneficiar\u00e1 de nuestra cultura de calidad y servicio. Proporcionamos a todos nuestros clientes un trabajo de muy alta calidad entregado a tiempo, que es como hemos mantenido nuestra actitud de servicio durante m\u00e1s de cuatro d\u00e9cadas. Valoramos las relaciones con todos nuestros clientes.<\/p>\n<p>SMF ofrece toda la gama de servicios, lo que nos permite completar tu trabajo internamente. Entre ellos se incluyen: <\/p>\n<ul>\n<li><strong>Soldadura<\/strong>: SMF ofrece soldadura robotizada y convencional, incluyendo TIG, MIG y soldadura por puntos.<\/li>\n<li><strong>Mecanizado<\/strong>: Fresamos, torneamos, taladramos y mandrinamos m\u00faltiples metales y otros materiales.<\/li>\n<li><strong>Corte por l\u00e1ser<\/strong>: Nuestro l\u00e1ser realiza cortes de precisi\u00f3n en metales y otros materiales.<\/li>\n<li><strong>Conformado<\/strong>: El conformado y curvado de metales se realiza en nuestra gama de prensas plegadoras.<\/li>\n<li><strong>Recubrimiento en polvo<\/strong>: Reforzamos y protegemos las piezas met\u00e1licas con recubrimiento en polvo.<\/li>\n<li><strong>Montaje<\/strong>: Podemos <a href=\"https:\/\/smf-inc.com\/part-assembly\/\">ensamblar componentes fabricados<\/a> o a\u00f1adir otras piezas a las fabricaciones que construimos.<\/li>\n<li><strong>Corte por plasma<\/strong>: Nuestras mesas de corte por plasma y llama pueden manejar tus piezas m\u00e1s gruesas.<br \/>\nCorte con sierra: La capacidad de corte con sierra de SMF, de 20 pulgadas de di\u00e1metro, nos permite cortar grandes piezas de metal con rapidez.<\/li>\n<li><strong>Granallado<\/strong>: Proporcionamos un acabado limpio incluso en las piezas m\u00e1s grandes.<\/li>\n<\/ul>\n<div class=\"left-img\"><img decoding=\"async\" src=\"https:\/\/smf-inc.com\/wp-content\/uploads\/2023\/04\/welding-robots-movement-in-a-car-factory.jpg\" alt=\"Metal Fabricators Rockford IL\" title=\"\"><\/div>\n<h3><strong>Hablemos si est\u00e1 preparado para una calidad y un servicio excelentes.<\/strong><\/h3>\n<p>\u00a1Si usted est\u00e1 buscando para los fabricantes de metal en Rockford IL que puede manejar una amplia variedad de servicios de fabricaci\u00f3n, vamos a discutir! Llame hoy mismo a SMS al <a href=\"tel:3094322586\">309-432-2586<\/a>.<\/p>\n","protected":false},"excerpt":{"rendered":"<p>SMF: Los fabricantes de metal m\u00e1s respetados en Rockford IL Si est\u00e1 buscando fabricantes de metal en Rockford IL, mire a SMF. Fundada en Illinois en 1972 y con clientes en todo el pa\u00eds, SMF se ha expandido y ha evolucionado hasta convertirse en una empresa de servicios completos de fabricaci\u00f3n y mecanizado. \u00bfPor qu\u00e9 &hellip; <a href=\"https:\/\/smf-inc.com\/es\/metal-fabricators-rockford-il\/\" class=\"more-link\">Continue reading <span class=\"screen-reader-text\">Metal Fabricators Rockford IL<\/span><\/a><\/p>\n","protected":false},"author":1,"featured_media":1402,"parent":0,"menu_order":0,"comment_status":"closed","ping_status":"closed","template":"","meta":{"_acf_changed":false,"inline_featured_image":false,"footnotes":""},"class_list":["post-1406","page","type-page","status-publish","has-post-thumbnail","hentry"],"acf":[],"_links":{"self":[{"href":"https:\/\/smf-inc.com\/es\/wp-json\/wp\/v2\/pages\/1406","targetHints":{"allow":["GET"]}}],"collection":[{"href":"https:\/\/smf-inc.com\/es\/wp-json\/wp\/v2\/pages"}],"about":[{"href":"https:\/\/smf-inc.com\/es\/wp-json\/wp\/v2\/types\/page"}],"author":[{"embeddable":true,"href":"https:\/\/smf-inc.com\/es\/wp-json\/wp\/v2\/users\/1"}],"replies":[{"embeddable":true,"href":"https:\/\/smf-inc.com\/es\/wp-json\/wp\/v2\/comments?post=1406"}],"version-history":[{"count":3,"href":"https:\/\/smf-inc.com\/es\/wp-json\/wp\/v2\/pages\/1406\/revisions"}],"predecessor-version":[{"id":3016,"href":"https:\/\/smf-inc.com\/es\/wp-json\/wp\/v2\/pages\/1406\/revisions\/3016"}],"wp:featuredmedia":[{"embeddable":true,"href":"https:\/\/smf-inc.com\/es\/wp-json\/wp\/v2\/media\/1402"}],"wp:attachment":[{"href":"https:\/\/smf-inc.com\/es\/wp-json\/wp\/v2\/media?parent=1406"}],"curies":[{"name":"wp","href":"https:\/\/api.w.org\/{rel}","templated":true}]}}