{"id":1399,"date":"2025-11-04T04:57:57","date_gmt":"2025-11-04T04:57:57","guid":{"rendered":"https:\/\/smf-inc.com\/metal-fabricators-chicago-il\/"},"modified":"2025-11-04T04:57:57","modified_gmt":"2025-11-04T04:57:57","slug":"metal-fabricators-chicago-il","status":"publish","type":"page","link":"https:\/\/smf-inc.com\/es\/metal-fabricators-chicago-il\/","title":{"rendered":"Metal Fabricators Chicago IL"},"content":{"rendered":"<h3>Conf\u00ede en SMF, los mejores fabricantes de metal en Chicago IL<\/h3>\n<p>Fundada en Illinois y ahora sirviendo a clientes en todo el pa\u00eds, SMF es uno de los fabricantes de metal m\u00e1s respetados en Chicago IL y m\u00e1s all\u00e1. Desde nuestra fundaci\u00f3n en 1972, nos hemos expandido y hemos evolucionado hasta convertirnos en una empresa de servicios completos de fabricaci\u00f3n y mecanizado.<\/p>\n<h3>\u00bfQu\u00e9 hace SMF uno de los mejores fabricantes de metal en Chicago IL?<\/h3>\n<p>Somos proveedores de primer nivel de fabricantes de equipos originales (OEM), lo que significa que cumplimos las normas de calidad establecidas por nuestros numerosos clientes de la lista Fortune 500.<\/p>\n<p>Pero independientemente de si se trata de un OEM o de un cliente m\u00e1s peque\u00f1o, proporcionamos a todos nuestros clientes un trabajo de muy alta calidad entregado a tiempo. Hemos mantenido nuestra actitud de servicio durante m\u00e1s de cuatro d\u00e9cadas, lo que nos ha ayudado a establecer relaciones duraderas y de calidad con nuestros clientes.<\/p>\n<h3>\u00bfQu\u00e9 servicios de fabricaci\u00f3n de metales ofrece SMF?<\/h3>\n<p>SMF ofrece toda la gama de servicios, lo que nos permite completar tu trabajo internamente. Entre ellos se incluyen: <\/p>\n<ul>\n<li><strong>Soldadura<\/strong>: SMF ofrece soldadura robotizada y convencional, incluyendo TIG, MIG y soldadura por puntos.<\/li>\n<li><strong>Mecanizado<\/strong>: Fresamos, torneamos, taladramos y mandrinamos m\u00faltiples metales y otros materiales.<\/li>\n<li><a href=\"https:\/\/smf-inc.com\/capabilities\/laser-cutting\/\"><strong>Corte por l\u00e1ser<\/strong>:<\/a> Nuestro l\u00e1ser realiza cortes de precisi\u00f3n de metales y otros materiales.<\/li>\n<li><strong>Conformado<\/strong>: El conformado y curvado de metales se realiza en nuestra gama de prensas plegadoras.<\/li>\n<li><strong>Recubrimiento en polvo<\/strong>: Reforzamos y protegemos las piezas met\u00e1licas con recubrimiento en polvo.<\/li>\n<li><strong>Montaje<\/strong>: Podemos ensamblar componentes fabricados o a\u00f1adir otras artes a las fabricaciones que construimos.<\/li>\n<li><strong>Corte por plasma<\/strong>: Nuestras mesas de corte por plasma y oxicorte pueden manipular sus piezas m\u00e1s gruesas.<\/li>\n<li><strong>Corte con s<\/strong>ierra: La capacidad de corte con sierra de 20 pulgadas de di\u00e1metro de SMF nos permite cortar grandes piezas de metal con un plazo de entrega r\u00e1pido.<\/li>\n<li><strong>Granallado<\/strong>: Proporcionamos un acabado limpio incluso en las piezas m\u00e1s grandes.<\/li>\n<\/ul>\n<div class=\"left-img\"><img loading=\"lazy\" decoding=\"async\" class=\"alignnone\" src=\"https:\/\/smf-inc.com\/wp-content\/uploads\/2023\/04\/male-in-face-mask-welds-with-argon-arc-welding.jpg\" alt=\"Metal Fabricators Chicago IL\" width=\"500\" height=\"350\" title=\"\"><\/div>\n<h3>\u00bfPreparado para la excelente calidad y servicio de SMF?<\/h3>\n<p>Si usted est\u00e1 buscando fabricantes de metal en Chicago IL que pueden manejar una amplia variedad de servicios de fabricaci\u00f3n, \u00a1hablemos! Llame hoy mismo a SMS al <a href=\"tel:3094322586\">309-432-2586<\/a>.<\/p>\n","protected":false},"excerpt":{"rendered":"<p>Conf\u00ede en SMF, los mejores fabricantes de metal en Chicago IL Fundada en Illinois y ahora sirviendo a clientes en todo el pa\u00eds, SMF es uno de los fabricantes de metal m\u00e1s respetados en Chicago IL y m\u00e1s all\u00e1. Desde nuestra fundaci\u00f3n en 1972, nos hemos expandido y hemos evolucionado hasta convertirnos en una empresa &hellip; <a href=\"https:\/\/smf-inc.com\/es\/metal-fabricators-chicago-il\/\" class=\"more-link\">Continue reading <span class=\"screen-reader-text\">Metal Fabricators Chicago IL<\/span><\/a><\/p>\n","protected":false},"author":1,"featured_media":1397,"parent":0,"menu_order":0,"comment_status":"closed","ping_status":"closed","template":"","meta":{"_acf_changed":false,"inline_featured_image":false,"footnotes":""},"class_list":["post-1399","page","type-page","status-publish","has-post-thumbnail","hentry"],"acf":[],"_links":{"self":[{"href":"https:\/\/smf-inc.com\/es\/wp-json\/wp\/v2\/pages\/1399","targetHints":{"allow":["GET"]}}],"collection":[{"href":"https:\/\/smf-inc.com\/es\/wp-json\/wp\/v2\/pages"}],"about":[{"href":"https:\/\/smf-inc.com\/es\/wp-json\/wp\/v2\/types\/page"}],"author":[{"embeddable":true,"href":"https:\/\/smf-inc.com\/es\/wp-json\/wp\/v2\/users\/1"}],"replies":[{"embeddable":true,"href":"https:\/\/smf-inc.com\/es\/wp-json\/wp\/v2\/comments?post=1399"}],"version-history":[{"count":3,"href":"https:\/\/smf-inc.com\/es\/wp-json\/wp\/v2\/pages\/1399\/revisions"}],"predecessor-version":[{"id":3019,"href":"https:\/\/smf-inc.com\/es\/wp-json\/wp\/v2\/pages\/1399\/revisions\/3019"}],"wp:featuredmedia":[{"embeddable":true,"href":"https:\/\/smf-inc.com\/es\/wp-json\/wp\/v2\/media\/1397"}],"wp:attachment":[{"href":"https:\/\/smf-inc.com\/es\/wp-json\/wp\/v2\/media?parent=1399"}],"curies":[{"name":"wp","href":"https:\/\/api.w.org\/{rel}","templated":true}]}}