{"id":1389,"date":"2025-11-04T04:58:16","date_gmt":"2025-11-04T04:58:16","guid":{"rendered":"https:\/\/smf-inc.com\/fabricantes-de-metal-springfield-il\/"},"modified":"2025-11-04T04:58:16","modified_gmt":"2025-11-04T04:58:16","slug":"fabricantes-de-metal-springfield-il","status":"publish","type":"page","link":"https:\/\/smf-inc.com\/es\/fabricantes-de-metal-springfield-il\/","title":{"rendered":"Fabricantes de metal Springfield IL"},"content":{"rendered":"<h3><\/h3>\n<p>SMF: Los fabricantes de metal m\u00e1s profesionales de Springfield IL<\/p>\n<p>Cuando necesites fabricantes de metal de servicio completo en Springfield IL, necesitas a SMF y nuestra tradici\u00f3n de fabricaci\u00f3n de metal de alta calidad y excelente servicio al cliente. Fundada en Illinois, ahora servimos a clientes de todo el pa\u00eds. <\/p>\n<h3>\u00bfQu\u00e9 servicios de fabricaci\u00f3n de metales ofrece SMF?<\/h3>\n<p>SMF ofrece toda la gama de servicios, lo que nos permite completar tu trabajo internamente. Entre ellos se incluyen: <\/p>\n<ul class=\"clr\">\n<li><strong>Soldadura<\/strong>: SMF ofrece <a href=\"https:\/\/smf-inc.com\/capabilities\/welding\/\">soldadura robotizada y convencional<\/a>, incluidas soldadura TIG, MIG y por puntos.<\/li>\n<li><strong>Mecanizado<\/strong>: Fresamos, torneamos, taladramos y mandrinamos m\u00faltiples metales y otros materiales.<\/li>\n<li><strong>Corte por l\u00e1ser<\/strong>: Nuestro l\u00e1ser realiza cortes de precisi\u00f3n en metales y otros materiales.<\/li>\n<li><strong>Conformado<\/strong>: El conformado y curvado de metales se realiza en nuestra gama de prensas plegadoras.<\/li>\n<li><strong>Recubrimiento en polvo<\/strong>: Reforzamos y protegemos las piezas met\u00e1licas con recubrimiento en polvo.<\/li>\n<li><strong>Montaje<\/strong>: Podemos ensamblar componentes fabricados o a\u00f1adir otras artes a las fabricaciones que construimos.<\/li>\n<li><strong>Corte por plasma<\/strong>: Nuestras mesas de corte por plasma y llama pueden manejar tus piezas m\u00e1s gruesas.<br \/>\nCorte con sierra: La capacidad de corte con sierra de SMF, de 20 pulgadas de di\u00e1metro, nos permite cortar grandes piezas de metal con rapidez.<\/li>\n<li><strong>Granallado<\/strong>: Proporcionamos un acabado limpio incluso en las piezas m\u00e1s grandes.<\/li>\n<li><strong>Venta al por menor de acero<\/strong>: Nuestra sede de Anderson, Carolina del Sur, ofrece venta al por menor de productos de acero al carbono, inoxidable y aluminio a precios asequibles.<\/li>\n<\/ul>\n<h3>\u00bfQu\u00e9 debes esperar de los fabricantes de metal de Springfield IL?<\/h3>\n<p>SMF es un proveedor de primer nivel para fabricantes de equipos originales (OEM), lo que significa que debemos cumplir las elevad\u00edsimas normas de calidad establecidas por nuestros numerosos clientes de la lista Fortune 500.<\/p>\n<p>Tanto si eres un OEM como un cliente m\u00e1s peque\u00f1o, obtendr\u00e1s nuestro mismo trabajo <a href=\"https:\/\/smf-inc.com\/about-us\/\">de alta calidad<\/a>. Hemos mantenido nuestra actitud de servicio durante m\u00e1s de cuatro d\u00e9cadas. Esto nos permite establecer relaciones de calidad con todos nuestros clientes.  <\/p>\n<div class=\"left-img\"><img loading=\"lazy\" decoding=\"async\" class=\"alignnone\" src=\"https:\/\/smf-inc.com\/wp-content\/uploads\/2023\/04\/water-cooled-laser-metal-cutting-head.jpg\" alt=\"SMF Metal Fabricators\" width=\"500\" height=\"350\" title=\"\"><\/div>\n<h3>Llama a SMF Para Una Calidad Y Un Servicio Excelentes En Fabricantes De Metal En Springfield IL.<\/h3>\n<p>Si buscas un proveedor en Springfield IL que pueda ocuparse de una amplia variedad de servicios de fabricaci\u00f3n, \u00a1hablemos! Llama hoy a SMS al <a href=\"tel:3094322586\">309-432-2586<\/a>. <\/p>\n","protected":false},"excerpt":{"rendered":"<p>SMF: Los fabricantes de metal m\u00e1s profesionales de Springfield IL Cuando necesites fabricantes de metal de servicio completo en Springfield IL, necesitas a SMF y nuestra tradici\u00f3n de fabricaci\u00f3n de metal de alta calidad y excelente servicio al cliente. Fundada en Illinois, ahora servimos a clientes de todo el pa\u00eds. \u00bfQu\u00e9 servicios de fabricaci\u00f3n de &hellip; <a href=\"https:\/\/smf-inc.com\/es\/fabricantes-de-metal-springfield-il\/\" class=\"more-link\">Continue reading <span class=\"screen-reader-text\">Fabricantes de metal Springfield IL<\/span><\/a><\/p>\n","protected":false},"author":1,"featured_media":1387,"parent":0,"menu_order":0,"comment_status":"closed","ping_status":"closed","template":"","meta":{"_acf_changed":false,"inline_featured_image":false,"footnotes":""},"class_list":["post-1389","page","type-page","status-publish","has-post-thumbnail","hentry"],"acf":[],"_links":{"self":[{"href":"https:\/\/smf-inc.com\/es\/wp-json\/wp\/v2\/pages\/1389","targetHints":{"allow":["GET"]}}],"collection":[{"href":"https:\/\/smf-inc.com\/es\/wp-json\/wp\/v2\/pages"}],"about":[{"href":"https:\/\/smf-inc.com\/es\/wp-json\/wp\/v2\/types\/page"}],"author":[{"embeddable":true,"href":"https:\/\/smf-inc.com\/es\/wp-json\/wp\/v2\/users\/1"}],"replies":[{"embeddable":true,"href":"https:\/\/smf-inc.com\/es\/wp-json\/wp\/v2\/comments?post=1389"}],"version-history":[{"count":9,"href":"https:\/\/smf-inc.com\/es\/wp-json\/wp\/v2\/pages\/1389\/revisions"}],"predecessor-version":[{"id":2859,"href":"https:\/\/smf-inc.com\/es\/wp-json\/wp\/v2\/pages\/1389\/revisions\/2859"}],"wp:featuredmedia":[{"embeddable":true,"href":"https:\/\/smf-inc.com\/es\/wp-json\/wp\/v2\/media\/1387"}],"wp:attachment":[{"href":"https:\/\/smf-inc.com\/es\/wp-json\/wp\/v2\/media?parent=1389"}],"curies":[{"name":"wp","href":"https:\/\/api.w.org\/{rel}","templated":true}]}}