{"id":1379,"date":"2025-11-04T04:57:56","date_gmt":"2025-11-04T04:57:56","guid":{"rendered":"https:\/\/smf-inc.com\/fabricantes-de-metal-illinois-2\/"},"modified":"2025-11-04T04:57:56","modified_gmt":"2025-11-04T04:57:56","slug":"fabricantes-de-metal-illinois","status":"publish","type":"page","link":"https:\/\/smf-inc.com\/es\/fabricantes-de-metal-illinois\/","title":{"rendered":"Fabricantes de metal Illinois"},"content":{"rendered":"<h3>SMF: Los fabricantes de metal m\u00e1s profesionales de Illinois<\/h3>\n<p>Si usted est\u00e1 buscando los mejores y m\u00e1s profesionales fabricantes de metal en Illinois, no busque m\u00e1s all\u00e1 de SMF Inc. Empezamos en Minonk, Illinois, en 1972. Desde entonces, nos hemos expandido y hemos evolucionado hasta convertirnos en una empresa de servicios completos de fabricaci\u00f3n y mecanizado.<\/p>\n<h3>\u00bfQu\u00e9 diferencia a SMF de otros fabricantes de metal de Illinois?<\/h3>\n<p>Somos proveedores de primer nivel de fabricantes de equipos originales (OEM), lo que significa que debemos cumplir normas de muy alta calidad establecidas por nuestros numerosos clientes de Fortune 500.<\/p>\n<p>Tanto si es un OEM como un cliente m\u00e1s peque\u00f1o, obtendr\u00e1 nuestro mismo trabajo de alta calidad. Hemos mantenido nuestra actitud de servicio durante m\u00e1s de cuatro d\u00e9cadas. Esto nos permite establecer relaciones de calidad con todos nuestros clientes.<\/p>\n<h3>\u00bfQu\u00e9 servicios ofrece SMF?<\/h3>\n<p>SMF ofrece toda la gama de servicios de fabricaci\u00f3n de metal, lo que nos permite gestionar su trabajo internamente de principio a fin. Entre ellos se encuentran:<\/p>\n<ul class=\"col-3\">\n<li><a href=\"https:\/\/smf-inc.com\/capabilities\/welding\/\">Soldadura<\/a><\/li>\n<li>Mecanizado<\/li>\n<li><a href=\"https:\/\/smf-inc.com\/laser-cutting-illinois\/\">Corte por l\u00e1ser<\/a><\/li>\n<li>Formando<\/li>\n<li>Recubrimiento en polvo<\/li>\n<li>Montaje<\/li>\n<li>Corte por plasma<\/li>\n<li>Corte de sierra<\/li>\n<li>Voladura<\/li>\n<\/ul>\n<h3>Esto es lo que obtendr\u00e1s del SMF:<\/h3>\n<ul>\n<li><strong>Amplitud de capacidades<\/strong>: No es necesario recurrir a varios proveedores de servicios para cada trabajo, porque tenemos capacidad para gestionar una amplia gama de servicios de fabricaci\u00f3n de metales medianos y pesados. Podemos cortar, soldar y recubrir con pintura en polvo su trabajo bajo un mismo techo.<\/li>\n<li><strong>Calidad<\/strong>: Nuestro enfoque basado en datos ayuda a eliminar defectos para que siempre podamos cumplir los est\u00e1ndares de calidad de nuestros clientes.<\/li>\n<li><strong>Entregas<\/strong>: Los camiones propiedad de nuestra empresa realizan entregas locales de determinados productos, lo que le permite ahorrar dinero en env\u00edos. Para productos de mayor tama\u00f1o o para clientes fuera de nuestra zona de entrega, le ayudamos a encontrar el transporte m\u00e1s r\u00e1pido y econ\u00f3mico.<\/li>\n<li>Atenci\u00f3n <strong>al<\/strong> cliente: Nuestra estrategia corporativa orientada al cliente se centra en una comunicaci\u00f3n r\u00e1pida, clara y honesta, gracias a nuestro equipo de asistencia de servicio completo.<\/li>\n<\/ul>\n<div class=\"left-img\"><img loading=\"lazy\" decoding=\"async\" class=\"alignnone\" src=\"https:\/\/smf-inc.com\/wp-content\/uploads\/2023\/04\/a-welder-welds-metal-into-his-workshop-blue-welding-sparks-gas-combustion-and-blue-smoke.jpg\" alt=\"Fabricantes de metal Illinois\" width=\"500\" height=\"350\" title=\"\"><\/div>\n<h3>\u00bfBusca calidad y servicio excelentes?<\/h3>\n<p>Si est\u00e1 buscando fabricantes de metal en Illinois que puedan encargarse de una amplia variedad de servicios de fabricaci\u00f3n, llame a SMS al <a href=\"tel:3094322586\">309-432-2586<\/a>. Hablemos de lo que el SMF puede hacer por ti.<\/p>\n","protected":false},"excerpt":{"rendered":"<p>SMF: Los fabricantes de metal m\u00e1s profesionales de Illinois Si usted est\u00e1 buscando los mejores y m\u00e1s profesionales fabricantes de metal en Illinois, no busque m\u00e1s all\u00e1 de SMF Inc. Empezamos en Minonk, Illinois, en 1972. Desde entonces, nos hemos expandido y hemos evolucionado hasta convertirnos en una empresa de servicios completos de fabricaci\u00f3n y &hellip; <a href=\"https:\/\/smf-inc.com\/es\/fabricantes-de-metal-illinois\/\" class=\"more-link\">Continue reading <span class=\"screen-reader-text\">Fabricantes de metal Illinois<\/span><\/a><\/p>\n","protected":false},"author":1,"featured_media":1376,"parent":0,"menu_order":0,"comment_status":"closed","ping_status":"closed","template":"","meta":{"_acf_changed":false,"inline_featured_image":false,"footnotes":""},"class_list":["post-1379","page","type-page","status-publish","has-post-thumbnail","hentry"],"acf":[],"_links":{"self":[{"href":"https:\/\/smf-inc.com\/es\/wp-json\/wp\/v2\/pages\/1379","targetHints":{"allow":["GET"]}}],"collection":[{"href":"https:\/\/smf-inc.com\/es\/wp-json\/wp\/v2\/pages"}],"about":[{"href":"https:\/\/smf-inc.com\/es\/wp-json\/wp\/v2\/types\/page"}],"author":[{"embeddable":true,"href":"https:\/\/smf-inc.com\/es\/wp-json\/wp\/v2\/users\/1"}],"replies":[{"embeddable":true,"href":"https:\/\/smf-inc.com\/es\/wp-json\/wp\/v2\/comments?post=1379"}],"version-history":[{"count":4,"href":"https:\/\/smf-inc.com\/es\/wp-json\/wp\/v2\/pages\/1379\/revisions"}],"predecessor-version":[{"id":3022,"href":"https:\/\/smf-inc.com\/es\/wp-json\/wp\/v2\/pages\/1379\/revisions\/3022"}],"wp:featuredmedia":[{"embeddable":true,"href":"https:\/\/smf-inc.com\/es\/wp-json\/wp\/v2\/media\/1376"}],"wp:attachment":[{"href":"https:\/\/smf-inc.com\/es\/wp-json\/wp\/v2\/media?parent=1379"}],"curies":[{"name":"wp","href":"https:\/\/api.w.org\/{rel}","templated":true}]}}