{"id":1326,"date":"2025-11-04T04:57:56","date_gmt":"2025-11-04T04:57:56","guid":{"rendered":"https:\/\/smf-inc.com\/corte-por-laser-greenville-sc\/"},"modified":"2025-11-04T04:57:56","modified_gmt":"2025-11-04T04:57:56","slug":"corte-por-laser-greenville-sc","status":"publish","type":"page","link":"https:\/\/smf-inc.com\/es\/corte-por-laser-greenville-sc\/","title":{"rendered":"Corte por l\u00e1ser Greenville SC"},"content":{"rendered":"<h3>Ll\u00e1menos para el mejor corte por l\u00e1ser en Greenville SC<\/h3>\n<p>Si busca corte por l\u00e1ser en Greenville SC, recurra a SMF. Ofrecemos corte por l\u00e1ser de primera categor\u00eda, adem\u00e1s de una completa gama de otros servicios de fabricaci\u00f3n de metal, lo que nos permite atender todas sus necesidades bajo un mismo techo.<\/p>\n<h3>\u00bfQu\u00e9 ventajas ofrece el corte por l\u00e1ser de SMF en Greenville SC?<\/h3>\n<p>SMF ha invertido en equipos de alta calidad. Nuestras cortadoras l\u00e1ser tecnol\u00f3gicamente avanzadas se encuentran entre las m\u00e1s grandes disponibles, con una capacidad de corte de 54&#8242; de largo y 12&#8242; de ancho.<\/p>\n<p>Nuestro equipo de corte por l\u00e1ser a gran escala ofrece una versatilidad extrema, lo que nos permite completar trabajos complicados con mayor rapidez para una entrega m\u00e1s r\u00e1pida.<\/p>\n<h3>\u00bfCu\u00e1ndo es el corte por l\u00e1ser la mejor opci\u00f3n?<\/h3>\n<p>SMF ofrece varias opciones de corte de metal adem\u00e1s del corte por l\u00e1ser, incluido el corte por plasma y el corte por sierra. Si no est\u00e1 seguro de qu\u00e9 opciones se adaptan mejor a sus necesidades, estaremos encantados de ofrecerle asesoramiento experto.<\/p>\n<p>Estas son algunas de las ventajas del corte por l\u00e1ser:<\/p>\n<ul>\n<li><strong>Cortes precisos<\/strong>: La configuraci\u00f3n asistida por ordenador garantiza los cortes m\u00e1s precisos y exactos de cualquier tecnolog\u00eda disponible en la actualidad. No importa cu\u00e1ntas piezas de metal cortemos, todas cumplir\u00e1n exactamente sus especificaciones.<\/li>\n<li><strong>Formas complejas<\/strong>: Nuestras cortadoras l\u00e1ser pueden producir piezas personalizadas incluso con las formas m\u00e1s complicadas.<\/li>\n<li><strong>Menos desperdicio de metal y energ\u00eda<\/strong>: Nuestros l\u00e1seres son grandes y vers\u00e1tiles y capaces de maximizar el uso de material.<\/li>\n<li><strong>Rapidez<\/strong>: La tecnolog\u00eda avanzada y la automatizaci\u00f3n nos permiten ejecutar los trabajos en una fracci\u00f3n del tiempo necesario con otros m\u00e9todos.<\/li>\n<\/ul>\n<h3>\u00bfSu proyecto requiere otros procesos de fabricaci\u00f3n de metales?<\/h3>\n<p>Si necesita corte por l\u00e1ser, es posible que tambi\u00e9n busque servicios relacionados. Ofrecemos todo lo siguiente bajo un mismo techo:<\/p>\n<ul class=\"col-3\">\n<li>Soldadura<\/li>\n<li>Mecanizado<\/li>\n<li>Formando<\/li>\n<li>Recubrimiento en polvo<\/li>\n<li>Montaje<\/li>\n<li>Corte por plasma<\/li>\n<li>Corte de sierra<\/li>\n<li>Voladura<\/li>\n<\/ul>\n<h3>\u00bfQu\u00e9 metales pueden cortar los l\u00e1seres de SMF?<\/h3>\n<p>La mayor\u00eda de los metales son adecuados para el corte por l\u00e1ser, incluidos:<\/p>\n<ul class=\"col-2\">\n<li>Aluminio<\/li>\n<li>Lat\u00f3n<\/li>\n<li>Acero inoxidable<\/li>\n<li>Titanio<\/li>\n<li>Cobre<\/li>\n<li>Muchos otros metales y materiales selectos: \u00a1cons\u00faltenos!<\/li>\n<\/ul>\n<div class=\"left-img\"><img loading=\"lazy\" decoding=\"async\" class=\"alignnone\" src=\"https:\/\/smf-inc.com\/wp-content\/uploads\/2023\/03\/the-fiber-laser-cutting-machine-cutting-machine-cut-the-metal-plate.jpg\" alt=\"Corte por l\u00e1ser Greenville Carolina del Sur\" width=\"500\" height=\"350\" title=\"\"><\/div>\n<h3>\u00bfEst\u00e1 listo para empezar?<\/h3>\n<p>Hablemos de c\u00f3mo SMF puede satisfacer sus necesidades de fabricaci\u00f3n de metal, incluyendo el corte por l\u00e1ser en Greenville S.C., as\u00ed como los <a href=\"https:\/\/smf-inc.com\/our-capabilities\/\">servicios relacionados<\/a> que pueda necesitar. P\u00f3ngase en contacto con nosotros hoy mismo en <a href=\"tel:8642260470\">el 864-226-0470<\/a>. Con sede en Illinois, atendemos a clientes de todo Estados Unidos.<\/p>\n","protected":false},"excerpt":{"rendered":"<p>Ll\u00e1menos para el mejor corte por l\u00e1ser en Greenville SC Si busca corte por l\u00e1ser en Greenville SC, recurra a SMF. Ofrecemos corte por l\u00e1ser de primera categor\u00eda, adem\u00e1s de una completa gama de otros servicios de fabricaci\u00f3n de metal, lo que nos permite atender todas sus necesidades bajo un mismo techo. \u00bfQu\u00e9 ventajas ofrece &hellip; <a href=\"https:\/\/smf-inc.com\/es\/corte-por-laser-greenville-sc\/\" class=\"more-link\">Continue reading <span class=\"screen-reader-text\">Corte por l\u00e1ser Greenville SC<\/span><\/a><\/p>\n","protected":false},"author":1,"featured_media":1324,"parent":0,"menu_order":0,"comment_status":"closed","ping_status":"closed","template":"","meta":{"_acf_changed":false,"inline_featured_image":false,"footnotes":""},"class_list":["post-1326","page","type-page","status-publish","has-post-thumbnail","hentry"],"acf":[],"_links":{"self":[{"href":"https:\/\/smf-inc.com\/es\/wp-json\/wp\/v2\/pages\/1326","targetHints":{"allow":["GET"]}}],"collection":[{"href":"https:\/\/smf-inc.com\/es\/wp-json\/wp\/v2\/pages"}],"about":[{"href":"https:\/\/smf-inc.com\/es\/wp-json\/wp\/v2\/types\/page"}],"author":[{"embeddable":true,"href":"https:\/\/smf-inc.com\/es\/wp-json\/wp\/v2\/users\/1"}],"replies":[{"embeddable":true,"href":"https:\/\/smf-inc.com\/es\/wp-json\/wp\/v2\/comments?post=1326"}],"version-history":[{"count":6,"href":"https:\/\/smf-inc.com\/es\/wp-json\/wp\/v2\/pages\/1326\/revisions"}],"predecessor-version":[{"id":3024,"href":"https:\/\/smf-inc.com\/es\/wp-json\/wp\/v2\/pages\/1326\/revisions\/3024"}],"wp:featuredmedia":[{"embeddable":true,"href":"https:\/\/smf-inc.com\/es\/wp-json\/wp\/v2\/media\/1324"}],"wp:attachment":[{"href":"https:\/\/smf-inc.com\/es\/wp-json\/wp\/v2\/media?parent=1326"}],"curies":[{"name":"wp","href":"https:\/\/api.w.org\/{rel}","templated":true}]}}